{"id":7,"date":"2010-11-30T11:49:08","date_gmt":"2010-11-30T11:49:08","guid":{"rendered":"https:\/\/www.youronlinechoices.com\/uk\/?page_id=7"},"modified":"2014-09-30T07:50:57","modified_gmt":"2014-09-30T07:50:57","slug":"konu-hakkinda","status":"publish","type":"page","link":"https:\/\/www.youronlinechoices.com\/tr\/konu-hakkinda","title":{"rendered":"Konu Hakk\u0131nda"},"content":{"rendered":"<p>Bu web sitesi, Online Davran\u0131\u015fsal Reklamc\u0131l\u0131k konusunu herkes i\u00e7in anla\u015f\u0131l\u0131r hale getirmek amac\u0131yla haz\u0131rlanm\u0131\u015ft\u0131r.<\/p>\n<p>&nbsp;<\/p>\n<p>Basit bir ifadeyle, Online Davran\u0131\u015fsal Reklamc\u0131l\u0131k internet \u00fczerindeki tarama aktivitesini esas alan bir uygulama olup markalar\u0131n, web kullan\u0131c\u0131lar\u0131na ilgi alanlar\u0131n\u0131 yans\u0131tan reklamlar iletmesine imk\u00e2n vermektedir. G\u00fcvenli ve \u015feffaft\u0131r. Siz t\u00fcketicilerin elini g\u00fc\u00e7lendirecek \u015fekilde tasarlanm\u0131\u015ft\u0131r.<\/p>\n<p>&nbsp;<\/p>\n<p>Avrupa reklamc\u0131l\u0131k sekt\u00f6r\u00fc, sa\u011fl\u0131kl\u0131 b\u00fcy\u00fcme ad\u0131na \u015firketlerin izlemesi gereken bir dizi ilke belirlemi\u015ftir. S\u00f6z konusu ilkeler, \u015firketlerin bu ama\u00e7la toplanan ve kullan\u0131lan bilgiler konusunda \u015feffaf olmas\u0131 esas\u0131na dayanmakta ve kontrol\u00fc siz t\u00fcketicilere vermeyi ama\u00e7lamaktad\u0131r. Uygulaman\u0131n merkezinde web sitelerinde g\u00f6rebilece\u011finiz reklamlarda bulunan yeni bir \u201cikon\u201d veya sembol yer almaktad\u0131r.<\/p>\n<h3><\/h3>\n<p>&nbsp;<\/p>\n<h3>Online Davran\u0131\u015fsal Reklamc\u0131l\u0131k nedir?<\/h3>\n<p>&nbsp;<\/p>\n<p>Online Davran\u0131\u015fsal Reklamc\u0131l\u0131k (ilgi alan\u0131na dayal\u0131 reklamc\u0131l\u0131k olarak da bilinir), ziyaret etti\u011finiz web siteleri \u00fczerinde reklamlar sunman\u0131n ve bunlar\u0131 size ve ilgi alanlar\u0131n\u0131za daha uygun hale getirmenin bir yoludur. Bu ba\u011flamda ortak ilgi alanlar\u0131, daha \u00f6nceki web tarama aktivitesi g\u00f6z \u00f6n\u00fcnde bulundurularak grupland\u0131r\u0131l\u0131r ve sonra web kullan\u0131c\u0131lar\u0131na, ortak ilgi alanlar\u0131n\u0131 yans\u0131tan reklamlar iletilir. Bu \u015fekilde, reklamlar m\u00fcmk\u00fcn oldu\u011funca size uygun ve faydal\u0131 hale getirilir. \u0130lgi alan\u0131n\u0131za y\u00f6nelik reklam, tarama aktivitelerinin yan\u0131 s\u0131ra, daha \u00f6nce ziyaret etti\u011finiz web sitesi i\u00e7eri\u011fine istinaden de iletilebilir. Bu uygulama \u201cyeniden hedefleme\u201d olarak bilinir.<\/p>\n<h3><\/h3>\n<h3><\/h3>\n<p>&nbsp;<\/p>\n<h3>Sistem nas\u0131l \u00e7al\u0131\u015f\u0131r?<\/h3>\n<p>&nbsp;<\/p>\n<p><iframe loading=\"lazy\" src=\"https:\/\/www.youtube.com\/embed\/Y9Y4Efyxmk4?rel=0\" frameborder=\"0\" width=\"600\" height=\"338\"><\/iframe><\/p>\n<p>&nbsp;<\/p>\n<h3>Online Davran\u0131\u015fsal reklamc\u0131l\u0131k s\u00fcrecine dahil olan \u015firketler hangileridir?<\/h3>\n<p>&nbsp;<\/p>\n<p>S\u00fcre\u00e7te a\u015fa\u011f\u0131daki tipte \u015firketler yer al\u0131r:<br \/>\n&nbsp;<\/p>\n<blockquote>\n<ul>\n<li><strong>Reklamveren<\/strong> \u2013 Bir \u00fcr\u00fcn veya hizmeti satan ve s\u00f6z konusu \u00fcr\u00fcn veya hizmeti tan\u0131tmak i\u00e7in reklam kampanyalar\u0131 d\u00fczenleyen \u015firket.<\/li>\n<\/ul>\n<p>&nbsp;<\/p>\n<ul>\n<li><strong>Reklam Sunucusu<\/strong> \u2013 Bir web sitesi \u00fczerindeki ilgili sayfaya reklam ileten teknolojiye sahip \u015firket.<\/li>\n<\/ul>\n<p>&nbsp;<\/p>\n<ul>\n<li><strong>Reklam A\u011f\u0131<\/strong> \u2013 Web sitesi ve web <a href=\"https:\/\/www.youronlinechoices.com\/tr\/sozluk\" title=\"S\u00f6zl\u00fck\">yay\u0131nc\u0131lar\u0131n\u0131<\/a> ilgili <a href=\"https:\/\/www.youronlinechoices.com\/tr\/sozluk\" title=\"S\u00f6zl\u00fck\">reklamverenler<\/a> ile bulu\u015fturan \u015firket.<\/li>\n<\/ul>\n<p>&nbsp;<\/p>\n<ul>\n<li><strong>Reklam Borsas\u0131<\/strong> \u2013 Reklam al\u0131m ve sat\u0131m\u0131 i\u00e7in a\u00e7\u0131k bir pazar yeri olarak hareket eden \u015firket.<\/li>\n<\/ul>\n<p>&nbsp;<\/p>\n<ul>\n<li><strong>Reklam Ajans\u0131<\/strong> \u2013 Reklamverenin \u00fcr\u00fcn veya hizmetini tan\u0131tmak i\u00e7in reklamveren ile birlikte \u00e7al\u0131\u015fan \u015firket.<\/li>\n<\/ul>\n<p>&nbsp;<\/p>\n<ul>\n<li><strong>Reklam Ajans\u0131 \u0130\u015flem Masas\u0131<\/strong> \u2013 Bir <a href=\"https:\/\/www.youronlinechoices.com\/tr\/sozluk\" title=\"S\u00f6zl\u00fck\">reklam ajans\u0131<\/a> i\u00e7erisinde yer alan ve reklamlar\u0131 y\u00f6netmek i\u00e7in <a href=\"https:\/\/www.youronlinechoices.com\/tr\/sozluk\" title=\"S\u00f6zl\u00fck\">Talep Taraf\u0131 Platformlar\u0131<\/a> ile birlikte \u00e7al\u0131\u015fan ekip.<\/li>\n<\/ul>\n<p>&nbsp;<\/p>\n<ul>\n<li><strong>Veri Toplay\u0131c\u0131<\/strong> \u2013 Farkl\u0131 kaynaklardangelen bilgileri bir araya getirip, ilgi alanlar\u0131na g\u00f6re \u2018segmentler\u2019 (\u00f6r; araba al\u0131c\u0131lar\u0131) olu\u015fturan \u015firket.<\/li>\n<\/ul>\n<p>&nbsp;<\/p>\n<ul>\n<li><strong>Talep Taraf\u0131 Platformu<\/strong> \u2013 Reklamverenlerin web yay\u0131nc\u0131lar\u0131 ile ba\u011flant\u0131 kurmas\u0131n\u0131 sa\u011flayan \u015firket.<\/li>\n<\/ul>\n<p>&nbsp;<\/p>\n<ul>\n<li><strong>Sat\u0131\u015f Taraf\u0131 Platformu<\/strong> \u2013 Web yay\u0131nc\u0131lar\u0131 ile birlikte \u00e7al\u0131\u015farak, yay\u0131nc\u0131n\u0131n sitesinde reklam sat\u0131\u015f\u0131ndan elde edilen gelirin en \u00fcst d\u00fczeye \u00e7\u0131kar\u0131lmas\u0131na yard\u0131mc\u0131 olan \u015firket.<\/li>\n<\/ul>\n<p>&nbsp;<\/p>\n<ul>\n<li><strong>Web Yay\u0131nc\u0131s\u0131<\/strong> \u2013 \u00dcr\u00fcn ve hizmetlerini kendi web sitesi \u00fczerinden tan\u0131tan ve bu ba\u011flamda, bunlar\u0131n bedellerinin \u00f6denmesine yard\u0131mc\u0131 olmak i\u00e7in web sitesinde reklam sat\u0131\u015f\u0131 yapan \u015firket. Bir reklamverenin de kendi web sitesi olabilir ve bu nedenle ayr\u0131ca web yay\u0131nc\u0131s\u0131 olarak an\u0131l\u0131r.<\/li>\n<\/ul>\n<p>&nbsp;<\/p><\/blockquote>\n<p>Bu \u015firketlerin reklamlar\u0131 iletmek i\u00e7in birlikte nas\u0131l \u00e7al\u0131\u015ft\u0131\u011f\u0131n\u0131 a\u015fa\u011f\u0131da g\u00f6rebilirsiniz.<\/p>\n<p>&nbsp;<\/p>\n<p><iframe loading=\"lazy\" src=\"https:\/\/www.youtube.com\/embed\/1C0n_9DOlwE?rel=0\" frameborder=\"0\" width=\"600\" height=\"338\"><\/iframe><\/p>\n<p>&nbsp;<\/p>\n<h3>Ki\u015fisel gizlilik nas\u0131l korunur?<\/h3>\n<p>&nbsp;<\/p>\n<p>Bu t\u00fcr reklamlar i\u00e7in ki\u015fisel bilgiler toplanmaz. \u0130sim, adres veya e-posta adresi gibi hi\u00e7bir bilgi kullan\u0131lmaz, ger\u00e7ek d\u00fcnyadaki kimli\u011finiz tespit edilmez. Sistemde web tarama aktivitenize ili\u015fkin veriler anonim olarak toplan\u0131r ve analiz edilir. S\u00f6z konusu analizin belli bir ilgi alan\u0131n\u0131 ortaya koymas\u0131 durumunda, bilgisayar\u0131n\u0131za, bir <a href=\"https:\/\/www.youronlinechoices.com\/tr\/sozluk\" title=\"S\u00f6zl\u00fck\">\u00e7erez<\/a> (internet kullan\u0131m\u0131n\u0131z\u0131 daha iyi hale getirmek amac\u0131yla yararl\u0131 bilgileri saklamak i\u00e7in pek \u00e7ok web sitesi taraf\u0131ndan kullan\u0131lan k\u00fc\u00e7\u00fck bir dosya) yerle\u015ftirilir ve bu \u00e7erez, hangi reklamlar\u0131 alaca\u011f\u0131n\u0131z\u0131 belirler. Hangi \u00e7erezleri kabul edip, hangilerini reddedece\u011finizi bizzat kontrol edebilirsiniz. <\/p>\n<p>&nbsp;<\/p>\n<p>Verileri toplayan ve kullanan \u015firket de, size online davran\u0131\u015fsal reklamlar\u0131 reddetme imk\u00e2n\u0131 sunar. Bu t\u00fcr reklamlarla ilgili daha fazla bilgi ve kontrol sa\u011flamak amac\u0131yla AB genelinde bu konuya \u00f6zel olarak <a href=\"https:\/\/www.youronlinechoices.com\/goodpractice.html\" target=\"_blank\">iyi uygulama ilkeleri<\/a> olu\u015fturulmu\u015ftur. Kontrol\u00fc tek bir yerden yapabilmeniz i\u00e7in ilgili t\u00fcm i\u015fletmeler bu sitede bir araya getirilmi\u015ftir. Online davran\u0131\u015fsal reklamc\u0131l\u0131\u011f\u0131 iptal etmek i\u00e7in <a href=\"https:\/\/www.youronlinechoices.com\/tr\/reklam-tercihleriniz\" title=\"Reklam tercihleriniz\">buraya t\u0131klayabilirsiniz<\/a>. <\/p>\n<p>&nbsp;<\/p>\n<p>Unutmay\u0131n: Davran\u0131\u015fsal reklamc\u0131l\u0131\u011f\u0131n devre d\u0131\u015f\u0131 b\u0131rak\u0131lmas\u0131, internet \u00fczerinden size bir daha reklam iletilmeyece\u011fi anlam\u0131na gelmez. Ancak, g\u00f6rece\u011finiz reklamlar ilgi alanlar\u0131n\u0131zla daha az \u00f6rt\u00fc\u015fecektir.<\/p>\n<p>&nbsp;<\/p>\n<h3>Sormak istedi\u011finiz ba\u015fka sorular varsa? Baz\u0131 faydal\u0131 linkler:<\/h3>\n<ul>\n<li><a href=\"sss\">Ba\u015fka sorunuz varsa, s\u0131k\u00e7a sorulan sorular b\u00f6l\u00fcm\u00fcm\u00fczde yan\u0131tlar\u0131n\u0131 bulabilirsiniz.<\/a><\/li>\n<li><a href=\"bes-onemli-tavsiye\">Ayr\u0131ca, internet \u00fczerindeki ki\u015fisel gizlilik konusunu daha iyi anlaman\u0131za ve ki\u015fisel gizlili\u011finizi daha iyi koruman\u0131za yard\u0131mc\u0131 olmak \u00fczere be\u015f \u00f6nemli tavsiye de sizlerle payla\u015f\u0131lm\u0131\u015ft\u0131r.<\/a><\/li>\n","protected":false},"excerpt":{"rendered":"<p>Bu web sitesi, Online Davran\u0131\u015fsal Reklamc\u0131l\u0131k konusunu herkes i\u00e7in anla\u015f\u0131l\u0131r hale getirmek amac\u0131yla haz\u0131rlanm\u0131\u015ft\u0131r. &nbsp; Basit bir ifadeyle, Online Davran\u0131\u015fsal Reklamc\u0131l\u0131k internet \u00fczerindeki tarama aktivitesini esas alan bir uygulama olup markalar\u0131n, web kullan\u0131c\u0131lar\u0131na ilgi alanlar\u0131n\u0131 yans\u0131tan reklamlar iletmesine imk\u00e2n vermektedir. G\u00fcvenli ve \u015feffaft\u0131r. Siz t\u00fcketicilerin elini g\u00fc\u00e7lendirecek \u015fekilde tasarlanm\u0131\u015ft\u0131r. &nbsp; Avrupa reklamc\u0131l\u0131k sekt\u00f6r\u00fc, sa\u011fl\u0131kl\u0131 b\u00fcy\u00fcme [&hellip;]<\/p>\n","protected":false},"author":2,"featured_media":0,"parent":0,"menu_order":2,"comment_status":"closed","ping_status":"closed","template":"","meta":[],"_links":{"self":[{"href":"https:\/\/www.youronlinechoices.com\/tr\/wp-json\/wp\/v2\/pages\/7"}],"collection":[{"href":"https:\/\/www.youronlinechoices.com\/tr\/wp-json\/wp\/v2\/pages"}],"about":[{"href":"https:\/\/www.youronlinechoices.com\/tr\/wp-json\/wp\/v2\/types\/page"}],"author":[{"embeddable":true,"href":"https:\/\/www.youronlinechoices.com\/tr\/wp-json\/wp\/v2\/users\/2"}],"replies":[{"embeddable":true,"href":"https:\/\/www.youronlinechoices.com\/tr\/wp-json\/wp\/v2\/comments?post=7"}],"version-history":[{"count":76,"href":"https:\/\/www.youronlinechoices.com\/tr\/wp-json\/wp\/v2\/pages\/7\/revisions"}],"predecessor-version":[{"id":211,"href":"https:\/\/www.youronlinechoices.com\/tr\/wp-json\/wp\/v2\/pages\/7\/revisions\/211"}],"wp:attachment":[{"href":"https:\/\/www.youronlinechoices.com\/tr\/wp-json\/wp\/v2\/media?parent=7"}],"curies":[{"name":"wp","href":"https:\/\/api.w.org\/{rel}","templated":true}]}}