{"id":575,"date":"2013-06-11T11:35:23","date_gmt":"2013-06-11T11:35:23","guid":{"rendered":"https:\/\/www.youronlinechoices.com\/uk\/?page_id=575"},"modified":"2020-03-10T02:05:39","modified_gmt":"2020-03-10T02:05:39","slug":"hukum-ve-sartlar","status":"publish","type":"page","link":"https:\/\/www.youronlinechoices.com\/tr\/hukum-ve-sartlar","title":{"rendered":"H\u00fck\u00fcm ve \u015eartlar"},"content":{"rendered":"<p><strong>Genel h\u00fck\u00fcm ve ko\u015fullar<\/strong><\/p>\n<p>&nbsp;<\/p>\n<p>Bunlar, YourOnlineChoices web sitesini kullan\u0131rken veya YourOnlineChoices tercih \u00e7erezini kabul ederken EDAA ile sizin aran\u0131zdaki ili\u015fkiyi d\u00fczenleyen h\u00fck\u00fcm ve ko\u015fullard\u0131r.<\/p>\n<p>&nbsp;<\/p>\n<p>EDAA Br\u00fcksel merkezli 0846.790.105 BE sicil numaral\u0131 k\u00e2r amac\u0131 g\u00fctmeyen bir kurulu\u015ftur (AiSBL). Kay\u0131tl\u0131 ofisimiz Rue des Deux Eglises 26 | 1000 Br\u00fcksel adresinde yer almaktad\u0131r.<\/p>\n<p>&nbsp;<\/p>\n<p>YourOnlineChoices websitesine <a href=\"https:\/\/www.youronlinechoices.eu\/\">www.youronlinechoices.eu<\/a>, <a href=\"https:\/\/www.youronlinechoices.com\/\">https:\/\/www.youronlinechoices.com<\/a>, <a href=\"https:\/\/www.youronlinechoices.eu\/uk\">www.youronlinechoices.eu\/uk\/<\/a> ve <a href=\"https:\/\/www.youronlinechoices.com\/uk\/\">www.youronlinechoices.com\/uk\/<\/a> adreslerinden ula\u015fabilirsiniz. YourOnlineChoices web sitesini do\u011frudan bir \u00fc\u00e7\u00fcnc\u00fc taraf web sitesinden gelen bir ba\u011flant\u0131 veya OBA Simgesi arac\u0131l\u0131\u011f\u0131yla ziyaret edebilirsiniz. OBA Simgesi \u015f\u00f6yle g\u00f6r\u00fcn\u00fcr: ve web sayfalar\u0131nda <a href=\"https:\/\/www.youronlinechoices.com\/uk\/protecting-your-privacy\/oba-icon\" rel=\"attachment wp-att-757\"><img loading=\"lazy\" class=\"alignnone  wp-image-757\" title=\"OBA-icon\" src=\"https:\/\/www.youronlinechoices.com\/uk\/wp-content\/uploads\/2010\/11\/OBA-icon-300x300.jpg\" alt=\"\" width=\"38\" height=\"38\" \/><\/a> g\u00f6rd\u00fc\u011f\u00fcn\u00fcz reklamlar\u0131n i\u00e7inde veya \u00e7evresinde s\u0131kl\u0131kla g\u00f6rebilirsiniz.<\/p>\n<p>&nbsp;<\/p>\n<p>Bu \u015fartlarda ge\u00e7en \u201cbiz\u201d, \u201cbize\u201d veya \u201cbizim\u201d ifadeleri EDAA\u2019y\u0131; \u201csiz\u201d ve \u201csizin\u201d ise sizi ve YourOnlineChoices web sitesine eri\u015febilen veya YourOnlineChoices \u00fczerindeki t\u00fcketici se\u00e7im platformu arac\u0131l\u0131\u011f\u0131yla \u00c7evrimi\u00e7i Davran\u0131\u015fsal Reklamc\u0131l\u0131k hakk\u0131nda bir se\u00e7im yapan veya bir ziyaret\u00e7inin tercihi yoluyla tercih \u00e7erezini kabul eden taray\u0131c\u0131n\u0131z veya cihaz\u0131n\u0131zdaki herhangi bir ki\u015fi anlam\u0131na gelir.<\/p>\n<p>&nbsp;<\/p>\n<p>Ayr\u0131ca, bu genel h\u00fck\u00fcm ve ko\u015fullar\u0131n bir par\u00e7as\u0131 olarak uygulanacak olan gizlilik politikam\u0131z\u0131 <a href=\"https:\/\/www.youronlinechoices.com\/uk\/protecting-your-privacy\">https:\/\/www.youronlinechoices.com\/uk\/protecting-your-privacy<\/a> adresinden incelemenizi tavsiye ederiz.<\/p>\n<p>&nbsp;<\/p>\n<p><strong>YourOnlineChoices tercihleriniz<\/strong><\/p>\n<p>&nbsp;<\/p>\n<p>YourOnlineChoices web sitesinin temel i\u015flevlerinden biri kat\u0131l\u0131mc\u0131 \u015firketlere \u00c7evrimi\u00e7i Davran\u0131\u015fsal Reklamc\u0131l\u0131kla ilgili tercihlerinizi sa\u011flamakt\u0131r. Tercihlerinizi kabul ediyoruz ve <a href=\"https:\/\/www.youronlinechoices.com\/uk\/your-ad-choices\">https:\/\/www.youronlinechoices.com\/uk\/your-ad-choices<\/a> YourOnlineChoices platform sayfas\u0131nda listelenen reklamc\u0131l\u0131k a\u011flar\u0131na ve di\u011fer kat\u0131l\u0131mc\u0131 \u00fcye \u015firketlere iletiyoruz.<\/p>\n<p>&nbsp;<\/p>\n<p>YourOnlineChoices web sitesini kullanmak i\u00e7in, her kat\u0131l\u0131mc\u0131 \u015firketin web taray\u0131c\u0131n\u0131za, tercih \u00e7erezine bir \u00e7erez yerle\u015ftirmesi gerekir, b\u00f6ylece se\u00e7imlerinizi hat\u0131rlayabiliriz. \u00c7erezlerle ilgili ayr\u0131nt\u0131lar\u0131 https:\/\/www.youronlinechoices.com\/uk\/protecting-your-privacy gizlilik politikam\u0131zda bulabilirsiniz. YourOnlineChoices web sitesini farkl\u0131 bir bilgisayar veya web taray\u0131c\u0131s\u0131 kullanarak kullan\u0131rsan\u0131z veya \u00e7erezlerinizi temizlerseniz\/silerseniz, tercihlerinizi hat\u0131rlayamay\u0131z ve tercihlerinizi yeniden se\u00e7mek i\u00e7in YourOnlineChoices web sitesine geri d\u00f6nmeniz gerekir. Ayr\u0131ca, taray\u0131c\u0131n\u0131z \u00e7erezleri engelleyecek \u015fekilde ayarlanm\u0131\u015fsa, tercihleriniz tercih \u00e7erezi kullan\u0131lmadan kaydedilemedi\u011finden YourOnlineChoices web sitesi d\u00fczg\u00fcn \u00e7al\u0131\u015fmaz.<\/p>\n<p>&nbsp;<\/p>\n<p>YourOnlineChoices web sitesinde yapt\u0131\u011f\u0131n\u0131z tercihlerinizi, tercihlerinizin yap\u0131ld\u0131\u011f\u0131 s\u0131rada web sitesinde listelenen ilgili \u015firketlere aktarmak i\u00e7in makul ticari \u00e7aba sarf etmemize ra\u011fmen, YourOnlineChoices web sitesi \u201coldu\u011fu gibi\u201d ve \u201cmevcut oldu\u011fu \u00fczere\u201d \u015feklinde sunulmaktad\u0131r ve se\u00e7imlerinizin ge\u00e7erli olaca\u011f\u0131 veya etkili kalaca\u011f\u0131 konusunda hi\u00e7bir beyan, garanti veya ko\u015fulda bulunmamaktay\u0131z. Se\u00e7imleriniz etkili olmazsa, \u015fikayette bulunabilir ve <a href=\"https:\/\/www.youronlinechoices.com\/uk\/make-a-complaint\">https:\/\/www.youronlinechoices.com\/uk\/make-a-complaint<\/a> web sitesinden d\u00fczeltme talep edebilirsiniz.<\/p>\n<p>&nbsp;<\/p>\n<p><strong>Y\u00fck\u00fcml\u00fcl\u00fckleriniz<\/strong><\/p>\n<p>&nbsp;<\/p>\n<p>YourOnlineChoices web sitesini y\u00fcr\u00fcrl\u00fckteki t\u00fcm yasa ve d\u00fczenlemelere uygun olarak ve makul, sorumlu ve dikkatli bir ki\u015fiden beklenebilecek \u015fekilde kullanman\u0131z gerekir.<\/p>\n<p>&nbsp;<\/p>\n<p>YourOnlineChoices web sitesini a\u015fa\u011f\u0131dakiler i\u00e7in kullanmamal\u0131 veya kullan\u0131lmas\u0131na izin vermemelisiniz:<\/p>\n<p>(a)\u00a0\u00a0\u00a0\u00a0\u00a0\u00a0\u00a0\u00a0\u00a0\u00a0yasad\u0131\u015f\u0131 veya cezai fiiller ve\/veya faaliyetlerde bulunmak;<\/p>\n<p>&nbsp;<\/p>\n<p>(b)\u00a0\u00a0\u00a0\u00a0\u00a0\u00a0\u00a0\u00a0\u00a0\u00a0 yasad\u0131\u015f\u0131, uygunsuz, m\u00fcstehcen, ahlaks\u0131z, iftira niteli\u011finde, hakaret edici, tehditkar, sald\u0131rgan, istenmeyen veya talep edilmeyen nitelikteki veya rahats\u0131zl\u0131k, s\u0131k\u0131nt\u0131 veya gereksiz kayg\u0131 uyand\u0131ran veya kamu d\u00fczenini ve\/veya genel ahlak kurallar\u0131n\u0131 ihlal eden veya \u0131rk ile ilgili y\u00fcr\u00fcrl\u00fckteki yasalar\u0131 ihlal eden her t\u00fcrl\u00fc ileti\u015fim;<\/p>\n<p>&nbsp;<\/p>\n<p>(c)\u00a0\u00a0\u00a0\u00a0\u00a0\u00a0\u00a0\u00a0\u00a0\u00a0\u00a0 di\u011fer m\u00fc\u015fterilerin\/abonelerin veya \u00fc\u00e7\u00fcnc\u00fc taraflar\u0131n gizlilik veya veri koruma haklar\u0131n\u0131 ihlal edebilecek herhangi bir faaliyet; ve<\/p>\n<p>&nbsp;<\/p>\n<p>(d)\u00a0\u00a0\u00a0\u00a0\u00a0\u00a0\u00a0\u00a0\u00a0\u00a0\u00a0\u00a0\u00a0\u00a0\u00a0\u00a0\u00a0\u00a0 ileti\u015fimleri ya da veri depolamas\u0131n\u0131 herhangi bir \u015fekilde bozan ya da YourOnlineChoices web sitesinde ba\u015fka \u015fekillerde hasara ya da tahribata neden olan ya da YourOnlineChoices web sitesinin b\u00fcy\u00fck, istenmeyen veri trafi\u011fi ak\u0131\u015flar\u0131 (sel, spam, vb.) \u00fczerinden gereksiz yere a\u015f\u0131r\u0131 y\u00fcklenmesine neden olmak da dahil olmak \u00fczere kullan\u0131m\u0131n\u0131 ya da kapasitesini k\u0131s\u0131tlayan ya da s\u0131n\u0131rland\u0131ran vir\u00fcsleri veya di\u011fer k\u00f6t\u00fc ama\u00e7l\u0131 yaz\u0131l\u0131m da\u011f\u0131tmak.<\/p>\n<p>&nbsp;<\/p>\n<p>Bize veya lisans sahiplerimize ait fikri m\u00fclkiyet haklar\u0131na (telif haklar\u0131, ticari markalar, patentler, tasar\u0131m haklar\u0131 ve veritabanlar\u0131na ili\u015fkin haklar da dahil) sayg\u0131 g\u00f6stermeyi taahh\u00fct edersiniz.<\/p>\n<p>&nbsp;<\/p>\n<p>Bu B\u00f6l\u00fcmdeki y\u00fck\u00fcml\u00fcl\u00fcklerin ihlali sonucu ortaya \u00e7\u0131kan herhangi bir y\u00fck\u00fcml\u00fcl\u00fck, hasar, gider, talep veya maliyete (makul yasal masraflar ve giderler dahil) kar\u015f\u0131 talep \u00fczerine bizi tazmin eder ve korursunuz.<\/p>\n<p>&nbsp;<\/p>\n<p>YourOnlineChoices web sitesinin fikri m\u00fclkiyet haklar\u0131n\u0131z\u0131, m\u00fclkiyet haklar\u0131n\u0131z\u0131 veya di\u011fer haklar\u0131n\u0131z\u0131 ihlal etmesi durumunda, a\u015fa\u011f\u0131da verilen ileti\u015fim bilgileri arac\u0131l\u0131\u011f\u0131yla derhal bizi bilgilendirmelisiniz.<\/p>\n<p>&nbsp;<\/p>\n<p><strong>Ba\u011flant\u0131lar<\/strong><\/p>\n<p>&nbsp;<\/p>\n<p>YourOnlineChoices web sitesindeki baz\u0131 ba\u011flant\u0131lar, kontrol\u00fcm\u00fcz alt\u0131nda olmayan web sitelerine ba\u011flanman\u0131za olanak tan\u0131r. EDAA bu ba\u011flant\u0131lar\u0131 yaln\u0131zca kolayl\u0131k olmas\u0131 a\u00e7\u0131s\u0131ndan vermektedir. Bir ba\u011flant\u0131n\u0131n ortaya \u00e7\u0131kmas\u0131, EDAA taraf\u0131ndan onayland\u0131\u011f\u0131 anlam\u0131na gelmez veya EDAA, ba\u011flant\u0131l\u0131 herhangi bir web sitesinin i\u00e7eri\u011finden sorumlu de\u011fildir. Bunlara eri\u015fim riski kendi sorumlulu\u011funuzdad\u0131r.<\/p>\n<p>&nbsp;<\/p>\n<p><strong>S\u0131n\u0131rlamalar ve sorumluluk istisnalar\u0131<\/strong><\/p>\n<p>&nbsp;<\/p>\n<p>EDAA, z\u0131mni garantiler, \u015fartlar veya di\u011fer tatmin edici kalitedeki \u015fartlar\u0131, belirli bir amaca uygunluk veya makul \u00f6zen ve becerileri de dahil ancak bunlarla s\u0131n\u0131rl\u0131 olmamak \u00fczere, yasal veya teminat yoluyla a\u00e7\u0131k veya z\u0131mni ba\u015fka herhangi bir beyan\u0131, garantiyi, ko\u015fulu veya di\u011fer \u015fartlar\u0131 a\u00e7\u0131k\u00e7a reddeder.<\/p>\n<p>&nbsp;<\/p>\n<p>A\u015fa\u011f\u0131da belirtildi\u011fi \u015fekilde, EDAA hepsini reddeder ve s\u00f6zle\u015fmede, haks\u0131z fiilde (ihmal dahil), yasal g\u00f6revde, \u00f6n s\u00f6zle\u015fmede veya di\u011fer beyanlarda (hileli yanl\u0131\u015f beyanlar d\u0131\u015f\u0131nda) veya YourOnlineChoices web sitesi ile ba\u011flant\u0131l\u0131 veya ba\u015fka t\u00fcrl\u00fc ortaya \u00e7\u0131kan a\u015fa\u011f\u0131daki h\u00fck\u00fcm ve ko\u015fullardan sorumlu tutulamaz: (a) her durumda, bu t\u00fcr kay\u0131p ya da hasar olas\u0131l\u0131\u011f\u0131 ve meydana geldi\u011fi her t\u00fcrl\u00fc durum hakk\u0131nda bilgi verilmi\u015f olsun veya olmas\u0131n dolayl\u0131 veya \u00f6zel kay\u0131p veya hasar; (b) herhangi bir iyi niyet veya itibar kayb\u0131; ya da (c) her t\u00fcrl\u00fc ekonomik zarar (gelir kayb\u0131, kar, s\u00f6zle\u015fme, ticari veya beklenen tasarruflar dahil).<\/p>\n<p>&nbsp;<\/p>\n<p>A\u015fa\u011f\u0131da belirtildi\u011fi gibi, EDAA\u2019n\u0131n s\u00f6zle\u015fmedeki, haks\u0131z fiildeki (ihmal dahil), yasal g\u00f6revdeki, \u00f6n s\u00f6zle\u015fmedeki veya di\u011fer beyanlardaki (hileli yanl\u0131\u015f beyanlar d\u0131\u015f\u0131nda) veya bu S\u00f6zle\u015fmeden kaynaklanan veya bu S\u00f6zle\u015fmeyle ba\u011flant\u0131l\u0131 olarak ortaya \u00e7\u0131kan maksimum y\u00fck\u00fcml\u00fcl\u00fc\u011f\u00fc, ve y\u00fcr\u00fctme ve performans\u0131 da dahil olmak \u00fczere her bir k\u0131sm\u0131, on iki ayl\u0131k bir s\u00fcre i\u00e7inde ger\u00e7ekle\u015fen herhangi bir veya daha fazla olay veya olay dizisi (ba\u011fl\u0131 veya ba\u011fl\u0131 de\u011fil) a\u00e7\u0131s\u0131ndan 5 Euro ile s\u0131n\u0131rl\u0131 olacakt\u0131r.<\/p>\n<p>&nbsp;<\/p>\n<p>Bu S\u00f6zle\u015fmedeki hi\u00e7bir \u015fey, taraflardan birinin veya temsilcilerinin veya g\u00f6revini yerine getiren \u00e7al\u0131\u015fanlar\u0131n ihmalinden kaynaklanan \u00f6l\u00fcm veya ki\u015fisel yaralanma sorumlulu\u011funu hari\u00e7 tutmaz veya s\u0131n\u0131rlamaz veya ge\u00e7erli yasa kapsam\u0131nda hari\u00e7 tutulamayacak bir taraf\u0131n sorumlulu\u011funu hari\u00e7 tutmaz veya s\u0131n\u0131rlamaz.<\/p>\n<p>&nbsp;<\/p>\n<p><strong>Genel terimler<\/strong><\/p>\n<p>&nbsp;<\/p>\n<p><em><strong>M\u00fccbir Sebep:<\/strong><\/em>M\u00fccbir sebep olay\u0131, makul kontrol\u00fcm\u00fcz\u00fcn \u00f6tesinde geli\u015fen herhangi bir olay anlam\u0131na gelir. Bir m\u00fccbir sebep olay\u0131n\u0131n, bu h\u00fck\u00fcm ve ko\u015fullar alt\u0131ndaki y\u00fck\u00fcml\u00fcl\u00fcklerimizi yerine getirmememizde bir ba\u015far\u0131s\u0131zl\u0131\u011fa veya gecikmeye neden olmas\u0131 durumunda, bu y\u00fck\u00fcml\u00fcl\u00fckler m\u00fccbir sebep olay\u0131 s\u00fcresince ask\u0131ya al\u0131nacakt\u0131r.<\/p>\n<p>&nbsp;<\/p>\n<p><em><strong>Temlik ve alt s\u00f6zle\u015fme: <\/strong><\/em>Bu h\u00fck\u00fcm ve ko\u015fullar alt\u0131nda haklar\u0131n\u0131z ve\/veya y\u00fck\u00fcml\u00fcl\u00fcklerinizin tamam\u0131n\u0131 veya bir k\u0131sm\u0131n\u0131 hi\u00e7bir tarafa temlik edemez, devredemez, \u00fccretlendiremez veya lisanslayamazs\u0131n\u0131z.<\/p>\n<p>&nbsp;<\/p>\n<p><em><strong>\u0130li\u015fki:<\/strong><\/em> Bu h\u00fck\u00fcm ve ko\u015fullardaki hi\u00e7bir \u015fey, sizinle aram\u0131zda herhangi bir ortakl\u0131k veya ortak giri\u015fim veya i\u015f s\u00f6zle\u015fmesi olu\u015fturdu\u011fu veya h\u00fck\u00fcm ve ko\u015fullarda a\u00e7\u0131k\u00e7a belirtilmeyen herhangi bir yetki verdi\u011fi veya sizinle aram\u0131zda herhangi bir temsilcilik olu\u015fturdu\u011fu \u015feklinde yorumlanamaz.<\/p>\n<p>&nbsp;<\/p>\n<p><em><strong>S\u00f6zle\u015fmenin b\u00fct\u00fcn\u00fc:<\/strong><\/em> Bu h\u00fck\u00fcm ve ko\u015fullar\u0131n bizimle olan t\u00fcm anla\u015fmay\u0131 ve anlay\u0131\u015f\u0131 ortaya koydu\u011funu ve h\u00fck\u00fcm ve ko\u015fullar\u0131n konusuyla ilgili olarak sizinle aram\u0131zdaki t\u00fcm \u00f6nceki anla\u015fmalar\u0131n, d\u00fczenlemelerin ve anlay\u0131\u015flar\u0131n yerine ge\u00e7ti\u011fini onaylars\u0131n\u0131z. Bu h\u00fck\u00fcm ve ko\u015fullar\u0131n a\u00e7\u0131k bir terimi olmayan herhangi bir ifadeye, temsile veya kavrama g\u00fcvenerek hareket etmedi\u011finizi ve hileli bir \u015fekilde yap\u0131lmad\u0131k\u00e7a a\u00e7\u0131k bir terimi olmayan herhangi bir ifade, temsil ya da anlay\u0131\u015f i\u00e7in herhangi bir hukuk yoluna sahip olmayaca\u011f\u0131n\u0131z\u0131 onaylars\u0131n\u0131z.<\/p>\n<p>&nbsp;<\/p>\n<p><em><strong>Feragat:<\/strong><\/em> Herhangi bir taraf\u0131n bu h\u00fck\u00fcm ve ko\u015fullar alt\u0131nda herhangi bir hak, yetki veya hukuk yolunu kullanmas\u0131ndaki ba\u015far\u0131s\u0131zl\u0131\u011f\u0131 veya gecikmesi, ba\u015fka herhangi bir haktan, yetkiden veya hukuk yolundan feragat etti\u011fi anlam\u0131na gelmez veya taraf\u0131m\u0131zdan herhangi bir hakk\u0131n, yetkinin veya hukuk yolunun tek veya k\u0131smi olarak kullan\u0131lmas\u0131 taraf\u0131m\u0131zdan ba\u015fka herhangi bir hak, yetki ya da hukuk yolunun kullan\u0131lmas\u0131n\u0131 engellemez.<\/p>\n<p>&nbsp;<\/p>\n<p><em><strong>B\u00f6l\u00fcnebilirlik:<\/strong><\/em> Bu h\u00fck\u00fcm ve ko\u015fullar\u0131n herhangi bir h\u00fckm\u00fcn\u00fcn herhangi bir mahkeme veya yetkili makam taraf\u0131ndan herhangi bir yarg\u0131 alan\u0131nda ge\u00e7ersiz, yasa d\u0131\u015f\u0131 veya uygulanamaz oldu\u011fu tespit edilirse, s\u00f6z konusu h\u00fck\u00fcm bu h\u00fck\u00fcm ve ko\u015fullar\u0131n bir par\u00e7as\u0131 say\u0131lmayacakt\u0131r; bu h\u00fck\u00fcm ve ko\u015fullar\u0131n geri kalan\u0131n\u0131n ge\u00e7erlili\u011fini, yasall\u0131\u011f\u0131n\u0131 veya uygulanabilirli\u011fini veya bu h\u00fckm\u00fcn ba\u015fka herhangi bir yarg\u0131 alan\u0131ndaki ge\u00e7erlili\u011fini, yasall\u0131\u011f\u0131n\u0131 veya uygulanabilirli\u011fini etkilemez.<\/p>\n<p>&nbsp;<\/p>\n<p><em><strong>Zamanl\u0131l\u0131k:<\/strong><\/em> A\u00e7\u0131k\u00e7a belirtildi\u011fi durumlar d\u0131\u015f\u0131nda, zaman esas olmayacakt\u0131r.<\/p>\n<p>&nbsp;<\/p>\n<p><em><strong>\u00dc\u00e7\u00fcnc\u00fc Taraflar\u0131n Haklar\u0131:<\/strong><\/em> Bu h\u00fck\u00fcm ve ko\u015fullardaki hi\u00e7bir \u015fey, 1999 tarihli S\u00f6zle\u015fmeler (\u00dc\u00e7\u00fcnc\u00fc Taraflar\u0131n Haklar\u0131) Yasas\u0131 uyar\u0131nca veya bu h\u00fck\u00fcm ve ko\u015fullar\u0131n taraflar\u0131 d\u0131\u015f\u0131nda herhangi bir ki\u015fiye bir hak veya menfaat yaratmaz veya vermez.<\/p>\n<p>&nbsp;<\/p>\n<p><em><strong>Di\u011fer H\u00fck\u00fcmler:<\/strong><\/em> Taraflar\u0131n bu h\u00fck\u00fcm ve ko\u015fullar alt\u0131ndaki haklar\u0131 ve hukuk yollar\u0131 k\u00fcm\u00fclatiftir ve kanunla sa\u011flanan hak ve hukuk yollar\u0131na ek olarak verilir. Bu h\u00fck\u00fcm ve ko\u015fullardaki her t\u00fcrl\u00fc de\u011fi\u015fiklik yaz\u0131l\u0131 olmal\u0131 ve taraflarca kabul edilmelidir. Bu h\u00fck\u00fcm ve ko\u015fullar muadil ve elektronik yaz\u0131 ile y\u00fcr\u00fct\u00fclebilir.<\/p>\n<p>&nbsp;<\/p>\n<p><em><strong>Ge\u00e7erli yasa:<\/strong><\/em> Bu h\u00fck\u00fcm ve ko\u015fullar Bel\u00e7ika yasalar\u0131na uygun olarak yorumlanacakt\u0131r ve her iki taraf da geri d\u00f6n\u00fc\u015f\u00fc olmayan bir \u015fekilde Br\u00fcksel mahkemelerinin m\u00fcnhas\u0131r olmayan yarg\u0131 yetkisine tabidir.<\/p>\n<p>&nbsp;<\/p>\n<p><strong>Nihai h\u00fck\u00fcmler<\/strong><\/p>\n<p>&nbsp;<\/p>\n<p><strong>\u015eikayet Politikam\u0131z<\/strong><\/p>\n<p>&nbsp;<\/p>\n<p>Bize bildirilen ve m\u00fcmk\u00fcn olan en k\u0131sa s\u00fcrede \u00e7\u00f6zebildi\u011fimiz sorunlar\u0131 \u00e7\u00f6zece\u011fiz. Sunulan yan\u0131t veya \u00e7\u00f6z\u00fcmden memnun de\u011filseniz, a\u015fa\u011f\u0131daki adresten bizimle ileti\u015fime ge\u00e7ebilirsiniz.<\/p>\n<p>&nbsp;<\/p>\n<p><strong>Bize Ula\u015f\u0131n<\/strong><\/p>\n<p>&nbsp;<\/p>\n<p>Detayl\u0131 bilgi i\u00e7in veya bu h\u00fck\u00fcm ve ko\u015fullar hakk\u0131nda sorular\u0131n\u0131z varsa, EDAA ile a\u015fa\u011f\u0131daki e-posta yoluyla ileti\u015fime ge\u00e7ebilirsiniz: privacy [at] edaa.eu<\/p>\n<p>&nbsp;<\/p>\n<p>Biz Avrupa \u0130nteraktif Dijital Reklam Birli\u011fi\u2019yiz (EDAA) Kay\u0131tl\u0131 ofisimizin adresi: Rue des Deux Eglises 26 | 1000 Br\u00fcksel Firmam\u0131z\u0131n sicil numaras\u0131 BE 0846.790.105<\/p>\n<p>&nbsp;<\/p>\n<p>KDV numaram\u0131z BE 0846.790.105<\/p>\n","protected":false},"excerpt":{"rendered":"<p>Genel h\u00fck\u00fcm ve ko\u015fullar &nbsp; Bunlar, YourOnlineChoices web sitesini kullan\u0131rken veya YourOnlineChoices tercih \u00e7erezini kabul ederken EDAA ile sizin aran\u0131zdaki ili\u015fkiyi d\u00fczenleyen h\u00fck\u00fcm ve ko\u015fullard\u0131r. &nbsp; EDAA Br\u00fcksel merkezli 0846.790.105 BE sicil numaral\u0131 k\u00e2r amac\u0131 g\u00fctmeyen bir kurulu\u015ftur (AiSBL). Kay\u0131tl\u0131 ofisimiz Rue des Deux Eglises 26 | 1000 Br\u00fcksel adresinde yer almaktad\u0131r. &nbsp; YourOnlineChoices websitesine [&hellip;]<\/p>\n","protected":false},"author":2,"featured_media":0,"parent":0,"menu_order":0,"comment_status":"closed","ping_status":"open","template":"","meta":[],"_links":{"self":[{"href":"https:\/\/www.youronlinechoices.com\/tr\/wp-json\/wp\/v2\/pages\/575"}],"collection":[{"href":"https:\/\/www.youronlinechoices.com\/tr\/wp-json\/wp\/v2\/pages"}],"about":[{"href":"https:\/\/www.youronlinechoices.com\/tr\/wp-json\/wp\/v2\/types\/page"}],"author":[{"embeddable":true,"href":"https:\/\/www.youronlinechoices.com\/tr\/wp-json\/wp\/v2\/users\/2"}],"replies":[{"embeddable":true,"href":"https:\/\/www.youronlinechoices.com\/tr\/wp-json\/wp\/v2\/comments?post=575"}],"version-history":[{"count":10,"href":"https:\/\/www.youronlinechoices.com\/tr\/wp-json\/wp\/v2\/pages\/575\/revisions"}],"predecessor-version":[{"id":580,"href":"https:\/\/www.youronlinechoices.com\/tr\/wp-json\/wp\/v2\/pages\/575\/revisions\/580"}],"wp:attachment":[{"href":"https:\/\/www.youronlinechoices.com\/tr\/wp-json\/wp\/v2\/media?parent=575"}],"curies":[{"name":"wp","href":"https:\/\/api.w.org\/{rel}","templated":true}]}}