{"id":308,"date":"2012-07-12T11:33:33","date_gmt":"2012-07-12T11:33:33","guid":{"rendered":"https:\/\/www.youronlinechoices.com\/uk\/?page_id=308"},"modified":"2014-09-30T09:26:14","modified_gmt":"2014-09-30T09:26:14","slug":"feedback","status":"publish","type":"page","link":"https:\/\/www.youronlinechoices.com\/tr\/feedback","title":{"rendered":"Geri Bildiriminiz"},"content":{"rendered":"<p>Geri bildiriminizin cevab\u0131 sitemizde mevcut olabilir. A\u015fa\u011f\u0131daki se\u00e7eneklerden se\u00e7im yapabilirsiniz:<\/p>\n<p>&nbsp;<\/p>\n<p>\u2022 <a title=\"SSS\" href=\"https:\/\/www.youronlinechoices.com\/tr\/sss\">S\u0131k\u00e7a Sorulan Sorular\u2019\u0131 okumak istiyorum<\/a>.<br \/>\n\u2022 <a title=\"Download guide\" href=\"https:\/\/www.youronlinechoices.com\/tr\/download-guide\">ODR K\u0131lavuzu\u2019nu okumak istiyorum<\/a>.<br \/>\n\u2022 <a href=\"https:\/\/www.youronlinechoices.com\/tr\/sikayette-bulunun\" title=\"\u015eikayette bulunun\">Resmi bir \u015fikayette bulunmak i\u00e7in \u201c\u015eikayetler\u201d sayfas\u0131na gitmek istiyorum<\/a>.<\/p>\n<p>&nbsp;<\/p>\n<p>Sorunuz veya \u00f6neriniz bu se\u00e7enekler aras\u0131nda yoksa bize k\u0131sa bir a\u00e7\u0131klama g\u00f6nderebilirsiniz. Geri bildiriminiz en k\u0131sa s\u00fcrede cevaplanacakt\u0131r.<\/p>\n<p><strong>Not: Ki\u015fisel bilgileriniz sadece mailinizi cevaplamak i\u00e7in kullan\u0131lacakt\u0131r. Hi\u00e7bir database\u2019e eklenip, herhangi bir pazarlama faaliyeti kapsam\u0131nda kullan\u0131lmayacakt\u0131r.<\/strong><\/p>\n<p>&nbsp;<\/p>\n<p>[contact-form-7 id=&#8221;448&#8243; title=&#8221;Contact form 1&#8243;]<\/p>\n","protected":false},"excerpt":{"rendered":"<p>Geri bildiriminizin cevab\u0131 sitemizde mevcut olabilir. A\u015fa\u011f\u0131daki se\u00e7eneklerden se\u00e7im yapabilirsiniz: &nbsp; \u2022 S\u0131k\u00e7a Sorulan Sorular\u2019\u0131 okumak istiyorum. \u2022 ODR K\u0131lavuzu\u2019nu okumak istiyorum. \u2022 Resmi bir \u015fikayette bulunmak i\u00e7in \u201c\u015eikayetler\u201d sayfas\u0131na gitmek istiyorum. &nbsp; Sorunuz veya \u00f6neriniz bu se\u00e7enekler aras\u0131nda yoksa bize k\u0131sa bir a\u00e7\u0131klama g\u00f6nderebilirsiniz. Geri bildiriminiz en k\u0131sa s\u00fcrede cevaplanacakt\u0131r. Not: Ki\u015fisel bilgileriniz sadece [&hellip;]<\/p>\n","protected":false},"author":2,"featured_media":0,"parent":0,"menu_order":15,"comment_status":"closed","ping_status":"open","template":"","meta":[],"_links":{"self":[{"href":"https:\/\/www.youronlinechoices.com\/tr\/wp-json\/wp\/v2\/pages\/308"}],"collection":[{"href":"https:\/\/www.youronlinechoices.com\/tr\/wp-json\/wp\/v2\/pages"}],"about":[{"href":"https:\/\/www.youronlinechoices.com\/tr\/wp-json\/wp\/v2\/types\/page"}],"author":[{"embeddable":true,"href":"https:\/\/www.youronlinechoices.com\/tr\/wp-json\/wp\/v2\/users\/2"}],"replies":[{"embeddable":true,"href":"https:\/\/www.youronlinechoices.com\/tr\/wp-json\/wp\/v2\/comments?post=308"}],"version-history":[{"count":33,"href":"https:\/\/www.youronlinechoices.com\/tr\/wp-json\/wp\/v2\/pages\/308\/revisions"}],"predecessor-version":[{"id":311,"href":"https:\/\/www.youronlinechoices.com\/tr\/wp-json\/wp\/v2\/pages\/308\/revisions\/311"}],"wp:attachment":[{"href":"https:\/\/www.youronlinechoices.com\/tr\/wp-json\/wp\/v2\/media?parent=308"}],"curies":[{"name":"wp","href":"https:\/\/api.w.org\/{rel}","templated":true}]}}