{"id":27,"date":"2010-11-30T12:28:40","date_gmt":"2010-11-30T12:28:40","guid":{"rendered":"https:\/\/www.youronlinechoices.com\/uk"},"modified":"2025-10-22T20:04:26","modified_gmt":"2025-10-22T20:04:26","slug":"gizliliginizi-korumak","status":"publish","type":"page","link":"https:\/\/www.youronlinechoices.com\/tr\/gizliliginizi-korumak","title":{"rendered":"Gizlili\u011finizi Korumak"},"content":{"rendered":"<p><strong>Gizlili\u011finizin Korunmas\u0131<\/strong><\/p>\n<p>&nbsp;<\/p>\n<p>Bu web sitesi dijital reklam end\u00fcstrisi taraf\u0131ndan desteklenmekte ve Avrupa \u0130nteraktif Dijital Reklam Birli\u011fi (EDAA) taraf\u0131ndan y\u00f6netilmektedir. Ge\u00e7mi\u015fte, \u015fu anda ve gelecekte etkile\u015fim kurdu\u011fumuz t\u00fcm bireylerin gizlili\u011fine sayg\u0131 duymaya ve bunlar\u0131 korumaya kararl\u0131y\u0131z. Bu taahh\u00fcd\u00fcn bir par\u00e7as\u0131 olarak, sizinle ilgili elimizde bulunan ki\u015fisel bilgiler ile bu web sitesini ziyaret etti\u011finizde toplayabilece\u011fimiz ve kullanabilece\u011fimiz di\u011fer ki\u015fisel olmayan bilgiler hakk\u0131nda size net bilgiler vermeye ve bu bilgiler \u00fczerinde kontrol sa\u011flamaya \u00e7al\u0131\u015f\u0131yoruz.<\/p>\n<p>&nbsp;<\/p>\n<p><strong>Web sitesi<\/strong><\/p>\n<p>&nbsp;<\/p>\n<p>Bu web sitesinde \u00e7evrimi\u00e7i davran\u0131\u015fsal reklamc\u0131l\u0131\u011fa y\u00f6nelik pan-Avrupa \u00f6zdenetim program\u0131n\u0131n temel bir bile\u015fenini y\u00f6netiyoruz (\u0130nternet kullan\u0131c\u0131lar\u0131na, ilgi alanlar\u0131na g\u00f6re daha alakal\u0131 reklamlar sunma uygulamas\u0131). Bu \u00f6zdenetim program\u0131, sizin gibi \u0130nternet kullan\u0131c\u0131lar\u0131na \u00e7evrimi\u00e7i davran\u0131\u015fsal reklamc\u0131l\u0131k \u00fczerinde y\u00fcksek d\u00fczeyde \u015feffafl\u0131k ve kontrol sa\u011flamaktad\u0131r.<\/p>\n<p>&nbsp;<\/p>\n<p><a href=\"https:\/\/www.youronlinechoices.com\/uk\/protecting-your-privacy\/oba-icon\" rel=\"attachment wp-att-757\"><img loading=\"lazy\" class=\"alignnone  wp-image-757\" title=\"OBA-icon\" src=\"https:\/\/www.youronlinechoices.com\/uk\/wp-content\/uploads\/2010\/11\/OBA-icon-300x300.jpg\" alt=\"\" width=\"38\" height=\"38\" \/><\/a>\u015eeffafl\u0131k, \u015firketler \u00e7evrimi\u00e7i davran\u0131\u015fsal reklamc\u0131l\u0131k amac\u0131yla veri toplad\u0131\u011f\u0131nda ve i\u015fledi\u011finde ortaya \u00e7\u0131kan ve t\u00fcm resmi AB dillerinde e\u015flik eden bir metinle verilen evrensel olarak tan\u0131nan \u201cOBA simgesi\u201d (her resmi AB dili i\u00e7in e\u015flik eden metnin tam listesine <a href=\"https:\/\/edaa.eu\/wp-content\/uploads\/Att-3-technical_specifications_for_iab_eu_oba_fw_v1.pdf#page=15\" target=\"_blank\" rel=\"noopener noreferrer\">buradan<\/a> ula\u015fabilirsiniz) ile sa\u011flan\u0131r. Simgeye t\u0131kland\u0131\u011f\u0131nda, kullan\u0131c\u0131lara \u00e7evrimi\u00e7i davran\u0131\u015fsal reklamc\u0131l\u0131k hakk\u0131nda a\u00e7\u0131k ve anla\u015f\u0131l\u0131r bilgiler sunulur.<\/p>\n<p>&nbsp;<\/p>\n<p>Simge ayn\u0131 zamanda kullan\u0131c\u0131lara verilen ara\u00e7lar ve kaynaklar arac\u0131l\u0131\u011f\u0131yla \u00e7evrimi\u00e7i davran\u0131\u015fsal reklamlar \u00fczerinde se\u00e7im yapma ve kontrol sa\u011flama imkan\u0131 verir; bu ara\u00e7lar ve kaynaklar bu web sitesinde yer almaktad\u0131r. Bu web sitesi, Avrupa Birli\u011fi\/Avrupa Ekonomik Alan\u0131 (AB\/AEA) \u00fclkelerinin yan\u0131 s\u0131ra \u0130svi\u00e7re ve T\u00fcrkiye\u2019yi de kapsamaktad\u0131r ve se\u00e7meleri halinde (kat\u0131l\u0131mc\u0131 \u015firketlerden) kullan\u0131c\u0131lar i\u00e7in \u00e7evrimi\u00e7i davran\u0131\u015f reklamc\u0131l\u0131\u011f\u0131n\u0131 kapatan kullan\u0131m\u0131 kolay bir i\u015flevsellik (listelenen \u00fclkelerden herhangi bir kullan\u0131c\u0131 taraf\u0131ndan kullan\u0131labilir) sunar. Bu web sitesinin en dikkat \u00e7ekici \u00f6zelliklerinden biri, Avrupa Reklam Standartlar\u0131 Birli\u011fi (EASA) ve etkin \u015fikayet i\u015fleme sistemleri sa\u011flamak i\u00e7in \u00e7al\u0131\u015fan, ba\u011f\u0131ms\u0131z ve kullan\u0131c\u0131lara \u00fccretsiz olan Avrupa \u00e7ap\u0131nda k\u00f6kl\u00fc ve yayg\u0131n olarak tan\u0131nan ulusal reklam \u00d6zdenetim Kurulu\u015flar\u0131 a\u011f\u0131 taraf\u0131ndan desteklenen, end\u00fcstri \u00e7ap\u0131nda bir taahh\u00fct \u00fczerine in\u015fa edilmi\u015f olmas\u0131d\u0131r.<\/p>\n<p>&nbsp;<\/p>\n<p><strong>\u00a0<\/strong><\/p>\n<p><strong>Ki\u015fisel Bilgileriniz<\/strong><\/p>\n<p>&nbsp;<\/p>\n<p>Ki\u015fisel Verilerinizin bu Bildirimde a\u00e7\u0131klanan EDAA taraf\u0131ndan i\u015flenmesi izninize veya akdi gereklili\u011fe dayan\u0131r. Bu web sitesinde kullanabilece\u011finiz yollarla bize herhangi bir geri bildirim sa\u011flad\u0131\u011f\u0131n\u0131zda, bize verdi\u011finiz ad\u0131n\u0131z, e-posta adresiniz ve telefon numaran\u0131z gibi ki\u015fisel bilgileri toplayabilir ve i\u015fleyebiliriz. Bu bilgiler, geri bildiriminizi ele almaktan ba\u015fka bir ama\u00e7la kullan\u0131lmayacakt\u0131r. Baz\u0131 durumlarda, geri bildiriminizi do\u011frudan ele alamayabiliriz ve bu durumda, bu t\u00fcr bilgiler \u015fikayet i\u015fleme amac\u0131yla ilgili ulusal reklam \u00d6zdenetim Kurulu\u015fu ile payla\u015f\u0131labilir. Bu durumda, EDAA s\u00fcreci \u00f6ncelikle size net bir \u015fekilde a\u00e7\u0131klamadan ve \u00f6nceden a\u00e7\u0131k ve bilgilendirilmi\u015f onay\u0131n\u0131z\u0131 almadan hi\u00e7bir ki\u015fisel bilgiyi payla\u015fmayacakt\u0131r. Ba\u015fka hi\u00e7bir ki\u015fisel bilgi di\u011fer \u00fc\u00e7\u00fcnc\u00fc taraflara aktar\u0131lmaz. Ki\u015fisel bilgileriniz, konu hem sizin hem de EDAA\u2019n\u0131n memnuniyetiyle sonu\u00e7lanarak \u00e7\u00f6z\u00fcmlendi\u011finde silinecektir.<\/p>\n<p>&nbsp;<\/p>\n<p><strong>Veri Saklama<\/strong><\/p>\n<p>&nbsp;<\/p>\n<p>EDAA, Ki\u015fisel Verilerinizi ge\u00e7erli yasal gerekliliklere uygun olarak ve yaln\u0131zca bu Bildirimde a\u00e7\u0131klanan ama\u00e7lar i\u00e7in gerekli oldu\u011fu s\u00fcrece veya yasalar\u0131n gerektirdi\u011fi s\u00fcrece ya da potansiyel yasal talepleri savunmak i\u00e7in saklayacakt\u0131r.<\/p>\n<p>&nbsp;<\/p>\n<p>Bilgi talepleri ve\/veya do\u011frudan soru\u015fturmalar ve\/veya \u015fikayetler yoluyla elde edilen Ki\u015fisel Veriler, daha \u00f6nce Ki\u015fisel Verilerinizin i\u015flenmesine verdi\u011finiz izni geri \u00e7ekmemeniz halinde 1 y\u0131l s\u00fcreyle saklanacakt\u0131r (ya da yasalar\u0131n gerektirdi\u011fi s\u00fcrece ya da potansiyel yasal talepleri savunmak amac\u0131yla).<\/p>\n<p>&nbsp;<\/p>\n<p><strong>Haklar\u0131n\u0131z<\/strong><\/p>\n<p>&nbsp;<\/p>\n<p>Gizlilik Yasas\u0131 gere\u011fince, sizden bir talep gelmesinin ard\u0131ndan Ki\u015fisel Verileri inceleyebilmeniz i\u00e7in size sunaca\u011f\u0131z. Ki\u015fisel Verilerin yanl\u0131\u015f oldu\u011funu veya uygunsuz olarak kullan\u0131ld\u0131\u011f\u0131n\u0131 bize bildirirseniz, Ki\u015fisel Verileri gerekti\u011fi \u015fekilde d\u00fczeltir, g\u00fcnceller, k\u0131s\u0131tlar veya sileriz. Ki\u015fisel Verilere nas\u0131l eri\u015filebilece\u011fi hakk\u0131nda bilgi almak i\u00e7in, bu Gizlilik Bildiriminin sonunda belirtilen irtibat noktalar\u0131na bak\u0131n\u0131z. Bu Gizlilik Bildiriminin sonunda belirtilen irtibat noktalar\u0131na basit bir istekte bulunarak, Ki\u015fisel Verilerinizin kullan\u0131m\u0131na her zaman itiraz etme hakk\u0131na sahipsiniz. Ki\u015fisel verilerinizi kullan\u0131labilir bir elektronik bi\u00e7imde alma ve \u00fc\u00e7\u00fcnc\u00fc bir tarafa iletme hakk\u0131na sahipsiniz (\u201cveri ta\u015f\u0131nabilirli\u011fi\u201d hakk\u0131).<\/p>\n<p>&nbsp;<\/p>\n<p>EDAA, bu web sitesinde yer alan faaliyetlerle ilgili olarak gizlilikle ilgili herhangi bir \u015fikayet veya endi\u015fe duyulmas\u0131 konusunda adil bir \u00e7\u00f6z\u00fcm bulmak i\u00e7in sizinle birlikte \u00e7al\u0131\u015fmay\u0131 taahh\u00fct eder. Ancak, EDAA\u2019n\u0131n \u015fikayetiniz veya endi\u015feniz konusunda yard\u0131mc\u0131 olamad\u0131\u011f\u0131n\u0131 d\u00fc\u015f\u00fcn\u00fcyorsan\u0131z, ikamet etti\u011finiz, i\u015fyerinizin bulundu\u011fu veya Gizlilik Yasalar\u0131n\u0131n ihlali iddias\u0131n\u0131n oldu\u011fu \u00dcye Devlette (Bel\u00e7ika i\u00e7in bkz. www.dataprotectionauthority.be ve di\u011fer \u00fclkeler i\u00e7in <a href=\"https:\/\/edpb.europa.eu\/about-edpb\/board\/members_en\">buraya<\/a> t\u0131klay\u0131n) bir denetim makam\u0131na \u015fikayette bulunma hakk\u0131n\u0131z mevcuttur.<\/p>\n<p>&nbsp;<\/p>\n<p><strong>\u00dc\u00e7\u00fcnc\u00fc taraflara if\u015fa \/ ki\u015fisel verilerin yurtd\u0131\u015f\u0131na aktar\u0131lmas\u0131<\/strong><\/p>\n<p>&nbsp;<\/p>\n<p>Bu web sitesi arac\u0131l\u0131\u011f\u0131yla, do\u011frudan kendi \u00fclkenizdeki ulusal reklam \u00d6zdenetim Kurulu\u015funa bilgi verme ve\/veya \u015fikayette bulunma se\u00e7ene\u011finiz de olabilir (ilgili \u00d6zdenetim Kurulu\u015funu tespit etmek i\u00e7in <a href=\"https:\/\/www.easa-alliance.org\/members\/europe\">buraya<\/a> bak\u0131n\u0131z). Bu t\u00fcr bilgiler, iste\u011finize g\u00f6re size \u015fikayet\/bilgi i\u015fleme ama\u00e7lar\u0131 sa\u011flamak i\u00e7in do\u011frudan o kurulu\u015fa g\u00f6nderilen Ki\u015fisel Verileri i\u00e7erebilir.<\/p>\n<p>&nbsp;<\/p>\n<p>Bu i\u015flevselli\u011fi kullanmay\u0131 tercih ediyorsan\u0131z, bu \u00d6zDenetim Kurulu\u015flar\u0131n\u0131n Gizlilik Politikalar\u0131n\u0131 g\u00f6zden ge\u00e7irmenizi \u00f6neririz. Her durumda, bu opsiyonel \u00e7evrimi\u00e7i formu kullan\u0131rken verilerinizin hangi kurulu\u015fa g\u00f6nderilece\u011fi konusunda bilgilendirilirsiniz (\u00f6r. Almanya&#8217;da: <a href=\"https:\/\/www.youronlinechoices.com\/de\/beschwerde\/\">https:\/\/www.youronlinechoices.com\/de\/beschwerde\/<\/a>; \u00f6rn. Birle\u015fik Krall\u0131k\u2019ta: <a href=\"https:\/\/www.youronlinechoices.com\/uk\/make-a-complaint\">https:\/\/www.youronlinechoices.com\/uk\/make-a-complaint<\/a>)<\/p>\n<p>&nbsp;<\/p>\n<p>EDAA, bu sitede toplad\u0131\u011f\u0131n\u0131z ki\u015fisel verileri (baz\u0131 istisnai durumlar d\u0131\u015f\u0131nda ve yaln\u0131zca \u00f6nceden verdi\u011finiz a\u00e7\u0131k r\u0131zayla), yasalar, resmi veya mahkeme emirleri ile ilgili herhangi bir yasal zorunluluk sakl\u0131 kalmak kayd\u0131yla, ba\u015fka kurulu\u015flara if\u015fa etmez veya onlarla payla\u015fmaz.<\/p>\n<p>&nbsp;<\/p>\n<p><strong>\u00c7erezler<\/strong><\/p>\n<p>&nbsp;<\/p>\n<p>\u00c7erezler, web taray\u0131c\u0131n\u0131z taraf\u0131ndan saklanan k\u00fc\u00e7\u00fck bilgi paketleridir. Ziyaret etti\u011finiz web siteleri taraf\u0131ndan web taray\u0131c\u0131n\u0131za yerle\u015ftirilirler. \u00c7erezlerin kullan\u0131lmad\u0131\u011f\u0131ndan emin olmak istiyorsan\u0131z, a\u015fa\u011f\u0131ya bakabilir veya web taray\u0131c\u0131n\u0131z\u0131n gizlilik ayarlar\u0131n\u0131zda bunlar\u0131n nas\u0131l y\u00f6netilece\u011fi veya devre d\u0131\u015f\u0131 b\u0131rak\u0131laca\u011f\u0131 hakk\u0131nda daha fazla bilgi i\u00e7in <a href=\"https:\/\/www.youronlinechoices.com\/uk\/five-top-tips\" target=\"_blank\" rel=\"noopener noreferrer\">be\u015f ipucu<\/a>nu ziyaret edebilirsiniz. Bu ama\u00e7la \u00e7erezleri devre d\u0131\u015f\u0131 b\u0131rakman\u0131n, kontrol arac\u0131n\u0131n art\u0131k etkili bir \u015fekilde \u00e7al\u0131\u015fmayaca\u011f\u0131 ve genel tarama deneyiminiz \u00fczerinde olumsuz bir etkisi olabilece\u011fi anlam\u0131na geldi\u011fini unutmay\u0131n\u0131z.<\/p>\n<p>&nbsp;<\/p>\n<p>\u201cReklam se\u00e7imleriniz\u201d sayfas\u0131nda listelenen i\u015fletmelerin \u00e7o\u011fu, mevcut \u00e7evrimi\u00e7i davran\u0131\u015fsal reklamc\u0131l\u0131k durumunuzu (yani tercihlerinize g\u00f6re \u201ckabul edildi\u201d veya \u201ckapat\u0131ld\u0131\u201d) kontrol etmek ve uygulamak istedi\u011finiz se\u00e7iminizi ger\u00e7ekle\u015ftirmek i\u00e7in \u00e7erezleri kullan\u0131r. Bu \u00e7erezler, kontrol sayfas\u0131n\u0131n i\u015flevselli\u011fi ve performans\u0131ndaki hatalar\u0131 tan\u0131mlamak i\u00e7in gereklidir.<\/p>\n<p>&nbsp;<\/p>\n<p>Ayr\u0131ca, web sitesinin i\u015flevselli\u011fini korumak ve genellikle bu web sitesi arac\u0131l\u0131\u011f\u0131yla size sundu\u011fumuz hizmetleri s\u00fcrekli olarak iyile\u015ftirmek i\u00e7in bu web sitesindeki \u00e7erezleri kullan\u0131yoruz. Bu s\u00fcre\u00e7te hi\u00e7bir ki\u015fisel bilgi saklanmaz ve toplanan bilgiler yaln\u0131zca toplu olarak kullan\u0131l\u0131r. Bu \u00f6zelli\u011fi kapatmak istiyorsan\u0131z, a\u015fa\u011f\u0131daki i\u015flevselli\u011fi kullan\u0131n\u0131z.<\/p>\n<p>&nbsp;<\/p>\n<p>Bu web sitesinde kullan\u0131lan \u00e7erezlerin ayr\u0131nt\u0131l\u0131 bir a\u00e7\u0131klamas\u0131 i\u00e7in a\u015fa\u011f\u0131ya bak\u0131n\u0131z.<\/p>\n<p>&nbsp;<\/p>\n<p><strong>Bu Web Sitesinde hangi \u201c\u00e7erezler\u201d kullan\u0131lmaktad\u0131r?<\/strong><\/p>\n<p><strong>\u00a0<\/strong><\/p>\n<table border=\"0\" cellpadding=\"0\">\n<tbody>\n<tr>\n<td><strong>\u00c7erez<\/strong><\/td>\n<td><strong>\u00c7erezin Amac\u0131<\/strong><\/td>\n<td><strong>\u00c7erezlerin Niteli\u011fi<\/strong><\/td>\n<td>\n<p align=\"center\"><strong>\u00c7erez T\u00fcr\u00fc<\/strong><\/p>\n<\/td>\n<\/tr>\n<tr>\n<td>\u0130nternet Analizi<\/td>\n<td>Kendi kendine bar\u0131nd\u0131r\u0131lan Matomo\u2019ya dayanan EDAA: her kullan\u0131c\u0131n\u0131n ziyaret miktar\u0131n\u0131 ve ilk, \u00f6nceki ve mevcut ziyaretin saatini izler.<\/td>\n<td>Birinci Taraf<\/td>\n<td>\n<p align=\"center\">1 y\u0131l<\/p>\n<\/td>\n<\/tr>\n<tr>\n<td>\u015eirket entegrasyonunun g\u00fcvenilirli\u011fini izlemek i\u00e7in \u00e7erez<\/td>\n<td>\u015eirketlerin web sitesi ile entegrasyon noktalar\u0131n\u0131n g\u00fcvenilirli\u011fini izlemek i\u00e7in kullan\u0131l\u0131r.<\/td>\n<td>Birinci taraf<\/td>\n<td>\n<p align=\"center\">1 ay<\/p>\n<\/td>\n<\/tr>\n<tr>\n<td>\u00c7erez afi\u015fi \u00e7erezi<\/td>\n<td>Bir web ziyaret\u00e7isinin, web sayfalar\u0131n\u0131n \u00fcst k\u0131sm\u0131nda g\u00f6r\u00fcnen \u201c\u00e7erez ba\u015fl\u0131\u011f\u0131n\u0131&#8221; reddetmi\u015f olup olmad\u0131\u011f\u0131n\u0131 hat\u0131rlamak i\u00e7in kullan\u0131l\u0131r.<\/td>\n<td>Birinci taraf<\/td>\n<td>\n<p align=\"center\">24 saat<\/p>\n<\/td>\n<\/tr>\n<\/tbody>\n<\/table>\n<p>&nbsp;<\/p>\n<p><strong>Tan\u0131mlar:<\/strong><\/p>\n<p>&nbsp;<\/p>\n<ul>\n<li>\u201cBirinci Taraf\u201d \u00c7erez &#8211; Bu Web Sitesi taraf\u0131ndan yerle\u015ftirilen bir \u00e7erezdir<\/li>\n<li>\u201c\u00dc\u00e7\u00fcnc\u00fc Taraf\u201d \u00c7erezi &#8211; Ba\u015fka bir alan taraf\u0131ndan yerle\u015ftirilen bir \u00e7erezdir (\u00f6rn. Bu Web Sitesi de\u011fil)<\/li>\n<li>\u201cKal\u0131c\u0131\u201d \u00c7erez &#8211; \u00c7erez bilgileri cihaz\u0131n\u0131zda kal\u0131c\u0131 olarak saklan\u0131r<\/li>\n<\/ul>\n<p>&nbsp;<\/p>\n<p>Ki\u015fisel bilgilerinizi toplamay\u0131 ama\u00e7lam\u0131yoruz ve toplad\u0131\u011f\u0131m\u0131zda da m\u00fcmk\u00fcn olan en k\u0131sa s\u00fcrede ki\u015fisel bilgilerinizi anonimle\u015ftirmeye \u00e7al\u0131\u015f\u0131yoruz.<\/p>\n<p>&nbsp;<\/p>\n<p><strong>\u00a0Bu web sitesinde \u00e7erez kullan\u0131m\u0131n\u0131 nas\u0131l y\u00f6netebilirim?<\/strong><\/p>\n<p>&nbsp;<\/p>\n<p>T\u00fcm taray\u0131c\u0131 teknolojileri, web taray\u0131c\u0131n\u0131z\u0131n \u00e7erez klas\u00f6r\u00fcndeki \u00e7erezleri y\u00f6netmenizi sa\u011flar. Bu, web sitemizi ziyaretinizi tamamlad\u0131ktan sonra \u00e7erezleri \u00e7erez klas\u00f6r\u00fcnden silebilece\u011finiz veya web sitemize g\u00f6z atmaya ba\u015flamadan \u00f6nce \u00e7erezlerin kullan\u0131m\u0131na ili\u015fkin tercihlerinizi ayarlayabilece\u011finiz anlam\u0131na gelir. Yukar\u0131da belirtildi\u011fi gibi, \u00e7erezlerin silinmesinin veya reddedilmesinin web sitemizdeki kullan\u0131c\u0131 deneyiminizi olumsuz etkileyebilece\u011fini unutmay\u0131n\u0131z.<\/p>\n<p>&nbsp;<\/p>\n<p>Daha fazla bilgi i\u00e7in:<\/p>\n<ul>\n<li><a href=\"https:\/\/www.google.com\/intl\/en\/chrome\/privacy\/\">Google<\/a><\/li>\n<li><a href=\"https:\/\/support.mozilla.org\/en-US\/kb\/cookies-information-websites-store-on-your-computer?redirectlocale=en-US&amp;redirectslug=Cookies#w_cookie-settings\">Firefox<\/a><\/li>\n<li><a href=\"https:\/\/support.microsoft.com\/en-us\/help\/17442\/windows-internet-explorer-delete-manage-cookies\">Windows<\/a><\/li>\n<li><a href=\"https:\/\/www.apple.com\/safari\/#security\">Safari<\/a><\/li>\n<\/ul>\n<p>&nbsp;<\/p>\n<div id=\"matomo-opt-out\"><\/div>\n<p><script src=\"https:\/\/analytics.youronlinechoices.com\/index.php?module=CoreAdminHome&#038;action=optOutJS&#038;divId=matomo-opt-out&#038;language=tr&#038;showIntro=1\"><\/script><\/p>\n<p>&nbsp;<\/p>\n<p><strong>Bize Ula\u015f\u0131n<\/strong><\/p>\n<p>&nbsp;<\/p>\n<p>Ki\u015fisel bilgilerinizi nas\u0131l i\u015fledi\u011fimizle ilgili ba\u015fka sorular\u0131n\u0131z varsa veya bu politika kapsam\u0131ndaki haklar\u0131n\u0131zdan herhangi birini kullanmak isterseniz, l\u00fctfen a\u015fa\u011f\u0131daki adrese ba\u015fvurun:<\/p>\n<p>&nbsp;<\/p>\n<p>EDAA | Rue des Deux Eglises 26 | 1000 | Brussels | Belgium<\/p>\n<p>privacy [at] edaa.eu<\/p>\n<p>&nbsp;<\/p>\n","protected":false},"excerpt":{"rendered":"<p>Gizlili\u011finizin Korunmas\u0131 &nbsp; Bu web sitesi dijital reklam end\u00fcstrisi taraf\u0131ndan desteklenmekte ve Avrupa \u0130nteraktif Dijital Reklam Birli\u011fi (EDAA) taraf\u0131ndan y\u00f6netilmektedir. Ge\u00e7mi\u015fte, \u015fu anda ve gelecekte etkile\u015fim kurdu\u011fumuz t\u00fcm bireylerin gizlili\u011fine sayg\u0131 duymaya ve bunlar\u0131 korumaya kararl\u0131y\u0131z. Bu taahh\u00fcd\u00fcn bir par\u00e7as\u0131 olarak, sizinle ilgili elimizde bulunan ki\u015fisel bilgiler ile bu web sitesini ziyaret etti\u011finizde toplayabilece\u011fimiz ve [&hellip;]<\/p>\n","protected":false},"author":2,"featured_media":0,"parent":0,"menu_order":12,"comment_status":"closed","ping_status":"closed","template":"","meta":[],"_links":{"self":[{"href":"https:\/\/www.youronlinechoices.com\/tr\/wp-json\/wp\/v2\/pages\/27"}],"collection":[{"href":"https:\/\/www.youronlinechoices.com\/tr\/wp-json\/wp\/v2\/pages"}],"about":[{"href":"https:\/\/www.youronlinechoices.com\/tr\/wp-json\/wp\/v2\/types\/page"}],"author":[{"embeddable":true,"href":"https:\/\/www.youronlinechoices.com\/tr\/wp-json\/wp\/v2\/users\/2"}],"replies":[{"embeddable":true,"href":"https:\/\/www.youronlinechoices.com\/tr\/wp-json\/wp\/v2\/comments?post=27"}],"version-history":[{"count":30,"href":"https:\/\/www.youronlinechoices.com\/tr\/wp-json\/wp\/v2\/pages\/27\/revisions"}],"predecessor-version":[{"id":829,"href":"https:\/\/www.youronlinechoices.com\/tr\/wp-json\/wp\/v2\/pages\/27\/revisions\/829"}],"wp:attachment":[{"href":"https:\/\/www.youronlinechoices.com\/tr\/wp-json\/wp\/v2\/media?parent=27"}],"curies":[{"name":"wp","href":"https:\/\/api.w.org\/{rel}","templated":true}]}}