{"id":25,"date":"2010-11-30T12:27:18","date_gmt":"2010-11-30T12:27:18","guid":{"rendered":"https:\/\/www.youronlinechoices.com\/uk"},"modified":"2019-07-12T18:51:30","modified_gmt":"2019-07-12T18:51:30","slug":"faydali-videolar","status":"publish","type":"page","link":"https:\/\/www.youronlinechoices.com\/tr\/faydali-videolar","title":{"rendered":"Faydal\u0131 videolar"},"content":{"rendered":"<h3>Online davran\u0131\u015fsal reklamc\u0131l\u0131\u011f\u0131n i\u015fleyi\u015fi<\/h3>\n<p><!-- br--><br \/>\n<!-- br--><\/p>\n<div style=\"width:560px\">\n<video width=\"560\" height=\"400\" controls><source src=\"https:\/\/www.youronlinechoices.com\/tr\/wp-content\/uploads\/2014\/11\/Turkish_How_online_behavioural_advertising_works.mp4\" type=\"video\/mp4\">Your browser does not support the video tag.<\/video>\n<\/div>\n<p><!-- br--><br \/>\n<!-- br--><\/p>\n<h3>Online reklamc\u0131l\u0131\u011f\u0131n evrimi<\/h3>\n<p><!-- br--><br \/>\n<iframe loading=\"lazy\" src=\"https:\/\/www.youtube.com\/embed\/1C0n_9DOlwE?rel=0\" frameborder=\"0\" width=\"560\" height=\"315\"><\/iframe><br \/>\n<!-- br--><br \/>\n<!-- br--><\/p>\n<h3>Kamu sayfalar\u0131n\u0131n \u00e7erezleri kullan\u0131m bi\u00e7imi<\/h3>\n<p><!-- br--><br \/>\n<iframe loading=\"lazy\" src=\"https:\/\/www.youtube.com\/embed\/gqDZuS0xZjE?rel=0\" frameborder=\"0\" width=\"560\" height=\"315\"><\/iframe><br \/>\n<!-- br--><br \/>\n<!-- br--><\/p>\n<h3>Ki\u015fisel gizlilik ve ilgi alanlar\u0131na dayal\u0131 reklamc\u0131l\u0131k<\/h3>\n<p><!-- br--><br \/>\n<iframe loading=\"lazy\" src=\"https:\/\/www.youtube.com\/embed\/zoEXifWBtAs\" frameborder=\"0\" width=\"560\" height=\"315\"><\/iframe><br \/>\n<!-- br--><br \/>\n<!-- br--><\/p>\n<h3>Hedef kitleye odakl\u0131 reklamc\u0131l\u0131k k\u0131lavuzu<\/h3>\n<p><!-- br--><br \/>\n<iframe loading=\"lazy\" src=\"https:\/\/www.youtube.com\/embed\/BQf4u-1Rlcg?rel=0\" frameborder=\"0\" width=\"560\" height=\"315\"><\/iframe><br \/>\n<!-- br--><br \/>\n<!-- br--><\/p>\n","protected":false},"excerpt":{"rendered":"<p>Online davran\u0131\u015fsal reklamc\u0131l\u0131\u011f\u0131n i\u015fleyi\u015fi Your browser does not support the video tag. Online reklamc\u0131l\u0131\u011f\u0131n evrimi Kamu sayfalar\u0131n\u0131n \u00e7erezleri kullan\u0131m bi\u00e7imi Ki\u015fisel gizlilik ve ilgi alanlar\u0131na dayal\u0131 reklamc\u0131l\u0131k Hedef kitleye odakl\u0131 reklamc\u0131l\u0131k k\u0131lavuzu<\/p>\n","protected":false},"author":2,"featured_media":0,"parent":0,"menu_order":7,"comment_status":"closed","ping_status":"closed","template":"","meta":[],"_links":{"self":[{"href":"https:\/\/www.youronlinechoices.com\/tr\/wp-json\/wp\/v2\/pages\/25"}],"collection":[{"href":"https:\/\/www.youronlinechoices.com\/tr\/wp-json\/wp\/v2\/pages"}],"about":[{"href":"https:\/\/www.youronlinechoices.com\/tr\/wp-json\/wp\/v2\/types\/page"}],"author":[{"embeddable":true,"href":"https:\/\/www.youronlinechoices.com\/tr\/wp-json\/wp\/v2\/users\/2"}],"replies":[{"embeddable":true,"href":"https:\/\/www.youronlinechoices.com\/tr\/wp-json\/wp\/v2\/comments?post=25"}],"version-history":[{"count":27,"href":"https:\/\/www.youronlinechoices.com\/tr\/wp-json\/wp\/v2\/pages\/25\/revisions"}],"predecessor-version":[{"id":789,"href":"https:\/\/www.youronlinechoices.com\/tr\/wp-json\/wp\/v2\/pages\/25\/revisions\/789"}],"wp:attachment":[{"href":"https:\/\/www.youronlinechoices.com\/tr\/wp-json\/wp\/v2\/media?parent=25"}],"curies":[{"name":"wp","href":"https:\/\/api.w.org\/{rel}","templated":true}]}}