{"id":23,"date":"2010-11-30T12:26:08","date_gmt":"2010-11-30T12:26:08","guid":{"rendered":"https:\/\/www.youronlinechoices.com\/uk"},"modified":"2019-07-12T18:49:36","modified_gmt":"2019-07-12T18:49:36","slug":"destek-sayfasi","status":"publish","type":"page","link":"https:\/\/www.youronlinechoices.com\/tr\/destek-sayfasi","title":{"rendered":"Destek sayfas\u0131"},"content":{"rendered":"<h4>\u0130ptal i\u015flemi ile ilgili bilmeniz gereken baz\u0131 hususlar a\u015fa\u011f\u0131dad\u0131r&#8230;<\/h4>\n<p>&nbsp;<\/p>\n<p>-\u00d6nemle hat\u0131rlatmak isteriz ki, iptal sayfas\u0131n\u0131 kullanarak davran\u0131\u015fsal reklamlar\u0131\u00a0<a href=\"https:\/\/www.youronlinechoices.com\/tr\/reklam-tercihleriniz\" title=\"Reklam tercihleriniz\">iptal<\/a>\u00a0etmeniz, bundan b\u00f6yle interneti kullan\u0131rken hi\u00e7 reklam almayaca\u011f\u0131n\u0131z anlam\u0131na gelmez. Sadece, ziyaret etti\u011finiz web sitelerinde g\u00f6rd\u00fc\u011f\u00fcn\u00fcz reklamlar ilgi alanlar\u0131n\u0131za g\u00f6re uyarlanmaz ve sizinle daha az alakal\u0131 olur.<\/p>\n<p>&nbsp;<\/p>\n<p>&#8211; Belirli bir davran\u0131\u015fsal reklam sa\u011flay\u0131c\u0131s\u0131n\u0131 iptal etmeyi tercih etti\u011finiz takdirde, bu tercih, sadece s\u00f6z konusu \u015firketin veri toplama faaliyeti ve kullanmakta oldu\u011funuz web taray\u0131c\u0131s\u0131 i\u00e7in ge\u00e7erli olacakt\u0131r. Benzer \u015fekilde, listede yer alan t\u00fcm sa\u011flay\u0131c\u0131lar\u0131 iptal etmeyi tercih etti\u011finiz takdirde, bu tercih sadece kullanmakta oldu\u011funuz\u00a0<a href=\"https:\/\/www.youronlinechoices.com\/tr\/sozluk\" title=\"S\u00f6zl\u00fck\">web taray\u0131c\u0131s\u0131<\/a>\u00a0i\u00e7in ge\u00e7erli olacakt\u0131r.\u00a0Ayn\u0131 ve\/veya farkl\u0131 bilgisayar veya cihazlarda kulland\u0131\u011f\u0131n\u0131z farkl\u0131 her web taray\u0131c\u0131s\u0131 i\u00e7in ayn\u0131 i\u015flemi tekrarlaman\u0131z gerekir. Evde ailenin ortak kullan\u0131m\u0131nda olan bir bilgisayarda ayr\u0131 kullan\u0131c\u0131 hesaplar\u0131 varsa, tercihlerinizi her hesap i\u00e7in \u00f6zel olarak ayarlayabilirsiniz.\u00a0<a href=\"https:\/\/www.youronlinechoices.com\/tr\/download-guide\" title=\"ODR K\u0131lavuzunu indirin\">5 \u00f6nemli tavsiyemize bak\u0131n\u0131z<\/a>.<\/p>\n<p>&nbsp;<\/p>\n<p>&#8211; Davran\u0131\u015fsal reklamlar\u0131 iptal etmeniz ve sonradan ilgi alanlar\u0131n\u0131za uygun reklamlar\u0131 almay\u0131 tercih etmeniz durumunda,\u00a0<a href=\"https:\/\/www.youronlinechoices.com\/tr\/reklam-tercihleriniz\" title=\"Reklam tercihleriniz\">iptal sayfam\u0131zda yer<\/a>\u00a0alan ayn\u0131 formu kullanarak reklamlar\u0131 yeniden etkinle\u015ftirebilirsiniz. Alternatif olarak, web taray\u0131c\u0131n\u0131zdaki \u00e7erezleri de silebilirsiniz.\u00a0<a href=\"https:\/\/www.youronlinechoices.com\/tr\/bes-onemli-tavsiye\" title=\"Be\u015f \u00f6nemli tavsiye\">Bunun nas\u0131l yap\u0131laca\u011f\u0131 g\u00f6rmek i\u00e7in be\u015f \u00f6nemli tavsiyemize g\u00f6z at\u0131n\u0131z<\/a>.<\/p>\n<p>&nbsp;<\/p>\n<p>&#8211; \u0130ptal sayfas\u0131n\u0131 kullanma konusunda belirli veya s\u00fcrekli devam eden sorunlar ya\u015faman\u0131z durumunda, l\u00fctfen a\u015fa\u011f\u0131ya bak\u0131n\u0131z.<\/p>\n<p>&nbsp;<\/p>\n<h4>Bu site \u00fczerindeki iptal arac\u0131n\u0131 kullan\u0131rken sorun mu ya\u015f\u0131yorsunuz?<\/h4>\n<p>&nbsp;<\/p>\n<p>&#8211; \u0130ptal sayfas\u0131n\u0131n performans\u0131n\u0131 etkileyebilecek kontrol\u00fcn\u00fcz d\u0131\u015f\u0131nda \u00e7e\u015fitli fakt\u00f6rler mevcuttur. Bunlar; internet ba\u011flant\u0131n\u0131z, kurumsal a\u011f g\u00fcvenli\u011finiz veya web taray\u0131c\u0131s\u0131 ayarlar\u0131n\u0131z ile ilgili sorunlar\u0131 i\u00e7ermektedir.<\/p>\n<p>&nbsp;<\/p>\n<p>&#8211; Bu web sitesinde verdi\u011fimiz linkleri kullanarak iptal i\u015flemi yaparken sorunlar ya\u015fad\u0131\u011f\u0131n\u0131z takdirde, \u00f6ncelikle\u00a0<a href=\"https:\/\/www.youronlinechoices.com\/tr\/reklam-tercihleriniz\" title=\"Reklam tercihleriniz\">tekrar denemenizi<\/a>\u00a0\u00f6neririz.<\/p>\n<p>&nbsp;<\/p>\n<h4>Sorun devam ediyorsa, l\u00fctfen a\u015fa\u011f\u0131ya bak\u0131n\u0131z.<\/h4>\n<p>&nbsp;<\/p>\n<p>&#8211; Sa\u011flanan \u00e7e\u015fitli iptal ara\u00e7lar\u0131 \u00e7erezlere dayal\u0131 olarak \u00e7al\u0131\u015fmaktad\u0131r. Bu nedenle, iptal i\u015fleminin ba\u015far\u0131l\u0131 bir \u015fekilde ger\u00e7ekle\u015fmesi i\u00e7in web taray\u0131c\u0131n\u0131z\u0131 \u00fc\u00e7\u00fcnc\u00fc taraf \u00e7erezlerini kabul edecek \u015fekilde ayarlamal\u0131s\u0131n\u0131z. Kullanmakta oldu\u011funuz web taray\u0131c\u0131s\u0131n\u0131n ki\u015fisel gizlilik ayarlar\u0131n\u0131n yap\u0131lmas\u0131 konusunda daha fazla bilgi almak i\u00e7in\u00a0<a href=\"https:\/\/www.youronlinechoices.com\/tr\/bes-onemli-tavsiye\" title=\"Be\u015f \u00f6nemli tavsiye\">be\u015f \u00f6nemli tavsiye<\/a>\u00a0sayfam\u0131z\u0131 ziyaret ediniz.<\/p>\n<p>&nbsp;<\/p>\n<p>&#8211; Daha fazla bilgi ve destek i\u00e7in, kullanmakta oldu\u011funuz web taray\u0131c\u0131s\u0131n\u0131n destek sayfas\u0131n\u0131 da ziyaret edebilirsiniz: <a href=\"http:\/\/support.microsoft.com\/kb\/283185\">Internet Explorer<\/a>, <a href=\"http:\/\/support.mozilla.com\/en-US\/kb\/Options+window+-+Privacy+panel\">Firefox<\/a>, <a href=\"http:\/\/docs.info.apple.com\/article.html?path=Safari\/3.0\/en\/9277.html\">Safari<\/a> ve <a href=\"http:\/\/www.google.com\/support\/chrome\/bin\/answer.py?hl=en&amp;answer=95647\">Chrome<\/a><\/p>\n<p>&nbsp;<\/p>\n<p>&#8211; Sorun devam etti\u011fi takdirde, <a href=\"https:\/\/www.youronlinechoices.com\/tr\/wp-content\/uploads\/2014\/09\/YOC-Troubleshooting-Checklist_TR.pdf\">sorun giderme kontrol listemizi indirebilir<\/a> veya <a href=\"https:\/\/www.youronlinechoices.com\/tr\/feedback\" title=\"Feedback\">bu formu kullanarak<\/a> bizimle irtibata ge\u00e7ebilirsiniz.<\/p>\n<p>&nbsp;<\/p>\n","protected":false},"excerpt":{"rendered":"<p>\u0130ptal i\u015flemi ile ilgili bilmeniz gereken baz\u0131 hususlar a\u015fa\u011f\u0131dad\u0131r&#8230; &nbsp; -\u00d6nemle hat\u0131rlatmak isteriz ki, iptal sayfas\u0131n\u0131 kullanarak davran\u0131\u015fsal reklamlar\u0131\u00a0iptal\u00a0etmeniz, bundan b\u00f6yle interneti kullan\u0131rken hi\u00e7 reklam almayaca\u011f\u0131n\u0131z anlam\u0131na gelmez. Sadece, ziyaret etti\u011finiz web sitelerinde g\u00f6rd\u00fc\u011f\u00fcn\u00fcz reklamlar ilgi alanlar\u0131n\u0131za g\u00f6re uyarlanmaz ve sizinle daha az alakal\u0131 olur. &nbsp; &#8211; Belirli bir davran\u0131\u015fsal reklam sa\u011flay\u0131c\u0131s\u0131n\u0131 iptal etmeyi tercih [&hellip;]<\/p>\n","protected":false},"author":2,"featured_media":0,"parent":0,"menu_order":11,"comment_status":"closed","ping_status":"closed","template":"","meta":[],"_links":{"self":[{"href":"https:\/\/www.youronlinechoices.com\/tr\/wp-json\/wp\/v2\/pages\/23"}],"collection":[{"href":"https:\/\/www.youronlinechoices.com\/tr\/wp-json\/wp\/v2\/pages"}],"about":[{"href":"https:\/\/www.youronlinechoices.com\/tr\/wp-json\/wp\/v2\/types\/page"}],"author":[{"embeddable":true,"href":"https:\/\/www.youronlinechoices.com\/tr\/wp-json\/wp\/v2\/users\/2"}],"replies":[{"embeddable":true,"href":"https:\/\/www.youronlinechoices.com\/tr\/wp-json\/wp\/v2\/comments?post=23"}],"version-history":[{"count":39,"href":"https:\/\/www.youronlinechoices.com\/tr\/wp-json\/wp\/v2\/pages\/23\/revisions"}],"predecessor-version":[{"id":788,"href":"https:\/\/www.youronlinechoices.com\/tr\/wp-json\/wp\/v2\/pages\/23\/revisions\/788"}],"wp:attachment":[{"href":"https:\/\/www.youronlinechoices.com\/tr\/wp-json\/wp\/v2\/media?parent=23"}],"curies":[{"name":"wp","href":"https:\/\/api.w.org\/{rel}","templated":true}]}}