{"id":21,"date":"2010-11-30T12:20:59","date_gmt":"2010-11-30T12:20:59","guid":{"rendered":"https:\/\/www.youronlinechoices.com\/uk"},"modified":"2014-10-01T07:49:50","modified_gmt":"2014-10-01T07:49:50","slug":"download-guide","status":"publish","type":"page","link":"https:\/\/www.youronlinechoices.com\/tr\/download-guide","title":{"rendered":"ODR K\u0131lavuzunu indirin"},"content":{"rendered":"<p>Bu web sitesini okumak i\u00e7in zaman\u0131n\u0131z yoksa, l\u00fctfen online davran\u0131\u015fsal reklamc\u0131l\u0131k ile ilgili bu k\u0131sa ve basit k\u0131lavuzu indiriniz.<\/p>\n<p>&nbsp;<\/p>\n<p style=\"text-align: center;\"><a href=\"https:\/\/www.youronlinechoices.com\/tr\/wp-content\/uploads\/2014\/09\/Consumer-guide-to-online-behavioural-advertising-tr.pdf\"><img loading=\"lazy\" class=\"size-full wp-image-843 aligncenter\" title=\"download consumer guide\" src=\"https:\/\/www.youronlinechoices.com\/tr\/wp-content\/uploads\/2014\/10\/ODR-K\u0131lavuzunu-indirin.jpg\" alt=\"ODR K\u0131lavuzunu indirin\" width=\"250\" height=\"247\" \/><\/a><\/p>\n","protected":false},"excerpt":{"rendered":"<p>Bu web sitesini okumak i\u00e7in zaman\u0131n\u0131z yoksa, l\u00fctfen online davran\u0131\u015fsal reklamc\u0131l\u0131k ile ilgili bu k\u0131sa ve basit k\u0131lavuzu indiriniz. &nbsp;<\/p>\n","protected":false},"author":2,"featured_media":0,"parent":0,"menu_order":6,"comment_status":"closed","ping_status":"closed","template":"","meta":[],"_links":{"self":[{"href":"https:\/\/www.youronlinechoices.com\/tr\/wp-json\/wp\/v2\/pages\/21"}],"collection":[{"href":"https:\/\/www.youronlinechoices.com\/tr\/wp-json\/wp\/v2\/pages"}],"about":[{"href":"https:\/\/www.youronlinechoices.com\/tr\/wp-json\/wp\/v2\/types\/page"}],"author":[{"embeddable":true,"href":"https:\/\/www.youronlinechoices.com\/tr\/wp-json\/wp\/v2\/users\/2"}],"replies":[{"embeddable":true,"href":"https:\/\/www.youronlinechoices.com\/tr\/wp-json\/wp\/v2\/comments?post=21"}],"version-history":[{"count":21,"href":"https:\/\/www.youronlinechoices.com\/tr\/wp-json\/wp\/v2\/pages\/21\/revisions"}],"predecessor-version":[{"id":766,"href":"https:\/\/www.youronlinechoices.com\/tr\/wp-json\/wp\/v2\/pages\/21\/revisions\/766"}],"wp:attachment":[{"href":"https:\/\/www.youronlinechoices.com\/tr\/wp-json\/wp\/v2\/media?parent=21"}],"curies":[{"name":"wp","href":"https:\/\/api.w.org\/{rel}","templated":true}]}}