{"id":2,"date":"2010-06-18T20:51:35","date_gmt":"2010-06-18T20:51:35","guid":{"rendered":"https:\/\/www.youronlinechoices.com\/uk\/?page_id=2"},"modified":"2014-10-01T06:34:15","modified_gmt":"2014-10-01T06:34:15","slug":"about","status":"publish","type":"page","link":"https:\/\/www.youronlinechoices.com\/tr\/","title":{"rendered":"Ana sayfa"},"content":{"rendered":"<div class=\"tacenter mt10\">\n<div class=\"iblock cell fleft redbg\">\n\t\t\t\t\t\t\t\t\t<a href=\"konu-hakkinda\" title=\"Konu Hakk\u0131nda\"><span class=\"icon about\"><\/span><\/a><br \/>\n\t\t\t\t\t\t\t\t\t<label><a href=\"konu-hakkinda\">Konu hakk\u0131nda<\/a><\/label>\n\t\t\t\t\t\t\t\t<\/div>\n<div class=\"iblock cell redbg\">\n\t\t\t\t\t\t\t\t\t<a href=\"reklam-tercihleriniz\" title=\"Reklam tercihleriniz\"><span class=\"icon adchoices\"><\/span><\/a><br \/>\n\t\t\t\t\t\t\t\t\t<label><a href=\"reklam-tercihleriniz\">Reklam tercihleriniz<\/a><\/label>\n\t\t\t\t\t\t\t\t<\/div>\n<div class=\"iblock cell fright redbg\">\n\t\t\t\t\t\t\t\t\t<a href=\"bes-onemli-tavsiye\" title=\"Be\u015f \u00f6nemli tavsiye\"><span class=\"icon toptips\"><\/span><\/a><br \/>\n\t\t\t\t\t\t\t\t\t<label><a href=\"bes-onemli-tavsiye\">Be\u015f \u00f6nemli tavsiye<\/a><\/label>\n\t\t\t\t\t\t\t\t<\/div>\n<\/p><\/div>\n<div class=\"tacenter mt10\">\n<div class=\"iblock cell fleft\">\n\t\t\t\t\t\t\t\t\t<a href=\"sss\" title=\"\"><span class=\"icon faq\"><\/span><\/a><br \/>\n\t\t\t\t\t\t\t\t\t<label><a href=\"sss\">SSS<\/a><\/label>\n\t\t\t\t\t\t\t\t<\/div>\n<div class=\"iblock cell\">\n\t<a href=\"sozluk\" title=\"S\u00f6zl\u00fck\"><span class=\"icon jargon\"><\/span><\/a><br \/>\n\t\t\t\t\t\t\t\t\t<label><a href=\"sozluk\">S\u00f6zl\u00fck<\/a><\/label><\/p><\/div>\n<div class=\"iblock cell fright\">\n\t\t\t\t\t\t\t\t\t<a href=\"download-guide\" title=\"\"><span class=\"icon downladguide\"><\/span><\/a><br \/>\n\t\t\t\t\t\t\t\t\t<label><a href=\"download-guide\">ODR K\u0131lavuzunu indirin<\/a><\/label>\n\t\t\t\t\t\t\t\t<\/div>\n<\/p><\/div>\n<div class=\"tacenter mt10\">\n<div class=\"iblock cell fleft\">\n\t\t\t\t\t\t\t\t\t<a href=\"faydali-videolar\" title=\"Faydal\u0131 videolar\"><span class=\"icon videos\"><\/span><\/a><br \/>\n\t\t\t\t\t\t\t\t\t<label><a href=\"faydali-videolar\">Faydal\u0131 videolar<\/a><\/label>\n\t\t\t\t\t\t\t\t<\/div>\n<div class=\"iblock cell\">\n\t\t\t\t\t\t\t\t<a href=\"destek-sayfasi\" title=\"Destek sayfas\u0131\"><span class=\"icon help\"><\/span><\/a><br \/>\n\t\t\t\t\t\t\t\t\t<label><a href=\"destek-sayfasi\">Destek sayfas\u0131<\/a><\/label>\n\t\t\t\t\t\t\t\t<\/div>\n<div class=\"iblock cell fright\">\n\t\t\t\t\t\t\t\t\t<a href=\"sikayette-bulunun\" title=\"\u015eikayette bulunun\"><span class=\"icon complaints\"><\/span><\/a><br \/>\n\t\t\t\t\t\t\t\t\t<label><a href=\"sikayette-bulunun\">\u015eikayette bulunun<\/a><\/label>\n\t\t\t\t\t\t\t\t<\/div>\n<\/p><\/div>\n","protected":false},"excerpt":{"rendered":"<p>Konu hakk\u0131nda Reklam tercihleriniz Be\u015f \u00f6nemli tavsiye SSS S\u00f6zl\u00fck ODR K\u0131lavuzunu indirin Faydal\u0131 videolar Destek sayfas\u0131 \u015eikayette bulunun<\/p>\n","protected":false},"author":2,"featured_media":0,"parent":0,"menu_order":1,"comment_status":"closed","ping_status":"open","template":"","meta":[],"_links":{"self":[{"href":"https:\/\/www.youronlinechoices.com\/tr\/wp-json\/wp\/v2\/pages\/2"}],"collection":[{"href":"https:\/\/www.youronlinechoices.com\/tr\/wp-json\/wp\/v2\/pages"}],"about":[{"href":"https:\/\/www.youronlinechoices.com\/tr\/wp-json\/wp\/v2\/types\/page"}],"author":[{"embeddable":true,"href":"https:\/\/www.youronlinechoices.com\/tr\/wp-json\/wp\/v2\/users\/2"}],"replies":[{"embeddable":true,"href":"https:\/\/www.youronlinechoices.com\/tr\/wp-json\/wp\/v2\/comments?post=2"}],"version-history":[{"count":83,"href":"https:\/\/www.youronlinechoices.com\/tr\/wp-json\/wp\/v2\/pages\/2\/revisions"}],"predecessor-version":[{"id":764,"href":"https:\/\/www.youronlinechoices.com\/tr\/wp-json\/wp\/v2\/pages\/2\/revisions\/764"}],"wp:attachment":[{"href":"https:\/\/www.youronlinechoices.com\/tr\/wp-json\/wp\/v2\/media?parent=2"}],"curies":[{"name":"wp","href":"https:\/\/api.w.org\/{rel}","templated":true}]}}