{"id":19,"date":"2010-11-30T12:19:14","date_gmt":"2010-11-30T12:19:14","guid":{"rendered":"https:\/\/www.youronlinechoices.com\/uk"},"modified":"2014-09-30T08:32:23","modified_gmt":"2014-09-30T08:32:23","slug":"sozluk","status":"publish","type":"page","link":"https:\/\/www.youronlinechoices.com\/tr\/sozluk","title":{"rendered":"S\u00f6zl\u00fck"},"content":{"rendered":"<p>Online Davran\u0131\u015fsal Reklamc\u0131l\u0131k ile ilgili t\u00fcm \u00f6nemli terimler burada a\u00e7\u0131klanmaktad\u0131r.<\/p>\n<p>&nbsp;<\/p>\n<h3>Reklamveren\/Marka<\/h3>\n<p>&nbsp;<\/p>\n<p>Bir \u00fcr\u00fcn veya hizmeti satan ve s\u00f6z konusu \u00fcr\u00fcn veya hizmeti tan\u0131tmak i\u00e7in reklam kampanyalar\u0131 y\u00fcr\u00fcten \u015firkettir. Bir reklamverenin genellikle kendi web sitesi de bulunmakta ve bu nedenle, s\u0131kl\u0131kla bir web yay\u0131nc\u0131s\u0131\/site sahibi olarak da an\u0131lmaktad\u0131r.<\/p>\n<p>&nbsp;<\/p>\n<h3>Reklam Ajans\u0131<\/h3>\n<p>&nbsp;<\/p>\n<p>Reklam kampanyalar\u0131n\u0131 ve bunlar\u0131 hayata ge\u00e7irmeye y\u00f6nelik planlar\u0131, kampanyan\u0131n en iyi sonu\u00e7lar\u0131 elde etmesi i\u00e7in hangi mecralarda y\u00fcr\u00fct\u00fclece\u011fi konusu da dahil olmak \u00fczere, olu\u015fturmak i\u00e7in reklamverenlerle birlikte \u00e7al\u0131\u015fan \u015firkettir.<\/p>\n<p>&nbsp;<\/p>\n<h3>Reklam Ajans\u0131 \u0130\u015flem Masas\u0131<\/h3>\n<p>&nbsp;<\/p>\n<p>Reklam ajans\u0131 b\u00fcnyesinde yer alan, kampanyalar\u0131 y\u00f6netmek i\u00e7in Talep Taraf\u0131 Platformlar\u0131 ile birlikte \u00e7al\u0131\u015fan ekiptir.<\/p>\n<p>&nbsp;<\/p>\n<h3>Reklam Borsas\u0131<\/h3>\n<p>&nbsp;<\/p>\n<p>Reklam al\u0131m ve sat\u0131m\u0131 i\u00e7in a\u00e7\u0131k bir pazar yeri olarak faaliyet g\u00f6steren \u015firkettir. Bu sistemle web yay\u0131nc\u0131lar\u0131, web siteleri \u00fczerindeki reklam alanlar\u0131n\u0131 menkul k\u0131ymetler borsas\u0131 gibi, ger\u00e7ek zamanl\u0131 olarak en y\u00fcksek teklifi veren tarafa satabilmektedir.<\/p>\n<p>&nbsp;<\/p>\n<h3>Reklam A\u011f\u0131<\/h3>\n<p>&nbsp;<\/p>\n<p>Web sitesi ve web yay\u0131nc\u0131lar\u0131n\u0131 ilgili reklamverenlerle bulu\u015fturan \u015firkettir.<\/p>\n<p>&nbsp;<\/p>\n<h3>Reklam Sunucusu<\/h3>\n<p>&nbsp;<\/p>\n<p>\u0130lgili bir web sayfas\u0131na reklam i\u00e7eri\u011fi ileten teknolojiye sahip \u015firkettir.<\/p>\n<p>&nbsp;<\/p>\n<h3>\u00c7erez<\/h3>\n<p>&nbsp;<\/p>\n<p>\u00c7erez, belirli web sitelerine eri\u015fti\u011finizde bilgisayar\u0131n\u0131za indirilen harf ve rakamlardan olu\u015fan k\u00fc\u00e7\u00fck bir dosyad\u0131r. \u00c7erezler, web sitesinin kullan\u0131c\u0131n\u0131n bilgisayar\u0131n\u0131 tan\u0131mas\u0131na imk\u00e2n verir. \u00c7erezler, i\u015flevlerini yerine getirmek i\u00e7in ki\u015fisel bilgilere ihtiya\u00e7 duymaz ve \u00e7o\u011fu durumda, internet kullan\u0131c\u0131lar\u0131n\u0131n \u015fahsi kimliklerini tespit etmez.<\/p>\n<p>&nbsp;<\/p>\n<h3>Ba\u011flamsal Reklamc\u0131l\u0131k<\/h3>\n<p>&nbsp;<\/p>\n<p>Bir web sitesini ziyaret eden belirli bir ki\u015fiyi hedef alan reklamc\u0131l\u0131kt\u0131r. Otomatikle\u015ftirilmi\u015f sistemler, sayfa i\u00e7eri\u011fine ba\u011fl\u0131 olarak reklamlar sunar. \u00d6rne\u011fin, film ele\u015ftirileri i\u00e7eren bir web sitesini g\u00f6r\u00fcnt\u00fclerken, kullan\u0131c\u0131ya yeni \u00e7\u0131kan filmler, son DVD\u2019ler veya film \u00fcr\u00fcnleri ile ilgili reklamlar g\u00f6sterilebilir.<\/p>\n<p>&nbsp;<\/p>\n<h3>Veri Toplay\u0131c\u0131<\/h3>\n<p>&nbsp;<\/p>\n<p>Farkl\u0131 kaynaklardan gelen bilgileri bir araya getirip ilgi alanlar\u0131na g\u00f6re \u2018segmentler\u2019 (\u00f6r; araba al\u0131c\u0131lar\u0131) olu\u015fturan \u015firkettir. Segmentler reklamlar\u0131n t\u00fcketiciyle daha alakal\u0131 hale getirilebilmesi i\u00e7in do\u011frudan reklamverenlere, reklam ajanslar\u0131na ya da reklam a\u011flar\u0131na sat\u0131l\u0131r veya bir reklam borsas\u0131 \u00fczerinden al\u0131m sat\u0131m i\u015flemi yap\u0131l\u0131r.<\/p>\n<p>&nbsp;<\/p>\n<h3>Talep Taraf\u0131 Platformu (TTP)<\/h3>\n<p>&nbsp;<\/p>\n<p>Reklamverenlerin web yay\u0131nc\u0131lar\u0131 ile ba\u011flant\u0131 kurmas\u0131n\u0131 sa\u011flayan \u015firkettir. TTP, reklamverenlerin ger\u00e7ek zamanl\u0131 olarak verdikleri teklifleri bir reklam borsas\u0131 \u00fczerinden y\u00f6netmelerine olanak verir.<\/p>\n<p>&nbsp;<\/p>\n<h3>Display Reklam<\/h3>\n<p>&nbsp;<\/p>\n<p>Kullan\u0131c\u0131lar bir web sitesini ziyaret etti\u011finde g\u00f6r\u00fcnt\u00fclenen reklamlard\u0131r. Bunlar genellikle \u2018banner\u2019 veya video format\u0131ndad\u0131r.<\/p>\n<p>&nbsp;<\/p>\n<h3>Online Davran\u0131\u015fsal Reklamc\u0131l\u0131k | \u0130lgi Alan\u0131na Dayal\u0131 Reklamc\u0131l\u0131k<\/h3>\n<p>&nbsp;<\/p>\n<p>\u00d6nceki web tarama aktivitelerinin toplanmas\u0131 ve ki\u015fiye ilgi alan\u0131na y\u00f6nelik reklamlar\u0131n iletilmesidir.<\/p>\n<p>&nbsp;<\/p>\n<h3>Sat\u0131\u015f Taraf\u0131 Platformu (STP)<\/h3>\n<p>&nbsp;<\/p>\n<p>Web yay\u0131nc\u0131lar\u0131 ile birlikte \u00e7al\u0131\u015farak, web sitesinin verimlili\u011finin ve dolay\u0131s\u0131yla reklam sat\u0131\u015f\u0131ndan elde edilen gelirin en \u00fcst d\u00fczeye \u00e7\u0131kar\u0131lmas\u0131na yard\u0131mc\u0131 olan \u015firkettir.<\/p>\n<p>&nbsp;<\/p>\n<h3>Hedefli Reklam<\/h3>\n<p>&nbsp;<\/p>\n<p>Demografik veriler veya davran\u0131\u015flar gibi \u00e7e\u015fitli unsurlara ba\u011fl\u0131 olarak \u00f6zellikle belirli kullan\u0131c\u0131 segmentlerini hedef alan reklamd\u0131r.<\/p>\n<p>&nbsp;<\/p>\n<h3>Web Yay\u0131nc\u0131s\u0131<\/h3>\n<p>&nbsp;<\/p>\n<p>\u00dcr\u00fcn ve hizmetlerini kendi web sitesi \u00fczerinden tan\u0131tan ve bu ba\u011flamda, bunlar\u0131n finansman\u0131na katk\u0131 sa\u011flamak i\u00e7in sitede reklam yeri sat\u0131\u015f\u0131 yapan \u015firkettir.<\/p>\n<p>&nbsp;<\/p>\n<h3>Web Taray\u0131c\u0131s\u0131<\/h3>\n<p>&nbsp;<\/p>\n<p>Bilgi kaynaklar\u0131n\u0131 alan ve toplayan, sonu\u00e7lar\u0131 d\u00fczenleyerek bilgisayar veya cep telefonu gibi bir cihaz \u00fczerinde g\u00f6steren yaz\u0131l\u0131md\u0131r. \u00d6rnek olarak Internet Explorer, Firefox, Chrome, Safari ve Opera verilebilir.<\/p>\n","protected":false},"excerpt":{"rendered":"<p>Online Davran\u0131\u015fsal Reklamc\u0131l\u0131k ile ilgili t\u00fcm \u00f6nemli terimler burada a\u00e7\u0131klanmaktad\u0131r. &nbsp; Reklamveren\/Marka &nbsp; Bir \u00fcr\u00fcn veya hizmeti satan ve s\u00f6z konusu \u00fcr\u00fcn veya hizmeti tan\u0131tmak i\u00e7in reklam kampanyalar\u0131 y\u00fcr\u00fcten \u015firkettir. Bir reklamverenin genellikle kendi web sitesi de bulunmakta ve bu nedenle, s\u0131kl\u0131kla bir web yay\u0131nc\u0131s\u0131\/site sahibi olarak da an\u0131lmaktad\u0131r. &nbsp; Reklam Ajans\u0131 &nbsp; Reklam kampanyalar\u0131n\u0131 [&hellip;]<\/p>\n","protected":false},"author":2,"featured_media":0,"parent":0,"menu_order":8,"comment_status":"closed","ping_status":"closed","template":"","meta":[],"_links":{"self":[{"href":"https:\/\/www.youronlinechoices.com\/tr\/wp-json\/wp\/v2\/pages\/19"}],"collection":[{"href":"https:\/\/www.youronlinechoices.com\/tr\/wp-json\/wp\/v2\/pages"}],"about":[{"href":"https:\/\/www.youronlinechoices.com\/tr\/wp-json\/wp\/v2\/types\/page"}],"author":[{"embeddable":true,"href":"https:\/\/www.youronlinechoices.com\/tr\/wp-json\/wp\/v2\/users\/2"}],"replies":[{"embeddable":true,"href":"https:\/\/www.youronlinechoices.com\/tr\/wp-json\/wp\/v2\/comments?post=19"}],"version-history":[{"count":29,"href":"https:\/\/www.youronlinechoices.com\/tr\/wp-json\/wp\/v2\/pages\/19\/revisions"}],"predecessor-version":[{"id":127,"href":"https:\/\/www.youronlinechoices.com\/tr\/wp-json\/wp\/v2\/pages\/19\/revisions\/127"}],"wp:attachment":[{"href":"https:\/\/www.youronlinechoices.com\/tr\/wp-json\/wp\/v2\/media?parent=19"}],"curies":[{"name":"wp","href":"https:\/\/api.w.org\/{rel}","templated":true}]}}