{"id":184,"date":"2011-03-07T14:48:17","date_gmt":"2011-03-07T14:48:17","guid":{"rendered":"https:\/\/www.youronlinechoices.com\/uk\/?page_id=184"},"modified":"2015-01-20T12:32:24","modified_gmt":"2015-01-20T12:32:24","slug":"reklam-tercihleriniz","status":"publish","type":"page","link":"https:\/\/www.youronlinechoices.com\/tr\/reklam-tercihleriniz","title":{"rendered":"Reklam tercihleriniz"},"content":{"rendered":"<div class=\"mb10\">\n<p class=\"block mb10\">Davran\u0131\u015fsal reklam tercihlerinizi kontrol etmek i\u00e7in l\u00fctfen a\u015fa\u011f\u0131daki butonlar\u0131 kullan\u0131n. T\u00fcm \u015firketleri etkinle\u015ftirebilir veya devre d\u0131\u015f\u0131 b\u0131rakabilirsiniz veya tercihlerinizi her \u015firket i\u00e7in tek tek belirleyebilirsiniz.<\/p>\n<p>\u2018Geni\u015flet\u2019 butonuna t\u0131klayarak, \u015firketin kendisi ve kullanmakta oldu\u011funuz web taray\u0131c\u0131s\u0131 \u00fczerindeki davran\u0131\u015fsal reklam durumu hakk\u0131nda daha fazla bilgiye ula\u015fabilirsiniz. Herhangi bir sorun ya\u015fad\u0131\u011f\u0131n\u0131z takdirde, l\u00fctfen destek sayfam\u0131z\u0131 ziyaret edin ya da sorunuzu \/ geribildiriminizi a\u015fa\u011f\u0131daki formu doldurarak k\u0131sa bir a\u00e7\u0131klamayla bize iletin, en k\u0131sa s\u00fcre i\u00e7erisinde yan\u0131tlanacakt\u0131r.<\/p>\n<\/div>\n<div class=\"liteyellowbg p10\">\n<div class=\"bbsolid bcdarkyellow pb10 mb10\">\n<div class=\"fleft pt10 pl5 pr10\"><img class=\"block attention\" src=\"https:\/\/www.youronlinechoices.com\/images\/pixel.png\" alt=\"\" \/><\/div>\n<div class=\"fleft w90\">\u00d6nemli Not: Ki\u015fisel bilgileriniz sadece sorunuza yan\u0131t vermek i\u00e7in kullan\u0131l\u0131r. Herhangi bir pazarlama veri taban\u0131na eklenmez veya herhangi bir pazarlama amac\u0131 i\u00e7in kullan\u0131lmaz. <a class=\"block mt5\" href=\"destek-sayfasi\">\u0130\u015flem hakk\u0131nda daha fazla bilgi edinin<\/a><\/div>\n<\/div>\n<div class=\"pl40 pt10 pb10\">\n<p><strong class=\"block mb5\">Durum sembolleri \u015femas\u0131:<\/strong><\/p>\n<div>\n<div class=\"block mb10\"><img class=\"iblock mr5 legend nocookie vamiddle\" src=\"https:\/\/www.youronlinechoices.com\/images\/pixel.png\" alt=\"\" \/><span class=\"iblock w530 vamiddle\">Bu \u015firket, bir \u00e7erez kurulumu yapmam\u0131\u015ft\u0131r, ancak gelecekte ilgi alanlar\u0131n\u0131za g\u00f6re uyarlanm\u0131\u015f reklamlar iletebilir.<\/span><\/div>\n<div class=\"block mb10\"><img class=\"iblock vamiddle mr5 legend on\" src=\"https:\/\/www.youronlinechoices.com\/images\/pixel.png\" alt=\"\" \/><span class=\"iblock w530 vamiddle\">Bu \u015firket, ilgi alanlar\u0131n\u0131za g\u00f6re uyarlanm\u0131\u015f reklamlar iletmektedir.<\/span><\/div>\n<div class=\"block mb10\"><img class=\"iblock vamiddle mr5 legend off\" src=\"https:\/\/www.youronlinechoices.com\/images\/pixel.png\" alt=\"\" \/><span class=\"iblock w530 vamiddle\">Bu \u015firket, ilgi alanlar\u0131n\u0131za g\u00f6re uyarlanm\u0131\u015f reklamlar iletmemektedir.<\/span><\/div>\n<div class=\"block\"><img class=\"iblock vamiddle mr5 legend noconnection\" src=\"https:\/\/www.youronlinechoices.com\/images\/pixel.png\" alt=\"\" \/><span class=\"iblock w530 vamiddle\">Bu \u015firket, teknik sorunlar ya\u015f\u0131yor ve durum bilginizi alamamaktay\u0131z.<\/span><\/div>\n<\/div>\n<\/div>\n<\/div>\n<div>\n<p><iframe loading=\"lazy\" width=\"100%\" height=\"1000\" id=\"myiframeid\" name=\"myiframeid\" src=\"https:\/\/www.youronlinechoices.com\/opt_out_interface_v2?lang=tr\" scrolling=\"no\" frameborder=\"0\" onload=\"\"><\/iframe><\/p>\n<div id=\"loadingLoad\">\n<div class=\"reloadButtons\"> aaa <\/div>\n<p><span id=\"loadingLoadText\">82<\/span>\n<\/div>\n<\/div>\n","protected":false},"excerpt":{"rendered":"<p>Davran\u0131\u015fsal reklam tercihlerinizi kontrol etmek i\u00e7in l\u00fctfen a\u015fa\u011f\u0131daki butonlar\u0131 kullan\u0131n. T\u00fcm \u015firketleri etkinle\u015ftirebilir veya devre d\u0131\u015f\u0131 b\u0131rakabilirsiniz veya tercihlerinizi her \u015firket i\u00e7in tek tek belirleyebilirsiniz. \u2018Geni\u015flet\u2019 butonuna t\u0131klayarak, \u015firketin kendisi ve kullanmakta oldu\u011funuz web taray\u0131c\u0131s\u0131 \u00fczerindeki davran\u0131\u015fsal reklam durumu hakk\u0131nda daha fazla bilgiye ula\u015fabilirsiniz. Herhangi bir sorun ya\u015fad\u0131\u011f\u0131n\u0131z takdirde, l\u00fctfen destek sayfam\u0131z\u0131 ziyaret edin ya [&hellip;]<\/p>\n","protected":false},"author":2,"featured_media":0,"parent":0,"menu_order":3,"comment_status":"closed","ping_status":"open","template":"","meta":[],"_links":{"self":[{"href":"https:\/\/www.youronlinechoices.com\/tr\/wp-json\/wp\/v2\/pages\/184"}],"collection":[{"href":"https:\/\/www.youronlinechoices.com\/tr\/wp-json\/wp\/v2\/pages"}],"about":[{"href":"https:\/\/www.youronlinechoices.com\/tr\/wp-json\/wp\/v2\/types\/page"}],"author":[{"embeddable":true,"href":"https:\/\/www.youronlinechoices.com\/tr\/wp-json\/wp\/v2\/users\/2"}],"replies":[{"embeddable":true,"href":"https:\/\/www.youronlinechoices.com\/tr\/wp-json\/wp\/v2\/comments?post=184"}],"version-history":[{"count":59,"href":"https:\/\/www.youronlinechoices.com\/tr\/wp-json\/wp\/v2\/pages\/184\/revisions"}],"predecessor-version":[{"id":778,"href":"https:\/\/www.youronlinechoices.com\/tr\/wp-json\/wp\/v2\/pages\/184\/revisions\/778"}],"wp:attachment":[{"href":"https:\/\/www.youronlinechoices.com\/tr\/wp-json\/wp\/v2\/media?parent=184"}],"curies":[{"name":"wp","href":"https:\/\/api.w.org\/{rel}","templated":true}]}}