{"id":14,"date":"2010-11-30T12:32:18","date_gmt":"2010-11-30T12:32:18","guid":{"rendered":"https:\/\/www.youronlinechoices.com\/uk"},"modified":"2014-09-30T08:34:21","modified_gmt":"2014-09-30T08:34:21","slug":"sikayette-bulunun","status":"publish","type":"page","link":"https:\/\/www.youronlinechoices.com\/tr\/sikayette-bulunun","title":{"rendered":"\u015eikayette bulunun"},"content":{"rendered":"<p>Davran\u0131\u015fa dayal\u0131 reklamc\u0131l\u0131k ile ilgili bir \u015fikayetiniz varsa, sorunun \u00e7\u00f6z\u00fclmesine yard\u0131mc\u0131 olmak i\u00e7in birka\u00e7 basit ad\u0131m atmal\u0131s\u0131n\u0131z.<\/p>\n<p>&nbsp;<\/p>\n<h3>Birinci Ad\u0131m<\/h3>\n<p>&nbsp;<\/p>\n<p>A\u015fa\u011f\u0131da, talep veya \u015fik\u00e2yetinizin \u00e7\u00f6z\u00fclmesine yard\u0131mc\u0131 olmak i\u00e7in izlenecek basit bir kontrol listesi yer al\u0131yor:<\/p>\n<p>&nbsp;<\/p>\n<p>1. \u015eikayetiniz, bir reklam\u0131n i\u00e7eri\u011fi ile mi ilgili? \u00d6yleyse, l\u00fctfen reklam i\u00e7eri\u011fi ile ilgili d\u00fczenleyici kurulu\u015fun sitesini ziyaret ediniz: <a title=\"ASA\" href=\"http:\/\/www.rok.org.tr\" target=\"_blank\">www.rok.org.tr<\/a><\/p>\n<p>2. Reklam finansal reklamlarla m\u0131 ilgili (\u00f6r; mortgage \u00fcr\u00fcnleri, genel sigorta veya tasarruflar\/banka hesaplar\u0131)? \u00d6yleyse, l\u00fctfen <a href=\"http:\/\/www.tuketici.gov.tr\">www.tuketici.gov.tr<\/a> sitesini ziyaret ediniz.<\/p>\n<p>3. Davran\u0131\u015fsal reklamlar\u0131 iptal etmek mi istiyorsunuz? \u00d6yleyse, l\u00fctfen\u00a0<a href=\"https:\/\/www.youronlinechoices.com\/tr\/reklam-tercihleriniz\" title=\"Reklam tercihleriniz\">iptal sayfam\u0131z\u0131<\/a>\u00a0ziyaret ediniz.<\/p>\n<p>4. Bu web sitesinde yer alan linkleri kullanarak davran\u0131\u015fsal reklamlar\u0131 iptal etme konusunda sorun mu ya\u015f\u0131yorsunuz? \u00d6yleyse, l\u00fctfen <a href=\"https:\/\/www.youronlinechoices.com\/tr\/destek-sayfasi\" title=\"Destek sayfas\u0131\">iptal i\u015flemi destek sayfam\u0131z\u0131<\/a> ziyaret ediniz.<\/p>\n<p>5. \u0130ptal i\u015flemini ger\u00e7ekle\u015ftirmi\u015f olman\u0131za ra\u011fmen halen davran\u0131\u015fsal reklamlar m\u0131 g\u00f6r\u00fcyorsunuz? \u00d6yleyse, l\u00fctfen\u00a0<a href=\"https:\/\/www.youronlinechoices.com\/tr\/sss\" title=\"SSS\">SSS sayfam\u0131z\u0131<\/a>\u00a0ziyaret ediniz.<\/p>\n<p>6. Web taray\u0131c\u0131n\u0131zdaki ki\u015fisel gizlilik ayarlar\u0131 hakk\u0131nda bir sorunuz mu var? \u00d6yleyse, l\u00fctfen <a href=\"https:\/\/www.youronlinechoices.com\/tr\/bes-onemli-tavsiye\" title=\"Be\u015f \u00f6nemli tavsiye\">be\u015f \u00f6nemli tavsiye sayfam\u0131z\u0131<\/a> ziyaret ediniz.<\/p>\n<p>7. Davran\u0131\u015fsal reklamc\u0131l\u0131k hakk\u0131nda bir soru veya kayg\u0131n\u0131z var ve daha fazla bilgi almak m\u0131 istiyorsunuz? \u00d6yleyse, l\u00fctfen <a href=\"https:\/\/www.youronlinechoices.com\/tr\/sss\" title=\"SSS\">SSS sayfam\u0131z\u0131<\/a> ziyaret ediniz.<\/p>\n<p>&nbsp;<\/p>\n<h3>\u0130kinci Ad\u0131m<\/h3>\n<p>&nbsp;<\/p>\n<p>Sorun ya\u015famaya devam etmeniz ve resmi bir \u015fik\u00e2yette bulunmak istemeniz durumunda, bunu <a href=\"http:\/\/www.rok.org.tr\/\">Reklam \u00d6zdenetim Kurulu<\/a> ile irtibata ge\u00e7erek yapabilirsiniz.<\/p>\n","protected":false},"excerpt":{"rendered":"<p>Davran\u0131\u015fa dayal\u0131 reklamc\u0131l\u0131k ile ilgili bir \u015fikayetiniz varsa, sorunun \u00e7\u00f6z\u00fclmesine yard\u0131mc\u0131 olmak i\u00e7in birka\u00e7 basit ad\u0131m atmal\u0131s\u0131n\u0131z. &nbsp; Birinci Ad\u0131m &nbsp; A\u015fa\u011f\u0131da, talep veya \u015fik\u00e2yetinizin \u00e7\u00f6z\u00fclmesine yard\u0131mc\u0131 olmak i\u00e7in izlenecek basit bir kontrol listesi yer al\u0131yor: &nbsp; 1. \u015eikayetiniz, bir reklam\u0131n i\u00e7eri\u011fi ile mi ilgili? \u00d6yleyse, l\u00fctfen reklam i\u00e7eri\u011fi ile ilgili d\u00fczenleyici kurulu\u015fun sitesini ziyaret [&hellip;]<\/p>\n","protected":false},"author":2,"featured_media":0,"parent":0,"menu_order":9,"comment_status":"closed","ping_status":"closed","template":"","meta":[],"_links":{"self":[{"href":"https:\/\/www.youronlinechoices.com\/tr\/wp-json\/wp\/v2\/pages\/14"}],"collection":[{"href":"https:\/\/www.youronlinechoices.com\/tr\/wp-json\/wp\/v2\/pages"}],"about":[{"href":"https:\/\/www.youronlinechoices.com\/tr\/wp-json\/wp\/v2\/types\/page"}],"author":[{"embeddable":true,"href":"https:\/\/www.youronlinechoices.com\/tr\/wp-json\/wp\/v2\/users\/2"}],"replies":[{"embeddable":true,"href":"https:\/\/www.youronlinechoices.com\/tr\/wp-json\/wp\/v2\/comments?post=14"}],"version-history":[{"count":44,"href":"https:\/\/www.youronlinechoices.com\/tr\/wp-json\/wp\/v2\/pages\/14\/revisions"}],"predecessor-version":[{"id":101,"href":"https:\/\/www.youronlinechoices.com\/tr\/wp-json\/wp\/v2\/pages\/14\/revisions\/101"}],"wp:attachment":[{"href":"https:\/\/www.youronlinechoices.com\/tr\/wp-json\/wp\/v2\/media?parent=14"}],"curies":[{"name":"wp","href":"https:\/\/api.w.org\/{rel}","templated":true}]}}