{"id":12,"date":"2010-11-30T11:58:27","date_gmt":"2010-11-30T11:58:27","guid":{"rendered":"https:\/\/www.youronlinechoices.com\/uk"},"modified":"2014-09-30T07:52:38","modified_gmt":"2014-09-30T07:52:38","slug":"bes-onemli-tavsiye","status":"publish","type":"page","link":"https:\/\/www.youronlinechoices.com\/tr\/bes-onemli-tavsiye","title":{"rendered":"Be\u015f \u00f6nemli tavsiye"},"content":{"rendered":"<p>\u0130nternet \u00fczerinde ki\u015fisel gizlili\u011finizi y\u00f6netmenize yard\u0131mc\u0131 olacak 5 \u00f6nemli tavsiye.<\/p>\n<p>&nbsp;<\/p>\n<h3>1. Panik yapmay\u0131n<\/h3>\n<p>&nbsp;<\/p>\n<p>Online davran\u0131\u015fsal reklamc\u0131l\u0131k g\u00fcvenli ve \u015feffaft\u0131r. Reklamverenler kim oldu\u011funuzu bilmez, \u00e7\u00fcnk\u00fc toplanan bilgiler kimli\u011finizi tespit etmek i\u00e7in kullan\u0131lamaz. Sistem sadece size ilgi alanlar\u0131n\u0131z\u0131 yans\u0131tan reklamlar iletmek i\u00e7in, internet tarama aktivitesini esas al\u0131r. Birka\u00e7 dakikan\u0131z\u0131 ay\u0131rarak, davran\u0131\u015fa dayal\u0131 reklamc\u0131l\u0131k hakk\u0131nda daha fazla bilgi edinin.<\/a><\/p>\n<p>&nbsp;<\/p>\n<h3>2. Ziyaret etti\u011finiz web sitelerinde ikonu aray\u0131n<\/h3>\n<p>&nbsp;<\/p>\n<p>Ziyaret etti\u011finiz web sitelerindeki reklamlar\u0131n \u00e7o\u011funda bir sembol veya ikon olacakt\u0131r (a\u015fa\u011f\u0131daki \u00f6rne\u011fe bak\u0131n\u0131z). Bu ikona t\u0131klayarak, toplanan ve kullan\u0131lan bilgilerin yan\u0131 s\u0131ra, bunlar\u0131n nas\u0131l y\u00f6netilip kontrol edilebilece\u011fine dair daha fazla ayr\u0131nt\u0131ya ula\u015fabilirsiniz.<\/p>\n<p>&nbsp;<\/p>\n<p style=\"text-align: center;\"><img loading=\"lazy\" class=\"aligncenter size-full wp-image-423\" title=\"icon\" src=\"https:\/\/www.youronlinechoices.com\/uk\/wp-content\/uploads\/2010\/11\/icon2.jpg\" alt=\"\" width=\"550\" height=\"200\" \/><\/p>\n<h3>3. Davran\u0131\u015fsal reklam isteyip istemedi\u011finize karar verin<\/h3>\n<p>&nbsp;<\/p>\n<p>Davran\u0131\u015fsal reklam sunan \u015firketler, bu reklamlar\u0131n nas\u0131l reddedilebilece\u011fine dair ayr\u0131nt\u0131l\u0131 bilgiyi size sa\u011flar. Davran\u0131\u015fa dayal\u0131 reklamlar\u0131 <a href=\"https:\/\/www.youronlinechoices.com\/tr\/reklam-tercihleriniz\" title=\"Reklam tercihleriniz\">iptal edebilirsiniz<\/a>.<\/a><\/p>\n<p>&nbsp;<\/p>\n<h3>4. Bilgisayar\u0131n\u0131z\u0131n ki\u015fisel gizlilik ayarlar\u0131n\u0131 biraz daha yak\u0131ndan tan\u0131y\u0131n<\/h3>\n<p>&nbsp;<\/p>\n<p>Bunlar, taray\u0131c\u0131n\u0131z\u0131n \u2018se\u00e7enekler\u2019 men\u00fcs\u00fcnde bulunabilir. \u00c7erezlerle ilgili se\u00e7im yaparken, bunlar\u0131n \u00f6rne\u011fin, site tercihlerini ve dil ayarlar\u0131n\u0131 hat\u0131rlayarak web sitelerini kullan\u0131c\u0131 dostu hale getirdiklerini unutmay\u0131n.<\/p>\n<p>&nbsp;<\/p>\n<p>A\u015fa\u011f\u0131daki \u00f6rnek, Internet Explorer\u2019da ki\u015fisel gizlilik ayarlar\u0131n\u0131n nas\u0131l y\u00f6netilebilece\u011finizi g\u00f6stermektedir.<br \/>\n&nbsp;<\/p>\n<p style=\"text-align: center;\"><img loading=\"lazy\" class=\"size-full wp-image-1137 aligncenter\" title=\"privacy at medium\" src=\"https:\/\/www.youronlinechoices.com\/tr\/wp-content\/uploads\/2014\/06\/internet-options.png\" alt=\"privacy at medium\" width=\"330\" height=\"428\" \/><\/p>\n<p style=\"text-align: center;\">\n<p style=\"text-align: center;\">\n<p style=\"text-align: center;\"><img loading=\"lazy\" class=\"size-full wp-image-128 aligncenter\" title=\"Advanced privacy settings\" src=\"https:\/\/www.youronlinechoices.com\/tr\/wp-content\/uploads\/2014\/06\/advanced-privacy-settings.png\" alt=\"Advanced privacy settings\" width=\"341\" height=\"272\" \/><\/p>\n<h3><\/h3>\n<p>&nbsp;<\/p>\n<h3>5. Ki\u015fisel gizlilik ayarlar\u0131n\u0131 ailenizin ihtiya\u00e7lar\u0131na uygun hale getirmeye \u00e7al\u0131\u015f\u0131n<\/h3>\n<p>&nbsp;<\/p>\n<p>Herkes, interneti farkl\u0131 \u015fekillerde ve farkl\u0131 ama\u00e7larla kullan\u0131r. Birden fazla ki\u015finin tek bilgisayar kulland\u0131\u011f\u0131 ailelerde, her kullan\u0131c\u0131n\u0131n kendi \u2018kullan\u0131c\u0131 hesab\u0131\u2019 olmas\u0131 \u00f6nerilir. Bu, ki\u015fisel gizlilik ayarlar\u0131n\u0131n (\u00f6rne\u011fin \u00e7erez ayarlar\u0131 veya devre d\u0131\u015f\u0131 b\u0131rakma tercihleri) her bir kullan\u0131c\u0131n\u0131n ihtiya\u00e7 ve taleplerine uygun hale getirilmesine imk\u00e2n verir.<\/p>\n<p>&nbsp;<\/p>\n<p style=\"text-align: center;\"><img loading=\"lazy\" class=\"size-full wp-image-129 aligncenter\" title=\"user accounts\" src=\"https:\/\/www.youronlinechoices.com\/tr\/wp-content\/uploads\/2014\/06\/user-accounts.png\" alt=\"user accounts\" width=\"364\" height=\"410\" \/><\/p>\n","protected":false},"excerpt":{"rendered":"<p>\u0130nternet \u00fczerinde ki\u015fisel gizlili\u011finizi y\u00f6netmenize yard\u0131mc\u0131 olacak 5 \u00f6nemli tavsiye. &nbsp; 1. Panik yapmay\u0131n &nbsp; Online davran\u0131\u015fsal reklamc\u0131l\u0131k g\u00fcvenli ve \u015feffaft\u0131r. Reklamverenler kim oldu\u011funuzu bilmez, \u00e7\u00fcnk\u00fc toplanan bilgiler kimli\u011finizi tespit etmek i\u00e7in kullan\u0131lamaz. Sistem sadece size ilgi alanlar\u0131n\u0131z\u0131 yans\u0131tan reklamlar iletmek i\u00e7in, internet tarama aktivitesini esas al\u0131r. Birka\u00e7 dakikan\u0131z\u0131 ay\u0131rarak, davran\u0131\u015fa dayal\u0131 reklamc\u0131l\u0131k hakk\u0131nda daha [&hellip;]<\/p>\n","protected":false},"author":2,"featured_media":0,"parent":0,"menu_order":4,"comment_status":"closed","ping_status":"closed","template":"","meta":[],"_links":{"self":[{"href":"https:\/\/www.youronlinechoices.com\/tr\/wp-json\/wp\/v2\/pages\/12"}],"collection":[{"href":"https:\/\/www.youronlinechoices.com\/tr\/wp-json\/wp\/v2\/pages"}],"about":[{"href":"https:\/\/www.youronlinechoices.com\/tr\/wp-json\/wp\/v2\/types\/page"}],"author":[{"embeddable":true,"href":"https:\/\/www.youronlinechoices.com\/tr\/wp-json\/wp\/v2\/users\/2"}],"replies":[{"embeddable":true,"href":"https:\/\/www.youronlinechoices.com\/tr\/wp-json\/wp\/v2\/comments?post=12"}],"version-history":[{"count":32,"href":"https:\/\/www.youronlinechoices.com\/tr\/wp-json\/wp\/v2\/pages\/12\/revisions"}],"predecessor-version":[{"id":747,"href":"https:\/\/www.youronlinechoices.com\/tr\/wp-json\/wp\/v2\/pages\/12\/revisions\/747"}],"wp:attachment":[{"href":"https:\/\/www.youronlinechoices.com\/tr\/wp-json\/wp\/v2\/media?parent=12"}],"curies":[{"name":"wp","href":"https:\/\/api.w.org\/{rel}","templated":true}]}}