{"id":7,"date":"2010-11-30T11:49:08","date_gmt":"2010-11-30T11:49:08","guid":{"rendered":"https:\/\/www.youronlinechoices.com\/sl\/?page_id=7"},"modified":"2013-06-12T09:54:17","modified_gmt":"2013-06-12T09:54:17","slug":"about-behavioural-advertising","status":"publish","type":"page","link":"https:\/\/www.youronlinechoices.com\/sl\/about-behavioural-advertising","title":{"rendered":"O vedenjskem ogla\u0161evanju"},"content":{"rendered":"<p>Zavedamo se, da nekateri ljudje vedo ve\u010d od drugih o pomenu fraze \u201c<a href=\"https:\/\/www.youronlinechoices.com\/sl\/jargon-buster\">vedenjsko ogla\u0161evanj<\/a><span style=\"text-decoration: underline;\">e<\/span>\u201d. To spleti\u0161\u010de smo ustvarili v upanju, da bo postala razumljiva \u0161irokemu krogu.<br \/>\n<!--br --><br \/>\nEnostavno re\u010deno pomeni vedenjsko ogla\u0161evanje prakso, ki temelji na brskanju po spletu in omogo\u010da, da blagovne znamke objavljajo za uporabnike spleta tak\u0161ne oglase, ki so v skladu z njihovimi interesi. Je varno, transparentno in zasnovano tako, da daje mo\u010d vam, kupcu.<br \/>\n<!--br --><br \/>\nSpleti\u0161\u010de vam bo podalo popolno razlago va\u0161ih spletnih izbir in omogo\u010dilo, da se <a href=\"https:\/\/www.youronlinechoices.com\/sl\/your-ad-choices\">odjavite iz vedenjskega ogla\u0161evanj<\/a><span style=\"text-decoration: underline;\">a<\/span>\u00a0.<br \/>\n<!--br --><br \/>\n<span style=\"color: #000000; font-size: medium;\"><strong><strong>Kaj pomeni spletno vedenjsko ogla\u0161evanje<\/strong>?<\/strong><\/span><br \/>\n<!--br --><br \/>\nSpletno vedenjsko ogla\u0161evanje (znano tudi kot ogla\u0161evanje na podlagi interesa) je na\u010din za ponudbo tak\u0161nih oglasov na spleti\u0161\u010dih, ki jih obiskujete, ki bodo bolj v skladu z va\u0161imi potrebami in interesi. Deljeni interesi so zdru\u017eeni na podlagi prej\u0161nje dejavnosti brskanja po spletu, nato pa se spletnim uporabnikom ponudijo tak\u0161ni oglasi, ki se ujemajo z njihovimi deljenimi interesi. Na ta na\u010din lahko postane ogla\u0161evanje ustreznej\u0161e in koristnej\u0161e.<br \/>\n<!--br --><br \/>\n<span style=\"color: #000000; font-size: medium;\"><strong><strong>Kako deluje<\/strong>?<\/strong><\/span><br \/>\n<!--br --><br \/>\nPredstavljajte si, da na\u010drtujete po\u010ditnice v Rimu. Obi\u0161\u010dete del spleti\u0161\u010da, ki govori o Rimu in si ogledate nekaj \u010dlankov o mo\u017enostih za namestitev in oglede. Ob naslednjem spletnem obisku boste med branjem \u010dlanka o svoji najljub\u0161i nogometni ekipi opazili oglas za ve\u010derjo 2-za-1 v Rimu ali ponudbo za popust pri najemu avtomobila v Rimu. Tak\u0161ne posebej prilagojene oglase boste prejeli zato, ker ste vi in drugi, vam podobni ljudje, pokazali zanimanje za Rim. Na ta na\u010din se lahko izbolj\u0161a va\u0161e do\u017eivljanje spleta, saj tehnologija, s katero razpolaga samo internet, omogo\u010da, da se zmanj\u0161a \u0161tevilo oglasov, ki vas ne zanimajo.<\/p>\n<p style=\"text-align: center;\"><img loading=\"lazy\" class=\"size-full wp-image-172 aligncenter\" title=\"what is behavioural advertising\" src=\"https:\/\/www.youronlinechoices.com\/wp-content\/uploads\/2009\/08\/what-is-behavioural-advertising.jpg\" alt=\"what is behavioural advertising\" width=\"397\" height=\"494\" \/><\/p>\n<p>Tak\u0161na oblika ciljnega ogla\u0161evanja temelji na pretekli dejavnosti brskanja po spletu, zato se na splo\u0161no imenuje spletno vedenjsko ogla\u0161evanje. Ker temelji na pretekli dejavnosti brskanja, se vedenjsko ogla\u0161evanje razlikuje od drugih oblik spletnega ogla\u0161evanje, na primer kontekstualnega ogla\u0161evanja.\u00a0<a href=\"https:\/\/www.youronlinechoices.com\/sl\/jargon-buster\">Kontekstualno o<\/a><span style=\"text-decoration: underline;\">gla\u0161evanje<\/span>\u00a0temelji na spleti\u0161\u010du, ki si ga ogledujete v dolo\u010denem trenutku.<br \/>\n<!--br --><br \/>\n<span style=\"color: #000000; font-size: medium;\"><strong><strong>Kako je za\u0161\u010ditena moja zasebnost<\/strong>?<\/strong><\/span><br \/>\n<!--br --><br \/>\nVsi ponudniki vedenjskega ogla\u0161evanja morajo poslovati v skladu z EU zakonodajo. V ve\u010dini primerov informacije, ki se uporabljajo za ciljno ogla\u0161evanje, niso zasebne, saj ne identificirajo vas &#8211; uporabnika &#8211; v resni\u010dnem svetu. Podatki o va\u0161i brskalni dejavnosti se zbirajo in analizirajo anonimno. \u010ce se analiza nana\u0161a na dolo\u010den interes, se v va\u0161 ra\u010dunalnik namesti <a href=\"https:\/\/www.youronlinechoices.com\/sl\/jargon-buster\">pi\u0161kotek<\/a>\u00a0\u2013 majhna datoteka, ki jo uporablja ve\u010dina spleti\u0161\u010d za shranjevanje koristnih delcev informacij, ki bodo pove\u010dale koristnost va\u0161e uporabe interneta \u2013 in ta pi\u0161kotek (ne podatki o va\u0161em brskanju) dolo\u010da, katere oglase boste prejemali. V primeru uporabe informacij za osebno identifikacijo (npr. podatki za registracijo) boste o tem obve\u0161\u010deni v politiki zasebnosti spleti\u0161\u010da ob svoji registraciji za dolo\u010dene storitve. Vedno imate na izbiro ali se boste odlo\u010dili ali ne, da izkoristite mo\u017enost prejemanja ustreznej\u0161ih oglasov in v primeru uporabe informacij, ki vas lahko identificirajo, morate dati svoje soglasje.<br \/>\n<!--br --><br \/>\nNadzirate lahko, katere pi\u0161kotke boste sprejeli ali zavrnili. Podjetje, ki zbira in uporablja podatke, vam bo tudi ponudilo mo\u017enost, da zavrnete vedenjsko ogla\u0161evanje.\u00a0\u00a0<a href=\"https:\/\/www.youronlinechoices.com\/sl\/your-ad-choices\">Kliknite tukaj za odjavo iz vedenjskega ogla\u0161<span style=\"text-decoration: underline;\">evanja<\/span>.<\/a><br \/>\n<!--br --><br \/>\n<span style=\"color: #000000; font-size: medium;\"><strong><strong>Kaj \u010de imam druga vpra\u0161anja? Nekaj koristnih povezav<\/strong>:<\/strong><\/span><\/p>\n<ul>\n<!--br --><\/p>\n<li><a href=\"https:\/\/www.youronlinechoices.com\/sl\/faqs\">Najbolj pogosta vpra\u0161anja vam bodo pomagala najti odgovore na preostala vpra\u0161anj<\/a><span style=\"text-decoration: underline;\">a<\/span>.<\/li>\n<li><a href=\"https:\/\/www.youronlinechoices.com\/sl\/five-top-tips\">Navajamo tudi pet glavnih namigov za bolj\u0161e razumevanje in za\u0161\u010dito va\u0161e spletne zasebnosti.<\/a><\/li>\n<\/ul>\n<p><!-- br--><br \/>\n<!-- br--><\/p>\n<h3><a href=\"mailto:obafeedback@iabeurope.eu\">Po\u0161ljite nam\u00a0svoje mnenje<\/a><\/h3>\n","protected":false},"excerpt":{"rendered":"<p>Zavedamo se, da nekateri ljudje vedo ve\u010d od drugih o pomenu fraze \u201cvedenjsko ogla\u0161evanje\u201d. To spleti\u0161\u010de smo ustvarili v upanju, da bo postala razumljiva \u0161irokemu krogu. Enostavno re\u010deno pomeni vedenjsko ogla\u0161evanje prakso, ki temelji na brskanju po spletu in omogo\u010da, da blagovne znamke objavljajo za uporabnike spleta tak\u0161ne oglase, ki so v skladu z njihovimi [&hellip;]<\/p>\n","protected":false},"author":3,"featured_media":0,"parent":0,"menu_order":2,"comment_status":"closed","ping_status":"closed","template":"","meta":[],"_links":{"self":[{"href":"https:\/\/www.youronlinechoices.com\/sl\/wp-json\/wp\/v2\/pages\/7"}],"collection":[{"href":"https:\/\/www.youronlinechoices.com\/sl\/wp-json\/wp\/v2\/pages"}],"about":[{"href":"https:\/\/www.youronlinechoices.com\/sl\/wp-json\/wp\/v2\/types\/page"}],"author":[{"embeddable":true,"href":"https:\/\/www.youronlinechoices.com\/sl\/wp-json\/wp\/v2\/users\/3"}],"replies":[{"embeddable":true,"href":"https:\/\/www.youronlinechoices.com\/sl\/wp-json\/wp\/v2\/comments?post=7"}],"version-history":[{"count":25,"href":"https:\/\/www.youronlinechoices.com\/sl\/wp-json\/wp\/v2\/pages\/7\/revisions"}],"predecessor-version":[{"id":211,"href":"https:\/\/www.youronlinechoices.com\/sl\/wp-json\/wp\/v2\/pages\/7\/revisions\/211"}],"wp:attachment":[{"href":"https:\/\/www.youronlinechoices.com\/sl\/wp-json\/wp\/v2\/media?parent=7"}],"curies":[{"name":"wp","href":"https:\/\/api.w.org\/{rel}","templated":true}]}}