{"id":338,"date":"2014-10-28T11:40:41","date_gmt":"2014-10-28T11:40:41","guid":{"rendered":"https:\/\/www.youronlinechoices.com\/sl\/?page_id=338"},"modified":"2020-03-10T01:50:22","modified_gmt":"2020-03-10T01:50:22","slug":"terms-conditions","status":"publish","type":"page","link":"https:\/\/www.youronlinechoices.com\/sl\/terms-conditions","title":{"rendered":"Pogoji"},"content":{"rendered":"<p><strong><span>Splo\u0161ni pogoji<\/span><\/strong><\/p>\n<p><span>\u00a0<\/span><\/p>\n<p><span>To so pogoji, ki urejajo odnos med EDAA in vami, ko uporabljate spletno mesto YourOnlineChoices ali sprejemate preferen\u010dni pi\u0161kotek YourOnlineChoices.<\/span><\/p>\n<p><span>\u00a0<\/span><\/p>\n<p><span>EDAA je neprofitna zveza (Aisbl) s sede\u017eem v Bruslju in registrsko \u0161tevilko BE 0846.790.105. Na\u0161 sede\u017e je registriran na naslovu Rue des Deux Eglises 26, 1000 Bruxelles.<\/span><\/p>\n<p><span>\u00a0<\/span><\/p>\n<p><span>Spletno mesto YourOnlineChoices je na voljo na <a href=\"https:\/\/www.youronlinechoices.eu\/\">www.youronlinechoices.eu<\/a>, <a href=\"https:\/\/www.youronlinechoices.com\">https:\/\/www.youronlinechoices.com<\/a>, <a href=\"https:\/\/www.youronlinechoices.eu\/uk\">www.youronlinechoices.eu\/uk\/<\/a> in <a href=\"https:\/\/www.youronlinechoices.com\/uk\/\">www.youronlinechoices.com\/uk\/<\/a>. Spletno mesto YourOnlineChoices lahko obi\u0161\u010dete neposredno prek povezave s spletnega mesta tretje osebe ali prek ikone OBA.\u00a0Ikona OBA izgleda tako <a href=\"https:\/\/www.youronlinechoices.com\/uk\/protecting-your-privacy\/oba-icon\" rel=\"attachment wp-att-757\"><img loading=\"lazy\" class=\"alignnone wp-image-757\" title=\"OBA-icon\" src=\"https:\/\/www.youronlinechoices.com\/uk\/wp-content\/uploads\/2010\/11\/OBA-icon-300x300.jpg\" alt=\"\" width=\"38\" height=\"38\" \/><\/a>, pogosto pa jo lahko vidite znotraj oglasov ali okrog oglasov, ki jih vidite na spletnih straneh. <\/span><\/p>\n<p><span>\u00a0<\/span><\/p>\n<p><span>Izrazi \u00bbmi\u00ab, \u00bbnas\u00ab ali \u00bbna\u0161\u00ab pomenijo nas, EDAA; \u00bbvi\u00ab in \u00bbva\u0161\u00ab pomeni vas in vse druge osebe, ki dostopajo do spletnega mesta YourOnlineChoices ali opravijo izbiro v povezavi s spletnim vedenjskim ogla\u0161evanjem prek platforme za izbiro potro\u0161nikov na YourOnlineChoices prek brskalnika ali naprave, ali (pri podjetjih) sprejmejo preferen\u010dne pi\u0161kotke po izbiri.<\/span><\/p>\n<p><span>\u00a0<\/span><\/p>\n<p><span>Prav tako si lahko ogledate na\u0161o politiko zasebnosti <a href=\"https:\/\/www.youronlinechoices.com\/uk\/protecting-your-privacy\">https:\/\/www.youronlinechoices.com\/uk\/protecting-your-privacy<\/a>, ki bo veljala kot del teh splo\u0161nih pogojev.<\/span><\/p>\n<p><span>\u00a0<\/span><\/p>\n<p><strong><span>Preference prek spletnega mesta YourOnlineChoices<\/span><\/strong><\/p>\n<p><span>\u00a0<\/span><\/p>\n<p><span>Ena izmed klju\u010dnih funkcij spletnega mesta YourOnlineChoices je, da sodelujo\u010dim podjetjem posreduje informacije o va\u0161ih preferencah v povezavi s spletnim vedenjskim ogla\u0161evanjem. Zabele\u017eimo va\u0161e preference in jih posredujemo ogla\u0161evalskim omre\u017ejem ter drugim sodelujo\u010dim dru\u017ebam \u010dlanicam, ki so navedene na strani platforme YourOnlineChoices <a href=\"https:\/\/www.youronlinechoices.com\/uk\/your-ad-choices\">https:\/\/www.youronlinechoices.com\/uk\/your-ad-choices<\/a>.<\/span><\/p>\n<p><span>\u00a0<\/span><\/p>\n<p><span>Za uporabo spletnega mesta YourOnlineChoices je potrebno, da vsaka sodelujo\u010da dru\u017eba namesti preferen\u010dni pi\u0161kotek na va\u0161 spletni brskalnik, tako da si lahko zapomnimo va\u0161e izbire. Podrobnosti o pi\u0161kotkih so na voljo v na\u0161em pravilniku o zasebnosti na https:\/\/www.YourOnlineChoices.com\/uk\/protecting-your-privacy. \u010ce na spletno mesto YourOnlineChoices dostopate z uporabo drugega ra\u010dunalnika ali spletnega brskalnika oz. po\u010distite\/izbri\u0161ete pi\u0161kotke, si ne bomo mogli zapomniti va\u0161ih preferenc in boste morali iti nazaj na spletno mesto YourOnlineChoices, da ponovno izberete svoje preference. Poleg tega pa spletno mesto YourOnlineChoices ne bo delovalo pravilno, \u010de je va\u0161 brskalnik nastavljen tako, da blokira pi\u0161kotke, saj va\u0161ih preferen\u010dnih nastavitev ni mogo\u010de shraniti brez uporabe preferen\u010dnega pi\u0161kotka.<\/span><\/p>\n<p><span>\u00a0<\/span><\/p>\n<p><span>\u010ceprav bomo uporabili razumna komercialna prizadevanja, da bi va\u0161e preference, izbrane na spleti\u0161\u010duYourOnlineChoices, posredovali ustreznim podjetjem, ki so navedena na spletni strani v \u010dasu, ko izberete svoje preference, je spletno mesto YourOnlineChoices na voljo tak\u0161no, \u00bbkot je\u00ab in \u00bbkot je trenutno na voljo\u00ab, in ne dajemo izjav, jamstev, pogojev, garancij ali drugih zagotovil, da bodo va\u0161e izbire u\u010dinkovite ali da bodo ostale u\u010dinkovite. \u010ce se va\u0161e izbire ne izka\u017eejo za u\u010dinkovite, se lahko prek spletnega mesta prito\u017eite in zahtevate re\u0161itev zadeve: <a href=\"https:\/\/www.youronlinechoices.com\/uk\/make-a-complaint\">https:\/\/www.youronlinechoices.com\/uk\/make-a-complaint<\/a>.<\/span><\/p>\n<p><span>\u00a0<\/span><\/p>\n<p><strong><span>Va\u0161e obveznosti <\/span><\/strong><\/p>\n<p><span>\u00a0<\/span><\/p>\n<p><span>Spletno mesto YourOnlineChoices morate uporabljati skladno z vsemi veljavnimi zakoni in predpisi ter na tak na\u010din, ki se pri\u010dakuje od razumnega, odgovornega in skrbnega posameznika.<\/span><\/p>\n<p><span>\u00a0<\/span><\/p>\n<p><span>Spletnega mesta YourOnlineChoices ne smete uporabljati ali dovoliti, da bi se uporabljalo za:<\/span><\/p>\n<p><span>(a)\u00a0\u00a0\u00a0\u00a0\u00a0\u00a0\u00a0\u00a0\u00a0\u00a0protipravne ali nezakonite dejavnosti ali za kazniva dejanja in\/ali dejavnosti;<\/span><\/p>\n<p><span>\u00a0<\/span><\/p>\n<p><span>(b)\u00a0\u00a0\u00a0\u00a0\u00a0\u00a0\u00a0\u00a0\u00a0\u00a0 kakr\u0161no koli obliko nezakonite, neprimerne, opolzke, nespodobne, klevetave, obrekljive, grozilne, \u017ealjive, neza\u017eelene ali vsiljive komunikacije ali komunikacije, ki povzro\u010da vznemirjenje, nev\u0161e\u010dnosti ali nepotrebno tesnobo ali kr\u0161i javni red in\/ali javno dostojnost ali katero koli veljavno zakonodajo v povezavi z rasnim sovra\u0161tvom;<\/span><\/p>\n<p><span>\u00a0<\/span><\/p>\n<p><span>(c)\u00a0\u00a0\u00a0\u00a0\u00a0\u00a0\u00a0\u00a0\u00a0\u00a0\u00a0 kakr\u0161no koli dejavnost, ki lahko kr\u0161i pravice do zasebnosti ali varstva podatkov drugih strank\/naro\u010dnikov ali tretjih oseb;<\/span><\/p>\n<p><span>\u00a0<\/span><\/p>\n<p><span>(d)\u00a0\u00a0\u00a0\u00a0\u00a0\u00a0\u00a0\u00a0\u00a0\u00a0 distribucijo virusov ali druge zlonamerne programske opreme, ki na kakr\u0161en koli na\u010din moti komunikacijo ali shranjevanje podatkov ali kako druga\u010de povzro\u010di \u0161kodo ali uni\u010denje na spletnem mestu YourOnlineChoices ali omejuje ali slabi uporabo ali zmogljivost spletnega mesta YourOnlineChoices za druge uporabnike ali tretje osebe, vklju\u010dno s povzro\u010danjem nepotrebnih preobremenitev spletnega mesta z velikimi, mote\u010dimi tokovi podatkovnega prometa (poplavljanje, ne\u017eelena po\u0161ta itn.)<\/span><\/p>\n<p><span>\u00a0<\/span><\/p>\n<p><span>Zavezujete se, da boste spo\u0161tovali pravice intelektualne lastnine (vklju\u010dno in brez omejitev avtorskih pravic, blagovnih znamk, patentov, pravic iz modelov in pravic do podatkovnih baz), ki pripadajo nam ali na\u0161im licen\u010dnim partnerjem.<\/span><\/p>\n<p><span>\u00a0<\/span><\/p>\n<p><span>Na zahtevo nam povrnete \u0161kodo in nas odvezujete odgovornosti za vsakr\u0161no odgovornost, \u0161kodo, izdatke, zahtevke ali stro\u0161ke (vklju\u010dno z razumnimi pravnimi stro\u0161ki in izdatki), za katere se ugotovi, da izhajajo iz kakr\u0161ne koli va\u0161e kr\u0161itve obveznosti iz tega razdelka.<\/span><\/p>\n<p><span>\u00a0<\/span><\/p>\n<p><span>\u010ce se zavedate, da spletno mesto YourOnlineChoices kr\u0161i va\u0161e pravice intelektualne lastnine, lastninske pravice ali katere koli druge pravice, nas morate o tem takoj obvestiti prek spodaj navedenih stikov.<\/span><\/p>\n<p><span>\u00a0<\/span><\/p>\n<p><strong><span>Povezave<\/span><\/strong><\/p>\n<p><span>\u00a0<\/span><\/p>\n<p><span>Nekatere povezave na spletnem mestu YourOnlineChoices vam bodo omogo\u010dile povezavo s spletnimi mesti, ki niso pod na\u0161im nadzorom. EDAA zagotavlja te povezave le kot koristne. Pojav povezave ne pomeni priporo\u010dila te povezave s strani EDAA, prav tako EDAA ni odgovorna za vsebino katerega koli povezanega spletnega mesta. Do njih dostopate na lastno odgovornost.<\/span><\/p>\n<p><span>\u00a0<\/span><\/p>\n<p><strong><span>Omejitve in izklju\u010ditve odgovornosti<\/span><\/strong><\/p>\n<p><span>\u00a0<\/span><\/p>\n<p><span>EDAA izrecno zavra\u010da vse nadaljnje izjave, jamstva, pogoje ali druga zagotovila, izrecne ali implicitne, z zakonom, s premo\u017eenjem ali druga\u010de, vklju\u010dno, vendar ne omejeno na implicitna jamstva, pogoje ali druga zagotovila zadovoljive kakovosti, primernosti za dolo\u010den namen ali razumno skrb in znanje.<\/span><\/p>\n<p><span>\u00a0<\/span><\/p>\n<p><span>Razen kot je dolo\u010deno spodaj, EDAA zavra\u010da vse in ne odgovarja za pogodbo, \u0161kodno dejanje (vklju\u010dno in brez omejitev za malomarnost), zakonsko obveznost, predpogodbo ali druge izjave (razen goljufivih zavajajo\u010dih navedb) ali kot lahko druga\u010de izhaja iz ali v povezavi s spletnim mestom YourOnlineChoices in temi pogoji za: a) posledi\u010dno, posredno ali posebno izgubo ali \u0161kodo; b) kakr\u0161no koli izgubo dobrega imena ali ugleda; ali c) kakr\u0161no koli gospodarsko izgubo (vklju\u010dno z izgubo prihodkov, dobi\u010dkov, pogodb, posla ali pri\u010dakovanih prihrankov), v vsakem primeru, tudi \u010de je bila obve\u0161\u010dena o mo\u017enosti take izgube ali \u0161kode in kakor koli je nastala.<\/span><\/p>\n<p><span>\u00a0<\/span><\/p>\n<p><span>Razern kot je dolo\u010deno spodaj, se najvi\u0161ja odgovornost EDAA za pogodbo, \u0161kodno dejanje (vklju\u010dno in brez omejitev za malomarnost), zakonsko obveznost, predpogodbo ali druge izjave (razen goljufivih zavajajo\u010dih navedb) ali kakor lahko druga\u010de izhaja iz te pogodbe ali v povezavi z njo in z vsakim njenim delom, vklju\u010dno z njenim izvajanjem in u\u010dinkovitostjo, ob upo\u0161tevanju enega ali ve\u010d dogodkov ali nizov dogodkov (povezanih ali nepovezanih), ki se zgodijo v katerem koli dvanajstmese\u010dnem obdobju, omeji na 5 evrov.<\/span><\/p>\n<p><span>\u00a0<\/span><\/p>\n<p><span>Ni\u010d v tem sporazumu ne izklju\u010duje ali omejuje odgovornosti za smrt ali telesno po\u0161kodbo, ki je posledica malomarnosti katere koli izmed strank ali njihovih zastopnikov ali zaposlenih, ki delujejo med opravljanjem svojih dol\u017enosti, ali izklju\u010duje ali omejuje nobene odgovornosti stranke, ki je ni mogo\u010de izklju\u010diti skladno z veljavnim pravom.<\/span><\/p>\n<p><span>\u00a0<\/span><\/p>\n<p><strong><span>Splo\u0161ni pogoji<\/span><\/strong><\/p>\n<p><span>\u00a0<\/span><\/p>\n<p><em><strong><span>Vi\u0161ja sila:<\/span><\/strong><\/em><span>Dogodek vi\u0161je sile pomeni vsak dogodek, ki je zunaj na\u0161ega razumnega nadzora. \u010ce dogodek zaradi vi\u0161je sile povzro\u010di neuspeh ali zamudo pri opravljanju na\u0161ih obveznosti pod temi pogoji, se te obveznosti za\u010dasno ustavijo za \u010das trajanja dogodka vi\u0161je sile.<\/span><\/p>\n<p><span>\u00a0<\/span><\/p>\n<p><em><strong><span>Dodeljevanje in sklepanje pogodb s podizvajalci: <\/span><\/strong><\/em><span>Nobeni stranki ne smete dodeliti, prenesti, zara\u010dunati ali licencirati celotnega ali katerega koli dela svojih pravic in\/ali obveznosti skladno s temi pogoji.<\/span><\/p>\n<p><span>\u00a0<\/span><\/p>\n<p><em><strong><span>Odnos:<\/span><\/strong><\/em><span> Ni\u010d v teh pogojih se ne \u0161teje za vzpostavitev kakr\u0161nega koli partnerstva ali skupnega podjetja ali pogodbe o zaposlitvi med vami in nami niti se ne \u0161teje za podelitev kakr\u0161nega koli pooblastila, ki ni izrecno dolo\u010deno v pogojih, niti ne vzpostavlja kakr\u0161nega koli agencijskega poslovanja med vami in nami.<\/span><\/p>\n<p><span>\u00a0<\/span><\/p>\n<p><em><strong><span>Celotna pogodba:<\/span><\/strong><\/em><span>Potrjujete, da ti pogoji dolo\u010dajo celotno pogodbo in razumevanje z nami ter da nadome\u0161\u010dajo vse prej\u0161nje pogodbe, dogovore in sporazume med vami in nami, ki se nana\u0161ajo na predmet teh pogojev. Potrjujete, da se ne zana\u0161ate na nobeno navedbo,\u00a0 izjavo ali razumevanje, ki ni izrecen pogoj teh pogojev in nimate nobenega pravnega sredstva v zvezi s kakr\u0161no koli navedbo, izjavo ali razumevanjem, ki ni izrecen pogoj, razen \u010de je bilo to storjeno na goljufiv na\u010din.<\/span><\/p>\n<p><span>\u00a0<\/span><\/p>\n<p><em><strong><span>Opustitev:<\/span><\/strong><\/em><span> Nobena neizvedena ali zamujena izvedba katere koli pravice, pooblastila ali pravnega sredstva pod temi pogoji s strani katere koli stranke ne bo delovala kot oprostitev od te ali katere koli druge pravice, pooblastila ali pravnega sredstva, niti ne bo nobena posamezna ali delna izvedba katere koli pravice, pooblastila ali pravnega sredstva z na\u0161e strani prepre\u010dila nadaljnjega izvajanja katere koli druge pravice, pooblastila ali pravnega sredstva z na\u0161e strani.<\/span><\/p>\n<p><span>\u00a0<\/span><\/p>\n<p><em><strong><span>Odprava:<\/span><\/strong><\/em><span> \u010ce katero koli sodi\u0161\u010de ali pristojni organ ugotovi, da je katero koli dolo\u010dilo teh pogojev neveljavno, protipravno ali neizvr\u0161ljivo v kateri koli pristojnosti, se \u0161teje, da to dolo\u010dilo ni del teh pogojev, ne vpliva na veljavnost, zakonitost ali izvr\u0161ljivost preostalih pogojev niti ne vpliva na veljavnost, zakonitost ali izvr\u0161ljivost tega dolo\u010dila v kateri koli drugi pristojnosti.<\/span><\/p>\n<p><span>\u00a0<\/span><\/p>\n<p><em><strong><span>Pomembnost \u010dasa:<\/span><\/strong><\/em><span> \u010cas ne sme biti bistvenega pomena, razen \u010de je to izrecno navedeno.<\/span><\/p>\n<p><span>\u00a0<\/span><\/p>\n<p><em><strong><span>Pravice tretjih oseb:<\/span><\/strong><\/em><span> Ni\u010d v teh pogojih ne ustvarja ali podeljuje nobenih pravic ali drugih ugodnosti skladno z zakonom o pogodbah (pravice tretjih oseb) iz leta 1999 ali kako druga\u010de v korist tretjih oseb, ki niso pogodbenice teh pogojev.<\/span><\/p>\n<p><span>\u00a0<\/span><\/p>\n<p><em><strong><span>Razno:<\/span><\/strong><\/em><span> Pravice in pravna sredstva strank skladno s temi pogoji so kumulativne in veljavne poleg vseh pravic in pravnih sredstev, ki jih dolo\u010da zakon. Vse spremembe teh pogojev morajo biti v pisni obliki in dogovorjene s strani pogodbenih strank. Ti pogoji se lahko sestavijo v dvojnikih in prek elektronskega pisanja.<\/span><\/p>\n<p><span>\u00a0<\/span><\/p>\n<p><em><strong><span>Veljavno pravo:<\/span><\/strong><\/em><span> Ti pogoji se razlagajo skladno z zakoni Belgije in vsaka stranka nepreklicno priznava pristojnost sodi\u0161\u010d v Bruslju.<\/span><\/p>\n<p><span>\u00a0<\/span><\/p>\n<p><strong><span>Kon\u010dne dolo\u010dbe<\/span><\/strong><\/p>\n<p><span>\u00a0<\/span><\/p>\n<p><strong><span>Na\u0161a politika prito\u017eb<\/span><\/strong><\/p>\n<p><span>\u00a0<\/span><\/p>\n<p><span>Re\u0161ili bomo vse te\u017eave, ki so nam bile sporo\u010dene in ki jih lahko \u010dim prej odpravimo. \u010ce niste zadovoljni z odgovorom ali ponujeno re\u0161itvijo, nas kontaktirajte na spodnji naslov.<\/span><\/p>\n<p><span>\u00a0<\/span><\/p>\n<p><strong><span>Kontaktirajte nas<\/span><\/strong><\/p>\n<p><span>\u00a0<\/span><\/p>\n<p><span>Za ve\u010d informacij ali \u010de imate kakr\u0161na koli vpra\u0161anja o teh pogojih, kontaktirajte EDAA na e-naslov privacy@edaa.eu.<\/span><\/p>\n<p><span>\u00a0<\/span><\/p>\n<p><span>Smo Evropska zveza za interaktivno digitalno ogla\u0161evanje (European Interactive Digital Advertising Alliance \u2013 EDAA). Na\u0161 registrirani sede\u017e je Rue des Deux Eglises 26, 1000 Bruselj, na\u0161a registrska \u0161tevilka je BE 0846.790.105.<\/span><\/p>\n<p><span>\u00a0<\/span><\/p>\n<p><span>Na\u0161a \u0161tevilka za DDV je BE 0846.790.105.<\/span><\/p>\n","protected":false},"excerpt":{"rendered":"<p>Splo\u0161ni pogoji \u00a0 To so pogoji, ki urejajo odnos med EDAA in vami, ko uporabljate spletno mesto YourOnlineChoices ali sprejemate preferen\u010dni pi\u0161kotek YourOnlineChoices. \u00a0 EDAA je neprofitna zveza (Aisbl) s sede\u017eem v Bruslju in registrsko \u0161tevilko BE 0846.790.105. Na\u0161 sede\u017e je registriran na naslovu Rue des Deux Eglises 26, 1000 Bruxelles. \u00a0 Spletno mesto YourOnlineChoices [&hellip;]<\/p>\n","protected":false},"author":3,"featured_media":0,"parent":0,"menu_order":0,"comment_status":"closed","ping_status":"open","template":"","meta":[],"_links":{"self":[{"href":"https:\/\/www.youronlinechoices.com\/sl\/wp-json\/wp\/v2\/pages\/338"}],"collection":[{"href":"https:\/\/www.youronlinechoices.com\/sl\/wp-json\/wp\/v2\/pages"}],"about":[{"href":"https:\/\/www.youronlinechoices.com\/sl\/wp-json\/wp\/v2\/types\/page"}],"author":[{"embeddable":true,"href":"https:\/\/www.youronlinechoices.com\/sl\/wp-json\/wp\/v2\/users\/3"}],"replies":[{"embeddable":true,"href":"https:\/\/www.youronlinechoices.com\/sl\/wp-json\/wp\/v2\/comments?post=338"}],"version-history":[{"count":10,"href":"https:\/\/www.youronlinechoices.com\/sl\/wp-json\/wp\/v2\/pages\/338\/revisions"}],"predecessor-version":[{"id":400,"href":"https:\/\/www.youronlinechoices.com\/sl\/wp-json\/wp\/v2\/pages\/338\/revisions\/400"}],"wp:attachment":[{"href":"https:\/\/www.youronlinechoices.com\/sl\/wp-json\/wp\/v2\/media?parent=338"}],"curies":[{"name":"wp","href":"https:\/\/api.w.org\/{rel}","templated":true}]}}