{"id":23,"date":"2010-11-30T12:26:08","date_gmt":"2010-11-30T12:26:08","guid":{"rendered":"https:\/\/www.youronlinechoices.com\/sl"},"modified":"2013-06-13T09:49:02","modified_gmt":"2013-06-13T09:49:02","slug":"opt-out-help","status":"publish","type":"page","link":"https:\/\/www.youronlinechoices.com\/sl\/opt-out-help","title":{"rendered":"Stran pomo\u010di"},"content":{"rendered":"<h4>Nekaj stvari, ki jih morate vedeti o na\u010dinu odjave\u2026<\/h4>\n<ul>\n<!-- br--><br \/>\n<!-- br--><\/p>\n<li>\u010ce se odlo\u010dite za odjavo vedenjskega ogla\u0161evanja s pomo\u010djo\u00a0<a href=\"https:\/\/www.youronlinechoices.com\/sl\/your-ad-choices\">strani na tem spleti\u0161\u010du<\/a>, se morate zavedati, da to \u0161e ne pomeni, da ne boste ve\u010d prejemali oglasov med svojo uporabo interneta. To samo pomeni, da oglasi, ki jih boste videli na obiskovanih spleti\u0161\u010dih, ne bodo ve\u010d prilagojeni vam in va\u0161im interesom in bodo morda manj primerni za vas.<\/li>\n<p><!-- br--><br \/>\n<!-- br--><\/p>\n<li>\u010ce se odlo\u010dite za odjavo vedenjskega ogla\u0161evanja dolo\u010denega ponudnika, bo to veljalo samo za zbiranje podatkov tega dolo\u010denega podjetja na spletnem brskalniku, ki ga uporabljate. Prav tako v primeru, da se odlo\u010dite za odjavo vsega vedenjskega ogla\u0161evanja ponudnikov na seznamu, bo to veljalo samo za\u00a0<a title=\"Razlaga izrazov\" href=\"https:\/\/www.youronlinechoices.com\/sl\/jargon-buster\" target=\"_blank\">spletni brskalnik<\/a>\u00a0, ki ga uporabljate.\u00a0\u00a0<strong>Isti postopek boste morali izvesti na vsakem razli\u010dnem spletnem brskalniku, ki ga uporabljate na istem in\/ali razli\u010dnih ra\u010dunalnikih ali napravah.<\/strong>\u00a0Pozor: v primeru da obstaja ve\u010d uporabni\u0161kih ra\u010dunov na ra\u010dunalniku v gospodinjstvu, lahko prilagodite izbirne nastavitve za vsak ra\u010dun. <a title=\"Glavni namigi\" href=\"https:\/\/www.youronlinechoices.com\/sl\/five-top-tips\" target=\"_blank\">Glejte na\u0161e glavne namige<\/a><strong>.<\/strong><\/li>\n<p><!-- br--><br \/>\n<!-- br--><\/p>\n<li>\u010ce ste se odjavili od vedenjskega ogla\u0161evanja, nato pa se odlo\u010dite, da bi \u017eeleli prejemati oglase v skladu z va\u0161imi interesi, se lahko prijavite s pomo\u010djo istega obrazca na na\u0161i \u00a0<a href=\"https:\/\/www.youronlinechoices.com\/sl\/your-ad-choices\" target=\"_blank\">strani za odjavo<\/a>.\u00a0Drug na\u010din je, da izbri\u0161ete pi\u0161kotke svojega spletnega brskalnika.\u00a0<a title=\"Glavni namigi\" href=\"https:\/\/www.youronlinechoices.com\/sl\/five-top-tips\" target=\"_blank\">Glejte na\u0161e glavne namige za to<\/a>.<\/li>\n<li>\u010ce imate dolo\u010dene ali trajne te\u017eave z uporabo na\u0161e strani za odjavo, glejte spodnje napotke.<\/li>\n<li>Obstajajo \u0161tevilni dejavniki, ki lahko vplivajo na delovanje strani za odjavo, na katere ne moremo vplivati.\u00a0 Med njimi so te\u017eave z va\u0161o internetno povezavo, zavarovanje omre\u017eja podjetja ali nastavitve spletnega brskalnika.<\/li>\n<\/ul>\n<p><!-- br--><br \/>\n<!-- br--><\/p>\n<h4>Ali imate te\u017eave z uporabo orodja za odjavo na tem spleti\u0161\u010du?<\/h4>\n<p><!-- br--><br \/>\n\u010ce imate te\u017eave z odjavo s pomo\u010djo povezav na na\u0161em spleti\u0161\u010du, vam priporo\u010damo, da najprej\u00a0<a title=\"Odjava\" href=\"https:\/\/www.youronlinechoices.com\/sl\/your-ad-choices\" target=\"_blank\">ponovno poskusite<\/a>.<br \/>\n<!-- br--><br \/>\n<!-- br--><\/p>\n<h4>\u010ce te\u017eava ni re\u0161ena, glejte spodnje napotke.<\/h4>\n<ul>\n<!-- br--><br \/>\n<!-- br--><\/p>\n<li>Razli\u010dna orodja za odjavo delujejo na osnovi pi\u0161kotkov. Da bi odjava uspela, morate nastaviti svoj spletni brskalnik tako, da sprejema pi\u0161kotke tretjih strani.\u00a0 <a title=\"Glavni namigi\" href=\"https:\/\/www.youronlinechoices.com\/sl\/five-top-tips\" target=\"_blank\">Tukaj<\/a>\u00a0si oglejte na\u0161e glavne namige o nastavitvah zasebnosti spletnega brskalnika, ki ga uporabljate.<\/li>\n<li>Za dodatne informacije in podporo lahko obi\u0161\u010dete tudi posebno stran za pomo\u010d spletnega brskalnika, ki ga uporabljate:<\/li>\n<\/ul>\n<p><a href=\"http:\/\/support.microsoft.com\/kb\/283185\">Internet Explorer<\/a><\/p>\n<p><a href=\"http:\/\/support.mozilla.com\/en-US\/kb\/Options+window+-+Privacy+panel\">Firefox<\/a><\/p>\n<p><a href=\"http:\/\/docs.info.apple.com\/article.html?path=Safari\/3.0\/en\/9277.html\">Safari<\/a><\/p>\n<p><a href=\"http:\/\/www.google.com\/support\/chrome\/bin\/answer.py?hl=en&amp;answer=95647\">Chrome<\/a><\/p>\n<ul>\n<li>\u010ce imate \u0161e vedno te\u017eave z orodjem za odjavo, lahko vzpostavite stik z nami<a href=\"mailto:david@youronlinechoices.com\" target=\"_blank\">\u00a0tukaj<\/a>.<\/li>\n<\/ul>\n<p>&nbsp;<\/p>\n<h3>Po\u0161ljite nam povratne informacije:\u00a0<a href=\"mailto:feedback@iabuk.net\">david@youronlinechoices.com<\/a><\/h3>\n<p>&nbsp;<\/p>\n","protected":false},"excerpt":{"rendered":"<p>Nekaj stvari, ki jih morate vedeti o na\u010dinu odjave\u2026 \u010ce se odlo\u010dite za odjavo vedenjskega ogla\u0161evanja s pomo\u010djo\u00a0strani na tem spleti\u0161\u010du, se morate zavedati, da to \u0161e ne pomeni, da ne boste ve\u010d prejemali oglasov med svojo uporabo interneta. To samo pomeni, da oglasi, ki jih boste videli na obiskovanih spleti\u0161\u010dih, ne bodo ve\u010d prilagojeni [&hellip;]<\/p>\n","protected":false},"author":3,"featured_media":0,"parent":0,"menu_order":11,"comment_status":"closed","ping_status":"closed","template":"","meta":[],"_links":{"self":[{"href":"https:\/\/www.youronlinechoices.com\/sl\/wp-json\/wp\/v2\/pages\/23"}],"collection":[{"href":"https:\/\/www.youronlinechoices.com\/sl\/wp-json\/wp\/v2\/pages"}],"about":[{"href":"https:\/\/www.youronlinechoices.com\/sl\/wp-json\/wp\/v2\/types\/page"}],"author":[{"embeddable":true,"href":"https:\/\/www.youronlinechoices.com\/sl\/wp-json\/wp\/v2\/users\/3"}],"replies":[{"embeddable":true,"href":"https:\/\/www.youronlinechoices.com\/sl\/wp-json\/wp\/v2\/comments?post=23"}],"version-history":[{"count":22,"href":"https:\/\/www.youronlinechoices.com\/sl\/wp-json\/wp\/v2\/pages\/23\/revisions"}],"predecessor-version":[{"id":129,"href":"https:\/\/www.youronlinechoices.com\/sl\/wp-json\/wp\/v2\/pages\/23\/revisions\/129"}],"wp:attachment":[{"href":"https:\/\/www.youronlinechoices.com\/sl\/wp-json\/wp\/v2\/media?parent=23"}],"curies":[{"name":"wp","href":"https:\/\/api.w.org\/{rel}","templated":true}]}}