{"id":19,"date":"2010-11-30T12:19:14","date_gmt":"2010-11-30T12:19:14","guid":{"rendered":"https:\/\/www.youronlinechoices.com\/sl"},"modified":"2013-11-04T08:56:20","modified_gmt":"2013-11-04T08:56:20","slug":"jargon-buster","status":"publish","type":"page","link":"https:\/\/www.youronlinechoices.com\/sl\/jargon-buster","title":{"rendered":"Razlaga izrazov"},"content":{"rendered":"<p>Razlo\u017eeni so vsi pomembni izrazi v zvezi z vedenjskim ogla\u0161evanjem<br \/>\n<!-- br--><br \/>\n<span style=\"color: #000000; font-size: medium;\"><strong><strong>Ogla\u0161evalno omre\u017eje<\/strong><\/strong><\/span><\/p>\n<ul>\n<!-- br--><br \/>\n<!-- br--><\/p>\n<li>Odjetje, ki povezuje spleti\u0161\u010da in lastnike medijev z ustreznimi ogla\u0161evalci.\n<ul>\n<!-- br--><\/p>\n<li>Znano tudi kot: <strong>ad network<\/strong><\/li>\n<p>\t<!-- \n\n<li><a href=\"http:\/\/en.wikipedia.org\/wiki\/Advertising_network\" target=\"_self\">Glejte opis v Wikipediji<\/a><\/li>\n\n-->\n<\/ul>\n<\/li>\n<\/ul>\n<p><!-- br--><br \/>\n<span style=\"color: #000000; font-size: medium;\"><strong><strong>Pi\u0161kotek<\/strong><\/strong><\/span><\/p>\n<ul>\n<!-- br--><br \/>\n<!-- br--><\/p>\n<li>Pi\u0161kotek je majhna datoteka s \u010drkami in \u0161tevilkami, prenesena v va\u0161 ra\u010dunalnik ob dostopu do nekaterih spleti\u0161\u010d. Pi\u0161kotki omogo\u010dajo, da spleti\u0161\u010de prepozna ra\u010dunalnik uporabnika. Sam pi\u0161kotek ne vsebuje ali zbira informacij. Pi\u0161kotki se uporabljajo pri vedenjskem ogla\u0161evanju za identificiranje uporabnikov, ki si delijo dolo\u010deni interes, zato da bi prejemali ustreznej\u0161e oglase.\n<ul>\n<li>Znan tudi kot<strong>: HTTP<\/strong> <strong>pi\u0161kotek <\/strong>ali<strong> pi\u0161kotek brskalnika<\/strong><\/li>\n<p>\t<!-- \n\n<li><a href=\"http:\/\/en.wikipedia.org\/wiki\/HTTP_cookie\" target=\"_self\">Glejte opis v Wikipediji<\/a><\/li>\n\n-->\n<\/ul>\n<\/li>\n<\/ul>\n<p><!-- br--><br \/>\n<span style=\"color: #000000; font-size: medium;\"><strong><strong>Kontekstualno ogla\u0161evanje<\/strong><\/strong><\/span><br \/>\n<!-- br--><br \/>\nOgla\u0161evanje, ki cilja na dolo\u010denega posameznika ob njegovem obisku spleti\u0161\u010da. Avtomatizirani sistemi po\u0161ljejo oglase glede na vsebino strani. Na primer, \u010de si uporabnik ogleduje spleti\u0161\u010de z ocenami filmov, lahko prejme oglase v zvezi z novimi filmi, najnovej\u0161imi DVD-ji ali drugim trgovskim blagom, povezanim s filmom. Kontekstualno ogla\u0161evanje uporabljajo tudi brskalniki za prikazovanje oglasov na straneh z rezultati iskanja, ki temeljijo na uporabnikovih klju\u010dnih besedah za iskanje.<\/p>\n<ul>\n\t<!-- \n\n<li><a href=\"http:\/\/en.wikipedia.org\/wiki\/Contextual_advertising\" target=\"_self\">Glejte opis v Wikipediji<\/a><\/li>\n\n-->\n<\/ul>\n<p><!-- br--><br \/>\n<span style=\"color: #000000; font-size: medium;\"><strong><strong>Prikazno ogla\u0161evanje<\/strong><\/strong><\/span><\/p>\n<ul>\n<!-- br--><br \/>\n<!-- br--><\/p>\n<li>Grafi\u010dni oglasi, ki se prika\u017eejo, ko uporabniki obi\u0161\u010dejo dolo\u010deno spleti\u0161\u010de. Navadno so v obliki \u2018spletnih pasic\u2019 ali video posnetka.\n<ul>\n<li>Znani tudi kot: <strong>spletne pasice<\/strong> ali <strong>ogla\u0161evanje s pasicami<\/strong><\/li>\n<p>\t<!-- \n\n<li><a href=\"http:\/\/en.wikipedia.org\/wiki\/Display_advertising\" target=\"_self\">Glejte opis v Wikipediji<\/a><\/li>\n\n-->\n<\/ul>\n<\/li>\n<\/ul>\n<p><!-- br--><br \/>\n<span style=\"color: #000000; font-size: medium;\"><strong><strong>Spletno vedenjsko ogla\u0161evanje<\/strong><\/strong><\/span><\/p>\n<ul>\n<!-- br--><br \/>\n<!-- br--><\/p>\n<li>Tehnika, ki izkori\u0161\u010da informacije o brskalnem vedenju za dostavljanje oglasov, ki so prilagojeni interesom posameznikov.\n<ul>\n<li>Znano tudi kot:\u00a0<strong>vedenjsko ogla\u0161evanje<\/strong>,\u00a0<strong>vedenjsko ciljanje<\/strong>, <strong>ogla\u0161evanje na podlagi interesov<\/strong> ali <strong>ujemajo\u010di oglasi<\/strong><\/li>\n<p>\t<!-- \n\n<li><a href=\"http:\/\/en.wikipedia.org\/wiki\/Behavioral_advertising\" target=\"_self\">Glejte opis v Wikipediji<\/a><\/li>\n\n-->\n<\/ul>\n<\/li>\n<\/ul>\n<p><!-- br--><br \/>\n<span style=\"color: #000000; font-size: medium;\"><strong><strong>Odjava<\/strong><\/strong><\/span><\/p>\n<ul>\n<!-- br--><br \/>\n<!-- br--><\/p>\n<li>Odjava omogo\u010da uporabnikom, da odklonijo, zaustavijo ali prepre\u010dijo sprejemanje ne\u017eelenih informacij o izdelkih in storitvah. V tem primeru ciljno ogla\u0161evanje temelji na podlagi njihove prej\u0161nje brskalne dejavnosti.\u00a0<a href=\"https:\/\/www.youronlinechoices.com\/sl\/your-ad-choices\">Kliknite tukaj za odjav<\/a><span style=\"text-decoration: underline;\">o<\/span>\u00a0iz vedenjskega ogla\u0161evanja s strani tistih podjetij, ki poslujejo v skladu z na\u010deli dobre prakse IAB v zvezi z vedenjskim ogla\u0161evanjem.<\/li>\n<p>\t<!-- \n\n<li><a href=\"http:\/\/en.wikipedia.org\/wiki\/Opt-out\">Glejte opis v Wikipedij<\/a><\/li>\n\n-->\n<\/ul>\n<p><!-- br--><br \/>\n<span style=\"color: #000000; font-size: medium;\"><strong><strong>Informacije za osebno identifikacijo<\/strong><\/strong><\/span><br \/>\n<!-- br--><br \/>\n<!-- br--><\/p>\n<ul>\n<li>To so informacije, ki lahko, bodisi same po sebi ali skupaj z drugimi informacijami, edinstveno identificirajo posameznika. Primeri\u00a0 informacij za osebno identifikacijo so ime, uli\u010dni naslov, e-po\u0161tni naslov ali telefonska \u0161tevilka. Definicija PII je podana v EU direktivi 95\/46\/EC.\n<ul>\n<li>Znana tudi kot:\u00a0<strong>osebni podatki<\/strong> ali\u00a0<strong>PII<\/strong><\/li>\n<p>\t<!-- \n\n<li><a href=\"http:\/\/en.wikipedia.org\/wiki\/Personally_identifiable_information\" target=\"_self\">Glejte opis v Wikipediji<\/a><\/li>\n\n--><\/p>\n<li>Znano tudi kot: <strong>podjetja podpisniki<\/strong><\/li>\n<\/ul>\n<p><strong>\u00a0<\/strong><\/li>\n<\/ul>\n<p><span style=\"color: #000000; font-size: medium;\"><strong><strong>Ciljno ogla\u0161evanje<\/strong><\/strong><\/span><\/p>\n<ul>\n<!-- br--><br \/>\n<!-- br--><\/p>\n<li>Ogla\u0161evanje, ki posebej cilja na dolo\u010deni segment uporabnikov, na podlagi demografskih ali vedenjskih faktorjev.\n<ul>\n<li>Znano tudi kot: <strong>prirejeno<\/strong> ali <strong>osebno prilagojeno ogla\u0161evanje<\/strong><\/li>\n<p>\t<!-- \n\n<li><a href=\"http:\/\/en.wikipedia.org\/wiki\/Targeted_advertising\" target=\"_self\">Glejte opis v Wikipediji<\/a><\/li>\n\n-->\n<\/ul>\n<\/li>\n<\/ul>\n<p><!-- br--><br \/>\n<span style=\"color: #000000; font-size: medium;\"><strong><strong>Spletni brskalnik<\/strong><\/strong><\/span><\/p>\n<ul>\n<!-- br--><br \/>\n<!-- br--><\/p>\n<li>Programska oprema, ki pridobiva in zbira informacijske vire ter prilagaja in prika\u017ee rezultate v standardizirani obliki na ra\u010dunalniku. Primeri: Internet Explorer, Firefox, Chrome, Safari in Opera.\n<ul>\n\t<!-- \n\n<li><a href=\"http:\/\/en.wikipedia.org\/wiki\/Web_browser\" target=\"_self\">Glejte opis v Wikipediji<\/a><\/li>\n\n-->\n<\/ul>\n<\/li>\n<\/ul>\n<p><!-- br--><br \/>\n<!-- br--><\/p>\n<h3><a href=\"mailto:obafeedback@iabeurope.eu\">Po\u0161ljite nam\u00a0svoje mnenje<\/a><\/h3>\n","protected":false},"excerpt":{"rendered":"<p>Razlo\u017eeni so vsi pomembni izrazi v zvezi z vedenjskim ogla\u0161evanjem Ogla\u0161evalno omre\u017eje Odjetje, ki povezuje spleti\u0161\u010da in lastnike medijev z ustreznimi ogla\u0161evalci. Znano tudi kot: ad network Pi\u0161kotek Pi\u0161kotek je majhna datoteka s \u010drkami in \u0161tevilkami, prenesena v va\u0161 ra\u010dunalnik ob dostopu do nekaterih spleti\u0161\u010d. Pi\u0161kotki omogo\u010dajo, da spleti\u0161\u010de prepozna ra\u010dunalnik uporabnika. Sam pi\u0161kotek ne [&hellip;]<\/p>\n","protected":false},"author":3,"featured_media":0,"parent":0,"menu_order":10,"comment_status":"closed","ping_status":"closed","template":"","meta":[],"_links":{"self":[{"href":"https:\/\/www.youronlinechoices.com\/sl\/wp-json\/wp\/v2\/pages\/19"}],"collection":[{"href":"https:\/\/www.youronlinechoices.com\/sl\/wp-json\/wp\/v2\/pages"}],"about":[{"href":"https:\/\/www.youronlinechoices.com\/sl\/wp-json\/wp\/v2\/types\/page"}],"author":[{"embeddable":true,"href":"https:\/\/www.youronlinechoices.com\/sl\/wp-json\/wp\/v2\/users\/3"}],"replies":[{"embeddable":true,"href":"https:\/\/www.youronlinechoices.com\/sl\/wp-json\/wp\/v2\/comments?post=19"}],"version-history":[{"count":19,"href":"https:\/\/www.youronlinechoices.com\/sl\/wp-json\/wp\/v2\/pages\/19\/revisions"}],"predecessor-version":[{"id":127,"href":"https:\/\/www.youronlinechoices.com\/sl\/wp-json\/wp\/v2\/pages\/19\/revisions\/127"}],"wp:attachment":[{"href":"https:\/\/www.youronlinechoices.com\/sl\/wp-json\/wp\/v2\/media?parent=19"}],"curies":[{"name":"wp","href":"https:\/\/api.w.org\/{rel}","templated":true}]}}