{"id":184,"date":"2011-03-07T14:48:17","date_gmt":"2011-03-07T14:48:17","guid":{"rendered":"https:\/\/www.youronlinechoices.com\/sl\/?page_id=184"},"modified":"2015-05-14T11:59:06","modified_gmt":"2015-05-14T11:59:06","slug":"your-ad-choices","status":"publish","type":"page","link":"https:\/\/www.youronlinechoices.com\/sl\/your-ad-choices","title":{"rendered":"Va\u0161e izbire"},"content":{"rendered":"<div class=\"mb10\">\nSpodaj navedena podjetja so nekateri od ponudnikov, ki poslujejo z operaterji spleti\u0161\u010d pri zbiranju in uporabi informacij za nudenje spletnega vedenjskega.<br \/>\n<!-- br --><br \/>\nUporabljajte spodnje gumbe za upravljanje svojih izbirnih nastavitev za spletno vedenjsko ogla\u0161evanje. Vsa podjetja lahko vklju\u010dite ali izklju\u010dite oziroma dolo\u010dite svoje izbirne nastavitve za posamezna podjetja.  S klikom na gumb <img src=\"https:\/\/www.youronlinechoices.com\/wp-content\/plugins\/optout\/css\/images\/info.gif\" alt=\"\" \/> lahko izveste ve\u010d o samem podjetju kot tudi o njegovem statusu vedenjskega ogla\u0161evanja na spletnem brskalniku, ki ga uporabljate. \u010ce imate te\u017eave z vklopom ali izklopom svojih izbir, obi\u0161\u010dite <a href=\"https:\/\/www.youronlinechoices.com\/sl\/opt-out-help\">na\u0161o<\/a>.<\/p>\n<\/div>\n<div class=\"liteyellowbg p10\">\n<div class=\"bbsolid bcdarkyellow pb10 mb10\">\n<div class=\"fleft pt10 pl5 pr10\"><img class=\"block attention\" src=\"https:\/\/www.youronlinechoices.com\/images\/pixel.png\" alt=\"\" \/><\/div>\n<div class=\"fleft w90\">Please note: this does not turn off all internet advertising only advertisements that are customised to your likely interests based upon previous web browsing activity. <a class=\"block mt5\" href=\"opt-out-help\">Read more about the process<\/a><\/div>\n<\/div>\n<div class=\"pl40 pt10 pb10\">\n<p><strong class=\"block mb5\">Status symbols scheme:<\/strong><\/p>\n<div>\n<div class=\"block mb10\"><img class=\"iblock mr5 legend nocookie vamiddle\" src=\"https:\/\/www.youronlinechoices.com\/images\/pixel.png\" alt=\"\" \/><span class=\"iblock w530 vamiddle\">This company has not set-up a cookie, but may deliver in the future advertisements that are customised to your interests.<\/span><\/div>\n<div class=\"block mb10\"><img class=\"iblock vamiddle mr5 legend on\" src=\"https:\/\/www.youronlinechoices.com\/images\/pixel.png\" alt=\"\" \/><span class=\"iblock w530 vamiddle\">This company is delivering advertisements customised to your interests.<\/span><\/div>\n<div class=\"block mb10\"><img class=\"iblock vamiddle mr5 legend off\" src=\"https:\/\/www.youronlinechoices.com\/images\/pixel.png\" alt=\"\" \/><span class=\"iblock w530 vamiddle\">This company is not delivering advertisements customised to your interests.<\/span><\/div>\n<div class=\"block\"><img class=\"iblock vamiddle mr5 legend noconnection\" src=\"https:\/\/www.youronlinechoices.com\/images\/pixel.png\" alt=\"\" \/><span class=\"iblock w530 vamiddle\">This company is experiencing technical issues, and we cannot retrieve your status.<\/span><\/div>\n<\/div>\n<\/div>\n<\/div>\n<div>\n<p><iframe loading=\"lazy\" width=\"100%\" height=\"3700\" id=\"myiframeid\" name=\"myiframeid\" src=\"https:\/\/www.youronlinechoices.com\/opt_out_interface_v2?lang=sl\" scrolling=\"no\" frameborder=\"0\" onload=\"\"><\/iframe><\/p>\n<div id=\"loadingLoad\">\n<div class=\"reloadButtons\"> aaa <\/div>\n<p><span id=\"loadingLoadText\">82<\/span>\n<\/div>\n<\/div>\n","protected":false},"excerpt":{"rendered":"<p>Spodaj navedena podjetja so nekateri od ponudnikov, ki poslujejo z operaterji spleti\u0161\u010d pri zbiranju in uporabi informacij za nudenje spletnega vedenjskega. Uporabljajte spodnje gumbe za upravljanje svojih izbirnih nastavitev za spletno vedenjsko ogla\u0161evanje. Vsa podjetja lahko vklju\u010dite ali izklju\u010dite oziroma dolo\u010dite svoje izbirne nastavitve za posamezna podjetja. S klikom na gumb lahko izveste ve\u010d o [&hellip;]<\/p>\n","protected":false},"author":3,"featured_media":0,"parent":0,"menu_order":3,"comment_status":"closed","ping_status":"open","template":"","meta":[],"_links":{"self":[{"href":"https:\/\/www.youronlinechoices.com\/sl\/wp-json\/wp\/v2\/pages\/184"}],"collection":[{"href":"https:\/\/www.youronlinechoices.com\/sl\/wp-json\/wp\/v2\/pages"}],"about":[{"href":"https:\/\/www.youronlinechoices.com\/sl\/wp-json\/wp\/v2\/types\/page"}],"author":[{"embeddable":true,"href":"https:\/\/www.youronlinechoices.com\/sl\/wp-json\/wp\/v2\/users\/3"}],"replies":[{"embeddable":true,"href":"https:\/\/www.youronlinechoices.com\/sl\/wp-json\/wp\/v2\/comments?post=184"}],"version-history":[{"count":23,"href":"https:\/\/www.youronlinechoices.com\/sl\/wp-json\/wp\/v2\/pages\/184\/revisions"}],"predecessor-version":[{"id":229,"href":"https:\/\/www.youronlinechoices.com\/sl\/wp-json\/wp\/v2\/pages\/184\/revisions\/229"}],"wp:attachment":[{"href":"https:\/\/www.youronlinechoices.com\/sl\/wp-json\/wp\/v2\/media?parent=184"}],"curies":[{"name":"wp","href":"https:\/\/api.w.org\/{rel}","templated":true}]}}