{"id":12,"date":"2010-11-30T11:58:27","date_gmt":"2010-11-30T11:58:27","guid":{"rendered":"https:\/\/www.youronlinechoices.com\/sl"},"modified":"2015-09-10T11:12:06","modified_gmt":"2015-09-10T11:12:06","slug":"five-top-tips","status":"publish","type":"page","link":"https:\/\/www.youronlinechoices.com\/sl\/five-top-tips","title":{"rendered":"Pet glavnih namigov"},"content":{"rendered":"<p>Pet glavnih namigov za pomo\u010d pri ohranitvi va\u0161e spletne zasebnosti.<\/p>\n<table border=\"0\">\n<tbody>\n<tr>\n<td><img loading=\"lazy\" class=\"alignnone size-full wp-image-473\" title=\"Number-1-blue_4076\" src=\"https:\/\/youronlinechoices.com\/wp-content\/uploads\/2009\/08\/Number-1-blue_4076.jpg\" alt=\"Number-1-blue_4076\" width=\"80\" height=\"80\" \/><\/td>\n<td><span style=\"color: #000000; font-size: medium;\"><strong><strong>Ne skrbite<\/strong><\/strong><\/span><br \/>\nSpletno vedenjsko ogla\u0161evanje je varno in transparentno. Ogla\u0161evalci ne vedo, kdo ste, saj zbranih informacij ne morejo uporabljati za va\u0161o identifikacijo, ker te informacije temeljijo na brskalni dejavnosti, na podlagi katere vam dostavljajo oglase, ki odra\u017eajo va\u0161e interese.\u00a0<a href=\"https:\/\/www.youronlinechoices.com\/sl\/about-behavioural-advertising\">Vzemite si trenutek, da izveste ve\u010d o vedenjskem ogla\u0161evanju.<\/a><\/td>\n<td><\/td>\n<\/tr>\n<tr>\n<td><img loading=\"lazy\" class=\"alignnone size-full wp-image-474\" title=\"number-3-pink_4077\" src=\"https:\/\/youronlinechoices.com\/wp-content\/uploads\/2009\/08\/number-3-pink_4077.jpg\" alt=\"number-3-pink_4077\" width=\"80\" height=\"80\" \/><\/td>\n<td><span style=\"color: #000000; font-size: medium;\"><strong><strong>Poi\u0161\u010dite informacije o vedenjskem ogla\u0161evanju na vseh spleti\u0161\u010dih, ki jih obiskujete.<\/strong><\/strong><\/span><br \/>\nVsako spleti\u0161\u010de, ki nudi vedenjsko ogla\u0161evanje, mora vsebovati koristne informacije o zbiranju in uporabi podatkov v ta namen, bodisi da jih zbira lastnik dolo\u010denega spleti\u0161\u010da ali ponudnik \u2013 tretja stran, na primer ogla\u0161evalno omre\u017eje<\/td>\n<\/tr>\n<tr>\n<td><img loading=\"lazy\" class=\"alignnone size-full wp-image-471\" title=\"three_4191\" src=\"https:\/\/youronlinechoices.com\/wp-content\/uploads\/2009\/08\/three_4191.jpg\" alt=\"three_4191\" width=\"80\" height=\"80\" \/><\/td>\n<td><a name=\"6\"><\/a><br \/>\nPodjetja, ki ponujajo vedenjsko ogla\u0161evanje, vam bodo dala tudi ve\u010d informacij o tem, kako lahko odklonite vedenjsko ogla\u0161evanje.\u00a0<a href=\"https:\/\/www.youronlinechoices.com\/sl\/your-ad-choices\">Odjavite se iz vedenjskega ogla\u0161evanja.<\/a><\/td>\n<\/tr>\n<tr>\n<td><img loading=\"lazy\" class=\"alignnone size-full wp-image-472\" title=\"number4pink_4079\" src=\"https:\/\/youronlinechoices.com\/wp-content\/uploads\/2009\/08\/number4pink_4079.jpg\" alt=\"number4pink_4079\" width=\"80\" height=\"80\" \/><\/td>\n<td><span style=\"color: #000000; font-size: medium;\"><strong><strong>Podrobneje spoznajte nastavitve zasebnosti svojega ra\u010dunalnika<\/strong><\/strong><\/span><br \/>\nPoi\u0161\u010dete jih lahko v meniju \u2018mo\u017enosti\u2019 svojega brskalnika. Pri izbiri mo\u017enosti v zvezi s pi\u0161kotki ne pozabite, da le-ti pogosto naredijo spleti\u0161\u010da uporabniku prijaznej\u0161a (na primer tako, da si zapomnijo prednostne nastavitve spleti\u0161\u010d in jezikovne nastavitve).<\/td>\n<\/tr>\n<\/tbody>\n<\/table>\n<p><!--br --><br \/>\nSpodnji primer ka\u017ee na\u010din upravljanja z nastavitvami zasebnosti v Internet Explorerju 11.<\/p>\n<p>&nbsp;<\/p>\n<p style=\"text-align: center;\"><img class=\"size-full wp-image-1137 aligncenter\" title=\"privacy at medium\" src=\"https:\/\/www.youronlinechoices.com\/uk\/wp-content\/uploads\/2015\/09\/IE11_privacy.jpg\" alt=\"privacy at medium\"style=\"width:50%;height:auto\"\/><\/p>\n<p style=\"text-align: center;\"><img class=\"size-full wp-image-128 aligncenter\" title=\"Advanced privacy settings\" src=\"https:\/\/www.youronlinechoices.com\/uk\/wp-content\/uploads\/2015\/09\/IE11_cookies.jpg\" alt=\"Advanced privacy settings\" style=\"width:50%;height:auto\"\/><\/p>\n<p>Spodnji primer ka\u017ee na\u010din upravljanja z nastavitvami zasebnosti v Microsoft EDGE.<\/p>\n<p>&nbsp;<\/p>\n<p style=\"text-align: center;\"><img class=\"size-full wp-image-1137 aligncenter\" title=\"privacy at medium\" src=\"https:\/\/www.youronlinechoices.com\/uk\/wp-content\/uploads\/2015\/09\/EDGE_privacy.jpg\" alt=\"privacy at medium\" style=\"width:50%;height:auto\" \/><\/p>\n<p style=\"text-align: center;\"><img class=\"size-full wp-image-128 aligncenter\" title=\"Advanced privacy settings\" src=\"https:\/\/www.youronlinechoices.com\/uk\/wp-content\/uploads\/2015\/09\/EDGE_cookies.jpg\" alt=\"Advanced privacy settings\" style=\"width:50%;height:auto\" \/><\/p>\n<p>Spodnji primer ka\u017ee na\u010din upravljanja z nastavitvami zasebnosti v Google Chrome.<\/p>\n<p>&nbsp;<\/p>\n<p style=\"text-align: center;\"><img class=\"size-full wp-image-1137 aligncenter\" title=\"privacy at medium\" src=\"https:\/\/www.youronlinechoices.com\/uk\/wp-content\/uploads\/2015\/09\/CHROME_privacy.png\" alt=\"privacy at medium\" style=\"width:90%;height:auto\" \/><\/p>\n<p style=\"text-align: center;\"><img class=\"size-full wp-image-128 aligncenter\" title=\"Advanced privacy settings\" src=\"https:\/\/www.youronlinechoices.com\/uk\/wp-content\/uploads\/2015\/09\/CHROME_cookies.png\" alt=\"Advanced privacy settings\" style=\"width:90%;height:auto\" \/><\/p>\n<p>Spodnji primer ka\u017ee na\u010din upravljanja z nastavitvami zasebnosti v Google Chrome for Mobile.<\/p>\n<p>&nbsp;<\/p>\n<p style=\"text-align: center;\"><img class=\"size-full wp-image-1137 aligncenter\" title=\"privacy at medium\" src=\"https:\/\/www.youronlinechoices.com\/uk\/wp-content\/uploads\/2015\/09\/Chrome_mobile_settings.jpg\" alt=\"privacy at medium\" style=\"width:50%;height:auto\" \/><\/p>\n<p style=\"text-align: center;\"><img class=\"size-full wp-image-128 aligncenter\" title=\"Advanced privacy settings\" src=\"https:\/\/www.youronlinechoices.com\/uk\/wp-content\/uploads\/2015\/09\/Chrome_mobile_cookies.jpg\" alt=\"Advanced privacy settings\" style=\"width:50%;height:auto\" \/><\/p>\n<p>Spodnji primer ka\u017ee na\u010din upravljanja z nastavitvami zasebnosti v Safari.<\/p>\n<p>&nbsp;<\/p>\n<p style=\"text-align: center;\"><img class=\"size-full wp-image-1137 aligncenter\" title=\"privacy at medium\" src=\"https:\/\/www.youronlinechoices.com\/uk\/wp-content\/uploads\/2015\/09\/SAFARI_privacy.png\" alt=\"privacy at medium\" style=\"width:70%;height:auto\" \/><\/p>\n<p><\/p>\n<p style=\"text-align: center;\"><img class=\"size-full wp-image-128 aligncenter\" title=\"Advanced privacy settings\" src=\"https:\/\/www.youronlinechoices.com\/uk\/wp-content\/uploads\/2015\/09\/SAFARI_cookies.png\" alt=\"Advanced privacy settings\" style=\"width:70%;height:auto\" \/><\/p>\n<p>Spodnji primer ka\u017ee na\u010din upravljanja z nastavitvami zasebnosti v Safari for Mobile.<\/p>\n<p>&nbsp;<\/p>\n<p style=\"text-align: center;\"><img class=\"size-full wp-image-1137 aligncenter\" title=\"privacy at medium\" src=\"https:\/\/www.youronlinechoices.com\/uk\/wp-content\/uploads\/2015\/09\/Safari_Mobile_Settings.jpg\" alt=\"privacy at medium\" style=\"width:50%;height:auto\" \/><\/p>\n<p style=\"text-align: center;\"><img class=\"size-full wp-image-128 aligncenter\" title=\"Advanced privacy settings\" src=\"https:\/\/www.youronlinechoices.com\/uk\/wp-content\/uploads\/2015\/09\/Safari_Mobile_privacy.jpg\" alt=\"Advanced privacy settings\" style=\"width:50%;height:auto\" \/><\/p>\n<p style=\"text-align: center;\"><img class=\"size-full wp-image-128 aligncenter\" title=\"Advanced privacy settings\" src=\"https:\/\/www.youronlinechoices.com\/uk\/wp-content\/uploads\/2015\/09\/Safari_Mobile_cookies.jpg\" alt=\"Advanced privacy settings\" style=\"width:50%;height:auto\" \/><\/p>\n<table border=\"0\">\n<tbody>\n<tr>\n<td><img loading=\"lazy\" class=\"alignnone size-full wp-image-497\" title=\"Number-5-blue_4080\" src=\"https:\/\/youronlinechoices.com\/wp-content\/uploads\/2009\/08\/Number-5-blue_4080.jpg\" alt=\"Number-5-blue_4080\" width=\"80\" height=\"80\" \/><\/td>\n<td><\/td>\n<td><span style=\"color: #000000; font-size: medium;\"><strong><br \/>\n<strong>Preizkusite in prilagodite nastavitve zasebnosti potrebam va\u0161ega gospodinjstva.<\/strong><\/strong><\/span><br \/>\nVsi uporabljamo internet na razli\u010dne na\u010dine in v razli\u010dne namene. V gospodinjstvih, v katerih uporablja isti ra\u010dunalnik ve\u010d kot ena oseba, priporo\u010damo, da ima vsak uporabnik svoj \u2018uporabni\u0161ki ra\u010dun\u2019. To omogo\u010da prilagajanje nastavitev zasebnosti (na primer, nastavitve pi\u0161kotkov ali osebne nastavitve za odjavo) potrebam in zahtevam vsakega uporabnika.<\/td>\n<\/tr>\n<\/tbody>\n<\/table>\n<p>&nbsp;<br \/>\nWindows 10:<\/p>\n<p style=\"text-align: center;\"><img class=\"size-full wp-image-129 aligncenter\" title=\"user accounts\" src=\"https:\/\/www.youronlinechoices.com\/uk\/wp-content\/uploads\/2015\/09\/Windows10_accounts.png\" alt=\"user accounts\" style=\"width:70%;height:auto\" \/><\/p>\n<p>Mac OS:<\/p>\n<p style=\"text-align: center;\"><img class=\"size-full wp-image-129 aligncenter\" title=\"user accounts\" src=\"https:\/\/www.youronlinechoices.com\/uk\/wp-content\/uploads\/2015\/09\/MAC_accounts.jpg\" alt=\"user accounts\" style=\"width:70%;height:auto\" \/><\/p>\n<p>&nbsp;<\/p>\n","protected":false},"excerpt":{"rendered":"<p>Pet glavnih namigov za pomo\u010d pri ohranitvi va\u0161e spletne zasebnosti. Ne skrbite Spletno vedenjsko ogla\u0161evanje je varno in transparentno. Ogla\u0161evalci ne vedo, kdo ste, saj zbranih informacij ne morejo uporabljati za va\u0161o identifikacijo, ker te informacije temeljijo na brskalni dejavnosti, na podlagi katere vam dostavljajo oglase, ki odra\u017eajo va\u0161e interese.\u00a0Vzemite si trenutek, da izveste ve\u010d [&hellip;]<\/p>\n","protected":false},"author":3,"featured_media":0,"parent":0,"menu_order":5,"comment_status":"closed","ping_status":"closed","template":"","meta":[],"_links":{"self":[{"href":"https:\/\/www.youronlinechoices.com\/sl\/wp-json\/wp\/v2\/pages\/12"}],"collection":[{"href":"https:\/\/www.youronlinechoices.com\/sl\/wp-json\/wp\/v2\/pages"}],"about":[{"href":"https:\/\/www.youronlinechoices.com\/sl\/wp-json\/wp\/v2\/types\/page"}],"author":[{"embeddable":true,"href":"https:\/\/www.youronlinechoices.com\/sl\/wp-json\/wp\/v2\/users\/3"}],"replies":[{"embeddable":true,"href":"https:\/\/www.youronlinechoices.com\/sl\/wp-json\/wp\/v2\/comments?post=12"}],"version-history":[{"count":16,"href":"https:\/\/www.youronlinechoices.com\/sl\/wp-json\/wp\/v2\/pages\/12\/revisions"}],"predecessor-version":[{"id":363,"href":"https:\/\/www.youronlinechoices.com\/sl\/wp-json\/wp\/v2\/pages\/12\/revisions\/363"}],"wp:attachment":[{"href":"https:\/\/www.youronlinechoices.com\/sl\/wp-json\/wp\/v2\/media?parent=12"}],"curies":[{"name":"wp","href":"https:\/\/api.w.org\/{rel}","templated":true}]}}