{"id":10,"date":"2010-11-30T11:52:58","date_gmt":"2010-11-30T11:52:58","guid":{"rendered":"https:\/\/www.youronlinechoices.com\/sl\/?page_id=10"},"modified":"2013-06-12T10:01:28","modified_gmt":"2013-06-12T10:01:28","slug":"faqs","status":"publish","type":"page","link":"https:\/\/www.youronlinechoices.com\/sl\/faqs","title":{"rendered":"Najbolj pogosta vpra\u0161anja"},"content":{"rendered":"<p>Spodaj se nahaja seznam najbolj pogostih vpra\u0161anj, ki vam bodo v pomo\u010d pri razumevanju vedenjskega ogla\u0161evanja.<br \/>\n<!--br --><\/p>\n<ul>\n<li><a href=\"https:\/\/www.youronlinechoices.com\/sl\/faqs#1\">Kaj je spletno vedenjsko ogla\u0161evanje?<\/a><\/li>\n<li><a href=\"https:\/\/www.youronlinechoices.com\/sl\/faqs#2\">Kako deluje?<\/a><\/li>\n<li><a href=\"https:\/\/www.youronlinechoices.com\/sl\/faqs#3\">Kateri podatki se uporabljajo?<\/a><\/li>\n<li><a href=\"https:\/\/www.youronlinechoices.com\/sl\/faqs#4\">Kak\u0161ne so prednosti?<\/a><\/li>\n<li><a href=\"https:\/\/www.youronlinechoices.comsl\/faqs#5\">Ali ne ogro\u017eajo moje zasebnosti?<\/a><\/li>\n<li><a href=\"https:\/\/www.youronlinechoices.com\/sl\/faqs#6\">Katere so \u2018informacije za osebno identifikacijo\u2019 in ali se bodo uporabljale za spletno vedenjsko ogla\u0161evanje?<\/a><\/li>\n<li><a href=\"https:\/\/www.youronlinechoices.com\/sl\/faqs#7\">Kaj lahko naredim, \u010de ne \u017eelim tovrstnega ogla\u0161evanja?<\/a><\/li>\n<li><a href=\"https:\/\/www.youronlinechoices.com\/sl\/faqs#9\">Ali vedenjsko ogla\u0161evanje pomeni, da bom videl ve\u010d oglasov?<\/a><\/li>\n<li><a href=\"https:\/\/www.youronlinechoices.com\/sl\/faqs#10\">Ali bo spletno vedenjsko ogla\u0161evanje motilo moje spletne izku\u0161nje?<\/a><\/li>\n<li><a href=\"https:\/\/www.youronlinechoices.com\/sl\/faqs#13\">Ali bo v moj ra\u010dunalnik prenesena kak\u0161na programska oprema?<\/a><\/li>\n<li><a href=\"https:\/\/www.youronlinechoices.com\/sl\/faqs#14\">Kaj je \u2018pi\u0161kotek\u2019 in kako se uporablja?<\/a><\/li>\n<li><a href=\"https:\/\/www.youronlinechoices.com\/sl\/faqs#15\">Ali lahko onemogo\u010dim pi\u0161kotek?<\/a><\/li>\n<li><a href=\"https:\/\/www.youronlinechoices.com\/sl\/faqs#16\">Ali se moram odjaviti, \u010de v slu\u017ebi uporabljam drugi ra\u010dunalnik?<\/a><\/li>\n<li><a href=\"https:\/\/www.youronlinechoices.com\/sl\/faqs#17\">Ali me odjava iz vedenjskega ciljanja zavaruje pred prejemanjem ne\u017eelene e-po\u0161te in pojavnih oken?<\/a><\/li>\n<li><a href=\"https:\/\/www.youronlinechoices.com\/sl\/faqs#19\">Ali moram kaj narediti?<\/a><\/li>\n<li><a href=\"https:\/\/www.youronlinechoices.com\/sl\/faqs#20\">Na koga se lahko obrnem za dodatne informacije?<\/a><\/li>\n<\/ul>\n<p><!--br --><br \/>\n<a name=\"1\"><\/a><span style=\"color: #000000; font-size: medium;\"><strong><strong>Kaj je spletno vedenjsko ogla\u0161evanje<\/strong>?<\/strong><\/span><br \/>\n<!--br --><br \/>\nSpletno\u00a0<a href=\"https:\/\/www.youronlinechoices.com\/sl\/jargon-buster\">vedenjsko ogla\u0161evanje<\/a>\u00a0je na\u010din uporabe informaciji o va\u0161i dejavnosti brskanja po spletu za va\u0161o uvrstitev v interesne skupine z drugimi uporabniki, da bi vam lahko po\u0161iljali oglase na podlagi teh interesov.<br \/>\n<!--br --><br \/>\nVedenjsko ogla\u0161evanje se razlikuje od drugih oblik ogla\u0161evanja na internetu, na primer <a href=\"https:\/\/www.youronlinechoices.com\/sl\/jargon-buster\">kontekstualnega ogla\u0161evanja<\/a>, ki temelji na va\u0161ih trenutnih spletnih dejavnostih (vklju\u010dno z iskanjem ali obiskanimi spleti\u0161\u010di).<br \/>\n<!--br --><br \/>\n<a name=\"2\"><\/a><span style=\"color: #000000; font-size: medium;\"><strong><strong>Kako deluje<\/strong>?<\/strong><\/span><br \/>\n<!--br --><br \/>\nObstajajo razli\u010dni na\u010dini za omogo\u010danje vedenjskega ogla\u0161evanja. Na osnovni ravni se zbirajo informacije o va\u0161i dejavnosti brskanja po spletu \u2013 skupaj z informacijami o brskanju tiso\u010dih drugih uporabnikov \u2013 in segmentirajo v splo\u0161ne skupine, kot so avtomobili, finance in potovanja. \u00a0Interesni profil (na primer \u2013 \u201cavtomobili\u201d) se dolo\u010di na podlagi podatkov o spleti\u0161\u010dih, ki ste jih obiskali in datoteka, znana kot <a href=\"https:\/\/www.youronlinechoices.com\/sl\/jargon-buster\">pi\u0161kote<\/a><span style=\"text-decoration: underline;\">k,<\/span>\u00a0se namesti v va\u0161 ra\u010dunalnik in vas identificira kot nekoga, ki se zanima za kategorijo \u201cavtomobili\u201d. Ogla\u0161evalci in spleti\u0161\u010da prilagodijo oglase skupinam uporabnikov z enakimi interesi, pi\u0161kotek pa omogo\u010da, da prejemate ustrezno\u00a0<a href=\"https:\/\/www.youronlinechoices.com\/sl\/jargon-buster\">prikazno ogla\u0161evanje<\/a>.<\/p>\n<p><a href=\"https:\/\/www.youronlinechoices.com\/further-info\">Ve\u010d informacij o tem, kako vse to deluje, poi\u0161\u010dite tukaj.<\/a><br \/>\n<!--br --><br \/>\n<a name=\"3\"><\/a><span style=\"color: #000000; font-size: medium;\"><strong><strong>Kateri podatki se uporabljajo<\/strong>?<\/strong><\/span><br \/>\n<!--br --><br \/>\nVedenjsko ogla\u0161evanje se lahko razlikuje glede na to, katere informacije se uporabljajo in kako. Tradicionalna\u00a0<a href=\"https:\/\/www.youronlinechoices.com\/sl\/jargon-buster\">ogla\u0161evalna omre\u017eja<\/a>, na primer, zbirajo in uporabljajo informacije, ko obi\u0161\u010dete eno ali ve\u010d spleti\u0161\u010d, ki sodelujejo v dolo\u010denem omre\u017eju<br \/>\n<!--br --><br \/>\n<a name=\"4\"><\/a><span style=\"color: #000000; font-size: medium;\"><strong><strong>Kak\u0161ne so prednosti<\/strong>?<\/strong><\/span><br \/>\n<!--br --><br \/>\nPrejemate <a href=\"https:\/\/www.youronlinechoices.com\/sl\/jargon-buster\">spletno prikazno ogla\u0161evanje<\/a><span style=\"text-decoration: underline;\">,<\/span>\u00a0ki se ujema z va\u0161imi potrebami in interesi. \u010ce se, na primer, zanimate za vrtnarjenje in obiskujete spleti\u0161\u010da za vrtnarjenje, lahko \u2013 med isto ali kasnej\u0161o spletno sejo \u2013 prejmete oglase za posebne ponudbe kosilnic.<br \/>\n<!--br --><br \/>\nCiljno ogla\u0161evanje je koristno, saj prejemate ustreznej\u0161e oglase in dobite dostop do brezpla\u010dne kakovostne vsebine, storitev in aplikacij. To je koristno za ogla\u0161evalce, ker lahko dose\u017eejo publiko, za katero je najbolj verjetno, da se zanima za te informacije, in ne upo\u0161tevajo tistih, ki jih to najbr\u017e ne zanima. Koristno je tudi za ustvarjalce spletnih strani, ker jim ogla\u0161evanje omogo\u010da, da \u0161e naprej ponujajo brezpla\u010dno vsebino in bolje prilagodijo oglase potrebam svojih uporabnikov. Prihodki od ogla\u0161evanja pomagajo pri financiranju bodo\u010dih inovacij in storitev preko interneta.<br \/>\n<!--br --><br \/>\n<a name=\"5\"><\/a><span style=\"color: #000000; font-size: medium;\"><strong><strong>Ali to ne ogro\u017ea moje zasebnosti<\/strong>?<\/strong><\/span><br \/>\n<!--br --><br \/>\nVsi ponudniki tovrstnih storitev morajo upo\u0161tevati veljavno zakonodajo. V ve\u010dini primerov informacije, ki se uporabljajo za ciljno ogla\u0161evanje, niso osebne, saj vas &#8211; uporabnika &#8211; ne morejo identificirati. V primeru uporabe <a href=\"https:\/\/www.youronlinechoices.com\/sl\/jargon-buster\">informacij za osebno identifikacijo<\/a>(kot so podatki za registracijo) boste o tem obve\u0161\u010deni v politiki zasebnosti spleti\u0161\u010da in boste morali dati svoj pristanek ob registraciji za dolo\u010dene storitve. Vedno lahko izbirate med tem ali \u017eelite izkoristiti mo\u017enost prejemanja ustreznej\u0161ih oglasov ali ne.<br \/>\n<!--br --><br \/>\n<a name=\"6\"><\/a><span style=\"color: #000000; font-size: medium;\"><strong><strong>Katere so \u2018informacije za osebno identifikacijo\u2019 in ali se bodo uporabljale za spletno vedenjsko ogla\u0161evanje?<\/strong><\/strong><\/span><br \/>\n<!--br --><br \/>\n<a href=\"https:\/\/www.youronlinechoices.com\/sl\/jargon-buster\">Informacije za osebno identifikacijo<\/a>so podatki, ki vas sami po sebi ali skupaj z drugimi podatki, s katerimi razpolaga neko podjetje, edinstveno identificirajo kot osebo. Med o\u010ditne primere spada va\u0161e ime, naslov ali e-po\u0161tni naslov. Ve\u010dina ponudnikov informacij za osebno identifikacijo ne uporablja za vedenjsko ogla\u0161evanje. V primeru da ponudnik uporablja tovrstne informacije o vas, boste o tem obve\u0161\u010deni v politiki zasebnosti spleti\u0161\u010da, ob svoji registraciji za dolo\u010dene storitve.<br \/>\n<!--br --><br \/>\n<a name=\"7\"><\/a><span style=\"color: #000000; font-size: medium;\"><strong><strong>Kaj lahko storim, \u010de ne \u017eelim tovrstnega ogla\u0161evanja<\/strong>?<\/strong><\/span><br \/>\n<!--br --><br \/>\n<a href=\"https:\/\/www.youronlinechoices.com\/sl\/opt-out-help\">Tukaj se lahko odjavite.<\/a><\/p>\n<p>Vendar pa se je treba zavedati, da to \u0161e ne pomeni, da ne boste ve\u010d prejemali oglasov med svojo uporabo interneta. To samo pomeni, da oglasi, ki jih boste videli na spleti\u0161\u010dih, ne bodo ve\u010d prilagojeni vam in va\u0161im interesom in bodo morda manj primerni za vas.<\/p>\n<p><a href=\"https:\/\/www.youronlinechoices.com\/sl\/opt-out-help\">Ve\u010d informacij o tem lahko najdete na na\u0161i strani pomo\u010di za odjavo.<\/a><br \/>\n<!--br --><br \/>\n<a name=\"9\"><\/a><span style=\"color: #000000; font-size: medium;\"><strong><strong>Ali spletno vedenjsko ogla\u0161evanje pomeni, da bom videl ve\u010d oglasov<\/strong>?<\/strong><\/span><br \/>\n<!--br --><br \/>\nNe. To samo pomeni, da bodo oglasi, ki jih boste videli na nekaterih spleti\u0161\u010dih, bolj ustrezali vam in va\u0161im interesom.<br \/>\n<!--br --><br \/>\n<a name=\"10\"><\/a><span style=\"color: #000000; font-size: medium;\"><strong><strong>Ali bo vedenjsko ogla\u0161evanje motilo mojo spletno dejavnost<\/strong>?<\/strong><\/span><br \/>\n<!--br --><br \/>\nNe. Med svojo prisotnostjo na spletu ne boste videli ali ob\u010dutili nobene razlike. Vedenjsko ogla\u0161evanje si enostavno prizadeva, da bi bili prikazani oglasi ustreznej\u0161i za vas.<br \/>\n<!--br --><br \/>\n<a name=\"16\"><\/a><span style=\"color: #000000; font-size: medium;\"><strong><strong>Ali bo v moj ra\u010dunalnik prenesena kak\u0161na programska oprema<\/strong>?<\/strong><\/span><br \/>\n<!--br --><br \/>\nNe.<br \/>\n<!--br --><br \/>\n<a name=\"17\"><\/a><span style=\"color: #000000; font-size: medium;\"><strong><strong>Kaj je \u2018pi\u0161kotek\u2019 in kako se uporablja<\/strong>?<\/strong><\/span><br \/>\n<!--br --><br \/>\n<a href=\"https:\/\/www.youronlinechoices.com\/sl\/jargon-buster\">Pi\u0161kotek<\/a>\u00a0je majhna datoteka s \u010drkami in \u0161tevilkami, prenesena v va\u0161 ra\u010dunalnik ob dostopu do nekaterih spleti\u0161\u010d. Pi\u0161kotki omogo\u010dajo, da spleti\u0161\u010de prepozna prednostne izbire dolo\u010denega uporabnika ob njegovem ponovnem obisku spleti\u0161\u010da. Sam pi\u0161kotek ne vsebuje ali zbira informacij. \u010ce pa ga prebere stre\u017enik skupaj s spletnim brskalnikom, je to lahko spleti\u0161\u010du v pomo\u010d pri izvajanju uporabniku prijaznej\u0161ih storitev \u2013 na primer, tako da se spomni prej\u0161njih nakupov ali podatkov o ra\u010dunu.<br \/>\n<!--br --><br \/>\nPi\u0161kotki so shranjeni v pomnilnik va\u0161ega brskalnika in vsak od njih obi\u010dajno vsebuje:<\/p>\n<ul>\n<li>Ime stre\u017enika, iz katerega je bil poslan pi\u0161kotek<\/li>\n<li>\u017divljenjsko dobo pi\u0161kotka<\/li>\n<li>Vrednost \u2013 navadno naklju\u010dno generirano edinstveno \u0161tevilo<\/li>\n<\/ul>\n<p>Stre\u017enik spleti\u0161\u010da, ki po\u0161lje pi\u0161kotek, uporablja \u0161tevilko zato, da vas prepozna, ko se vrnete na spleti\u0161\u010de ali brskate od strani do strani. Samo stre\u017enik, ki je poslal pi\u0161kotek, lahko prebere in uporablja ta pi\u0161kotek. Pi\u0161kotki so osrednjega pomena za osebno prilagajanje interneta in spletno vedenjsko ogla\u0161evanje navadno deluje na podlagi pi\u0161kotkov.<br \/>\n<!--br --><br \/>\n<a name=\"18\"><\/a><span style=\"color: #000000; font-size: medium;\"><strong><strong>Ali lahko onemogo\u010dim pi\u0161kotek<\/strong>?<\/strong><\/span><br \/>\n<!--br --><br \/>\nDa. Nekateri brskalniki omogo\u010dajo, da blokirate samo <a href=\"https:\/\/www.youronlinechoices.com\/sl\/jargon-buster\">pi\u0161kotke tretjih strani\u00a0<\/a>(to je pi\u0161kotek, ki ga namesti v va\u0161 brskalnik tretja stran \u2013 na primer, <a href=\"https:\/\/www.youronlinechoices.com\/sl\/jargon-buster\">ogla\u0161evalno omre\u017eje\u00a0<\/a>\u2013 ki ni lastnik dolo\u010denega spleti\u0161\u010da), ali pa vam omogo\u010dajo, da uporabljate nastavitve za blokiranje samo tistih pi\u0161kotkov, ki ne ustrezajo va\u0161im nastavitvam zasebnosti.<br \/>\n<!--br --><br \/>\nOdlo\u010dite se lahko za onemogo\u010denje vseh pi\u0161kotkov, vendar pa bi to lahko zelo vplivalo na va\u0161e mo\u017enosti brskanja po spletu pri uporabi storitev, ki temeljijo na pi\u0161kotkih.\u00a0Obi\u0161\u010dite na\u0161e\u00a0<a href=\"https:\/\/www.youronlinechoices.com\/sl\/five-top-tips\">glavne namige\u00a0<\/a>za ve\u010d informacij o nastavitvah zasebnosti svojega spletnega brskalnika.<br \/>\n<!--br --><br \/>\n<a name=\"20\"><\/a><span style=\"color: #000000; font-size: medium;\"><strong><strong>Ali se moram odjaviti, \u010de v slu\u017ebi uporabljam drugi ra\u010dunalnik<\/strong>?<\/strong><\/span><br \/>\n<!--br --><br \/>\nDa. \u010ce se odlo\u010dite, da boste zavrnili vedenjsko ogla\u0161evanje nekega podjetja, se to nana\u0161a samo na zbiranje podatkov tega dolo\u010denega podjetja in na uporabo na spletnem brskalniku ra\u010dunalnika ali naprave, ki jo uporabljate. Zaradi tega bo to vplivalo tudi na druge ljudi, ki uporabljajo ta spletni brskalnik. Isti postopek boste morali izvajati na vsakem ra\u010dunalniku, ki ga uporabljate, ali razli\u010dnem spletnem brskalniku (npr. Internet Explorer, Google Chrome, Mozilla Firefox ali Safari), ki ga uporabljate, da boste v celoti odklonili vedenjsko ogla\u0161evanje dolo\u010denega ponudnika. Za ve\u010d informacij o odjavi obi\u0161\u010dite na\u0161o\u00a0<a href=\"https:\/\/www.youronlinechoices.com\/sl\/opt-out-help\">stran za pomo\u010d pri odjavi<\/a>.<br \/>\n<!--br --><br \/>\n<a name=\"21\"><\/a><span style=\"color: #000000; font-size: medium;\"><strong><strong>Ali zavrnitev vedenjskega ciljanja prepre\u010duje prejemanje ne\u017eelene e-po\u0161te in pojavnih oken?<\/strong><\/strong><\/span><br \/>\n<!--br --><br \/>\nNe. Zavrnitev vedenjskega ogla\u0161evanja pomeni samo, da ne boste prejemali na ta na\u010din prilagojenega prikaznega ogla\u0161evanja. Ne vpliva in ne onemogo\u010da nobene dolo\u010dene vrste ogla\u0161evanja, na primer e-po\u0161te ali pojavnih oken.<br \/>\n<!--br --><br \/>\n<a name=\"22\"><\/a><span style=\"color: #000000; font-size: medium;\"><strong><strong>Ali moram kaj storiti<\/strong>?<\/strong><\/span><br \/>\n<!--br --><br \/>\n<a href=\"https:\/\/www.youronlinechoices.com\/sl\/five-top-tips\">Na hitro si oglejte na\u0161ih pet glavnih namigov.<\/a><\/p>\n<p>&nbsp;<\/p>\n<p><span style=\"font-size: small;\"><span style=\"line-height: normal;\"><br \/>\n<\/span><\/span><\/p>\n","protected":false},"excerpt":{"rendered":"<p>Spodaj se nahaja seznam najbolj pogostih vpra\u0161anj, ki vam bodo v pomo\u010d pri razumevanju vedenjskega ogla\u0161evanja. Kaj je spletno vedenjsko ogla\u0161evanje? Kako deluje? Kateri podatki se uporabljajo? Kak\u0161ne so prednosti? Ali ne ogro\u017eajo moje zasebnosti? Katere so \u2018informacije za osebno identifikacijo\u2019 in ali se bodo uporabljale za spletno vedenjsko ogla\u0161evanje? Kaj lahko naredim, \u010de ne [&hellip;]<\/p>\n","protected":false},"author":3,"featured_media":0,"parent":0,"menu_order":4,"comment_status":"closed","ping_status":"closed","template":"","meta":[],"_links":{"self":[{"href":"https:\/\/www.youronlinechoices.com\/sl\/wp-json\/wp\/v2\/pages\/10"}],"collection":[{"href":"https:\/\/www.youronlinechoices.com\/sl\/wp-json\/wp\/v2\/pages"}],"about":[{"href":"https:\/\/www.youronlinechoices.com\/sl\/wp-json\/wp\/v2\/types\/page"}],"author":[{"embeddable":true,"href":"https:\/\/www.youronlinechoices.com\/sl\/wp-json\/wp\/v2\/users\/3"}],"replies":[{"embeddable":true,"href":"https:\/\/www.youronlinechoices.com\/sl\/wp-json\/wp\/v2\/comments?post=10"}],"version-history":[{"count":29,"href":"https:\/\/www.youronlinechoices.com\/sl\/wp-json\/wp\/v2\/pages\/10\/revisions"}],"predecessor-version":[{"id":116,"href":"https:\/\/www.youronlinechoices.com\/sl\/wp-json\/wp\/v2\/pages\/10\/revisions\/116"}],"wp:attachment":[{"href":"https:\/\/www.youronlinechoices.com\/sl\/wp-json\/wp\/v2\/media?parent=10"}],"curies":[{"name":"wp","href":"https:\/\/api.w.org\/{rel}","templated":true}]}}