{"id":2,"date":"2010-06-18T20:51:35","date_gmt":"2010-06-18T20:51:35","guid":{"rendered":"https:\/\/www.youronlinechoices.com\/sk\/?page_id=2"},"modified":"2014-11-12T14:36:37","modified_gmt":"2014-11-12T14:36:37","slug":"about","status":"publish","type":"page","link":"https:\/\/www.youronlinechoices.com\/sk\/","title":{"rendered":"Domov"},"content":{"rendered":"<div class=\"homeBlocks mb20\">\n<div class=\"tacenter mt10\">\n<div class=\"iblock cell fleft redbg\">\n\t\t\t<a href=\"https:\/\/www.youronlinechoices.com\/sk\/o-behavioralnej-reklame\" title=\"\"><br \/>\n\t\t\t\t<span class=\"icon about\"><\/span><br \/>\n\t\t\t<\/a><br \/>\n\t\t\t<label><a href=\"https:\/\/www.youronlinechoices.com\/sk\/o-behavioralnej-reklame\">O behavior\u00e1lnej reklame<\/a><\/label>\n\t\t<\/div>\n<div class=\"iblock cell redbg\">\n\t\t\t<a href=\"https:\/\/www.youronlinechoices.com\/sk\/vasa-volba\" title=\"\"><br \/>\n\t\t\t\t<span class=\"icon adchoices\"><\/span><br \/>\n\t\t\t<\/a><br \/>\n\t\t\t<label><a href=\"https:\/\/www.youronlinechoices.com\/sk\/vasa-volba\">Va\u0161a vo\u013eba<\/a><\/label>\n\t\t<\/div>\n<div class=\"iblock cell fright redbg\">\n\t\t\t<a href=\"https:\/\/www.youronlinechoices.com\/sk\/pat-top-tipov\" title=\"\"><br \/>\n\t\t\t\t<span class=\"icon toptips\"><\/span><br \/>\n\t\t\t<\/a><br \/>\n\t\t\t<label><a href=\"https:\/\/www.youronlinechoices.com\/sk\/pat-top-tipov\">P\u00e4\u0165 top tipov<\/a><\/label>\n\t\t<\/div>\n<\/p><\/div>\n<div class=\"tacenter mt10\">\n<div class=\"iblock cell fleft\">\n\t\t\t<a href=\"https:\/\/www.youronlinechoices.com\/sk\/faqs\" title=\"\"><br \/>\n\t\t\t\t<span class=\"icon faq\"><\/span><br \/>\n\t\t\t<\/a><br \/>\n\t\t\t<label><a href=\"https:\/\/www.youronlinechoices.com\/sk\/faqs\">FAQs<\/a><\/label>\n\t\t<\/div>\n<div class=\"iblock cell\">\n\t\t\t<a href=\"https:\/\/www.youronlinechoices.com\/sk\/slovnik-pojmov\" title=\"\"><br \/>\n\t\t\t\t<span class=\"icon jargon\"><\/span><br \/>\n\t\t\t<\/a><br \/>\n\t\t\t<label><a href=\"https:\/\/www.youronlinechoices.com\/sk\/slovnik-pojmov\">Slovn\u00edk pojmov<\/a><\/label>\n\t\t<\/div>\n<div class=\"iblock cell fright\">\n\t\t\t<a href=\"https:\/\/www.youronlinechoices.com\/sk\/pomocna-stranka\" title=\"\"><br \/>\n\t\t\t\t<span class=\"icon help\"><\/span><br \/>\n\t\t\t<\/a><br \/>\n\t\t\t<label><a href=\"https:\/\/www.youronlinechoices.com\/sk\/pomocna-stranka\">Pomocn\u00e1 str\u00e1nka<\/a><\/label>\n\t\t<\/div>\n<\/p><\/div>\n<div class=\"tacenter mt10\">\n<div class=\"iblock cell fleft\">\n<a href=\"https:\/\/www.youronlinechoices.com\/sk\/uzitocne-videa\" title=\"U\u017eito\u010dn\u00e9 vide\u00e1\"><span class=\"icon videos\"><\/span><\/a><br \/>\n<label><a href=\"https:\/\/www.youronlinechoices.com\/sk\/uzitocne-videa\">U\u017eito\u010dn\u00e9 vide\u00e1<\/a><\/label><\/div>\n<div class=\"iblock cell\" style=\"background: none;\"><\/div>\n<div class=\"iblock cell fright\" style=\"background: none;\"><\/div>\n<\/div>\n<\/div>\n","protected":false},"excerpt":{"rendered":"<p>O behavior\u00e1lnej reklame Va\u0161a vo\u013eba P\u00e4\u0165 top tipov FAQs Slovn\u00edk pojmov Pomocn\u00e1 str\u00e1nka U\u017eito\u010dn\u00e9 vide\u00e1<\/p>\n","protected":false},"author":3,"featured_media":0,"parent":0,"menu_order":1,"comment_status":"closed","ping_status":"open","template":"","meta":[],"_links":{"self":[{"href":"https:\/\/www.youronlinechoices.com\/sk\/wp-json\/wp\/v2\/pages\/2"}],"collection":[{"href":"https:\/\/www.youronlinechoices.com\/sk\/wp-json\/wp\/v2\/pages"}],"about":[{"href":"https:\/\/www.youronlinechoices.com\/sk\/wp-json\/wp\/v2\/types\/page"}],"author":[{"embeddable":true,"href":"https:\/\/www.youronlinechoices.com\/sk\/wp-json\/wp\/v2\/users\/3"}],"replies":[{"embeddable":true,"href":"https:\/\/www.youronlinechoices.com\/sk\/wp-json\/wp\/v2\/comments?post=2"}],"version-history":[{"count":31,"href":"https:\/\/www.youronlinechoices.com\/sk\/wp-json\/wp\/v2\/pages\/2\/revisions"}],"predecessor-version":[{"id":4,"href":"https:\/\/www.youronlinechoices.com\/sk\/wp-json\/wp\/v2\/pages\/2\/revisions\/4"}],"wp:attachment":[{"href":"https:\/\/www.youronlinechoices.com\/sk\/wp-json\/wp\/v2\/media?parent=2"}],"curies":[{"name":"wp","href":"https:\/\/api.w.org\/{rel}","templated":true}]}}