{"id":7,"date":"2010-11-30T11:49:08","date_gmt":"2010-11-30T11:49:08","guid":{"rendered":"https:\/\/www.youronlinechoices.com\/se\/?page_id=7"},"modified":"2019-06-03T20:16:05","modified_gmt":"2019-06-03T20:16:05","slug":"om-intressebaserad-annonsering","status":"publish","type":"page","link":"https:\/\/www.youronlinechoices.com\/se\/om-intressebaserad-annonsering","title":{"rendered":"Om intressebaserad annonsering"},"content":{"rendered":"<p>En del k\u00e4nner kanske redan till vad begreppet <a href=\"ordlista\">intressebaserad annonsering<\/a> inneb\u00e4r, andra kanske tycker att det verkar komplicerat. D\u00e4rf\u00f6r har vi st\u00e4llt samman denna webbplats med f\u00f6rhoppningen att den ska vara l\u00e4ttbegriplig f\u00f6r alla.<br \/>\n<!-- br--><br \/>\nI korta drag \u00e4r intressebaserad annonsering en metod som g\u00f6r det m\u00f6jligt att visa Internetanv\u00e4ndare annonser som \u00e4r anpassade efter deras intressen. Det \u00e4r s\u00e4kert, transparent och utformat f\u00f6r att g\u00f6ra det enklare f\u00f6r dig som konsument.<br \/>\n<!-- br--><br \/>\nDenna webbplats ger dig en utf\u00f6rlig f\u00f6rklaring av intressebaserad annonsering och dina valm\u00f6jligheter. Du ges ocks\u00e5 m\u00f6jlighet att <a href=\"dina-val\">avaktivera intressebaserad annonsering<\/a>.<br \/>\n<!-- br--><br \/>\n<span style=\"color: #000000; font-size: medium;\"><strong> <strong>Vad \u00e4r intressebaserad annonsering?<\/strong> <\/strong><\/span><br \/>\n<!-- br--><br \/>\nIntressebaserad annonsering \u00e4r en metod f\u00f6r att presentera annonser p\u00e5 de webbplatser du bes\u00f6ker p\u00e5 Internet och g\u00f6ra dem mer anpassade till dina intressen. Intressen grupperas baserat p\u00e5 tidigare anv\u00e4ndning av Internet, och Internetanv\u00e4ndare visas sedan annonser som matchar deras intressen. Marknadsf\u00f6ringen blir p\u00e5 s\u00e5 s\u00e4tt b\u00e4ttre anpassad och mer anv\u00e4ndbar f\u00f6r dig.<br \/>\n<!-- br--><br \/>\n<span style=\"color: #000000; font-size: medium;\"><strong><strong> <strong>Hur fungerar det?<\/strong> <\/strong><\/strong><\/span><br \/>\n<!-- br--><br \/>\nT\u00e4nk dig att du planerar en semester i Rom. Du surfar till en webbsida om Rom och l\u00e4ser n\u00e5gra artiklar, exempelvis om var du ska bo och vilka platser du ska bes\u00f6ka. N\u00e4sta dag, n\u00e4r du till exempel l\u00e4ser en artikel om ditt favoritlag i fotboll, visas en annons med ett erbjudande f\u00f6r tv\u00e5 personer att \u00e4ta middag, men bara betala f\u00f6r en, i Rom. Det kan ocks\u00e5 vara ett erbjudande om rabatt p\u00e5 hyrbil i Rom eller liknande. Du ser dessa skr\u00e4ddarsydda annonser eftersom du och andra i likhet med dig har visat intresse f\u00f6r Rom. Genom att utnyttja teknik som bara \u00e4r m\u00f6jlig p\u00e5 Internet kan man minska antalet annonser som inte \u00e4r intressanta f\u00f6r dig och f\u00f6rb\u00e4ttra hela upplevelsen.<\/p>\n<p style=\"text-align: center;\"><a href=\"https:\/\/www.youronlinechoices.com\/se\/om-intressebaserad-annonsering\/what-is-behavioural-advertising_svenska\" rel=\"attachment wp-att-290\"><img loading=\"lazy\" class=\"alignnone size-full wp-image-290\" title=\"Exempel - OBA\" src=\"https:\/\/www.youronlinechoices.com\/se\/wp-content\/uploads\/2010\/11\/what-is-behavioural-advertising_svenska.jpg\" alt=\"\" width=\"397\" height=\"494\" \/><\/a><\/p>\n<p>Den h\u00e4r formen av riktad marknadsf\u00f6ring bygger p\u00e5 historik och dina intressen, och kallas d\u00e4rf\u00f6r ofta f\u00f6r intressebaserad annonsering. Eftersom intressebaserad annonsering bygger p\u00e5 tidigare Internetaktiviteter skiljer den sig fr\u00e5n till exempel <a href=\"ordlista\">kontextuell marknadsf\u00f6ring<\/a>\u00a0som bara anv\u00e4nder inneh\u00e5llet p\u00e5 webbsidan du bes\u00f6ker f\u00f6r \u00f6gonblicket.<br \/>\n<!-- br--><br \/>\n<span style=\"color: #000000; font-size: medium;\"><strong> <strong>Hur skyddar jag mina personuppgifter?<\/strong> <\/strong><\/span><br \/>\n<!-- br--><br \/>\nAlla leverant\u00f6rer av intressebaserad annonsering m\u00e5ste f\u00f6lja EU:s lagstiftning. I de flesta fall \u00e4r informationen inte personlig och kan inte identifiera dig i den verkliga v\u00e4rlden \u2013 uppgifterna om din Internetanv\u00e4ndning samlas in och analyseras anonymt. Om analysen visar p\u00e5 ett s\u00e4rskilt intresse, placeras en\u00a0<a href=\"ordlista\">cookie<\/a>\u00a0(en liten fil som de flesta webbplatser anv\u00e4nder f\u00f6r att lagra information f\u00f6r att underl\u00e4tta din Internetanv\u00e4ndning) p\u00e5 din dator. Denna cookie, och inte din Internetanv\u00e4ndning, avg\u00f6r vilka annonser som visas. Om personuppgifter (t.ex. registreringsuppgifter) anv\u00e4nds, har detta beskrivits i webbplatsens integritetspolicy n\u00e4r du registrerade dig f\u00f6r tj\u00e4nsten. Du har alltid m\u00f6jlighet att v\u00e4lja om du vill ta del av intressebaserad marknadsf\u00f6ring eller inte, och i de fall personuppgifter anv\u00e4nds har du alltid gett ditt godk\u00e4nnande.<br \/>\n<!-- br--><br \/>\nDu kan v\u00e4lja vilka cookies du vill godk\u00e4nna eller inte. F\u00f6retag som samlar in och anv\u00e4nder uppgifterna erbjuder ocks\u00e5 en m\u00f6jlighet f\u00f6r dig att avaktivera intressebaserad annonsering.\u00a0\u00a0<a href=\"dina-val\">Klicka h\u00e4r f\u00f6r att avaktivera intressebaserad annonsering<\/a>.<br \/>\n<!-- br--><br \/>\n<span style=\"color: #000000; font-size: medium;\"><strong> <strong> <strong>Fler fr\u00e5gor? Svaren hittar du h\u00e4r:<\/strong> <\/strong> <\/strong><\/span><br \/>\n<!-- br--><br \/>\n\u2022 <a href=\"vanliga-fragor-och-svar\">P\u00e5 v\u00e5r sida med Vanliga fr\u00e5gor och svar hittar du svar p\u00e5 de flesta fr\u00e5gor<\/a>.<br \/>\n\u2022 <a href=\"fem-tips\">Vi har ocks\u00e5 st\u00e4llt samman fem tips som beskriver hur du kan skydda dina personuppgifter p\u00e5 Internet<\/a>.<br \/>\n<!-- br--><br \/>\n<!-- br--><\/p>\n<h3>Skicka dina synpunkter till <a href=\"mailto:privacy@edaa.eu\">privacy@edaa.eu<\/a><\/h3>\n","protected":false},"excerpt":{"rendered":"<p>En del k\u00e4nner kanske redan till vad begreppet intressebaserad annonsering inneb\u00e4r, andra kanske tycker att det verkar komplicerat. D\u00e4rf\u00f6r har vi st\u00e4llt samman denna webbplats med f\u00f6rhoppningen att den ska vara l\u00e4ttbegriplig f\u00f6r alla. I korta drag \u00e4r intressebaserad annonsering en metod som g\u00f6r det m\u00f6jligt att visa Internetanv\u00e4ndare annonser som \u00e4r anpassade efter deras [&hellip;]<\/p>\n","protected":false},"author":2,"featured_media":0,"parent":0,"menu_order":2,"comment_status":"closed","ping_status":"closed","template":"","meta":[],"_links":{"self":[{"href":"https:\/\/www.youronlinechoices.com\/se\/wp-json\/wp\/v2\/pages\/7"}],"collection":[{"href":"https:\/\/www.youronlinechoices.com\/se\/wp-json\/wp\/v2\/pages"}],"about":[{"href":"https:\/\/www.youronlinechoices.com\/se\/wp-json\/wp\/v2\/types\/page"}],"author":[{"embeddable":true,"href":"https:\/\/www.youronlinechoices.com\/se\/wp-json\/wp\/v2\/users\/2"}],"replies":[{"embeddable":true,"href":"https:\/\/www.youronlinechoices.com\/se\/wp-json\/wp\/v2\/comments?post=7"}],"version-history":[{"count":33,"href":"https:\/\/www.youronlinechoices.com\/se\/wp-json\/wp\/v2\/pages\/7\/revisions"}],"predecessor-version":[{"id":495,"href":"https:\/\/www.youronlinechoices.com\/se\/wp-json\/wp\/v2\/pages\/7\/revisions\/495"}],"wp:attachment":[{"href":"https:\/\/www.youronlinechoices.com\/se\/wp-json\/wp\/v2\/media?parent=7"}],"curies":[{"name":"wp","href":"https:\/\/api.w.org\/{rel}","templated":true}]}}