{"id":343,"date":"2014-09-25T07:23:28","date_gmt":"2014-09-25T07:23:28","guid":{"rendered":"https:\/\/www.youronlinechoices.com\/se\/?page_id=343"},"modified":"2014-10-03T10:14:05","modified_gmt":"2014-10-03T10:14:05","slug":"annonser-internet-ikonen","status":"publish","type":"page","link":"https:\/\/www.youronlinechoices.com\/se\/annonser-internet-ikonen","title":{"rendered":"Annonser, internet &#038; ikonen"},"content":{"rendered":"<div id=\"page-icon\">\n<h1>Annonser, internet &amp; ikonen<\/h1>\n<h2>Annonser och kostnaden f\u00f6r inneh\u00e5ll<\/h2>\n<p>Precis som p\u00e5 TV, hj\u00e4lper reklam till att finansiera e-post, nyheter, video, sociala n\u00e4tverk, musik och annat som du gillar att interagera med och anv\u00e4nda p\u00e5 n\u00e4tet.<\/p>\n<p><img loading=\"lazy\" class=\"size-full wp-image-485 alignnone dotted-bar\" title=\"Dotted bar\" src=\"https:\/\/www.youronlinechoices.com\/uk\/wp-content\/uploads\/2013\/06\/dotted-bar.png\" alt=\"\" width=\"580\" height=\"6\" \/><\/p>\n<h2>Mer relevanta annonser<\/h2>\n<p>N\u00e4r du ser ikonen (den lilla triangeln), ser du f\u00f6rhoppningsvis annonser som \u00e4r mer intressanta f\u00f6r dig, i st\u00e4llet f\u00f6r annonser som \u00e4r avsedda f\u00f6r alla.<\/p>\n<p><img loading=\"lazy\" class=\"size-full wp-image-485 alignnone dotted-bar\" title=\"Dotted bar\" src=\"https:\/\/www.youronlinechoices.com\/uk\/wp-content\/uploads\/2013\/06\/dotted-bar.png\" alt=\"\" width=\"580\" height=\"6\" \/><\/p>\n<h2>Hur fungerar det?<\/h2>\n<p><img loading=\"lazy\" class=\"alignleft size-full wp-image-484\" title=\"The icon\" src=\"https:\/\/www.youronlinechoices.com\/uk\/wp-content\/uploads\/2013\/06\/icon.png\" alt=\"The icon\" width=\"43\" height=\"45\" \/>F\u00f6r att g\u00f6ra annonser relevanta, beh\u00f6ver varum\u00e4rken veta mer om vad du vill \u2013 men inte vem du \u00e4r. N\u00e4r du ser ikonen (den lilla triangeln), betyder det att viss information anv\u00e4nds f\u00f6r att ge dig mer relevanta annonser.<\/p>\n<p><img loading=\"lazy\" class=\"size-full wp-image-485 alignnone dotted-bar\" title=\"Dotted bar\" src=\"https:\/\/www.youronlinechoices.com\/uk\/wp-content\/uploads\/2013\/06\/dotted-bar.png\" alt=\"\" width=\"580\" height=\"6\" \/><\/p>\n<h3>Se filmen och l\u00e4r dig hur det fungerar<\/h3>\n<p><iframe loading=\"lazy\" width=\"560\" height=\"315\" src=\"\/\/www.youtube.com\/embed\/xgrw3yexq_c\" frameborder=\"0\" allowfullscreen><\/iframe><\/p>\n<h3><a title=\"Your ad choices\" href=\"https:\/\/www.youronlinechoices.com\/se\/\">L\u00e4r dig \u00e4nnu mer om hur du hanterar dina annonsval &gt;&gt;<\/a><\/h3>\n<h2 class=\"size-full wp-image-487 alignnone\" title=\"Adconion\">F\u00f6retag som st\u00f6djer kampanjen<\/h2>\n<p><a href=\"https:\/\/www.youronlinechoices.com\/uk\" target=\"_blank\"><img loading=\"lazy\" style=\"padding:5px;\" title=\"admeta\" src=\"https:\/\/www.youronlinechoices.com\/se\/wp-content\/uploads\/2014\/09\/admeta.jpg\" alt=\"\" width=\"116\" height=\"53\" \/><\/a><a href=\"\" target=\"_blank\"><img loading=\"lazy\" style=\"padding:5px;\" title=\"adobe\" src=\"https:\/\/www.youronlinechoices.com\/se\/wp-content\/uploads\/2014\/09\/adobe.jpg\" alt=\"\" width=\"116\" height=\"53\" \/><\/a><a href=\"\" target=\"_blank\"><img loading=\"lazy\" style=\"padding:5px;\" title=\"adtech\" src=\"https:\/\/www.youronlinechoices.com\/se\/wp-content\/uploads\/2014\/09\/adtech.jpg\" alt=\"\" width=\"116\" height=\"53\" \/><\/a><a href=\"\" target=\"_blank\"><img loading=\"lazy\" style=\"padding:5px;\" title=\"aller\" src=\"https:\/\/www.youronlinechoices.com\/se\/wp-content\/uploads\/2014\/09\/aller.jpg\" alt=\"\" width=\"116\" height=\"53\" \/><\/a><br \/>\n<br \/>\n\t<a href=\"\" target=\"_blank\"><img loading=\"lazy\" style=\"padding:5px;\" title=\"aol\" src=\"https:\/\/www.youronlinechoices.com\/se\/wp-content\/uploads\/2014\/09\/aol.jpg\" alt=\"\" width=\"116\" height=\"53\" \/><\/a><a href=\"\" target=\"_blank\"><img loading=\"lazy\" style=\"padding:5px;\" title=\"cxense\" src=\"https:\/\/www.youronlinechoices.com\/se\/wp-content\/uploads\/2014\/09\/cxense.jpg\" alt=\"\" width=\"116\" height=\"53\" \/><\/a><a href=\"\" target=\"_blank\"><img loading=\"lazy\" style=\"padding:5px;\" title=\"delta\" src=\"https:\/\/www.youronlinechoices.com\/se\/wp-content\/uploads\/2014\/09\/delta.jpg\" alt=\"\" width=\"116\" height=\"53\" \/><\/a><a href=\"\" target=\"_blank\"><img loading=\"lazy\" src=\"https:\/\/www.youronlinechoices.com\/se\/wp-content\/uploads\/2014\/10\/iab_se_logo.jpg\" alt=\"\" title=\"IAB SE\" width=\"116\" height=\"53\" class=\"alignnone size-full wp-image-446\" \/><\/a><br \/>\n<br \/>\n\t<a href=\"\" target=\"_blank\"><img loading=\"lazy\" style=\"padding:5px;\" title=\"mec\" src=\"https:\/\/www.youronlinechoices.com\/se\/wp-content\/uploads\/2014\/09\/mec.jpg\" alt=\"\" width=\"116\" height=\"53\" \/><\/a><a href=\"\" target=\"_blank\"><img loading=\"lazy\" style=\"padding:5px;\" title=\"netbooster\" src=\"https:\/\/www.youronlinechoices.com\/se\/wp-content\/uploads\/2014\/09\/netbooster.jpg\" alt=\"\" width=\"116\" height=\"53\" \/><\/a><a href=\"\" target=\"_blank\"><img loading=\"lazy\" style=\"padding:5px;\" title=\"nugg\" src=\"https:\/\/www.youronlinechoices.com\/se\/wp-content\/uploads\/2014\/09\/nugg.jpg\" alt=\"\" width=\"116\" height=\"53\" \/><\/a><a href=\"\" target=\"_blank\"><img loading=\"lazy\" style=\"padding:5px;\" title=\"omnicom\" src=\"https:\/\/www.youronlinechoices.com\/se\/wp-content\/uploads\/2014\/09\/omnicom.jpg\" alt=\"\" width=\"116\" height=\"53\" \/><\/a><br \/>\n<br \/>\n\t<a href=\"\" target=\"_blank\"><img loading=\"lazy\" style=\"padding:5px;\" title=\"p_g\" src=\"https:\/\/www.youronlinechoices.com\/se\/wp-content\/uploads\/2014\/09\/p_g.jpg\" alt=\"\" width=\"116\" height=\"53\" \/><\/a><a href=\"\" target=\"_blank\"><img loading=\"lazy\" style=\"padding:5px;\" title=\"quisma\" src=\"https:\/\/www.youronlinechoices.com\/se\/wp-content\/uploads\/2014\/09\/quisma.jpg\" alt=\"\" width=\"116\" height=\"53\" \/><\/a><a href=\"\" target=\"_blank\"><img loading=\"lazy\" style=\"padding:5px;\" title=\"rubicon\" src=\"https:\/\/www.youronlinechoices.com\/se\/wp-content\/uploads\/2014\/09\/rubicon.jpg\" alt=\"\" width=\"116\" height=\"53\" \/><\/a><a href=\"\" target=\"_blank\"><img loading=\"lazy\" style=\"padding:5px;\" title=\"schibsted\" src=\"https:\/\/www.youronlinechoices.com\/se\/wp-content\/uploads\/2014\/09\/schibsted.jpg\" alt=\"\" width=\"116\" height=\"53\" \/><\/a><br \/>\n<br \/>\t<br \/>\n\t<a href=\"\" target=\"_blank\"><img loading=\"lazy\" style=\"padding:5px;\" title=\"sociomatic\" src=\"https:\/\/www.youronlinechoices.com\/se\/wp-content\/uploads\/2014\/09\/sociomatic.jpg\" alt=\"\" width=\"116\" height=\"53\" \/><\/a><a href=\"\" target=\"_blank\"><img loading=\"lazy\" style=\"padding:5px;\" title=\"sveriges\" src=\"https:\/\/www.youronlinechoices.com\/se\/wp-content\/uploads\/2014\/09\/sveriges.jpg\" alt=\"\" width=\"116\" height=\"53\" \/><\/a><a href=\"\" target=\"_blank\"><img loading=\"lazy\" style=\"padding:5px;\" title=\"talentum\" src=\"https:\/\/www.youronlinechoices.com\/se\/wp-content\/uploads\/2014\/09\/talentum.jpg\" alt=\"\" width=\"116\" height=\"53\" \/><\/a><a href=\"\" target=\"_blank\"><img loading=\"lazy\" style=\"padding:5px;\" title=\"velvet\" src=\"https:\/\/www.youronlinechoices.com\/se\/wp-content\/uploads\/2014\/09\/velvet.jpg\" alt=\"\" width=\"116\" height=\"53\" \/><\/a><br \/>\n<br \/>\t<br \/>\n\t<a href=\"\" target=\"_blank\"><img loading=\"lazy\" style=\"padding:5px;\" title=\"xaxis\" src=\"https:\/\/www.youronlinechoices.com\/se\/wp-content\/uploads\/2014\/09\/xaxis.jpg\" alt=\"\" width=\"116\" height=\"53\" \/><\/a><a href=\"\" target=\"_blank\"><img loading=\"lazy\" style=\"padding:5px;\" title=\"zanox\" src=\"https:\/\/www.youronlinechoices.com\/se\/wp-content\/uploads\/2014\/09\/zanox.jpg\" alt=\"\" width=\"116\" height=\"53\" \/><\/a><\/p>\n<\/div>\n","protected":false},"excerpt":{"rendered":"<p>Annonser, internet &amp; ikonen Annonser och kostnaden f\u00f6r inneh\u00e5ll Precis som p\u00e5 TV, hj\u00e4lper reklam till att finansiera e-post, nyheter, video, sociala n\u00e4tverk, musik och annat som du gillar att interagera med och anv\u00e4nda p\u00e5 n\u00e4tet. Mer relevanta annonser N\u00e4r du ser ikonen (den lilla triangeln), ser du f\u00f6rhoppningsvis annonser som \u00e4r mer intressanta f\u00f6r [&hellip;]<\/p>\n","protected":false},"author":2,"featured_media":0,"parent":0,"menu_order":0,"comment_status":"closed","ping_status":"open","template":"","meta":[],"_links":{"self":[{"href":"https:\/\/www.youronlinechoices.com\/se\/wp-json\/wp\/v2\/pages\/343"}],"collection":[{"href":"https:\/\/www.youronlinechoices.com\/se\/wp-json\/wp\/v2\/pages"}],"about":[{"href":"https:\/\/www.youronlinechoices.com\/se\/wp-json\/wp\/v2\/types\/page"}],"author":[{"embeddable":true,"href":"https:\/\/www.youronlinechoices.com\/se\/wp-json\/wp\/v2\/users\/2"}],"replies":[{"embeddable":true,"href":"https:\/\/www.youronlinechoices.com\/se\/wp-json\/wp\/v2\/comments?post=343"}],"version-history":[{"count":17,"href":"https:\/\/www.youronlinechoices.com\/se\/wp-json\/wp\/v2\/pages\/343\/revisions"}],"predecessor-version":[{"id":451,"href":"https:\/\/www.youronlinechoices.com\/se\/wp-json\/wp\/v2\/pages\/343\/revisions\/451"}],"wp:attachment":[{"href":"https:\/\/www.youronlinechoices.com\/se\/wp-json\/wp\/v2\/media?parent=343"}],"curies":[{"name":"wp","href":"https:\/\/api.w.org\/{rel}","templated":true}]}}