{"id":570,"date":"2025-05-09T12:30:30","date_gmt":"2025-05-09T12:30:30","guid":{"rendered":"https:\/\/www.youronlinechoices.com\/ro\/?page_id=570"},"modified":"2025-05-09T12:34:16","modified_gmt":"2025-05-09T12:34:16","slug":"depuneti-o-plangere","status":"publish","type":"page","link":"https:\/\/www.youronlinechoices.com\/ro\/depuneti-o-plangere","title":{"rendered":"Depune\u021bi o pl\u00e2ngere"},"content":{"rendered":"<p><b>Depune\u021bi o pl\u00e2ngere<\/b><br \/>\n<\/br><br \/>\n<span style=\"font-weight: 400;\">Dac\u0103 ave\u021bi o reclama\u021bie cu privire la publicitatea comportamental\u0103 sau bazat\u0103 pe interese, exist\u0103 c\u00e2\u021biva pa\u0219i simpli pe care trebuie s\u0103 \u00eei urma\u021bi pentru ca noi s\u0103 v\u0103 ajut\u0103m s\u0103 rezolva\u021bi problema.<\/span><br \/>\n<\/br><br \/>\n<b>Pasul unu<\/b><br \/>\n<\/br><br \/>\n<span style=\"font-weight: 400;\">Mai jos este o list\u0103 de verificare simpl\u0103 care v\u0103 poate ajuta s\u0103 g\u0103si\u021bi rezolvarea la problema dumneavoastr\u0103.:<\/span><br \/>\n<\/br><\/p>\n<ol>\n<li><span style=\"font-weight: 400;\"> Reclama\u021bia dumneavoastr\u0103 se refer\u0103 la con\u021binutul unei reclame? Dac\u0103 da, v\u0103 rug\u0103m s\u0103 vizita\u021bi <\/span><a href=\"https:\/\/www.rac.ro\/ro\"><span style=\"font-weight: 400;\">Consiliul Rom\u00e2n pentru Publicitate (RAC)<\/span><\/a><span style=\"font-weight: 400;\">.<\/span><\/li>\n<p><\/br><\/p>\n<li><span style=\"font-weight: 400;\"> Dori\u021bi s\u0103 opri\u021bi la publicitatea comportamental\u0103? Dac\u0103 da, v\u0103 rug\u0103m s\u0103 <\/span><a href=\"https:\/\/www.youronlinechoices.com\/ro\/optiunile-mele\"><span style=\"font-weight: 400;\">vizita\u021bi pagina noastr\u0103 de<\/span><\/a><span style=\"font-weight: 400;\"> preferin\u021be.<\/span><\/li>\n<p><\/br><\/p>\n<li><span style=\"font-weight: 400;\"> \u00cent\u00e2mpina\u021bi\u00a0 probleme la oprirea publicit\u0103\u021bii comportamentale folosind link-urile de pe acest site? Dac\u0103 da, v\u0103 rug\u0103m s\u0103 <\/span><a href=\"https:\/\/www.youronlinechoices.com\/ro\/ajutor\"><span style=\"font-weight: 400;\">vizita\u021bi pagina noastr\u0103 de ajutor<\/span><\/a><span style=\"font-weight: 400;\">.<\/span><\/li>\n<p><\/br><\/p>\n<li><span style=\"font-weight: 400;\"> \u00cenc\u0103 primi\u021bi publicitate comportamental\u0103 dup\u0103 ce a\u021bi oprit-o deja? Dac\u0103 da, v\u0103 rug\u0103m s\u0103 <\/span><a href=\"https:\/\/www.youronlinechoices.com\/ro\/faqsintrebari-frecvente\"><span style=\"font-weight: 400;\">vizita\u021bi \u00eentreb\u0103rile frecvente<\/span><\/a><span style=\"font-weight: 400;\">.<\/span><\/li>\n<p><\/br><\/p>\n<li><span style=\"font-weight: 400;\"> Ave\u021bi o \u00eentrebare despre set\u0103rile de confiden\u021bialitate din browserul dvs. web? Dac\u0103 da, v\u0103 rug\u0103m s\u0103 <\/span><a href=\"https:\/\/www.youronlinechoices.com\/ro\/top-5-recomandari\"><span style=\"font-weight: 400;\">vizita\u021bi pagina noastr\u0103 cu top cinci sfaturi<\/span><\/a><span style=\"font-weight: 400;\">.<\/span><\/li>\n<p><\/br><\/p>\n<li><span style=\"font-weight: 400;\"> Ave\u021bi o \u00eentrebare general\u0103 sau \u00eengrijorare cu privire la publicitatea comportamental\u0103 \u0219i dori\u021bi s\u0103 afla\u021bi mai multe? Dac\u0103 da, v\u0103 rug\u0103m s\u0103 <\/span><a href=\"https:\/\/www.youronlinechoices.com\/ro\/faqsintrebari-frecvente\"><span style=\"font-weight: 400;\">vizita\u021bi \u00eentreb\u0103rile frecvente<\/span><\/a><span style=\"font-weight: 400;\">.<\/span><\/li>\n<\/ol>\n<p><\/br><\/p>\n<p><b>Pasul doi<\/b><\/p>\n<p><\/br><\/p>\n<p><span style=\"font-weight: 400;\">Dac\u0103 \u00eent\u00e2mpina\u021bi \u00een continuare probleme \u0219i dori\u021bi s\u0103 face\u021bi o pl\u00e2ngere oficial\u0103 cu privire la un exemplu de publicitate bazat\u0103 pe interese, pute\u021bi face acest lucru contact\u00e2nd <\/span><a href=\"https:\/\/www.rac.ro\/ro#sesizari\"><span style=\"font-weight: 400;\">Consiliul Rom\u00e2n pentru Publicitate (RAC)<\/span><\/a><span style=\"font-weight: 400;\">.<\/span><\/p>\n<p>&nbsp;<\/p>\n","protected":false},"excerpt":{"rendered":"<p>Depune\u021bi o pl\u00e2ngere Dac\u0103 ave\u021bi o reclama\u021bie cu privire la publicitatea comportamental\u0103 sau bazat\u0103 pe interese, exist\u0103 c\u00e2\u021biva pa\u0219i simpli pe care trebuie s\u0103 \u00eei urma\u021bi pentru ca noi s\u0103 v\u0103 ajut\u0103m s\u0103 rezolva\u021bi problema. Pasul unu Mai jos este o list\u0103 de verificare simpl\u0103 care v\u0103 poate ajuta s\u0103 g\u0103si\u021bi rezolvarea la problema dumneavoastr\u0103.: [&hellip;]<\/p>\n","protected":false},"author":3,"featured_media":0,"parent":0,"menu_order":0,"comment_status":"closed","ping_status":"closed","template":"","meta":[],"_links":{"self":[{"href":"https:\/\/www.youronlinechoices.com\/ro\/wp-json\/wp\/v2\/pages\/570"}],"collection":[{"href":"https:\/\/www.youronlinechoices.com\/ro\/wp-json\/wp\/v2\/pages"}],"about":[{"href":"https:\/\/www.youronlinechoices.com\/ro\/wp-json\/wp\/v2\/types\/page"}],"author":[{"embeddable":true,"href":"https:\/\/www.youronlinechoices.com\/ro\/wp-json\/wp\/v2\/users\/3"}],"replies":[{"embeddable":true,"href":"https:\/\/www.youronlinechoices.com\/ro\/wp-json\/wp\/v2\/comments?post=570"}],"version-history":[{"count":3,"href":"https:\/\/www.youronlinechoices.com\/ro\/wp-json\/wp\/v2\/pages\/570\/revisions"}],"predecessor-version":[{"id":576,"href":"https:\/\/www.youronlinechoices.com\/ro\/wp-json\/wp\/v2\/pages\/570\/revisions\/576"}],"wp:attachment":[{"href":"https:\/\/www.youronlinechoices.com\/ro\/wp-json\/wp\/v2\/media?parent=570"}],"curies":[{"name":"wp","href":"https:\/\/api.w.org\/{rel}","templated":true}]}}