{"id":537,"date":"2020-09-14T12:06:45","date_gmt":"2020-09-14T12:06:45","guid":{"rendered":"https:\/\/www.youronlinechoices.com\/ro\/?page_id=537"},"modified":"2020-09-14T12:29:28","modified_gmt":"2020-09-14T12:29:28","slug":"reclamatii","status":"publish","type":"page","link":"https:\/\/www.youronlinechoices.com\/ro\/reclamatii","title":{"rendered":"Reclama\u021bii"},"content":{"rendered":"\n<p>Pentru reclama\u021bii privind publicitatea comportamental\u0103, urma\u021bi c\u00e2\u021biva pa\u0219i simpli pentru a ne ajuta s\u0103 solu\u021bion\u0103m problema.<\/p>\n\n\n<p><!-- br--><br>\n<!-- br--><\/p>\n\n\n<p><strong>Pasul 1<\/strong><strong><\/strong><\/p>\n\n\n\n<p>Mai jos v\u0103 prezent\u0103m o list\u0103 de control care poate ajuta la solu\u021bionarea nedumeririlor sau reclama\u021biilor dvs.:<\/p>\n\n\n\n<ul type=\"1\"><li>&#8211; Reclama\u021bia dvs. vizeaz\u0103 <strong>con\u021binutul unei reclame<\/strong>? Dac\u0103 da, vizita\u021bi situl autorit\u0103\u021bii de reglementare a con\u021binutului publicitar, <a rel=\"noreferrer noopener\" href=\"https:\/\/www.rac.ro\/ro\" target=\"_blank\">Consiliul Roman pentru Publicitate<\/a><\/li><li>&#8211; Dori\u021bi s\u0103 refuza\u021bi publicitatea comportamental\u0103?&nbsp;Dac\u0103 da,&nbsp;<a href=\"https:\/\/www.youronlinechoices.com\/ro\/optiunile-mele\">vizita\u021bi pagina pentru refuz<\/a>.<\/li><li>&#8211; \u00cent\u00e2mpina\u021bi probleme \u00een a refuza publicitatea comportamental\u0103 prin link-urile de pe situl nostru?&nbsp;Dac\u0103 da,&nbsp;<a rel=\"noreferrer noopener\" href=\"https:\/\/www.youronlinechoices.com\/ro\/ajutor\" target=\"_blank\">vizita\u021bi pagina pentru refuz<\/a>.<\/li><li>&#8211; \u00cenc\u0103 mai primi\u021bi publicitate comportamental\u0103 dup\u0103 ce a\u021bi refuzat-o?&nbsp;Dac\u0103 da,&nbsp;<a rel=\"noreferrer noopener\" href=\"https:\/\/www.youronlinechoices.com\/ro\/faqsintrebari-frecvente\" target=\"_blank\">vizita\u021bi pagina <\/a><a href=\"https:\/\/www.youronlinechoices.com\/ro\/faqsintrebari-frecvente\" target=\"_blank\" rel=\"noreferrer noopener\">&#8220;<\/a><a rel=\"noreferrer noopener\" href=\"https:\/\/www.youronlinechoices.com\/ro\/faqsintrebari-frecvente\" target=\"_blank\">\u00centreb\u0103ri frecvente\u201d<\/a>.<\/li><li>&#8211; Ave\u021bi vreo nedumerire privind set\u0103rile de confiden\u021bialitate ale navigatorului web utilizat? Dac\u0103 da,&nbsp;<a href=\"https:\/\/www.youronlinechoices.com\/ro\/top-5-recomandari\" target=\"_blank\" rel=\"noreferrer noopener\">vizita\u021bi pagina \u201eCinci sfaturi esen\u021biale\u201d<\/a>.<\/li><li>&#8211; Ave\u021bi vreo nedumerire sau \u00eengrijorare relative la publicitatea comportamental\u0103 \u0219i dori\u021bi s\u0103 afla\u021bi mai multe?&nbsp;Dac\u0103 da,&nbsp;<a href=\"https:\/\/www.youronlinechoices.com\/ro\/faqsintrebari-frecvente\" target=\"_blank\" rel=\"noreferrer noopener\">vizita\u021bi pagina \u201e\u00centreb\u0103ri frecvente\u201d<\/a>.<\/li><\/ul>\n\n\n<p><!-- br--><br>\n<!-- br--><\/p>\n\n\n<p><strong>Pasul 2<\/strong><strong><\/strong><\/p>\n\n\n\n<p>Dac\u0103 mai \u00eent\u00e2mpina\u021bi probleme \u0219i dori\u021bi s\u0103 \u00eenregistra\u021bi o reclama\u021bie oficial\u0103 relativ\u0103 la o situa\u021bie de publicitate comportamental\u0103, contacta\u021bi\u00a0<a href=\"https:\/\/www.rac.ro\/ro\"><a rel=\"noreferrer noopener\" href=\"https:\/\/www.rac.ro\/ro\" target=\"_blank\">Consiliul Roman pentru Publicitate<\/a><\/a>.<\/p>\n","protected":false},"excerpt":{"rendered":"<p>Pentru reclama\u021bii privind publicitatea comportamental\u0103, urma\u021bi c\u00e2\u021biva pa\u0219i simpli pentru a ne ajuta s\u0103 solu\u021bion\u0103m problema. Pasul 1 Mai jos v\u0103 prezent\u0103m o list\u0103 de control care poate ajuta la solu\u021bionarea nedumeririlor sau reclama\u021biilor dvs.: &#8211; Reclama\u021bia dvs. vizeaz\u0103 con\u021binutul unei reclame? Dac\u0103 da, vizita\u021bi situl autorit\u0103\u021bii de reglementare a con\u021binutului publicitar, Consiliul Roman pentru [&hellip;]<\/p>\n","protected":false},"author":101011,"featured_media":0,"parent":0,"menu_order":0,"comment_status":"closed","ping_status":"closed","template":"","meta":[],"_links":{"self":[{"href":"https:\/\/www.youronlinechoices.com\/ro\/wp-json\/wp\/v2\/pages\/537"}],"collection":[{"href":"https:\/\/www.youronlinechoices.com\/ro\/wp-json\/wp\/v2\/pages"}],"about":[{"href":"https:\/\/www.youronlinechoices.com\/ro\/wp-json\/wp\/v2\/types\/page"}],"author":[{"embeddable":true,"href":"https:\/\/www.youronlinechoices.com\/ro\/wp-json\/wp\/v2\/users\/101011"}],"replies":[{"embeddable":true,"href":"https:\/\/www.youronlinechoices.com\/ro\/wp-json\/wp\/v2\/comments?post=537"}],"version-history":[{"count":6,"href":"https:\/\/www.youronlinechoices.com\/ro\/wp-json\/wp\/v2\/pages\/537\/revisions"}],"predecessor-version":[{"id":555,"href":"https:\/\/www.youronlinechoices.com\/ro\/wp-json\/wp\/v2\/pages\/537\/revisions\/555"}],"wp:attachment":[{"href":"https:\/\/www.youronlinechoices.com\/ro\/wp-json\/wp\/v2\/media?parent=537"}],"curies":[{"name":"wp","href":"https:\/\/api.w.org\/{rel}","templated":true}]}}