{"id":533,"date":"2020-09-14T09:55:19","date_gmt":"2020-09-14T09:55:19","guid":{"rendered":"https:\/\/www.youronlinechoices.com\/ro\/?page_id=533"},"modified":"2020-09-14T12:17:33","modified_gmt":"2020-09-14T12:17:33","slug":"contact","status":"publish","type":"page","link":"https:\/\/www.youronlinechoices.com\/ro\/contact","title":{"rendered":"Contact"},"content":{"rendered":"\n<p>Poate avem r\u0103spunsuri pentru problema dumneavoastr\u0103. \u00cencerca\u021bi una din op\u021biunile de mai jos:<\/p>\n\n\n\n<p>\u2022&nbsp;<a href=\"https:\/\/www.youronlinechoices.com\/ro\/faqsintrebari-frecvente\">Consulta\u021bi cele mai recente \u00eentreb\u0103ri frecvente<\/a><br>\u2022 Vizita\u021bi <a href=\"https:\/\/www.youronlinechoices.com\/ro\/ajutor\">pagina \u201eAsisten\u021b\u0103\u201d<\/a><\/p>\n\n\n\n<p>\u2022&nbsp;<a href=\"https:\/\/www.youronlinechoices.com\/ro\/reclamatii\">Dac\u0103 dori\u021bi s\u0103 \u00eenregistra\u021bi o reclama\u021bie oficial\u0103, vizita\u021bi pagina \u201eReclama\u021bii\u201d<\/a><br>\u2022 Consulta\u021bi&nbsp;<a href=\"https:\/\/www.youronlinechoices.com\/ro\/protejarea-confidentialitatii-dumneavoastra\">Politica de confiden\u021bialitate<\/a><br>\u2022 Pentru \u00eentreb\u0103ri suplimentare, trimite\u021bi-ne o descriere scurt\u0103 a \u00eentreb\u0103rii\/feedback-ului la adresa privacy [at]&nbsp;edaa[.]eu<\/p>\n\n\n\n<p><!-- br-->\n<p><!-- br-->\n\n<p><strong>Not\u0103: Datele dvs. personale vor fi utilizate exclusiv pentru a v\u0103 r\u0103spunde la \u00eentrebare. Nu vor fi incluse \u00een nicio baz\u0103 de date de marketing \u0219i nu vor fi folosite \u00een scopuri de marketing.<\/strong><\/p><\/p>\n","protected":false},"excerpt":{"rendered":"<p>Poate avem r\u0103spunsuri pentru problema dumneavoastr\u0103. \u00cencerca\u021bi una din op\u021biunile de mai jos: \u2022&nbsp;Consulta\u021bi cele mai recente \u00eentreb\u0103ri frecvente\u2022 Vizita\u021bi pagina \u201eAsisten\u021b\u0103\u201d \u2022&nbsp;Dac\u0103 dori\u021bi s\u0103 \u00eenregistra\u021bi o reclama\u021bie oficial\u0103, vizita\u021bi pagina \u201eReclama\u021bii\u201d\u2022 Consulta\u021bi&nbsp;Politica de confiden\u021bialitate\u2022 Pentru \u00eentreb\u0103ri suplimentare, trimite\u021bi-ne o descriere scurt\u0103 a \u00eentreb\u0103rii\/feedback-ului la adresa privacy [at]&nbsp;edaa[.]eu Not\u0103: Datele dvs. personale vor fi utilizate [&hellip;]<\/p>\n","protected":false},"author":101011,"featured_media":0,"parent":0,"menu_order":0,"comment_status":"closed","ping_status":"closed","template":"","meta":[],"_links":{"self":[{"href":"https:\/\/www.youronlinechoices.com\/ro\/wp-json\/wp\/v2\/pages\/533"}],"collection":[{"href":"https:\/\/www.youronlinechoices.com\/ro\/wp-json\/wp\/v2\/pages"}],"about":[{"href":"https:\/\/www.youronlinechoices.com\/ro\/wp-json\/wp\/v2\/types\/page"}],"author":[{"embeddable":true,"href":"https:\/\/www.youronlinechoices.com\/ro\/wp-json\/wp\/v2\/users\/101011"}],"replies":[{"embeddable":true,"href":"https:\/\/www.youronlinechoices.com\/ro\/wp-json\/wp\/v2\/comments?post=533"}],"version-history":[{"count":4,"href":"https:\/\/www.youronlinechoices.com\/ro\/wp-json\/wp\/v2\/pages\/533\/revisions"}],"predecessor-version":[{"id":548,"href":"https:\/\/www.youronlinechoices.com\/ro\/wp-json\/wp\/v2\/pages\/533\/revisions\/548"}],"wp:attachment":[{"href":"https:\/\/www.youronlinechoices.com\/ro\/wp-json\/wp\/v2\/media?parent=533"}],"curies":[{"name":"wp","href":"https:\/\/api.w.org\/{rel}","templated":true}]}}