{"id":407,"date":"2013-10-30T14:02:47","date_gmt":"2013-10-30T14:02:47","guid":{"rendered":"https:\/\/www.youronlinechoices.com\/ro\/?page_id=407"},"modified":"2020-03-05T23:58:17","modified_gmt":"2020-03-05T23:58:17","slug":"termeni-si-conditii-generale","status":"publish","type":"page","link":"https:\/\/www.youronlinechoices.com\/ro\/termeni-si-conditii-generale","title":{"rendered":"Clauze \u0219i condi\u021bii"},"content":{"rendered":"<p><strong><span>Clauze \u0219i condi\u021bii generale<\/span><\/strong><\/p>\n<p><span>\u00a0<\/span><\/p>\n<p><span>Acestea sunt clauzele \u0219i condi\u021biile care reglementeaz\u0103 rela\u021bia dintre EDAA \u0219i dvs., \u00een timp ce utiliza\u021bi site-ul YourOnlineChoices sau accepta\u021bi modulele cookie preferen\u021biale YourOnlineChoices.<\/span><\/p>\n<p><span>\u00a0<\/span><\/p>\n<p><span>EDAA este o asocia\u021bie nonprofit (AiSBL) cu sediul \u00een Bruxelles, \u00eenregistrat\u0103 sub num\u0103rul BE 0846.790.105. Sediul nostru social se afl\u0103 la adresa Rue des Deux Eglises 26 | 1000 Bruxelles.<\/span><\/p>\n<p><span>\u00a0<\/span><\/p>\n<p><span>Site-ul YourOnlineChoices este disponibil la adresele: <a href=\"https:\/\/www.youronlinechoices.eu\/\">www.youronlinechoices.eu<\/a>, <a href=\"https:\/\/www.youronlinechoices.com\">https:\/\/www.youronlinechoices.com<\/a>, <a href=\"https:\/\/www.youronlinechoices.eu\/uk\">www.youronlinechoices.eu\/uk\/<\/a> \u0219i <a href=\"https:\/\/www.youronlinechoices.com\/uk\/\">www.youronlinechoices.com\/uk\/<\/a>. Pute\u021bi vizita site-ul YourOnlineChoices direct, folosind o leg\u0103tur\u0103 de pe un site ter\u021b, sau prin intermediul pictogramei OBA.\u00a0 Pictograma OBA are urm\u0103torul aspect: <a href=\"https:\/\/www.youronlinechoices.com\/uk\/protecting-your-privacy\/oba-icon\" rel=\"attachment wp-att-757\"><img loading=\"lazy\" class=\"alignnone  wp-image-757\" title=\"OBA-icon\" src=\"https:\/\/www.youronlinechoices.com\/uk\/wp-content\/uploads\/2010\/11\/OBA-icon-300x300.jpg\" alt=\"\" width=\"38\" height=\"38\" \/><\/a> \u0219i o pute\u021bi vedea deseori \u00een cadrul sau \u00een apropierea reclamelor afi\u0219ate pe paginile web vizitate de dvs.<\/span><\/p>\n<p><span>\u00a0<\/span><\/p>\n<p><span>\u00cen cadrul prezentului document, termenii \u201enoi\u201d sau \u201enou\u0103\u201d sau \u201eal nostru\u201d semnific\u0103 EDAA; iar termenii \u201edvs.\u201d \u0219i \u201eal dvs.\u201d se refer\u0103 la dvs. \u0219i la orice persoan\u0103 care acceseaz\u0103 site-ul YourOnlineChoices sau face o alegere cu privire la publicitatea comportamental\u0103 online, prin intermediul platformei de op\u021biuni pentru consumatori, de pe YourOnlineChoices, prin browserul sau dispozitivul dvs. sau (\u00een cazul persoanelor juridice) accept\u0103 un modul preferen\u021bial \u00een virtutea op\u021biunii unui vizitator.<\/span><\/p>\n<p><span>\u00a0<\/span><\/p>\n<p><span>De asemenea, ar trebui s\u0103 consulta\u021bi politica noastr\u0103 de confiden\u021bialitate <a href=\"https:\/\/www.youronlinechoices.com\/uk\/protecting-your-privacy\">https:\/\/www.youronlinechoices.com\/uk\/protecting-your-privacy<\/a> care se va aplica ca parte a prezentelor clauze \u0219i condi\u021bii generale.<\/span><\/p>\n<p><span>\u00a0<\/span><\/p>\n<p><span>\u00a0<\/span><\/p>\n<p><span>\u00a0<\/span><\/p>\n<p><span>\u00a0<\/span><\/p>\n<p><strong><span>Preferin\u021bele dvs. privind YourOnlineChoices<\/span><\/strong><\/p>\n<p><span>\u00a0<\/span><\/p>\n<p><span>O func\u021bie esen\u021bial\u0103 a site-ului YourOnlineChoices este aceea de a le transmite societ\u0103\u021bilor participante preferin\u021bele dvs. legate de publicitatea comportamental\u0103 online. Lu\u0103m la cuno\u0219tin\u021b\u0103 de preferin\u021bele dvs. \u0219i le transmitem re\u021belelor de publicitate \u0219i altor societ\u0103\u021bi membre participante, specificate pe pagina platformei YourOnlineChoices <a href=\"https:\/\/www.youronlinechoices.com\/uk\/your-ad-choices\">https:\/\/www.youronlinechoices.com\/uk\/your-ad-choices<\/a>.<\/span><\/p>\n<p><span>\u00a0<\/span><\/p>\n<p><span>Pentru a putea utiliza site-ul YourOnlineChoices, este necesar ca fiecare companie participant\u0103 s\u0103 plaseze un modul cookie \u00een browserul dvs., numit modul cookie preferen\u021bial, astfel \u00eenc\u00e2t s\u0103 putem re\u021bine selec\u021biile dvs. Pute\u021bi g\u0103si mai multe detalii despre modulele cookie \u00een politica noastr\u0103 de confiden\u021bialitate: https:\/\/www.youronlinechoices.com\/uk\/protecting-your-privacy. Dac\u0103 utiliza\u021bi site-ul YourOnlineChoices folosind un alt computer sau browser, sau dac\u0103 elimina\u021bi\/\u0219terge\u021bi modulele cookie, nu vom putea re\u021bine preferin\u021bele dvs. \u0219i va fi necesar s\u0103 reveni\u021bi pe site-ul YourOnlineChoices, pentru a v\u0103 selecta din nou preferin\u021bele. De asemenea, site-ul YourOnlineChoices nu va func\u021biona adecvat dac\u0103 browserul dvs. este configurat s\u0103 blocheze modulele cookie, deoarece preferin\u021bele dvs. nu pot fi salvate \u00een lipsa utiliz\u0103rii modulelor cookie preferen\u021biale.<\/span><\/p>\n<p><span>\u00a0<\/span><\/p>\n<p><span>De\u0219i vom depune toate eforturile rezonabile pentru a transmite preferin\u021bele dvs. de pe site-ul YourOnlineChoices c\u0103tre companiile relevante care sunt men\u021bionate pe site \u00een momentul \u00een care v\u0103 exprima\u021bi preferin\u021bele, site-ul YourOnlineChoices este furnizat \u201eca atare\u201d \u0219i \u201eastfel cum este disponibil\u201d \u0219i nu oferim nicio declara\u021bie, garan\u021bie, condi\u021bie, asigurare sau alte prevederi conform c\u0103rora selec\u021biile dvs. vor fi sau vor r\u0103m\u00e2ne aplicabile. Dac\u0103 a\u021bi constatat c\u0103 selec\u021biile dvs. nu r\u0103m\u00e2n aplicabile, pute\u021bi face o reclama\u021bie \u0219i solicita remedierea situa\u021biei, acces\u00e2nd leg\u0103tura: <a href=\"https:\/\/www.youronlinechoices.com\/uk\/make-a-complaint\">https:\/\/www.youronlinechoices.com\/uk\/make-a-complaint<\/a>.<\/span><\/p>\n<p><span>\u00a0<\/span><\/p>\n<p><strong><span>Obliga\u021biile dvs.<\/span><\/strong><\/p>\n<p><span>\u00a0<\/span><\/p>\n<p><span>Ave\u021bi obliga\u021bia de a v\u0103 comporta \u0219i utiliza site-ul YourOnlineChoices \u00een conformitate cu toate legile \u0219i reglement\u0103rile aplicabile \u0219i \u00eentr-un mod care caracterizeaz\u0103 o persoan\u0103 rezonabil\u0103, responsabil\u0103 \u0219i atent\u0103.<\/span><\/p>\n<p><span>\u00a0<\/span><\/p>\n<p><span>Ave\u021bi obliga\u021bia de a nu utiliza site-ul YourOnlineChoices \u0219i de a nu permite utilizarea site-ului YourOnlineChoices pentru:<\/span><\/p>\n<p><span>(a)\u00a0\u00a0\u00a0\u00a0\u00a0\u00a0\u00a0\u00a0\u00a0\u00a0 activit\u0103\u021bi ilegale sau ilicite sau pentru comiterea unor fapte penale \u0219i\/sau activit\u0103\u021bi infrac\u021bionale;<\/span><\/p>\n<p><span>\u00a0<\/span><\/p>\n<p><span>(b)\u00a0\u00a0\u00a0\u00a0\u00a0\u00a0\u00a0\u00a0\u00a0\u00a0 orice form\u0103 de comunicare cu caracter ilegal, inadecvat, obscen, indecent, calomniator, def\u0103im\u0103tor, amenin\u021b\u0103tor, ofensator, nedorit sau nesolicitat sau care cauzeaz\u0103 deranj, suferin\u021b\u0103 sau team\u0103 \u00een mod inutil sau care \u00eencalc\u0103 ordinea public\u0103 \u0219i\/sau decen\u021ba public\u0103 sau orice legisla\u021bie aplicabil\u0103 privind ura de ras\u0103;<\/span><\/p>\n<p><span>\u00a0<\/span><\/p>\n<p><span>(c)\u00a0\u00a0\u00a0\u00a0\u00a0\u00a0\u00a0\u00a0\u00a0\u00a0\u00a0 orice activitate care poate \u00eenc\u0103lca intimitatea sau drepturile la protec\u021bia datelor ale clien\u021bilor\/abona\u021bilor sau ter\u021bilor; \u0219i<\/span><\/p>\n<p><span>\u00a0<\/span><\/p>\n<p><span>(d)\u00a0\u00a0\u00a0\u00a0\u00a0\u00a0\u00a0\u00a0\u00a0\u00a0 distribuirea de viru\u0219i sau alte programe informatice r\u0103u inten\u021bionate sau perturbarea \u00een orice mod a comunic\u0103rilor sau a stoc\u0103rii datelor sau cauzarea \u00een alt mod a unor prejudicii sau distrugeri asupra site-ului YourOnlineChoices sau restric\u021bionarea ori perturbarea utiliz\u0103rii capacit\u0103\u021bii site-ului YourOnlineChoices pentru al\u021bi utilizatori sau ter\u021bi, inclusiv prin cauzarea unei supra\u00eenc\u0103rc\u0103ri nenecesare a site-ului, generat\u0103 de fluxuri de transfer de date mari \u0219i nejustificate (supra\u00eenc\u0103rcare, mesaje spam etc.).<\/span><\/p>\n<p><span>\u00a0<\/span><\/p>\n<p><span>V\u0103 angaja\u021bi s\u0103 respecta\u021bi drepturile de proprietate intelectual\u0103 (inclusiv, f\u0103r\u0103 restric\u021bie, drepturile de autor, m\u0103rcile comerciale, brevetele, modelele industriale \u0219i drepturile asupra bazelor de date) care ne apar\u021bin nou\u0103 sau licen\u021biatorilor no\u0219tri.<\/span><\/p>\n<p><span>\u00a0<\/span><\/p>\n<p><span>Ne ve\u021bi desp\u0103gubi \u0219i exonera de r\u0103spundere, la cerere, cu privire la orice r\u0103spundere, prejudiciu, cheltuial\u0103, preten\u021bie sau cost (inclusiv costuri \u0219i cheltuieli de judecat\u0103 rezonabile), despre care se stabile\u0219te c\u0103 rezult\u0103 din \u00eenc\u0103lcarea de c\u0103tre dvs. a obliga\u021biilor ce v\u0103 revin prin prezenta sec\u021biune.<\/span><\/p>\n<p><span>\u00a0<\/span><\/p>\n<p><span>\u00cen cazul \u00een care constata\u021bi c\u0103 site-ul YourOnlineChoices v\u0103 \u00eencalc\u0103 drepturile de proprietate intelectual\u0103, drepturile de proprietate sau orice alte drepturi, va trebui s\u0103 ne \u00een\u0219tiin\u021ba\u021bi cu promptitudine, folosind datele de contact de mai jos.<\/span><\/p>\n<p><span>\u00a0<\/span><\/p>\n<p><strong><span>Leg\u0103turi<\/span><\/strong><\/p>\n<p><span>\u00a0<\/span><\/p>\n<p><span>Unele leg\u0103turi de pe site-ul YourOnlineChoices v\u0103 vor permite s\u0103 v\u0103 conecta\u021bi la site-uri care nu sunt controlate de noi. EDAA pune la dispozi\u021bie aceste leg\u0103turi exclusiv pentru confortul dvs. Prezen\u021ba unei leg\u0103turi nu presupune c\u0103 aceasta este aprobat\u0103 de EDAA sau c\u0103 EDAA este responsabil\u0103 de con\u021binutul oric\u0103rui site conex. Accesa\u021bi leg\u0103turile respective pe riscul dvs.<\/span><\/p>\n<p><span>\u00a0<\/span><\/p>\n<p><strong><span>Limit\u0103ri \u0219i excluderea r\u0103spunderii<\/span><\/strong><\/p>\n<p><span>\u00a0<\/span><\/p>\n<p><span>EDAA declin\u0103 orice alt\u0103 declara\u021bie, garan\u021bie, condi\u021bie sau alt\u0103 prevedere, expres\u0103 sau implicit\u0103, prev\u0103zut\u0103 prin lege, colateral\u0103 sau de alt\u0103 natur\u0103, inclusiv, dar f\u0103r\u0103 a se limita la garan\u021biile, condi\u021biile sau alte prevederi implicite, privind calitatea satisf\u0103c\u0103toare, adecvarea pentru un anumit scop sau diligen\u021ba rezonabil\u0103.<\/span><\/p>\n<p><span>\u00a0<\/span><\/p>\n<p><span>Cu excep\u021bia celor men\u021bionate mai jos, EDAA declin\u0103 urm\u0103toarele \u0219i nu va fi r\u0103spunz\u0103toare \u00een virtutea dreptului contractual, a dreptului delictual (care include, f\u0103r\u0103 limitare, neglijen\u021ba), a obliga\u021biilor prev\u0103zute prin lege, a unui precontract sau a altor declara\u021bii (cu excep\u021bia declara\u021biilor false) sau \u00een orice alt mod, \u00een leg\u0103tur\u0103 cu site-ul YourOnlineChoices \u0219i cu prezentele clauze \u0219i condi\u021bii generale, pentru: (a) pierderi sau daune indirecte, speciale sau ap\u0103rute pe cale de consecin\u021b\u0103; (b) pierderea fondului comercial sau a reputa\u021biei; sau (c) orice pierderi de natur\u0103 economic\u0103 (inclusiv pierderea veniturilor, a profiturilor, a contractelor, a oportunit\u0103\u021bilor de afaceri sau a economiilor anticipate), \u00een fiecare caz indiferent dac\u0103 a fost informat\u0103 cu privire la posibilitatea unor astfel de pierderi sau prejudicii \u0219i indiferent de modul \u00een care acestea au fost suportate.<\/span><\/p>\n<p><span>\u00a0<\/span><\/p>\n<p><span>Cu excep\u021bia celor men\u021bionate mai jos, r\u0103spunderea maxim\u0103 a EDAA \u00een virtutea dreptului contractual, a dreptului delictual (incluz\u00e2nd, dar f\u0103r\u0103 a se limita la neglijen\u021b\u0103), a obliga\u021biilor prev\u0103zute prin lege, a unui precontract sau a altor declara\u021bii (cu excep\u021bia declara\u021biilor false) sau \u00een orice alt mod, \u00een leg\u0103tur\u0103 cu prezentul Contract \u0219i cu fiecare component\u0103 a acestuia, inclusiv executarea \u0219i aducerea la \u00eendeplinire a acestuia, va fi limitat\u0103 la 5 euro, cu privire la orice evenimente sau serie de evenimente (av\u00e2nd sau nu leg\u0103tur\u0103 unele cu celelalte) care au avut loc \u00eentr-o perioad\u0103 de dou\u0103sprezece luni.<\/span><\/p>\n<p><span>\u00a0<\/span><\/p>\n<p><span>Nicio dispozi\u021bie a prezentului Contract nu va exclude sau limita r\u0103spunderea pentru deces sau v\u0103t\u0103mare personal\u0103, cauzate de neglijen\u021ba oric\u0103reia dintre p\u0103r\u021bi sau a reprezentan\u021bilor ori a angaja\u021bilor acestora, care ac\u021bioneaz\u0103 \u00een virtutea \u00eendatoririlor lor \u0219i nu va exclude sau limita orice r\u0103spundere a unei p\u0103r\u021bi care nu este exclus\u0103 prin legisla\u021bia aplicabil\u0103.<\/span><\/p>\n<p><span>\u00a0<\/span><\/p>\n<p><span>\u00a0<\/span><\/p>\n<p><span>\u00a0<\/span><\/p>\n<p><strong><span>Termeni generali<\/span><\/strong><\/p>\n<p><span>\u00a0<\/span><\/p>\n<p><em><strong><span>For\u021b\u0103 major\u0103: <\/span><\/strong><\/em><span>un caz de for\u021b\u0103 major\u0103 \u00eenseamn\u0103 orice eveniment care dep\u0103\u0219e\u0219te controlul nostru rezonabil. \u00cen cazul \u00een care un caz de for\u021b\u0103 major\u0103 genereaz\u0103 o ne\u00eendeplinire sau o \u00eent\u00e2rziere \u00een \u00eendeplinirea obliga\u021biilor ce ne revin \u00een baza acestor clauze \u0219i condi\u021bii generale, respectivele obliga\u021bii vor fi suspendate pe durata cazului de for\u021b\u0103 major\u0103.<\/span><\/p>\n<p><span>\u00a0<\/span><\/p>\n<p><em><strong><span>Cesiune \u0219i subcontractare: <\/span><\/strong><\/em><span>nu ave\u021bi dreptul de a cesiona, a transfera, a percepe taxe sau a acorda licen\u021b\u0103 c\u0103tre o entitate, \u00een totalitate sau par\u021bial, drepturile \u0219i\/sau obliga\u021biile ce v\u0103 revin prin prezentele clauze \u0219i condi\u021bii.<\/span><\/p>\n<p><span>\u00a0<\/span><\/p>\n<p><em><strong><span>Rela\u021bie:<\/span><\/strong><\/em><span> nicio prevedere din prezentele clauze \u0219i condi\u021bii nu va crea un parteneriat sau o asociere \u00een participa\u021biune sau o rela\u021bie contractual\u0103 ori de angajare, de niciun fel, \u00eentre dvs. \u0219i noi \u0219i nu va atribui nicio autoritate care nu este prev\u0103zut\u0103 \u00een mod expres \u00een clauze \u0219i condi\u021bii \u0219i nici nu va crea un raport de mandat \u00eentre dvs. \u0219i noi.<\/span><\/p>\n<p><span>\u00a0<\/span><\/p>\n<p><em><strong><span>Integralitatea acordului: <\/span><\/strong><\/em><span>confirma\u021bi faptul c\u0103 prezentele clauze \u0219i condi\u021bii con\u021bin \u00eentregul acord existent \u00eentre noi \u0219i \u00eenlocuiesc orice acorduri, m\u0103suri \u0219i \u00een\u021belegeri anterioare dintre dvs. \u0219i noi cu privire la obiectul clauzelor \u0219i condi\u021biilor. Confirma\u021bi c\u0103 nu v-a\u021bi bazat pe o afirma\u021bie, declara\u021bie sau \u00een\u021belegere ce nu face parte din prezentele clauze \u0219i condi\u021bii \u0219i c\u0103 nu ve\u021bi beneficia de nicio m\u0103sur\u0103 corectiv\u0103 cu privire la orice afirma\u021bie, declara\u021bie sau \u00een\u021belegere care nu reprezint\u0103 o clauz\u0103 expres\u0103, dec\u00e2t dac\u0103 acestea din urm\u0103 au fost emise \u00een mod fraudulos.<\/span><\/p>\n<p><span>\u00a0<\/span><\/p>\n<p><em><strong><span>Renun\u021bare:<\/span><\/strong><\/em><span> nicio situa\u021bie de neexercitare sau exercitare cu \u00eent\u00e2rziere, de c\u0103tre una dintre p\u0103r\u021bi, a unui drept, puteri sau m\u0103suri corective prev\u0103zute prin prezentele clauze \u0219i condi\u021bii nu va constitui o renun\u021bare la respectivul drept, putere sau m\u0103sur\u0103 corectiv\u0103 sau la un alt drept, putere sau m\u0103sur\u0103 corectiv\u0103 iar exercitarea unic\u0103 sau par\u021bial\u0103 de c\u0103tre noi a unui drept, puteri sau m\u0103suri corective nu va exclude exercitarea ulterioar\u0103 a oric\u0103rui alt drept, puteri sau m\u0103suri corective de c\u0103tre noi.<\/span><\/p>\n<p><span>\u00a0<\/span><\/p>\n<p><em><strong><span>Clauza de separabilitate:<\/span><\/strong><\/em><span> \u00een m\u0103sura \u00een care o instan\u021b\u0103 sau o autoritate competent\u0103 constat\u0103 c\u0103 o prevedere din prezentele clauze \u0219i condi\u021bii este nul\u0103, ilegal\u0103 sau inaplicabil\u0103 \u00eentr-o anumit\u0103 jurisdic\u021bie, se va considera c\u0103 respectiva prevedere nu face parte din prezentele clauze \u0219i condi\u021bii \u0219i acest lucru nu va afecta valabilitatea, legalitatea sau aplicabilitatea clauzelor \u0219i a condi\u021biilor r\u0103mase \u0219i nici nu va afecta valabilitatea, legalitatea sau aplicabilitatea respectivei prevederi \u00een alte jurisdic\u021bii.<\/span><\/p>\n<p><span>\u00a0<\/span><\/p>\n<p><em><strong><span>Date \u0219i ore contractuale imperative:<\/span><\/strong><\/em><span> timpul nu reprezint\u0103 un factor esen\u021bial, dec\u00e2t \u00een situa\u021biile \u00een care acest lucru este prev\u0103zut \u00een mod expres.<\/span><\/p>\n<p><span>\u00a0<\/span><\/p>\n<p><em><strong><span>Drepturile ter\u021bilor:<\/span><\/strong><\/em><span> nicio prevedere din prezentele clauze \u0219i condi\u021bii nu va crea sau conferi un drept sau un alt beneficiu, \u00een virtutea Legii privind contractele din 1999 (drepturile ter\u021bilor) sau \u00een alt mod, \u00een favoarea unei persoane, alta dec\u00e2t p\u0103r\u021bile la prezentele clauze \u0219i condi\u021bii.<\/span><\/p>\n<p><span>\u00a0<\/span><\/p>\n<p><em><strong><span>Prevederi diverse:<\/span><\/strong><\/em><span> drepturile \u0219i m\u0103surile corective de care dispun p\u0103r\u021bile \u00een baza acestor clauze \u0219i condi\u021bii sunt cumulative \u0219i suplimentare oric\u0103ror drepturi \u0219i m\u0103suri corective prev\u0103zute prin lege. Orice modificare adus\u0103 prezentelor clauze \u0219i condi\u021bii trebuie redactat\u0103 \u00een scris \u0219i aprobat\u0103 de p\u0103r\u021bi. Prezentele clauze \u0219i condi\u021bii pot fi semnate \u00een mai multe exemplare, precum \u0219i \u00een mod electronic.<\/span><\/p>\n<p><span>\u00a0<\/span><\/p>\n<p><em><strong><span>Legea aplicabil\u0103:<\/span><\/strong><\/em><span> prezentele clauze \u0219i condi\u021bii vor fi interpretate \u00een conformitate cu legile din Belgia, iar fiecare parte accept\u0103 irevocabil competen\u021ba material\u0103 \u0219i teritorial\u0103 neexclusiv\u0103 a instan\u021belor din Bruxelles.<\/span><\/p>\n<p><span>\u00a0<\/span><\/p>\n<p><strong><span>Prevederi finale<\/span><\/strong><\/p>\n<p><span>\u00a0<\/span><\/p>\n<p><strong><span>Politica noastr\u0103 privind reclama\u021biile<\/span><\/strong><\/p>\n<p><span>\u00a0<\/span><\/p>\n<p><span>Vom solu\u021biona orice probleme care ne-au fost aduse la cuno\u0219tin\u021b\u0103 \u0219i pe care le putem remedia c\u00e2t de repede posibil. Dac\u0103 nu sunte\u021bi mul\u021bumit de r\u0103spunsul sau solu\u021bia oferit\u0103, ne pute\u021bi contacta la adresa de mai jos.<\/span><\/p>\n<p><span>\u00a0<\/span><\/p>\n<p><strong><span>Contact<\/span><\/strong><\/p>\n<p><span>\u00a0<\/span><\/p>\n<p><span>Pentru mai multe informa\u021bii sau dac\u0103 ave\u021bi \u00eentreb\u0103ri despre prezentele clauze \u0219i condi\u021bii, v\u0103 rug\u0103m s\u0103 contacta\u021bi EDAA prin e-mail, la adresa: privacy [at] edaa.eu<\/span><\/p>\n<p><span>\u00a0<\/span><\/p>\n<p><span>Suntem European Interactive Digital Advertising Alliance (Alian\u021ba European\u0103 pentru Publicitate Digital\u0103 Interactiv\u0103, EDAA)<br \/>\nSediul nostru social este situat la adresa: Rue des Deux Eglises 26 | 1000 Bruxelles<br \/>\nNum\u0103rul de \u00eenregistrare al societ\u0103\u021bii noastre este BE 0846.790.105<\/span><\/p>\n<p><span>\u00a0<\/span><\/p>\n<p><span>Codul nostru CIF este BE 0846.790.105<\/span><\/p>\n","protected":false},"excerpt":{"rendered":"<p>Clauze \u0219i condi\u021bii generale \u00a0 Acestea sunt clauzele \u0219i condi\u021biile care reglementeaz\u0103 rela\u021bia dintre EDAA \u0219i dvs., \u00een timp ce utiliza\u021bi site-ul YourOnlineChoices sau accepta\u021bi modulele cookie preferen\u021biale YourOnlineChoices. \u00a0 EDAA este o asocia\u021bie nonprofit (AiSBL) cu sediul \u00een Bruxelles, \u00eenregistrat\u0103 sub num\u0103rul BE 0846.790.105. Sediul nostru social se afl\u0103 la adresa Rue des Deux [&hellip;]<\/p>\n","protected":false},"author":3,"featured_media":0,"parent":0,"menu_order":0,"comment_status":"closed","ping_status":"open","template":"","meta":[],"_links":{"self":[{"href":"https:\/\/www.youronlinechoices.com\/ro\/wp-json\/wp\/v2\/pages\/407"}],"collection":[{"href":"https:\/\/www.youronlinechoices.com\/ro\/wp-json\/wp\/v2\/pages"}],"about":[{"href":"https:\/\/www.youronlinechoices.com\/ro\/wp-json\/wp\/v2\/types\/page"}],"author":[{"embeddable":true,"href":"https:\/\/www.youronlinechoices.com\/ro\/wp-json\/wp\/v2\/users\/3"}],"replies":[{"embeddable":true,"href":"https:\/\/www.youronlinechoices.com\/ro\/wp-json\/wp\/v2\/comments?post=407"}],"version-history":[{"count":8,"href":"https:\/\/www.youronlinechoices.com\/ro\/wp-json\/wp\/v2\/pages\/407\/revisions"}],"predecessor-version":[{"id":515,"href":"https:\/\/www.youronlinechoices.com\/ro\/wp-json\/wp\/v2\/pages\/407\/revisions\/515"}],"wp:attachment":[{"href":"https:\/\/www.youronlinechoices.com\/ro\/wp-json\/wp\/v2\/media?parent=407"}],"curies":[{"name":"wp","href":"https:\/\/api.w.org\/{rel}","templated":true}]}}