{"id":278,"date":"2012-01-15T17:24:22","date_gmt":"2012-01-15T17:24:22","guid":{"rendered":"https:\/\/www.youronlinechoices.com\/ro\/?page_id=278"},"modified":"2020-09-14T09:20:24","modified_gmt":"2020-09-14T09:20:24","slug":"top-5-recomandari","status":"publish","type":"page","link":"https:\/\/www.youronlinechoices.com\/ro\/top-5-recomandari","title":{"rendered":"Top 5 recomandari"},"content":{"rendered":"<p>Cinci sfaturi esen\u021biale pentru gestionarea confiden\u021bialit\u0103\u021bii online.<br \/>\n<!-- br--><br \/>\n<!-- br--><\/p>\n<h3>1. Nu intra\u021bi \u00een panic\u0103<\/h3>\n<p>Companiile folosesc acest sit \u0219i instrumentele furnizate de noi pentru a furniza, la r\u00e2ndul lor, publicitate comportamental\u0103 sigur\u0103 \u0219i transparent\u0103. Publicitatea comportamental\u0103 se bazeaz\u0103 pe activitatea dvs. de navigare web \u00een furnizarea de reclame care v\u0103 reflect\u0103 interesele prezumate.&nbsp;<span><a href=\"https:\/\/www.youronlinechoices.com\/ro\/despre-publicitatea-comportamentala-online\">Opri\u021bi-v\u0103 pu\u021bin asupra informa\u021biilor despre publicitatea comportamental\u0103.<\/a><\/span><br \/>\n<!-- br--><br \/>\n<!-- br--><\/p>\n<h3>2. C\u0103uta\u021bi pictograma pe siturile web vizitate<\/h3>\n<p>Multe din reclamele de pe siturile vizitate au pictograma AdChoices \u00eencorporat\u0103 (vezi exemplul de mai jos), Cu un clic pe pictogram\u0103 afla\u021bi detalii despre informa\u021biile colectate \u0219i utilizate, precum \u0219i despre modalit\u0103\u021bile de gestionare \u0219i control ale acestora.<\/p>\n<p style=\"text-align: center;\"><img loading=\"lazy\" class=\"aligncenter size-full wp-image-423\" title=\"icon\" src=\"https:\/\/www.youronlinechoices.com\/uk\/wp-content\/uploads\/2010\/11\/icon2.jpg\" alt=\"\" width=\"550\" height=\"200\"><\/p>\n<p><!-- br--><br \/>\n<!-- br--><\/p>\n<h3>3. Accepta\u021bi sau refuza\u021bi publicitatea comportamental\u0103<\/h3>\n<p>Companiile care afi\u0219eaz\u0103 publicitate comportamental\u0103 v\u0103 vor furniza informa\u021bii despre cum s\u0103 o refuza\u021bi.&nbsp;<span><a href=\"https:\/\/www.youronlinechoices.com\/ro\/optiunile-mele\">Refuzul publicit\u0103\u021bii comportamentale.<\/a><\/span><br \/>\n<!-- br--><br \/>\n<!-- br--><\/p>\n<h3>4. Familiariza\u021bi-v\u0103 cu set\u0103rile de confiden\u021bialitate ale propriului computer.<\/h3>\n<p>Le g\u0103si\u021bi \u00een meniul de set\u0103ri al navigatorului. \u021aine\u021bi cont, c\u00e2nd selecta\u021bi op\u021biunile pentru modulele cookie, de faptul c\u0103 acestea fac siturile web mai u\u0219or de utilizat (de exemplu, memoreaz\u0103 preferin\u021bele \u0219i set\u0103rile de limb\u0103 pentru un anumit sit).<\/p>\n<p><!-- br--><br \/>\nExemplul de mai jos prezint\u0103 gestionarea set\u0103rilor de confiden\u021bialitate ale Firefox<\/p>\n<p style=\"text-align: center;\"><a href=\"https:\/\/support.mozilla.org\/ro\/products\/firefox\/privacy-and-security\" target=\"_blank\" rel=\"noopener noreferrer\"><img loading=\"lazy\" class=\"aligncenter wp-image-507 size-thumbnail\" src=\"https:\/\/www.youronlinechoices.com\/ie\/wp-content\/uploads\/2020\/09\/1200px-Firefox_logo_2019.svg_-150x150.png\" alt=\"\" width=\"100\" height=\"100\"><\/a><\/p>\n<p>Exemplul de mai jos prezint\u0103 gestionarea set\u0103rilor de confiden\u021bialitate ale Google Chrome.<\/p>\n<p style=\"text-align: center;\"><a href=\"https:\/\/support.google.com\/chrome\/answer\/95647?hl=ro\" target=\"_blank\" rel=\"noopener noreferrer\"><img loading=\"lazy\" class=\"aligncenter wp-image-508 size-thumbnail\" src=\"https:\/\/www.youronlinechoices.com\/ie\/wp-content\/uploads\/2020\/09\/Google-Chrome-icon-new-150x150.png\" alt=\"\" width=\"100\" height=\"100\"><\/a><\/p>\n<p>Exemplul de mai jos prezint\u0103 gestionarea set\u0103rilor de confiden\u021bialitate ale Safari.<\/p>\n<p style=\"text-align: center;\"><a href=\"https:\/\/support.apple.com\/ro-ro\/guide\/safari\/sfri35610\/mac\" target=\"_blank\" rel=\"noopener noreferrer\"><img loading=\"lazy\" class=\"aligncenter wp-image-509 size-thumbnail\" src=\"https:\/\/www.youronlinechoices.com\/ie\/wp-content\/uploads\/2020\/09\/safari-240-150x150.png\" alt=\"\" width=\"100\" height=\"100\"><\/a><\/p>\n<p><!-- br--><br \/>\n<!-- br--><\/p>\n<h3>5. \u00cencerca\u021bi s\u0103 adapta\u021bi set\u0103rile de confiden\u021bialitate pentru familie<\/h3>\n<p>To\u021bi folosim Internetul diferit \u0219i \u00een scopuri diferite V\u0103 suger\u0103m s\u0103 crea\u021bi conturi diferite de utilizator dac\u0103 computerul familiei este folosit de mai multe persoane. Astfel, set\u0103rile de confiden\u021bialitate (set\u0103rile pentru module cookie sau op\u021biunea de a refuza) pot fi adaptate la nevoile fiec\u0103rui utilizator.<\/p>\n<p>Pentru Windows 10:<\/p>\n<p style=\"text-align: center;\"><img class=\"size-full wp-image-129 aligncenter\" style=\"width: 70%; height: auto;\" title=\"user accounts\" src=\"https:\/\/www.youronlinechoices.com\/uk\/wp-content\/uploads\/2015\/09\/Windows10_accounts.png\" alt=\"user accounts\"><\/p>\n<p>Pentru Mac OS:<\/p>\n<p style=\"text-align: center;\"><img class=\"size-full wp-image-129 aligncenter\" style=\"width: 70%; height: auto;\" title=\"user accounts\" src=\"https:\/\/www.youronlinechoices.com\/uk\/wp-content\/uploads\/2015\/09\/MAC_accounts.jpg\" alt=\"user accounts\"><\/p>\n","protected":false},"excerpt":{"rendered":"<p>Cinci sfaturi esen\u021biale pentru gestionarea confiden\u021bialit\u0103\u021bii online. 1. Nu intra\u021bi \u00een panic\u0103 Companiile folosesc acest sit \u0219i instrumentele furnizate de noi pentru a furniza, la r\u00e2ndul lor, publicitate comportamental\u0103 sigur\u0103 \u0219i transparent\u0103. Publicitatea comportamental\u0103 se bazeaz\u0103 pe activitatea dvs. de navigare web \u00een furnizarea de reclame care v\u0103 reflect\u0103 interesele prezumate.&nbsp;Opri\u021bi-v\u0103 pu\u021bin asupra informa\u021biilor despre [&hellip;]<\/p>\n","protected":false},"author":3,"featured_media":0,"parent":0,"menu_order":4,"comment_status":"closed","ping_status":"closed","template":"","meta":[],"_links":{"self":[{"href":"https:\/\/www.youronlinechoices.com\/ro\/wp-json\/wp\/v2\/pages\/278"}],"collection":[{"href":"https:\/\/www.youronlinechoices.com\/ro\/wp-json\/wp\/v2\/pages"}],"about":[{"href":"https:\/\/www.youronlinechoices.com\/ro\/wp-json\/wp\/v2\/types\/page"}],"author":[{"embeddable":true,"href":"https:\/\/www.youronlinechoices.com\/ro\/wp-json\/wp\/v2\/users\/3"}],"replies":[{"embeddable":true,"href":"https:\/\/www.youronlinechoices.com\/ro\/wp-json\/wp\/v2\/comments?post=278"}],"version-history":[{"count":20,"href":"https:\/\/www.youronlinechoices.com\/ro\/wp-json\/wp\/v2\/pages\/278\/revisions"}],"predecessor-version":[{"id":530,"href":"https:\/\/www.youronlinechoices.com\/ro\/wp-json\/wp\/v2\/pages\/278\/revisions\/530"}],"wp:attachment":[{"href":"https:\/\/www.youronlinechoices.com\/ro\/wp-json\/wp\/v2\/media?parent=278"}],"curies":[{"name":"wp","href":"https:\/\/api.w.org\/{rel}","templated":true}]}}