{"id":276,"date":"2012-01-15T17:23:55","date_gmt":"2012-01-15T17:23:55","guid":{"rendered":"https:\/\/www.youronlinechoices.com\/ro\/?page_id=276"},"modified":"2020-09-14T12:27:02","modified_gmt":"2020-09-14T12:27:02","slug":"limbaj-specific-folosit","status":"publish","type":"page","link":"https:\/\/www.youronlinechoices.com\/ro\/limbaj-specific-folosit","title":{"rendered":"Limbaj specific folosit"},"content":{"rendered":"<p>Terminologia esen\u021bial\u0103 pentru publicitatea comportamental\u0103 explicat\u0103.<br \/>\n<!-- br--><br \/>\n<!-- br--><br \/>\n<strong>Advertiser\/Marc\u0103<\/strong><\/p>\n<p>O companie care vinde un produs sau serviciu \u0219i deruleaz\u0103 campanii publicitare pentru a le promova. Advertiserul are, de asemenea, propriul sit web \u0219i, prin urmare, poate fi denumit \u0219i furnizor de con\u021binut web\/de\u021bin\u0103tor de sit.<br \/>\n<!-- br--><br \/>\n<!-- br--><br \/>\n<strong>Agen\u021bie de publicitate<\/strong><\/p>\n<p>O companie care colaboreaz\u0103 cu advertiserii \u00een crearea de campanii \u0219i planificarea punerii lor \u00een execu\u021bie, incluz\u00e2nd localizarea optim\u0103 a campaniei pentru rezultate optime.<br \/>\n<!-- br--><br \/>\n<!-- br--><br \/>\n<strong>Agregator de date<\/strong><\/p>\n<p>O companie care coroboreaz\u0103 date din surse multiple \u0219i creeaz\u0103 a\u0219a-numitele segmente pe baz\u0103 de interese (de ex. cump\u0103r\u0103tori de ma\u0219ini). Acestea sunt v\u00e2ndute advertiserilor, agen\u021biilor de publicitate sau re\u021belelor publicitare direct sau prin intermediul bursei de publicitate, pentru reclame c\u00e2t mai bine adaptate consumatorului.<br \/>\n<!-- br--><br \/>\n<!-- br--><br \/>\n<strong>Birou de tranzac\u021bionare al agen\u021bie de publicitate (ATD)<\/strong><\/p>\n<p>O echip\u0103 care, \u00een agen\u021bia de publicitate, colaboreaz\u0103, pentru a gestiona campaniile, cu platformele de gestionare a cererii.<br \/>\n<!-- br--><br \/>\n<!-- br--><br \/>\n<strong>Burs\u0103 de publicitate<\/strong><\/p>\n<p>O companie care func\u021bioneaz\u0103 ca pia\u021b\u0103 liber\u0103 de v\u00e2nzare\/cump\u0103rare de publicitate. La fel ca la bursa de valori, furnizorii de con\u021binut web pot vinde, \u00een timp real, la cel mai bun pre\u021b oferit de un cump\u0103r\u0103tor, spa\u021biu publicitar pe siturile proprii.<br \/>\n<!-- br--><br \/>\n<!-- br--><br \/>\n<strong>Furnizor de con\u021binut web<\/strong><\/p>\n<p>O companie care \u00ee\u0219i promoveaz\u0103 propriul con\u021binut, incluz\u00e2nd adesea produse \u0219i servicii, prin situl web propriu \u0219i, \u00een acest context, vinde publicitate pe respectivul sit pentru a pl\u0103ti pentru aceast\u0103 promovare.<br \/>\n<!-- br--><br \/>\n<!-- br--><br \/>\n<strong>Modul cookie<\/strong><\/p>\n<p>Un modul cookie este un fi\u0219ier care con\u021bine litere \u0219i cifre, desc\u0103rcat pe computerul dvs. c\u00e2nd accesa\u021bi anumite situri. Modulele cookie \u00eei permit sitului web s\u0103 recunoasc\u0103 computerul utilizatorului. Modulele cookie nu necesit\u0103 date personale pentru a fi utile \u0219i, \u00een majoritatea cazurilor, nu identific\u0103 personal utilizatorii de Internet.<br \/>\n<!-- br--><br \/>\n<!-- br--><br \/>\n<strong>Navigator web<\/strong><\/p>\n<p>Software care ob\u021bine \u0219i colecteaz\u0103 resurse informatice \u0219i organizeaz\u0103 \u0219i afi\u0219eaz\u0103 rezultatele \u00eentr-o form\u0103 standardizat\u0103, pe un dispozitiv de tipul computerelor ori telefoanelor mobile. Exemple: Internet Explorer, Firefox, Chrome, Safari \u0219i Opera.<br \/>\n<!-- br--><br \/>\n<!-- br--><br \/>\n<strong>Platform\u0103 de gestionare de date (DMP)<\/strong><\/p>\n<p>O platform\u0103 software utilizat\u0103 pentru colectarea \u0219i gestionarea datelor. Aceasta le permite companiilor s\u0103-\u0219i identifice segmentele vizate, identificare care le permite s\u0103 vizeze utilizatori \u0219i contexte specifice \u00een campaniile publicitare online<br \/>\n<!-- br--><br \/>\n<!-- br--><br \/>\n<strong>Platform\u0103 de gestionare a cererii<\/strong><\/p>\n<p>O companie care conecteaz\u0103 advertiserii cu furnizorii de con\u021binut web. Platforma de gestionare a cererii le permite advertiserilor s\u0103 gestioneze ofertele pe care le fac \u00een timp real prin intermediul bursei de publicitate.<br \/>\n<!-- br--><br \/>\n<!-- br--><br \/>\n<strong>Platform\u0103 de gestionare a ofertei (SSP)<\/strong><\/p>\n<p>O companie care colaboreaz\u0103 cu furnizorii de con\u021binut web pentru maximizarea eficacit\u0103\u021bii sitului web \u0219i, prin urmare, a veniturilor ob\u021binute din v\u00e2nzarea de publicitate.<br \/>\n<!-- br--><br \/>\n<!-- br--><br \/>\n<strong>Publicitate comportamental\u0103<\/strong><\/p>\n<p>Colectarea \u0219i utilizarea de date privind navigarea web pentru a furniza publicitate personalizat\u0103.<br \/>\n<!-- br--><br \/>\n<!-- br--><br \/>\n<strong>Publicitate targetat\u0103<\/strong><\/p>\n<p>Publicitate care vizeaz\u0103 specific un anumit segment de utilizatori pe baz\u0103, de exemplu, de factori demografici sau comportamentali.<br \/>\n<!-- br--><br \/>\n<!-- br--><br \/>\n<strong>Publicitate contextual\u0103<\/strong><\/p>\n<p>Publicitate care vizeaz\u0103 o anumit\u0103 persoan\u0103 la vizitarea unui sit web. Sisteme automate prezint\u0103 reclame \u00een func\u021bie de con\u021binutul paginii. De exemplu, la vizitarea unui sit de evaluare a filmelor, utilizatorului i se pot oferi reclame privind filme noi la cinema, pe DVD sau produse conexe acestora.<br \/>\n<!-- br--><br \/>\n<!-- br--><br \/>\n<strong>Reclame vizuale<\/strong><\/p>\n<p>Reclame afi\u0219ate c\u00e2nd utilizatorii viziteaz\u0103 un sit web. Sunt, de regul\u0103, bannere web sau clipuri video.<br \/>\n<!-- br--><br \/>\n<!-- br--><br \/>\n<strong>Re\u021bea publicitar\u0103<\/strong><\/p>\n<p>O companie care conecteaz\u0103 siturile web \u0219i furnizorii de con\u021binut web cu advertiserii relevan\u021bi.<br \/>\n<!-- br--><br \/>\n<!-- br--><br \/>\n<strong>Server publicitar<\/strong><\/p>\n<p>O companie care de\u021bine tehnologia de implementare a con\u021binutului publicitar pe o pagin\u0103 web relevant\u0103.<\/p>\n","protected":false},"excerpt":{"rendered":"<p>Terminologia esen\u021bial\u0103 pentru publicitatea comportamental\u0103 explicat\u0103. Advertiser\/Marc\u0103 O companie care vinde un produs sau serviciu \u0219i deruleaz\u0103 campanii publicitare pentru a le promova. Advertiserul are, de asemenea, propriul sit web \u0219i, prin urmare, poate fi denumit \u0219i furnizor de con\u021binut web\/de\u021bin\u0103tor de sit. Agen\u021bie de publicitate O companie care colaboreaz\u0103 cu advertiserii \u00een crearea de [&hellip;]<\/p>\n","protected":false},"author":3,"featured_media":0,"parent":0,"menu_order":6,"comment_status":"closed","ping_status":"closed","template":"","meta":[],"_links":{"self":[{"href":"https:\/\/www.youronlinechoices.com\/ro\/wp-json\/wp\/v2\/pages\/276"}],"collection":[{"href":"https:\/\/www.youronlinechoices.com\/ro\/wp-json\/wp\/v2\/pages"}],"about":[{"href":"https:\/\/www.youronlinechoices.com\/ro\/wp-json\/wp\/v2\/types\/page"}],"author":[{"embeddable":true,"href":"https:\/\/www.youronlinechoices.com\/ro\/wp-json\/wp\/v2\/users\/3"}],"replies":[{"embeddable":true,"href":"https:\/\/www.youronlinechoices.com\/ro\/wp-json\/wp\/v2\/comments?post=276"}],"version-history":[{"count":13,"href":"https:\/\/www.youronlinechoices.com\/ro\/wp-json\/wp\/v2\/pages\/276\/revisions"}],"predecessor-version":[{"id":554,"href":"https:\/\/www.youronlinechoices.com\/ro\/wp-json\/wp\/v2\/pages\/276\/revisions\/554"}],"wp:attachment":[{"href":"https:\/\/www.youronlinechoices.com\/ro\/wp-json\/wp\/v2\/media?parent=276"}],"curies":[{"name":"wp","href":"https:\/\/api.w.org\/{rel}","templated":true}]}}