{"id":274,"date":"2012-01-15T17:23:35","date_gmt":"2012-01-15T17:23:35","guid":{"rendered":"https:\/\/www.youronlinechoices.com\/ro\/?page_id=274"},"modified":"2020-09-14T12:13:56","modified_gmt":"2020-09-14T12:13:56","slug":"faqsintrebari-frecvente","status":"publish","type":"page","link":"https:\/\/www.youronlinechoices.com\/ro\/faqsintrebari-frecvente","title":{"rendered":"FAQs\/Intrebari Frecvente"},"content":{"rendered":"<p>\u00cen continuare, v\u0103 prezent\u0103m o list\u0103 cu \u00eentreb\u0103rile cele mai frecvente, care s\u0103 v\u0103 ajute s\u0103 \u00een\u021belege\u021bi publicitatea comportamental\u0103.<br \/>\n<!-- br--><br \/>\n<!-- br--><\/p>\n<p>1. <a href=\"#1\">ce este publicitatea comportamental\u0103?<\/a><\/p>\n<p>2. <a href=\"#2\">cum func\u021bioneaz\u0103 publicitatea comportamental\u0103?<\/a><\/p>\n<p>3. <a href=\"#3\">ce date se folosesc?<\/a><\/p>\n<p>4. <a href=\"#4\">Care sunt beneficiile?<\/a><\/p>\n<p>5. <a href=\"#5\">Nu-mi este amenin\u021bat\u0103 confiden\u021bialitatea?<\/a><\/p>\n<p>6. <a href=\"#6\">Ce s\u0103 fac dac\u0103 nu doresc publicitate de acest tip?<\/a><\/p>\n<p>7. <a href=\"#7\">V\u0103d mai multe reclame dac\u0103 accept publicitatea comportamental\u0103?<\/a><\/p>\n<p>8. <a href=\"#8\">\u00cemi va fi perturbat\u0103 activitatea online de publicitatea comportamental\u0103?<\/a><\/p>\n<p>9. <a href=\"#9\">Vizeaz\u0103 publicitatea comportamental\u0103 copiii?<\/a><\/p>\n<p>10. <a href=\"#10\">Ce sunt bunele practici UE \u0219i \u00een ce fel sunt relevante pentru mine?<\/a><\/p>\n<p>11. <a href=\"#11\">Cum aflu dac\u0103 companiile semnatare respect\u0103 aceste principii?<\/a><\/p>\n<p>12. <a href=\"#12\">Includ bunele practici UE telefoanele mobile \u0219i tabletele?<\/a><\/p>\n<p>13. <a href=\"#13\">Se va desc\u0103rca vreun software pe computerul meu?<\/a><\/p>\n<p>14. <a href=\"#14\">Ce este un modul cookie \u0219i cum se utilizeaz\u0103?<\/a><\/p>\n<p>15. <a href=\"#15\">Pot s\u0103 dezactivez un modul cookie?<\/a><\/p>\n<p>16. <a href=\"#16\">Trebuie s\u0103 refuz dac\u0103 folosesc alt PC la serviciu?<\/a><\/p>\n<p>17. <a href=\"#17\">Dac\u0103 mi-am setat navigatorul web s\u0103 \u0219tearg\u0103 automat modulele cookie c\u00e2nd \u00eel \u00eenchid sau le \u0219terg manual, va fi astfel afectat\u0103 performan\u021ba paginii pentru refuz?<\/a><\/p>\n<p>18. <a href=\"#18\">Dac\u0103 mi-am instalat software de protec\u021bie a confiden\u021bialit\u0103\u021bii sau de blocare a reclamelor pe computer, va fi afectat\u0103 performan\u021ba paginii pentru refuz?<\/a><\/p>\n<p>19. <a href=\"#19\">Va \u00eempiedica refuzul publicit\u0103\u021bii comportamentale primirea de spam ori coresponden\u021b\u0103 nedorit\u0103 sau apari\u021bia ferestrelor pop-up?<\/a><\/p>\n<p>20. <a href=\"#20\">De unde pot s\u0103 aflu mai multe?<\/a><\/p>\n<p>21. <a href=\"#21\">Doresc s\u0103 \u00eenregistrez o reclama\u021bie. Cum procedez?<\/a><\/p>\n<p><!-- br--><br \/>\n<!-- br--><\/p>\n<h2><a name=\"1\"><\/a>1.\u00a0<strong>Ce este publicitatea comportamental\u0103?<\/strong><\/h2>\n<p><!-- br--><\/p>\n<p><span><a href=\"https:\/\/www.youronlinechoices.com\/ro\/despre-publicitatea-comportamentala-online\">Publicitatea comportamental\u0103<\/a><\/span>\u00a0(sau publicitatea online bazat\u0103 pe interese) este o modalitate de folosire a informa\u021biilor privind activitatea dvs. de navigare web pentru a v\u0103 introduce \u00een grupuri de interese comune cu ale altor utilizatori \u0219i pentru a v\u0103 oferi reclame pe baza intereselor respective.<\/p>\n<p>publicitatea comportamental\u0103 difer\u0103 de alte forme de publicitate online, cum ar fi\u00a0<span><a href=\"https:\/\/www.youronlinechoices.com\/ro\/limbaj-specific-folosit\">publicitatea contextual\u0103<\/a><\/span>, fiind furnizat\u0103 corelat cu sesiunile curente de navigare web (inclusiv c\u0103ut\u0103ri \u0219i situri vizitate). Reclamele relevante pot fi prezentate \u0219i pe baza con\u021binutului web vizualizat recent. Acest procedeu este cunoscut sub numele de \u201eretargetare\u201d.<\/p>\n<p><span>\u00a0<\/span><\/p>\n<h2><a name=\"2\"><\/a>2.\u00a0<strong>Cum func\u021bioneaz\u0103 publicitatea comportamental\u0103?<\/strong><\/h2>\n<p><span>\u00a0<\/span><\/p>\n<p>Exist\u0103 mai multe moduri \u00een care se furnizeaz\u0103 publicitate comportamental\u0103. La nivelul de baz\u0103, informa\u021biile despre activitatea dvs. de navigare web, \u00eempreun\u0103 cu acelea\u0219i informa\u021bii de la mii de al\u021bi utilizatori, sunt colectate \u0219i segmentate \u00een grupuri generale cum ar fi \u201ema\u0219ini\u201d, \u201efinan\u021be\u201d, \u201eturism\u201d etc. Profilul intereselor (\u201ema\u0219ini\u201d, de exemplu) este dedus din datele privind siturile sau aplica\u021biile accesate. Apoi, pe computerul\/dispozitivul dvs. sunt plasate module\u00a0<span><a href=\"https:\/\/www.youronlinechoices.com\/ro\/limbaj-specific-folosit\">cookie<\/a><\/span>\u00a0sau tehnologii similare (consulta\u021bi pagina <span><a href=\"https:\/\/www.youronlinechoices.com\/ro\/limbaj-specific-folosit\">Limbaj specific<\/a><\/span>) pentru identificare ca persoan\u0103 interesat\u0103 de categoria \u201ema\u0219ini\u201d. Advertiserii \u0219i siturile web vor personaliza reclame pentru grupuri de utilizatori cu interese identice, iar modulul cookie permite afi\u0219area pentru dvs. de astfel de\u00a0<span><a href=\"https:\/\/www.youronlinechoices.com\/ro\/limbaj-specific-folosit\">reclame vizuale<\/a><\/span>.<\/p>\n<p><iframe loading=\"lazy\" src=\"https:\/\/www.youtube.com\/embed\/Y9Y4Efyxmk4?rel=0\" width=\"600\" height=\"338\" frameborder=\"0\"><\/iframe><\/p>\n<p><span>\u00a0<\/span><\/p>\n<h2><a name=\"3\"><\/a>3.\u00a0<strong>Ce date se folosesc?<\/strong><\/h2>\n<p><span>\u00a0<\/span><\/p>\n<p>Informa\u021biile folosite \u0219i modul lor de utilizare pot varia \u00een publicitatea comportamental\u0103 De exemplu,\u00a0<span><a href=\"https:\/\/www.youronlinechoices.com\/ro\/limbaj-specific-folosit\">re\u021belele publicitare<\/a><\/span>\u00a0tradi\u021bionale colecteaz\u0103 \u0219i utilizeaz\u0103 informa\u021bii c\u00e2nd vizita\u021bi un sit web sau mai multe din cadrul respectivei re\u021bele. Aceste informa\u021bii includ con\u021binutul web vizitat, c\u0103ut\u0103rile-cheie \u0219i reclamele cu care a\u021bi putea s\u0103 reac\u021biona\u021bi. Fiecare companie v\u0103 va furniza detalii suplimentare privind informa\u021biile colectate \u0219i utilizate, disponibile cu un clic pe pictograma AdChoices din reclamele pe care e posibil s\u0103 le vede\u021bi pe situri web.\u00a0<span><a href=\"https:\/\/www.youronlinechoices.com\/ro\/top-5-recomandari\">Consulta\u021bi cele cinci sfaturi esen\u021biale pentru informa\u021bii suplimentare<\/a><\/span>.<\/p>\n<p><span>\u00a0<\/span><\/p>\n<h2><a name=\"4\"><\/a>4.\u00a0<strong>Care sunt beneficiile?<\/strong><\/h2>\n<p><span>\u00a0<\/span><\/p>\n<p>Vizualiza\u021bi\u00a0<span><a href=\"https:\/\/www.youronlinechoices.com\/ro\/limbaj-specific-folosit\">reclame vizuale online<\/a><\/span>\u00a0relevante pentru dvs. \u0219i interesele dvs. De exemplu, dac\u0103 v\u0103 intereseaz\u0103 gr\u0103din\u0103ritul \u0219i vizita\u021bi situri de specialitate e posibil s\u0103 vizualiza\u021bi, \u00een aceea\u0219i sesiune de navigare sau \u00een una ulterioar\u0103, reclame pentru oferte speciale la m\u0103rfuri legate de gr\u0103din\u0103rit, cum ar fi ma\u0219ini de tuns iarba.<\/p>\n<p>De\u0219i op\u021biunile v\u0103 apar\u021bin, mul\u021bi consider\u0103 publicitatea personalizat\u0103 benefic\u0103, deoarece ve\u021bi vizualiza reclame relevante pentru dvs. \u0219i, de asemenea, ve\u021bi avea acces ieftin sau gratuit la con\u021binut, servicii \u0219i aplica\u021bii de calitate. De asemenea, este profitabil\u0103 pentru advertiseri, care pot s\u0103 ajung\u0103 la un public poten\u021bial mai interesat de informa\u021biile pe care le ofer\u0103, excluz\u00e2nd publicul poten\u021bial neinteresat. \u00cen plus, este benefic\u0103 pentru siturile web (furnizori de con\u021binut web), deoarece publicitatea le permite s\u0103 furnizeze ieftin sau gratuit con\u021binut \u0219i s\u0103 \u00ee\u0219i adapteze mai bine reclamele la utilizatori. Aceste venituri din publicitate contribuie la finan\u021barea inova\u021biilor \u0219i serviciilor online viitoare.<\/p>\n<p><span>\u00a0<\/span><\/p>\n<h2><a name=\"5\"><\/a>5.\u00a0<strong>Nu-mi este amenin\u021bat\u0103 confiden\u021bialitatea?<\/strong><\/h2>\n<p><span>\u00a0<\/span><\/p>\n<p><span><a href=\"https:\/\/www.youronlinechoices.eu\/goodpractice\">Principiile de bune practici UE<\/a><\/span>\u00a0au fost concepute special pentru protec\u021bia confiden\u021bialit\u0103\u021bii c\u00e2nd vizualiza\u021bi sau interac\u021biona\u021bi cu reclame online. Pute\u021bi \u00eentotdeauna s\u0103 accepta\u021bi sau s\u0103 refuza\u021bi acest tip de publicitate. Publicitatea mai relevant\u0103 necesit\u0103 c\u00e2teva informa\u021bii despre interesele dvs. \u00cen caz contrar, e posibil s\u0103 nu func\u021bioneze, dar \u00een\u021belegem c\u0103 e posibil ca ideea s\u0103 v\u0103 creeze o stare de disconfort. \u00cen acest caz, pute\u021bi dezactiva publicitatea comportamental\u0103 de\u00a0<span><a href=\"https:\/\/www.youronlinechoices.com\/ro\/optiunile-mele\">aici<\/a><\/span>. Pute\u021bi gestiona \u0219i set\u0103rile de confiden\u021bialitate ale navigatorului web utilizat. Vizita\u021bi pagina\u00a0<span><a href=\"https:\/\/www.youronlinechoices.com\/ro\/top-5-recomandari\">Cinci sfaturi esen\u021biale<\/a><\/span>\u00a0pentru instruc\u021biuni. Multe navigatoare web au mod de navigare incognito. Totu\u0219i, acesta nu are aceea\u0219i semnifica\u021bie \u00een toate navigatoarele, iar terminologia poate s\u0103 difere. Prin urmare, v\u0103 recomand\u0103m s\u0103 verifica\u021bi care sunt func\u021biile activate sau dezactivate \u00een acest mod de navigare \u00een navigatorul preferat.<\/p>\n<p><span>\u00a0<\/span><\/p>\n<h2><a name=\"6\"><\/a>6. <strong>Ce s\u0103 fac dac\u0103 nu doresc publicitate de acest tip?<\/strong><\/h2>\n<p><span>\u00a0<\/span><\/p>\n<p><span><a href=\"https:\/\/www.youronlinechoices.com\/ro\/optiunile-mele\">Pute\u021bi s\u0103 o refuza\u021bi de aici.<\/a><\/span>\u00a0Pute\u021bi gestiona \u0219i set\u0103rile de confiden\u021bialitate ale navigatorului web utilizat.\u00a0Vizita\u021bi pagina\u00a0<span><a href=\"https:\/\/www.youronlinechoices.com\/ro\/top-5-recomandari\">Cinci sfaturi esen\u021biale<\/a><\/span>\u00a0pentru instruc\u021biuni. Multe navigatoare web au \u0219i mod de navigare incognito. Totu\u0219i, acesta nu are aceea\u0219i semnifica\u021bie \u00een toate navigatoarele, iar terminologia poate s\u0103 difere. Prin urmare, v\u0103 recomand\u0103m s\u0103 verifica\u021bi care sunt func\u021biile activate sau dezactivate \u00een acest mod de navigare \u00een navigatorul preferat.<\/p>\n<p>Important: \u021bine\u021bi minte c\u0103 refuzul publicit\u0103\u021bii comportamentale nu \u00eenseamn\u0103 c\u0103 nu ve\u021bi mai vedea publicitate c\u00e2nd naviga\u021bi online. \u00censeamn\u0103 doar c\u0103 publicitatea afi\u0219at\u0103 pe situri web \u0219i \u00een aplica\u021bii nu va mai fi personalizat\u0103 pentru interesele dvs. \u0219i, prin urmare, e posibil s\u0103 fie mai pu\u021bin relevant\u0103.<\/p>\n<p><span>\u00a0<\/span><\/p>\n<h2><a name=\"7\"><\/a>7. <strong>V\u0103d mai multe reclame dac\u0103 accept publicitatea comportamental\u0103?<\/strong><\/h2>\n<p><span>\u00a0<\/span><\/p>\n<p>Nu. \u00censeamn\u0103, pur \u0219i simplu, c\u0103 reclamele pe care le vizualiza\u021bi pe unele situri \u0219i \u00een unele aplica\u021bii vor fi mai bine adaptate intereselor dvs. Acest tip de publicitate online asigur\u0103 furnizarea, ieftin sau gratuit, de con\u021binut \u0219i servicii online foarte variate.<\/p>\n<p><span>\u00a0<\/span><\/p>\n<h2><a name=\"8\"><\/a>8.\u00a0<strong>\u00cemi va fi perturbat\u0103 activitatea online de publicitatea comportamental\u0103?<\/strong><\/h2>\n<p><span>\u00a0<\/span><\/p>\n<p>Nu. Nu ve\u021bi vedea sau sim\u021bi nicio diferen\u021b\u0103 online. Scopul publicit\u0103\u021bii comportamentale este, pur \u0219i simplu, de a v\u0103 oferi reclame mai relevante pe situri web \u0219i \u00een aplica\u021bii.<\/p>\n<p><span>\u00a0<\/span><\/p>\n<h2><a name=\"9\"><\/a>9.\u00a0<strong>Vizeaz\u0103 publicitatea comportamental\u0103 copiii?<\/strong><\/h2>\n<p><span>\u00a0<\/span><\/p>\n<p><span><a href=\"https:\/\/www.youronlinechoices.eu\/goodpractice\">Principiile de bune practici UE<\/a><\/span>\u00a0se angajeaz\u0103 s\u0103 nu le permit\u0103 companiilor crearea \u0219i v\u00e2nzarea de segmente de interes sau public cu scop unic de a crea publicitate comportamental\u0103 viz\u00e2nd copiii cu v\u00e2rst\u0103 cert\u0103 mai mic\u0103 de 13 ani, \u00een conformitate cu prevederile RGPD.<\/p>\n<p><span>\u00a0<\/span><\/p>\n<h2><a name=\"10\"><\/a>10.\u00a0<strong>Ce sunt bunele practici UE \u0219i \u00een ce fel sunt relevante pentru mine?<\/strong><\/h2>\n<p><span>\u00a0<\/span><\/p>\n<p><span><a href=\"https:\/\/www.youronlinechoices.eu\/goodpractice\">Principiile de bune practici UE<\/a><\/span>\u00a0sunt linii directoare pentru companiile care colecteaz\u0103 \u0219i utilizeaz\u0103 online informa\u021bii \u00een scop de publicitate comportamental\u0103 Scopul lor este de a v\u0103 oferi informa\u021bii transparente despre acest tip de publicitate \u0219i mijloace de control al acesteia. La baza principiilor stau\u00a0<span><a href=\"https:\/\/www.youronlinechoices.com\/ro\/top-5-recomandari\">simbolul\/pictograma<\/a><\/span>\u00a0(pictograma AdChoices) afi\u0219ate \u00een reclamele de pe situri web \u0219i din aplica\u021bii care v\u0103 asigur\u0103 informa\u021biile \u0219i controlul susmen\u021bionate. Pentru detalii despre pictogram\u0103, consulta\u021bi pagina\u00a0<span><a href=\"https:\/\/www.youronlinechoices.com\/ro\/top-5-recomandari\">Cinci sfaturi esen\u021biale<\/a><\/span>.<\/p>\n<p><span>\u00a0<\/span><\/p>\n<h2><a name=\"11\"><\/a>11.\u00a0<strong>Cum aflu dac\u0103 companiile semnatare respect\u0103 aceste principii?<\/strong><\/h2>\n<p><span>\u00a0<\/span><\/p>\n<p>Companiile semnatare care se conformeaz\u0103 bunelor practici UE s-au supus unui proces de verificare independent care confirm\u0103 c\u0103 le respect\u0103 integral. Drept dovad\u0103 a \u00eencrederii \u00een companii, acestea primesc un sigiliu electronic. Pute\u021bi consulta lista companiilor de \u00eencredere\u00a0<span><a href=\"https:\/\/www.edaa.eu\/participating-companies\/\" target=\"_blank\" rel=\"noopener noreferrer\">aici<\/a><\/span>. Sigiliul electronic este afi\u0219at l\u00e2ng\u0103 denumirea companiei pe platforma de selectare a op\u021biunilor.<\/p>\n<p><span>\u00a0<\/span><\/p>\n<h2><a name=\"12\"><\/a>12.\u00a0<strong>Includ bunele practici UE telefoanele mobile \u0219i tabletele?<\/strong><\/h2>\n<p><span>\u00a0<\/span><\/p>\n<p>Pute\u021bi s\u0103 vizualiza\u021bi pictograma AdChoices \u0219i pe telefoane mobile sau tablete. Bunele practici UE sunt aplicabile \u0219i telefoanelor mobile \u0219i tabletelor, fiind adaptate pentru diversele tehnologii de afi\u0219are de reclame de pe astfel de platforme, pentru a v\u0103 asigura niveluri de transparen\u021b\u0103 \u0219i control similare, precum \u0219i capacitatea de a v\u0103 gestiona op\u021biunile publicitare \u0219i navigarea online.<\/p>\n<p><span>\u00a0<\/span><\/p>\n<h2><a name=\"13\"><\/a>13. <strong>Se va desc\u0103rca vreun software pe computerul meu?<\/strong><\/h2>\n<p>Nu. Publicitatea comportamental\u0103 nu necesit\u0103 desc\u0103rcarea vreunul software \u0219i nici nu v\u0103 afecteaz\u0103 viteza \u0219i conexiunea Internet.<\/p>\n<h2><a name=\"14\"><\/a>14.\u00a0<strong>Ce este un modul cookie \u0219i cum se utilizeaz\u0103?<\/strong><\/h2>\n<p><span>\u00a0<\/span><\/p>\n<p>Un modul\u00a0<span><a href=\"https:\/\/www.youronlinechoices.com\/ro\/limbaj-specific-folosit\">cookie<\/a><\/span>\u00a0este un fi\u0219ier care con\u021bine litere \u0219i cifre, desc\u0103rcat pe computerul dvs. c\u00e2nd accesa\u021bi anumite situri. Modulele cookie \u00eei permit sitului s\u0103 recunoasc\u0103, la revenirea pe situl web, preferin\u021bele utilizatorului selectate la o vizit\u0103 anterioar\u0103.<\/p>\n<p>Modulele cookie sunt \u00eenregistrate \u00een memoria navigatorului \u0219i con\u021bin, de regul\u0103:<\/p>\n<p>\u2013 Numele serverului de pe care au fost trimise<\/p>\n<p>\u2013 Termenul de valabilitate al modulului cookie<\/p>\n<p>\u2013 O valoare, ad\u0103ugat\u0103, de regul\u0103, \u00een scop de publicitate pe baz\u0103 de date, reprezentat\u0103 de un num\u0103r unic, generat aleatoriu.<\/p>\n<p>Serverul web care emite modulul cookie folose\u0219te num\u0103rul respectiv pentru a v\u0103 recunoa\u0219te c\u00e2nd reveni\u021bi la sit sau naviga\u021bi de la o pagin\u0103 la alta. Modulul cookie poate fi citit \u0219i, prin urmare, utilizat, exclusiv de serverul care l-a emis. Modulele cookie sunt esen\u021biale \u0219i, \u00een unele cazuri, necesare, pentru personalizarea activit\u0103\u021bii pe Internet, iar publicitatea comportamental\u0103 se bazeaz\u0103, de regul\u0103, pe acestea. Not\u0103: modulele cookie sunt utilizate \u0219i \u00een alte scopuri diferite de publicitate.<\/p>\n<p>Internetul este o platform\u0103 cu inovare \u00een ritm rapid, fiind posibil ca nu doar modulele cookie s\u0103 fie utilizate pentru colectarea \u0219i utilizarea de date utilizabile pentru publicitate. De exemplu, se pot folosi metode alternative, cum ar fi amprentarea dispozitivului ori navigatorului. Explica\u021bia o pute\u021bi g\u0103si \u00een pagina Limbaj specific.<\/p>\n<p><span>\u00a0<\/span><\/p>\n<h2><a name=\"15\"><\/a>15. <strong>Pot s\u0103 dezactivez un modul cookie?<\/strong><\/h2>\n<p><span>\u00a0<\/span><\/p>\n<p>Da. Unele navigatoare v\u0103 permit blocarea <span><a href=\"https:\/\/www.youronlinechoices.com\/ro\/limbaj-specific-folosit\">modulelor cookie ter\u021be<\/a><\/span> (module cookie plasate \u00een browser de ter\u021bi, cum ar fi o\u00a0<span><a href=\"https:\/\/www.youronlinechoices.com\/ro\/limbaj-specific-folosit\">re\u021bea publicitar\u0103<\/a><\/span>,\u00a0al\u021bii dec\u00e2t de\u021bin\u0103torul respectivului sit web) sau permit set\u0103ri de blocare exclusiv a modulelor cookie care contravin op\u021biunilor dvs. de confiden\u021bialitate.<\/p>\n<p>Pute\u021bi s\u0103 opta\u021bi pentru dezactivarea tuturor modulelor cookie, cu excep\u021bia celor ale de\u021bin\u0103torului, care nu pot fi dezactivate, dar aceasta v\u0103 poate afecta substan\u021bial navigarea dac\u0103 folosi\u021bi servicii bazate pe module cookie.\u00a0Vizita\u021bi pagina\u00a0<span><a href=\"https:\/\/www.youronlinechoices.com\/ro\/top-5-recomandari\">Cinci sfaturi esen\u021biale<\/a><\/span>\u00a0pentru informa\u021bii suplimentare despre gestionarea set\u0103rilor de confiden\u021bialitate ale navigatorului dvs. web.<\/p>\n<p><span>\u00a0<\/span><\/p>\n<h2><a name=\"16\"><\/a>16. <strong>Trebuie s\u0103 refuz dac\u0103 folosesc alt PC la serviciu?<\/strong><\/h2>\n<p><span>\u00a0<\/span><\/p>\n<p>Da. Refuzul publicit\u0103\u021bii comportamentale de la o anumit\u0103 companie este aplicabil exclusiv colect\u0103rii \u0219i utiliz\u0103rii de date online prin navigatorul de pe computerul sau dispozitivul folosit. Refuzul va afecta, prin urmare, \u0219i alte persoane care folosesc respectivul navigator. Va trebui s\u0103 repeta\u021bi procesul pe fiecare computer, telefon mobil sau tablet\u0103 utilizat\u0103 sau \u00een fiecare navigator (de ex. Internet Explorer, Google Chrome, Mozilla Firefox sau Safari) pentru a refuza orice fel de publicitate comportamental\u0103 de la respectivul furnizor. Pentru informa\u021bii privind refuzul, vizita\u021bi\u00a0<span><a href=\"https:\/\/www.youronlinechoices.com\/ro\/optiunile-mele\">pagina \u201eAsisten\u021b\u0103 pentru refuz\u201d<\/a><\/span>.<\/p>\n<p><span>\u00a0<\/span><\/p>\n<h2><a name=\"17\"><\/a>17. <strong>Dac\u0103 mi-am setat navigatorul web s\u0103 \u0219tearg\u0103 automat modulele cookie c\u00e2nd \u00eel \u00eenchid sau le \u0219terg manual, va fi astfel afectat\u0103 performan\u021ba paginii pentru refuz?<\/strong><\/h2>\n<p><span>\u00a0<\/span><\/p>\n<p>Da. \u00cen momentul de fa\u021b\u0103, pagina pentru refuz seteaz\u0103 un modul cookie de refuz pentru fiecare din companiile listate, care interzice furnizarea de publicitate comportamental\u0103. Dac\u0103 \u0219terge\u021bi modulele cookie din navigatorul web va trebui s\u0103 vizita\u021bi din nou pagina pentru setarea op\u021biunii dorite. Lucr\u0103m la o solu\u021bie mai eficient\u0103, care s\u0103 asigure permanen\u021ba op\u021biunii alese de dvs. Not\u0103: gestionarea modulelor cookie la nivel de navigator web este \u0219i o metod\u0103 de a v\u0103 indica op\u021biunile de confiden\u021bialitate online.<\/p>\n<p><span>\u00a0<\/span><\/p>\n<h2><a name=\"18\"><\/a>18. <strong>Dac\u0103 mi-am instalat software de protec\u021bie a confiden\u021bialit\u0103\u021bii sau de blocare a reclamelor pe computer, va fi afectat\u0103 performan\u021ba paginii pentru refuz?<\/strong><\/h2>\n<p><span>\u00a0<\/span><\/p>\n<p>Este posibil, de\u0219i software-ul respectiv v\u0103 poate asigura un nivel ridicat de protec\u021bie a confiden\u021bialit\u0103\u021bii.<\/p>\n<p><span>\u00a0<\/span><\/p>\n<h2><a name=\"19\"><\/a>19.\u00a0<strong>Va \u00eempiedica refuzul publicit\u0103\u021bii comportamentale primirea de spam ori coresponden\u021b\u0103 nedorit\u0103 sau apari\u021bia ferestrelor pop-up?<\/strong><\/h2>\n<p><span>\u00a0<\/span><\/p>\n<p>Nu. Refuzul publicit\u0103\u021bii comportamentale \u00eenseamn\u0103 doar c\u0103 nu ve\u021bi mai primi reclame vizuale personalizate astfel. Nu afecteaz\u0103 \u0219i nu dezactiveaz\u0103 niciun alt tip de publicitate (de ex. contextual\u0103, aleatorie, prin e-mail sau ferestre pop-up).<\/p>\n<p><span>\u00a0<\/span><\/p>\n<h2><a name=\"20\"><\/a>20. <strong>De unde pot s\u0103 aflu mai multe?<\/strong><\/h2>\n<p>Situl nostru include con\u021binut \u0219i materiale care v\u0103 ofer\u0103 informa\u021bii despre tehnicile \u0219i practicile de publicitate online \u0219i privind gestionarea activit\u0103\u021bii dvs. online. De exemplu, consulta\u021bi pagina\u00a0<span><a href=\"https:\/\/www.youronlinechoices.com\/ro\/top-5-recomandari\">Cinci sfaturi esen\u021biale<\/a><\/span><span>.<\/span> Ocazional, putem lansa \u0219i campanii de con\u0219tientizare \u0219i alte activit\u0103\u021bi, inclusiv ini\u021biative de cercetare \u0219i educative, pentru a-i ajuta pe cet\u0103\u021benii europeni s\u0103 \u00een\u021beleag\u0103 ecosistemul publicitar digital bazat pe date.<\/p>\n<p><span>\u00a0<\/span><\/p>\n<h2><a name=\"21\"><\/a>21. <strong>Doresc s\u0103 \u00eenregistrez o reclama\u021bie privind utilizarea publicit\u0103\u021bii comportamentale. Cum procedez?<\/strong><\/h2>\n<p>Vizita\u021bi\u00a0<span><a href=\"https:\/\/www.youronlinechoices.com\/ro\/reclamatii\">pagina \u201eReclama\u021bii\u201d<\/a><\/span>. \u00cen m\u0103sura posibilit\u0103\u021bilor, am creat parteneriate cu organisme na\u021bionale de standardizare \u00een publicitate pentru a v\u0103 asista \u00een materie de reclama\u021bii privind orice aspect relativ la publicitatea comportamental\u0103 (de exemplu, c\u00e2nd considera\u021bi c\u0103 o companie nu v-a implementat op\u021biunile selectate).<\/p>\n<p>Dac\u0103 nu dori\u021bi s\u0103 \u00eenregistra\u021bi o reclama\u021bie dar dori\u021bi s\u0103 ne trimite\u021bi feedback ori sugestii privind acest sit web, contacta\u021bi-ne folosind <span><a href=\"https:\/\/www.youronlinechoices.com\/ro\/contact\">formularul de contact<\/a><\/span>.<\/p>\n<p>De asemenea, pute\u021bi \u00eenregistra o reclama\u021bie la autoritatea na\u021bional\u0103 pentru protec\u021bia datelor. Consulta\u021bi <span><a href=\"https:\/\/www.youronlinechoices.com\/ro\/protejarea-confidentialitatii-dumneavoastra\">politica de confiden\u021bialitate<\/a><\/span>\u00a0pentru datele de contact ale autorit\u0103\u021bii na\u021bionale pentru protec\u021bia datelor din \u021bara dvs.<\/p>\n","protected":false},"excerpt":{"rendered":"<p>\u00cen continuare, v\u0103 prezent\u0103m o list\u0103 cu \u00eentreb\u0103rile cele mai frecvente, care s\u0103 v\u0103 ajute s\u0103 \u00een\u021belege\u021bi publicitatea comportamental\u0103. 1. ce este publicitatea comportamental\u0103? 2. cum func\u021bioneaz\u0103 publicitatea comportamental\u0103? 3. ce date se folosesc? 4. Care sunt beneficiile? 5. Nu-mi este amenin\u021bat\u0103 confiden\u021bialitatea? 6. Ce s\u0103 fac dac\u0103 nu doresc publicitate de acest tip? 7. [&hellip;]<\/p>\n","protected":false},"author":3,"featured_media":0,"parent":0,"menu_order":5,"comment_status":"closed","ping_status":"closed","template":"","meta":[],"_links":{"self":[{"href":"https:\/\/www.youronlinechoices.com\/ro\/wp-json\/wp\/v2\/pages\/274"}],"collection":[{"href":"https:\/\/www.youronlinechoices.com\/ro\/wp-json\/wp\/v2\/pages"}],"about":[{"href":"https:\/\/www.youronlinechoices.com\/ro\/wp-json\/wp\/v2\/types\/page"}],"author":[{"embeddable":true,"href":"https:\/\/www.youronlinechoices.com\/ro\/wp-json\/wp\/v2\/users\/3"}],"replies":[{"embeddable":true,"href":"https:\/\/www.youronlinechoices.com\/ro\/wp-json\/wp\/v2\/comments?post=274"}],"version-history":[{"count":35,"href":"https:\/\/www.youronlinechoices.com\/ro\/wp-json\/wp\/v2\/pages\/274\/revisions"}],"predecessor-version":[{"id":544,"href":"https:\/\/www.youronlinechoices.com\/ro\/wp-json\/wp\/v2\/pages\/274\/revisions\/544"}],"wp:attachment":[{"href":"https:\/\/www.youronlinechoices.com\/ro\/wp-json\/wp\/v2\/media?parent=274"}],"curies":[{"name":"wp","href":"https:\/\/api.w.org\/{rel}","templated":true}]}}