{"id":272,"date":"2012-01-15T17:22:56","date_gmt":"2012-01-15T17:22:56","guid":{"rendered":"https:\/\/www.youronlinechoices.com\/ro\/?page_id=272"},"modified":"2020-09-14T09:07:11","modified_gmt":"2020-09-14T09:07:11","slug":"despre-publicitatea-comportamentala-online","status":"publish","type":"page","link":"https:\/\/www.youronlinechoices.com\/ro\/despre-publicitatea-comportamentala-online","title":{"rendered":"Despre publicitatea comportamentala online"},"content":{"rendered":"<p><span><a href=\"https:\/\/www.edaa.eu\/about\/governing-associations\/\" target=\"_blank\" rel=\"noopener noreferrer\">\u0218tim<\/a><\/span>&nbsp;c\u0103 unele persoane \u00een\u021beleg mai bine conceptul de \u201dpublicitate comportamental\u0103\u201d dec\u00e2t altele. Acest sit web a fost creat pentru clarificarea conceptului pentru toat\u0103 lumea.<\/p>\n<p><!-- br--><br \/>\nSimplificat, publicitatea comportamental\u0103 (sau publicitatea online pe baz\u0103 de interese) este o practic\u0103 bazat\u0103 pe activitatea de navigare pe internet, \u00een timp \u0219i pe situri web \u0219i\/sau \u00een diverse aplica\u021bii, permi\u021b\u00e2ndu-le m\u0103rcilor s\u0103 le ofere utilizatorilor de Internet reclame care s\u0103 le reflecte interesele. Este sigur\u0103, transparent\u0103 \u0219i conceput\u0103 v\u0103 ajute pe dvs., consumatorul.<\/p>\n<p><!-- br--><br \/>\n<span><a href=\"https:\/\/www.edaa.eu\/about\/governing-associations\/\" target=\"_blank\" rel=\"noopener noreferrer\">Sectorul european al publicit\u0103\u021bii<\/a><\/span>&nbsp;a conceput un set de <span><a href=\"https:\/\/www.youronlinechoices.com\/goodpractice\" target=\"_blank\" rel=\"noopener noreferrer\">principii de bune practici<\/a><\/span>&nbsp;pe care recomand\u0103 s\u0103 le urmeze firmele. Aceste bune practici se bazeaz\u0103 pe transparen\u021ba companiilor \u00een privin\u021ba informa\u021biilor pe care le colecteaz\u0103 \u0219i utilizeaz\u0103 pentru publicitatea comportamental\u0103, \u00een scopul de a v\u0103 asigura controlul asupra lor. <span><a href=\"https:\/\/www.youronlinechoices.com\/ro\/top-5-recomandari\">Pictograma sau simbolul<\/a><\/span>&nbsp;care apare \u00een reclamele afi\u0219ate pe situri web sau \u00een aplica\u021bii este esen\u021bial\u0103 \u00een acest sens.<\/p>\n<p><!-- br--><br \/>\n<strong>Ce este publicitatea comportamental\u0103?<\/strong><\/p>\n<p><!-- br--><\/p>\n<p>Publicitatea comportamental\u0103 este un mod de a prezenta reclame pe siturile pe care le vizita\u021bi, adapt\u00e2ndu-le, astfel, mai bine la personalitatea \u0219i interesele dvs. Interesele comune sunt grupate pe baza activit\u0103\u021bii de navigare anterioare, utilizatorilor de Internet oferindu-li-se ulterior reclame adaptate la interesele lor comune. Astfel, publicitatea devine c\u00e2t mai relevant\u0103 \u0219i util\u0103 posibil. Reclamele relevante pot fi prezentate \u0219i pe baza con\u021binutului paginii web vizitate, inclusiv a produselor pe care le-a\u021bi vizualizat recent. Acest procedeu este cunoscut sub numele de \u201eretargetare\u201d.<\/p>\n<p><!-- br--><br \/>\n<!-- br--><\/p>\n<p><strong>Cum func\u021bioneaz\u0103?<\/strong><\/p>\n<p><!-- br--><br \/>\n<iframe loading=\"lazy\" src=\"https:\/\/www.youtube.com\/embed\/Y9Y4Efyxmk4?rel=0\" width=\"600\" height=\"338\" frameborder=\"0\"><\/iframe><\/p>\n<h2><\/h2>\n<p><strong>Ce fel de companii sunt implicate \u00een publicitatea comportamental\u0103?<\/strong><\/p>\n<p>Sunt implicate urm\u0103toarele tipuri de companii:<\/p>\n<ul>\n<li><strong>&#8211; Advertiser<\/strong>, o companie care vinde un produs sau serviciu \u0219i deruleaz\u0103 campanii publicitare pentru a le promova.<\/li>\n<\/ul>\n<ul>\n<li><strong>&#8211; Agen\u021bie de publicitate<\/strong>, o companie care asist\u0103 advertiserii \u00een crearea \u0219i gestionarea de campanii de promovare a produsului sau serviciului advertiserului.<\/li>\n<\/ul>\n<ul>\n<li>&#8211; <strong>Agregator de date<\/strong>, o companie care coroboreaz\u0103 informa\u021bii din surse multiple \u0219i creeaz\u0103 a\u0219a-numitele segmente pe baz\u0103 de interese (de ex. cump\u0103r\u0103tori de ma\u0219ini).<\/li>\n<\/ul>\n<ul>\n<li><strong>&#8211; Birou de tranzac\u021bionare al agen\u021biei de publicitate<\/strong>, o echip\u0103 care, \u00een&nbsp;<span><a href=\"https:\/\/www.youronlinechoices.com\/ro\/limbaj-specific-folosit\">agen\u021bia de publicitate<\/a><\/span>, colaboreaz\u0103, pentru a gestiona campaniile, cu&nbsp;<span><a href=\"https:\/\/www.youronlinechoices.com\/ro\/limbaj-specific-folosit\">platformele de gestionare a cererii<\/a><\/span>.<\/li>\n<\/ul>\n<ul>\n<li><strong>&#8211; Burs\u0103 de publicitate<\/strong>, o companie care func\u021bioneaz\u0103 ca pia\u021b\u0103 liber\u0103 de v\u00e2nzare\/cump\u0103rare de publicitate.<\/li>\n<\/ul>\n<ul>\n<li><strong>&#8211; Furnizor de con\u021binut web<\/strong>, o companie care \u00ee\u0219i promoveaz\u0103 propriul con\u021binut, incluz\u00e2nd adesea produse \u0219i servicii, prin situl web propriu \u0219i, \u00een acest context, vinde publicitate pe respectivul sit pentru a pl\u0103ti pentru aceast\u0103 promovare. Advertiserul are propriul sit web \u0219i, prin urmare, poate fi denumit \u0219i furnizor de con\u021binut web.<\/li>\n<\/ul>\n<ul>\n<li><strong>&#8211; Platform\u0103 de gestionare a cererii<\/strong>, o companie care conecteaz\u0103 advertiserii cu furnizorii de con\u021binut web.<\/li>\n<\/ul>\n<ul>\n<li><strong>&#8211; Platform\u0103 de gestionare de date (DMP)<\/strong>, o platform\u0103 software utilizat\u0103 pentru colectarea \u0219i gestionarea datelor. Aceasta le permite companiilor s\u0103-\u0219i identifice segmentele vizate, identificare care le permite s\u0103 vizeze utilizatori \u0219i contexte specifice \u00een campaniile <strong>publicitare <\/strong>online<\/li>\n<\/ul>\n<ul>\n<li><strong>&#8211; Platform\u0103 de v\u00e2nz\u0103ri<\/strong>, o companie care colaboreaz\u0103 cu furnizorii de con\u021binut web pentru a maximiza venitul din v\u00e2nzarea de publicitate pe situl furnizorului de con\u021binut web.<\/li>\n<\/ul>\n<ul>\n<li><strong>&#8211; Re\u021bea publicitar\u0103<\/strong>, o companie care conecteaz\u0103 siturile web \u0219i&nbsp;<span><a href=\"https:\/\/www.youronlinechoices.com\/ro\/limbaj-specific-folosit\">furnizorii de con\u021binut web<\/a><\/span>&nbsp;cu&nbsp;<span><a href=\"https:\/\/www.youronlinechoices.com\/ro\/limbaj-specific-folosit\">advertiserii<\/a><\/span>&nbsp;relevan\u021bi.<\/li>\n<\/ul>\n<ul>\n<li><strong>&#8211; Server publicitar<\/strong>, o companie care de\u021bine tehnologie de prezentare a reclamelor pe pagini sau situri web relevante<\/li>\n<\/ul>\n<p><!-- br--><br \/>\n\u00cen continuare, v\u0103 prezent\u0103m modul \u00een care aceste companii colaboreaz\u0103 pentru prezentarea de reclame.<\/p>\n<p><iframe loading=\"lazy\" src=\"https:\/\/www.youtube.com\/embed\/1C0n_9DOlwE?rel=0\" width=\"600\" height=\"338\" frameborder=\"0\"><\/iframe><br \/>\n<!-- br--><br \/>\n<!-- br--><br \/>\n<strong>Cum \u00eemi este protejat\u0103 confiden\u021bialitatea?<\/strong><\/p>\n<p>Datele pe care se bazeaz\u0103 prezentarea de publicitate comportamental\u0103 provin din activitatea dvs. de navigare. Dac\u0103 din analizarea lor rezult\u0103 un anumit interes, \u00een computerul dvs. se va salva un&nbsp;<span><a href=\"https:\/\/www.youronlinechoices.com\/ro\/limbaj-specific-folosit\">modul cookie<\/a><\/span>&nbsp;(un fi\u0219ier de mici dimensiuni utilizat de majoritatea siturilor web pentru a stoca informa\u021bii utile \u00een ameliorarea utiliz\u0103rii internetului) sau un alt model tehnologic similar (consulta\u021bi pagina <span><a href=\"https:\/\/www.youronlinechoices.com\/ro\/limbaj-specific-folosit\">Limbaj specific<\/a><\/span>). Prin YourOnlineChoices ave\u021bi controlul asupra publicit\u0103\u021bii online care v\u0103 este oferit\u0103. C\u00e2nd naviga\u021bi pe Internet \u0219i vizita\u021bi diferite situri web, ave\u021bi controlul asupra modulelor cookie neesen\u021biale (de ex. \u00een scop de publicitate) pe care le accepta\u021bi sau refuza\u021bi. Acest control este exercitat prin notific\u0103ri pe sit \u0219i, de asemenea, din set\u0103rile navigatorului web utilizat. Pentru informa\u021bii suplimentare despre publicitatea comportamental\u0103 \u0219i semnalarea preferin\u021belor relative la companiile implicate, vizita\u021bi <span><a href=\"https:\/\/www.youronlinechoices.eu\">www.youronlinechoices.eu<\/a><\/span>.<\/p>\n<p>Compania care colecteaz\u0103 \u0219i utilizeaz\u0103 datele v\u0103 va oferi op\u021biunea de a refuza publicitatea comportamental\u0103. <span><a href=\"https:\/\/www.youronlinechoices.com\/goodpractice\">Principiile de bune practici<\/a><\/span>&nbsp;UE sunt concepute pentru a v\u0103 asigura informa\u021bii \u0219i control suplimentare relative la acest tip de publicitate.&nbsp;\u00cencuraj\u0103m toate companiile din domeniu s\u0103 se \u00eenregistreze pe acest sit pentru a v\u0103 asigura gestionarea optim\u0103 \u0219i complet\u0103 a publicit\u0103\u021bii online accesate.&nbsp;<span><a href=\"https:\/\/www.youronlinechoices.com\/ro\/optiunile-mele\">Clic aici pentru a refuza publicitatea comportamental\u0103<\/a><\/span>. Aten\u021bie: refuzul publicit\u0103\u021bii comportamentale NU duce la absen\u021ba publicit\u0103\u021bii online. Totu\u0219i, e mai pu\u021bin probabil ca reclamele pe care le vede\u021bi s\u0103 fie relevante pentru interesele dvs.<\/p>\n<p><!-- br--><br \/>\n<!-- br--><\/p>\n<p><strong>Mai am \u0219i alte \u00eentreb\u0103ri&#8230; Leg\u0103turi utile:<\/strong><\/p>\n<p><!-- br--><\/p>\n<ul>\n<li><span>Pagina \u201e<a href=\"https:\/\/www.youronlinechoices.com\/ro\/faqsintrebari-frecvente\">\u00centreb\u0103ri frecvente<\/a>\u201d ar trebui s\u0103 v\u0103 ajute s\u0103 g\u0103si\u021bi r\u0103spunsul la orice alte \u00eentreb\u0103ri<\/span><\/li>\n<li><span>De asemenea, v\u0103 suger\u0103m <a href=\"https:\/\/www.youronlinechoices.com\/ro\/top-5-recomandari\">cinci sfaturi esen\u021biale<\/a> pentru \u00een\u021belegerea optim\u0103 a protec\u021biei confiden\u021bialit\u0103\u021bii online \u0219i m\u0103surile de adoptat<\/span><\/li>\n<\/ul>\n","protected":false},"excerpt":{"rendered":"<p>\u0218tim&nbsp;c\u0103 unele persoane \u00een\u021beleg mai bine conceptul de \u201dpublicitate comportamental\u0103\u201d dec\u00e2t altele. Acest sit web a fost creat pentru clarificarea conceptului pentru toat\u0103 lumea. Simplificat, publicitatea comportamental\u0103 (sau publicitatea online pe baz\u0103 de interese) este o practic\u0103 bazat\u0103 pe activitatea de navigare pe internet, \u00een timp \u0219i pe situri web \u0219i\/sau \u00een diverse aplica\u021bii, permi\u021b\u00e2ndu-le [&hellip;]<\/p>\n","protected":false},"author":3,"featured_media":0,"parent":0,"menu_order":2,"comment_status":"closed","ping_status":"closed","template":"","meta":[],"_links":{"self":[{"href":"https:\/\/www.youronlinechoices.com\/ro\/wp-json\/wp\/v2\/pages\/272"}],"collection":[{"href":"https:\/\/www.youronlinechoices.com\/ro\/wp-json\/wp\/v2\/pages"}],"about":[{"href":"https:\/\/www.youronlinechoices.com\/ro\/wp-json\/wp\/v2\/types\/page"}],"author":[{"embeddable":true,"href":"https:\/\/www.youronlinechoices.com\/ro\/wp-json\/wp\/v2\/users\/3"}],"replies":[{"embeddable":true,"href":"https:\/\/www.youronlinechoices.com\/ro\/wp-json\/wp\/v2\/comments?post=272"}],"version-history":[{"count":25,"href":"https:\/\/www.youronlinechoices.com\/ro\/wp-json\/wp\/v2\/pages\/272\/revisions"}],"predecessor-version":[{"id":524,"href":"https:\/\/www.youronlinechoices.com\/ro\/wp-json\/wp\/v2\/pages\/272\/revisions\/524"}],"wp:attachment":[{"href":"https:\/\/www.youronlinechoices.com\/ro\/wp-json\/wp\/v2\/media?parent=272"}],"curies":[{"name":"wp","href":"https:\/\/api.w.org\/{rel}","templated":true}]}}