{"id":184,"date":"2011-03-07T14:48:17","date_gmt":"2011-03-07T14:48:17","guid":{"rendered":"https:\/\/www.youronlinechoices.com\/ro\/?page_id=184"},"modified":"2020-09-14T09:13:34","modified_gmt":"2020-09-14T09:13:34","slug":"optiunile-mele","status":"publish","type":"page","link":"https:\/\/www.youronlinechoices.com\/ro\/optiunile-mele","title":{"rendered":"Optiunile mele"},"content":{"rendered":"<p>Companiile de mai jos sunt furnizori care colaboreaz\u0103 cu situri web pentru colectarea \u0219i utilizarea de informa\u021bii pentru publicitatea comportamental\u0103.<br \/>\n<!-- br--><\/p>\n<p>Clic pe butoanele de mai jos pentru a controlul preferin\u021belor dvs. privind publicitatea comportamental\u0103. Pute\u021bi s\u0103 refuza\u021bi sau accepta\u021bi toate companiile sau s\u0103 le selecta\u021bi individual pe cele preferate. Cu un clic pe butonul \u201eExtindere\u201d pute\u021bi afla mai multe despre companie \u0219i despre situa\u021bia sa relativ\u0103 la publicitatea comportamental\u0103 \u00een navigatorul web utilizat. Dac\u0103 \u00eent\u00e2mpina\u021bi probleme, vizita\u021bi <span><a href=\"https:\/\/www.youronlinechoices.com\/ro\/ajutor\">pagina \u201eAsisten\u021b\u0103\u201d<\/a><\/span>.<\/p>\n<div class=\"liteyellowbg p10\">\n<div class=\"bbsolid bcdarkyellow pb10 mb10\">\n<div class=\"fleft pt10 pl5 pr10\"><img class=\"block attention\" src=\"https:\/\/www.youronlinechoices.com\/images\/pixel.png\" alt=\"\"><\/div>\n<div class=\"fleft w90\">Not\u0103: proced\u00e2nd astfel nu refuza\u021bi orice fel de publicitate online, ci doar reclamele personalizate pentru poten\u021bialele dvs. interese, determinate de activitatea de navigare anterioar\u0103. <a href=\"https:\/\/www.youronlinechoices.com\/ro\/ajutor\">Informa\u021bii suplimentare despre proces<\/a>.<\/div>\n<\/div>\n<div class=\"pl40 pt10 pb10\">\n<p><strong>Explica\u021bia pictogramelor:<\/strong><\/p>\n<div>\n<div class=\"block mb10\"><img class=\"iblock mr5 legend nocookie vamiddle\" src=\"https:\/\/www.youronlinechoices.com\/images\/pixel.png\" alt=\"\"><span class=\"iblock w530 vamiddle\">Compania nu a prezentat reclame comportamentale \u00een navigatorul dvs., dar e posibil s\u0103 prezinte reclame personalizate pentru interesele dvs. \u00een viitor.<\/span><\/div>\n<div class=\"block mb10\"><img class=\"iblock vamiddle mr5 legend on\" src=\"https:\/\/www.youronlinechoices.com\/images\/pixel.png\" alt=\"\"><span class=\"iblock w530 vamiddle\">Compania colecteaz\u0103\/utilizeaz\u0103 date care pot fi folosite pentru a prezenta reclame personalizate pentru interesele dvs.<\/span><\/div>\n<div class=\"block mb10\"><img class=\"iblock vamiddle mr5 legend off\" src=\"https:\/\/www.youronlinechoices.com\/images\/pixel.png\" alt=\"\"><span class=\"iblock w530 vamiddle\">Compania nu colecteaz\u0103 date care pot fi folosite pentru a prezenta reclame personalizate pentru interesele dvs.<\/span><\/div>\n<div class=\"block\"><img class=\"iblock vamiddle mr5 legend noconnection\" src=\"https:\/\/www.youronlinechoices.com\/images\/pixel.png\" alt=\"\"><span class=\"iblock w530 vamiddle\">Compania \u00eent\u00e2mpin\u0103 probleme tehnice \u0219i nu avem acces la situa\u021bia dvs.<\/span><\/div>\n<\/div>\n<\/div>\n<\/div>\n<div>\n<p><iframe loading=\"lazy\" id=\"myiframeid\" src=\"https:\/\/www.youronlinechoices.com\/opt_out_interface_v2?lang=ro\" name=\"myiframeid\" width=\"100%\" height=\"3700\" frameborder=\"0\" scrolling=\"no\"><\/iframe><\/p>\n<div id=\"loadingLoad\">\n<div class=\"reloadButtons\">aaa<\/div>\n<p><span id=\"loadingLoadText\">Collecting your status from 0 companies.This may take a while&#8230;<\/span><\/p>\n<\/div>\n<\/div>\n","protected":false},"excerpt":{"rendered":"<p>Companiile de mai jos sunt furnizori care colaboreaz\u0103 cu situri web pentru colectarea \u0219i utilizarea de informa\u021bii pentru publicitatea comportamental\u0103. Clic pe butoanele de mai jos pentru a controlul preferin\u021belor dvs. privind publicitatea comportamental\u0103. Pute\u021bi s\u0103 refuza\u021bi sau accepta\u021bi toate companiile sau s\u0103 le selecta\u021bi individual pe cele preferate. Cu un clic pe butonul \u201eExtindere\u201d [&hellip;]<\/p>\n","protected":false},"author":3,"featured_media":0,"parent":0,"menu_order":3,"comment_status":"closed","ping_status":"closed","template":"","meta":[],"_links":{"self":[{"href":"https:\/\/www.youronlinechoices.com\/ro\/wp-json\/wp\/v2\/pages\/184"}],"collection":[{"href":"https:\/\/www.youronlinechoices.com\/ro\/wp-json\/wp\/v2\/pages"}],"about":[{"href":"https:\/\/www.youronlinechoices.com\/ro\/wp-json\/wp\/v2\/types\/page"}],"author":[{"embeddable":true,"href":"https:\/\/www.youronlinechoices.com\/ro\/wp-json\/wp\/v2\/users\/3"}],"replies":[{"embeddable":true,"href":"https:\/\/www.youronlinechoices.com\/ro\/wp-json\/wp\/v2\/comments?post=184"}],"version-history":[{"count":30,"href":"https:\/\/www.youronlinechoices.com\/ro\/wp-json\/wp\/v2\/pages\/184\/revisions"}],"predecessor-version":[{"id":526,"href":"https:\/\/www.youronlinechoices.com\/ro\/wp-json\/wp\/v2\/pages\/184\/revisions\/526"}],"wp:attachment":[{"href":"https:\/\/www.youronlinechoices.com\/ro\/wp-json\/wp\/v2\/media?parent=184"}],"curies":[{"name":"wp","href":"https:\/\/api.w.org\/{rel}","templated":true}]}}