{"id":7,"date":"2010-11-30T11:49:08","date_gmt":"2010-11-30T11:49:08","guid":{"rendered":"https:\/\/www.youronlinechoices.com\/pt\/?page_id=7"},"modified":"2020-09-14T13:58:55","modified_gmt":"2020-09-14T13:58:55","slug":"about-behavioural-advertising","status":"publish","type":"page","link":"https:\/\/www.youronlinechoices.com\/pt\/about-behavioural-advertising","title":{"rendered":"Sobre publicidade comportamental"},"content":{"rendered":"<p><span><a href=\"https:\/\/www.edaa.eu\/about\/governing-associations\/\">N\u00f3s<\/a><\/span>&nbsp;compreendemos que algumas pessoas entendem melhor a frase publicidade baseada em interesses do que outras. Este site da Web foi preparado para tornar este t\u00f3pico mais claro para todos.<\/p>\n<p>Em palavras simples, publicidade baseada em interesses (ou publicidade comportamental online) \u00e9 uma pr\u00e1tica que \u00e9 baseada na atividade de navega\u00e7\u00e3o na internet, ao longo do tempo e atrav\u00e9s de diferentes sites da Web e\/ou aplica\u00e7\u00f5es e, permite que as marcas apresentem an\u00fancios aos utilizadores da Web que reflitam os seus interesses. \u00c9 segura, transparente e, concebida para o encorajar, o consumidor.<\/p>\n<p><span><a href=\"https:\/\/www.edaa.eu\/about\/governing-associations\/\" target=\"_blank\" rel=\"noopener noreferrer\">O setor europeu de publicidade<\/a><\/span>&nbsp;desenvolveu um conjunto de&nbsp;<span><a href=\"https:\/\/www.youronlinechoices.com\/goodpractice\">princ\u00edpios de boas pr\u00e1ticas<\/a><\/span>&nbsp;que as empresas devem seguir. Estas boas pr\u00e1ticas baseiam-se na transpar\u00eancia das empresas quanto \u00e0s informa\u00e7\u00f5es que s\u00e3o recolhidas e utilizadas para este fim e, tem como objetivo proporcionar-lhe controlo. No centro deste est\u00e1 um<span><a href=\"https:\/\/www.youronlinechoices.com\/pt\/five-top-tips\"> \u201c\u00edcone\u201d ou s\u00edmbolo<\/a><\/span>&nbsp;que aparece nos an\u00fancios que pode ver em sites da Web ou aplica\u00e7\u00f5es.<br \/>\n<!-- br--><br \/>\n<!-- br--><\/p>\n<h3><\/h3>\n<p><strong>O que \u00e9 a publicidade baseada em interesses?<\/strong><\/p>\n<p>A publicidade baseada em interesses \u00e9 uma forma de apresentar an\u00fancios nos sites da Web que visita e, torn\u00e1-los mais relevantes para si e para os seus interesses. Os interesses partilhados s\u00e3o agrupados com base na atividade anterior de navega\u00e7\u00e3o na Web e, os utilizadores da Web recebem publicidade que corresponde aos seus interesses partilhados. Deste modo, a publicidade pode tornar-se t\u00e3o relevante e \u00fatil quanto poss\u00edvel. Os an\u00fancios relevantes podem, igualmente, ser apresentados com base em conte\u00fados do site da Web, incluindo produtos que visualizou recentemente. Isto \u00e9 conhecido como redireccionamento (\u201cretargeting\u201d).<br \/>\n<!-- br--><br \/>\n<!-- br--><\/p>\n<h3><\/h3>\n<p><strong>Como \u00e9 que funciona?<\/strong><\/p>\n<p><iframe loading=\"lazy\" src=\"https:\/\/www.youtube.com\/embed\/Y9Y4Efyxmk4?rel=0\" width=\"600\" height=\"338\" frameborder=\"0\"><\/iframe><\/p>\n<p><strong>Que empresas est\u00e3o envolvidas na publicidade baseada em interesses?<\/strong><\/p>\n<p>Est\u00e3o envolvidos os seguintes tipos de empresas:<\/p>\n<ul>\n<li><strong>Ag\u00eancia de Publicidade<\/strong> &#8211; uma empresa que trabalha com anunciantes para criar e gerir campanhas para promover o produto ou servi\u00e7o desse anunciante.<\/li>\n<\/ul>\n<ul>\n<li><strong>Agregador de Dados<\/strong> &#8211; uma empresa que re\u00fane informa\u00e7\u00f5es de v\u00e1rias origens e cria &#8220;segmentos&#8221; baseados em interesses (por exemplo, compradores de autom\u00f3veis).<\/li>\n<\/ul>\n<ul>\n<li><strong>Anunciante<\/strong> &#8211; uma empresa que vende um produto ou servi\u00e7o e que realiza campanhas publicit\u00e1rias para promover esse produto ou servi\u00e7o.<\/li>\n<\/ul>\n<ul>\n<li><strong>Editor da Web<\/strong> &#8211; uma empresa que promove os seus conte\u00fados, incluindo frequentemente produtos e servi\u00e7os, atrav\u00e9s do seu site da Web e, neste contexto, vende publicidade no s\u00edtio para ajudar a pagar por eles. Um anunciante ter\u00e1 seu o pr\u00f3prio site da Web e, portanto, tamb\u00e9m ser\u00e1 referido como um editor da Web.<\/li>\n<\/ul>\n<ul>\n<li><strong>Gabinete Comercial de Ag\u00eancia de Publicidade<\/strong>&nbsp;\u2013 uma equipa dentro de uma&nbsp;<span><a href=\"https:\/\/www.youronlinechoices.com\/pt\/jargon-buster\">ag\u00eancia de publicidade<\/a><\/span>&nbsp;que trabalha com&nbsp;<span><a href=\"https:\/\/www.youronlinechoices.com\/pt\/jargon-buster\">Plataformas do Lado da Procura<\/a><\/span>&nbsp;para gerir campanhas.<\/li>\n<\/ul>\n<ul>\n<li><strong>Interc\u00e2mbio de Publicidade<\/strong> &#8211; uma empresa que atua como um mercado aberto para a compra e venda de publicidade.<\/li>\n<\/ul>\n<ul>\n<li><strong>Plataforma do Lado da Procura<\/strong> &#8211; uma empresa que permite que os anunciantes se liguem com os editores da Web.<\/li>\n<\/ul>\n<ul>\n<li><strong>Plataforma de Gest\u00e3o de Dados (DMP)<\/strong> &#8211; uma plataforma de software utilizada para recolher e gerir dados. Permitem que as empresas identifiquem segmentos de p\u00fablico, que podem ser utilizados para direcionar utilizadores e contextos espec\u00edficos nas campanhas de <strong>publicidade<\/strong> online.<\/li>\n<\/ul>\n<ul>\n<li><strong>Plataforma do Lado da Venda<\/strong> &#8211; uma empresa que trabalha com editores da Web para ajudar a maximizar o dinheiro recebido com a venda de publicidade no s\u00edtio do editor.<\/li>\n<\/ul>\n<ul>\n<li><strong>Rede de Publicidade<\/strong>&nbsp;\u2013 uma empresa que agrega sites da Web e&nbsp;<span><a href=\"https:\/\/www.youronlinechoices.com\/pt\/jargon-buster\">editores<\/a><\/span>&nbsp;da Web com&nbsp;<span><a href=\"https:\/\/www.youronlinechoices.com\/pt\/jargon-buster\">anunciantes<\/a><\/span> relevantes.<\/li>\n<\/ul>\n<ul>\n<li><strong>Servidor de publicidade<\/strong> &#8211; uma empresa com tecnologia que apresenta publicidade numa p\u00e1gina relevante de um site da Web.<\/li>\n<\/ul>\n<p><!-- br--><br \/>\n<!-- br--><br \/>\nAbaixo pode ver como \u00e9 que todas estas empresas trabalham para fornecer publicidade.<\/p>\n<p><iframe loading=\"lazy\" src=\"https:\/\/www.youtube.com\/embed\/1C0n_9DOlwE?rel=0\" width=\"600\" height=\"338\" frameborder=\"0\"><\/iframe><\/p>\n<p><!-- br--><br \/>\n<!-- br--><br \/>\n<strong>Como \u00e9 protegida a minha privacidade?<\/strong><\/p>\n<p>Os dados sobre os quais a publicidade baseada em interesses \u00e9 apresentada baseiam-se na sua atividade de navega\u00e7\u00e3o. Se esta an\u00e1lise determinar um interesse particular, um&nbsp;<span><a href=\"https:\/\/www.youronlinechoices.com\/pt\/jargon-buster\">cookie<\/a><\/span>&nbsp;\u2013 um pequeno ficheiro utilizado pela maioria dos sites da Web para armazenar peda\u00e7os de informa\u00e7\u00e3o \u00fateis, para melhorar a sua utiliza\u00e7\u00e3o da Internet &#8211; ou tecnologia semelhante (visualize o nosso <span><a href=\"https:\/\/www.youronlinechoices.com\/pt\/jargon-buster\">gloss\u00e1rio<\/a><\/span>!), que \u00e9 colocado no seu computador. Atrav\u00e9s do YourOnlineChoices, pode controlar a sua experi\u00eancia de publicidade online. Ao navegar na Web e ao visitar sites da Web diferentes, pode controlar quais os cookies n\u00e3o essenciais (por exemplo, para fins de publicidade) que pode aceitar ou recusar. Isto \u00e9 efetuado frequentemente atrav\u00e9s de notifica\u00e7\u00f5es do s\u00edtio e, adicionalmente atrav\u00e9s das configura\u00e7\u00f5es do seu navegador. Pode tamb\u00e9m visitar este site da Web \u2013 <span><a href=\"https:\/\/www.youronlinechoices.eu\">www.youronlinechoices.eu<\/a><\/span> \u2013- para saber mais sobre a publicidade baseada em interesses e, indicar as suas prefer\u00eancias em rela\u00e7\u00e3o \u00e0s empresas envolvidas.<\/p>\n<p>A empresa que recolhe e utiliza os dados, ter\u00e1 tamb\u00e9m uma forma para que possa recusar a publicidade baseada em interesses e, os&nbsp;<span><a href=\"https:\/\/www.youronlinechoices.com\/goodpractice\" target=\"_blank\" rel=\"noopener noreferrer\">princ\u00edpios de boas pr\u00e1ticas<\/a><\/span>&nbsp;em toda a UE s\u00e3o criados especificamente para lhe proporcionar mais informa\u00e7\u00f5es e controlo sobre este tipo de publicidade.&nbsp;Incentivamos todas as empresas relevantes a, juntarem-se a este site, para que tenha um local \u00fanico para gerir melhor a sua experi\u00eancia de publicidade online.&nbsp;<span><a href=\"https:\/\/www.youronlinechoices.com\/pt\/your-ad-choices\">Clique aqui para opt out (autoexclus\u00e3o) de publicidade comportamental<\/a><\/span>. Lembre-se que: desativar a publicidade baseada em interesses N\u00c3O significa que n\u00e3o haver\u00e1 mais publicidade na internet. No entanto, a publicidade que ir\u00e1 ver provavelmente ser\u00e1 menos relevante para os seus interesses.<\/p>\n<p><!-- br--><br \/>\n<!-- br--><br \/>\n<strong>E se eu tiver outras perguntas? Alguns links \u00fateis:<\/strong><\/p>\n<ul>\n<li><span>As nossas <a href=\"https:\/\/www.youronlinechoices.com\/pt\/faqs\">perguntas frequentes<\/a> devem ajudar a dar respostas para quaisquer outras perguntas<\/span><\/li>\n<li><span>Sugerimos, igualmente, <a href=\"https:\/\/www.youronlinechoices.com\/pt\/five-top-tips\">cinco principais sugest\u00f5es<\/a> para o ajudar a entender melhor e a tomar medidas para proteger a sua privacidade online<\/span><\/li>\n<\/ul>\n","protected":false},"excerpt":{"rendered":"<p>N\u00f3s&nbsp;compreendemos que algumas pessoas entendem melhor a frase publicidade baseada em interesses do que outras. Este site da Web foi preparado para tornar este t\u00f3pico mais claro para todos. Em palavras simples, publicidade baseada em interesses (ou publicidade comportamental online) \u00e9 uma pr\u00e1tica que \u00e9 baseada na atividade de navega\u00e7\u00e3o na internet, ao longo do [&hellip;]<\/p>\n","protected":false},"author":3,"featured_media":0,"parent":0,"menu_order":2,"comment_status":"closed","ping_status":"closed","template":"","meta":[],"_links":{"self":[{"href":"https:\/\/www.youronlinechoices.com\/pt\/wp-json\/wp\/v2\/pages\/7"}],"collection":[{"href":"https:\/\/www.youronlinechoices.com\/pt\/wp-json\/wp\/v2\/pages"}],"about":[{"href":"https:\/\/www.youronlinechoices.com\/pt\/wp-json\/wp\/v2\/types\/page"}],"author":[{"embeddable":true,"href":"https:\/\/www.youronlinechoices.com\/pt\/wp-json\/wp\/v2\/users\/3"}],"replies":[{"embeddable":true,"href":"https:\/\/www.youronlinechoices.com\/pt\/wp-json\/wp\/v2\/comments?post=7"}],"version-history":[{"count":35,"href":"https:\/\/www.youronlinechoices.com\/pt\/wp-json\/wp\/v2\/pages\/7\/revisions"}],"predecessor-version":[{"id":569,"href":"https:\/\/www.youronlinechoices.com\/pt\/wp-json\/wp\/v2\/pages\/7\/revisions\/569"}],"wp:attachment":[{"href":"https:\/\/www.youronlinechoices.com\/pt\/wp-json\/wp\/v2\/media?parent=7"}],"curies":[{"name":"wp","href":"https:\/\/api.w.org\/{rel}","templated":true}]}}