{"id":412,"date":"2014-10-27T11:57:09","date_gmt":"2014-10-27T11:57:09","guid":{"rendered":"https:\/\/www.youronlinechoices.com\/pt\/?page_id=412"},"modified":"2020-09-15T09:17:50","modified_gmt":"2020-09-15T09:17:50","slug":"util-video","status":"publish","type":"page","link":"https:\/\/www.youronlinechoices.com\/pt\/util-video","title":{"rendered":"Video \u00datil"},"content":{"rendered":"<h3>Bem-vindos ao Your Online Choices<\/h3>\n<p><!-- br--><\/p>\n<div style=\"width: 90%; margin: 0 auto;\"><video controls=\"controls\" width=\"560\" height=\"350\"><source src=\"https:\/\/www.youronlinechoices.com\/uk\/wp-content\/uploads\/2017\/07\/EDAA8_.mp4\" type=\"video\/mp4\"><\/video><\/div>\n<p><!-- br--><br \/>\n<!-- br--><\/p>\n<div style=\"width: 100%;\">\n<div style=\"width: 90%; margin: 0 auto;\"><!-- br--><br \/>\n<video controls=\"controls\" width=\"560\" height=\"400\"><source src=\"https:\/\/www.youronlinechoices.com\/wp-content\/uploads\/2015\/12\/optout_portuguese.mp4\" type=\"video\/mp4\">Your browser does not support the video tag.<\/video><\/div>\n<\/div>\n<div id=\"page-icon\">\n<!-- br--><br \/>\n<!-- br--><\/p>\n<h3>Como Funciona a OBA (Publicidade Comportamental Online)<\/h3>\n<div style=\"width: 90%; margin: 0 auto;\"><video controls=\"controls\" width=\"560\" height=\"400\"><source src=\"https:\/\/www.youronlinechoices.com\/wp-content\/uploads\/2015\/12\/portughese_how_to.mp4\" type=\"video\/mp4\">Your browser does not support the video tag.<\/video><\/div>\n<\/div>\n<p><!-- br--><br \/>\n<!-- br--><\/p>\n<h3>The Evolution of Online Display Advertising<\/h3>\n<p><!-- br--><\/p>\n<div style=\"width: 90%; margin: 0 auto;\"><video controls=\"controls\" width=\"560\" height=\"350\"><source src=\"https:\/\/www.youronlinechoices.com\/uk\/wp-content\/uploads\/2014\/11\/The_Evolution_of_Online_Display_Advertising.mp4\" type=\"video\/mp4\"><\/video><\/div>\n<p><!-- br--><br \/>\n<!-- br--><\/p>\n<p><strong>Cookies \u2013 uma r\u00e1pida apresenta\u00e7\u00e3o<\/strong><\/p>\n<p><!-- br--><\/p>\n<p>Quer obter mais informa\u00e7\u00f5es sobre a sua experi\u00eancia de navega\u00e7\u00e3o na Internet? Veja este guia em v\u00eddeo abaixo (cortesia do The Guardian) e, saiba tudo sobre cookies, o que eles fazem e, como pode control\u00e1-los.<\/p>\n<p><!-- br--><\/p>\n<div style=\"width: 90%; margin: 0 auto;\"><video controls=\"controls\" width=\"560\" height=\"350\"><source src=\"https:\/\/www.youronlinechoices.com\/uk\/wp-content\/uploads\/2010\/11\/140827GuardianCookies-16x9.mp4\" type=\"video\/mp4\"><\/video><\/div>\n<p><!-- br--><br \/>\n<!-- br--><\/p>\n<h3>Privacy and interest based advertising<\/h3>\n<p><!-- br--><br \/>\n<!-- br--><\/p>\n<div style=\"width: 90%; margin: 0 auto;\"><video controls=\"controls\" width=\"560\" height=\"350\"><source src=\"https:\/\/www.youronlinechoices.com\/uk\/wp-content\/uploads\/2014\/11\/Interest_based_advertising.mp4\" type=\"video\/mp4\"><\/video><\/div>\n<p>via <a href=\"https:\/\/www.youtube.com\/watch?v=zoEXifWBtAs\" target=\"_blank\" rel=\"noopener noreferrer\">youtube.com<\/a><br \/>\n<!-- br--><!-- br--><\/p>\n","protected":false},"excerpt":{"rendered":"<p>Bem-vindos ao Your Online Choices Your browser does not support the video tag. Como Funciona a OBA (Publicidade Comportamental Online) Your browser does not support the video tag. The Evolution of Online Display Advertising Cookies \u2013 uma r\u00e1pida apresenta\u00e7\u00e3o Quer obter mais informa\u00e7\u00f5es sobre a sua experi\u00eancia de navega\u00e7\u00e3o na Internet? Veja este guia em [&hellip;]<\/p>\n","protected":false},"author":3,"featured_media":0,"parent":0,"menu_order":0,"comment_status":"closed","ping_status":"open","template":"","meta":[],"_links":{"self":[{"href":"https:\/\/www.youronlinechoices.com\/pt\/wp-json\/wp\/v2\/pages\/412"}],"collection":[{"href":"https:\/\/www.youronlinechoices.com\/pt\/wp-json\/wp\/v2\/pages"}],"about":[{"href":"https:\/\/www.youronlinechoices.com\/pt\/wp-json\/wp\/v2\/types\/page"}],"author":[{"embeddable":true,"href":"https:\/\/www.youronlinechoices.com\/pt\/wp-json\/wp\/v2\/users\/3"}],"replies":[{"embeddable":true,"href":"https:\/\/www.youronlinechoices.com\/pt\/wp-json\/wp\/v2\/comments?post=412"}],"version-history":[{"count":13,"href":"https:\/\/www.youronlinechoices.com\/pt\/wp-json\/wp\/v2\/pages\/412\/revisions"}],"predecessor-version":[{"id":592,"href":"https:\/\/www.youronlinechoices.com\/pt\/wp-json\/wp\/v2\/pages\/412\/revisions\/592"}],"wp:attachment":[{"href":"https:\/\/www.youronlinechoices.com\/pt\/wp-json\/wp\/v2\/media?parent=412"}],"curies":[{"name":"wp","href":"https:\/\/api.w.org\/{rel}","templated":true}]}}