{"id":27,"date":"2010-11-30T12:28:40","date_gmt":"2010-11-30T12:28:40","guid":{"rendered":"https:\/\/www.youronlinechoices.com\/pt"},"modified":"2025-10-22T19:54:18","modified_gmt":"2025-10-22T19:54:18","slug":"politica-de-privacidade","status":"publish","type":"page","link":"https:\/\/www.youronlinechoices.com\/pt\/politica-de-privacidade","title":{"rendered":"Pol\u00edtica de Privacidade"},"content":{"rendered":"<p><strong>Protecziun da Lur sfera privata<\/strong><\/p>\n<p>&nbsp;<\/p>\n<p>Quista pagina web vegn mantgnida da l\u2019industria publicitara digitela e dirigida da l\u2019European Interactive Digital Advertising Alliance (EDAA). Nus ans engaschains a respetter e proteger la sfera privata da minch\u2019individuel chi interagescha cul passo, preschaint e futur. Scu part da quist ingaschamaint, vulainsa der ad Els infurmaziuns e controllas cleras sur l\u2019infurmaziun persunela cha vains sur Els ed otras datas na persunelas cha pudarons raduner e druver cur ch\u2019Els visitaron nossa pagina web.<\/p>\n<p>&nbsp;<\/p>\n<p><strong>La pagina web<\/strong><\/p>\n<p>&nbsp;<\/p>\n<p>S\u00fcn quista pagina web administrains nus \u00fcna cumponenta clev d\u2019\u00fcn program paneuropeic autoreguland per publicited cumportamentela in lingia (\u00fcna pratcha per servir dap\u00fc annunzchas importantas ad \u00fctilisaturs d\u2019Internet basos s\u00fcn interess conclus). Quist program autoreguland d\u00f2 ad \u00fctilisaturs d\u2019Internet scu Els \u00fcn livel da transparenza augmento e la controlla da la publicited cumportamentela in lingia.<\/p>\n<p>&nbsp;<\/p>\n<p><a href=\"https:\/\/www.youronlinechoices.com\/uk\/protecting-your-privacy\/oba-icon\" rel=\"attachment wp-att-757\"><img loading=\"lazy\" class=\"alignnone  wp-image-757\" title=\"OBA-icon\" src=\"https:\/\/www.youronlinechoices.com\/uk\/wp-content\/uploads\/2010\/11\/OBA-icon-300x300.jpg\" alt=\"\" width=\"38\" height=\"38\"><\/a>La transparenza vegn furnida d\u2019\u00fcna \u201cicona OBA\u201d universelmaing arcugnuschaivla, dispunibla cun \u00fcn text cumpagnadur in tuottas linguas uffizchelas EU (\u00fcna glista cumpletta cul text cumpagnadur per mincha lingua uffizchela EU ais dispunibla <a href=\"https:\/\/edaa.eu\/wp-content\/uploads\/Att-3-technical_specifications_for_iab_eu_oba_fw_v1.pdf#page=15\">co<\/a>), chi cumpara dapertuot inua cha firmas radunan e tramettan datas per scopos cumportamentels in lingia. In clickand s\u00fcll\u2019icona, survegnan ils \u00fctilisaturs infurmaziuns cleras ed inclegiantaivlas sur la publicited cumportamentabla in lingia.<\/p>\n<p>&nbsp;<\/p>\n<p>L\u2019icona permetta als \u00fctilisaturs da fer tschernas e controllas da la publicited cumportamentela in lingia tres las \u00fcsaglias e mez furnieus; quistas \u00fcsaglias e mez incluan quista pagina web. Quista pagina web covra ils pajais da l\u2019Uniun Europea \/ l\u2019Area Economica Europeauna (EU\/EEA) cu eir la Svizzra e la T\u00fcrchia, ed inclua \u00fcna funcziun facila d\u2019\u00fctiliser (dispunibla a minch\u2019\u00fctilisatur da tuot quists pajais glistos) chi ref\u00fcsaron publicited cumportamentabla in lingia per \u00fctilisaturs (da firmas participantas) sch\u2019els tschernan usch\u00e8. \u00dcna da las funcziuns remarchablas da quista pagina web ais ch\u2019ella gnit const\u00fctta ziev\u2019\u00fcn ingaschamaint da l\u2019intera industria, cul sustegn da l\u2019European Advertising Standards Alliance (EASA) e sia rait dad organisaziuns naziunelas auto-reguledas bain stabilidas e largiamaing arcugnuschidas da l\u2019Europa, chi lavuran per sg\u00fcrer sistems effectivs da trattamaint da reclamaziuns, independentamaing e sainza spaisas pels \u00fctilisaturs.<\/p>\n<p>&nbsp;<\/p>\n<p><strong>Lur infurmaziun persunela<\/strong><\/p>\n<p>&nbsp;<\/p>\n<p>Il trattamaint da Lur datas persunelas tres l\u2019EDAA, descrittas in quista notizcha, derivan da Lur permiss o d\u2019\u00fcna necessited contractuela. Cur ch\u2019Els ans furneschan sugestiuns tres mez cha vzais s\u00fcn quista pagina web, collecziunarons e trattarons nus l\u2019infurmaziun persunela ch\u2019Els ans varon deda, scu Lur nom, adressa e-mail e numer da telefon. Quist\u2019infurmaziun nu gnaro druveda per oters scopos cu transmitter Lur sugestiuns. In tscherts cas pudains nus impedir d\u2019adresser directamaing Lur sugestiuns e que po demander da scumpartir quist\u2019infurmaziun cull\u2019importanta organisaziun naziunela da publicited autoreguleda cul scopo da tratter reclamaziuns. Scha que f\u00fcss il cas, nu scumpartiss l\u2019EDAA ing\u00fcn\u2019infurmaziun persunela senz\u2019il pr\u00fcm spiegher ad Els il process in m\u00f6d cler ed obtgnind ouravaint Lur permiss explicit ed infurmativ per agir. Ing\u00fcn\u2019otr\u2019infurmaziun persunela gniss passeda ad oters partieus. Lur infurmaziun persunela gnaro st\u00fczzeda cur ch\u2019il cas saro resolvo a la satisfacziun da tuots duos, Els e l\u2019EDAA.<\/p>\n<p>&nbsp;<\/p>\n<p><strong>Retensiun da datas<\/strong><\/p>\n<p>&nbsp;<\/p>\n<p>L\u2019EDAA retgnaro Lur datas persunelas tenor las exigenzas leghelas, e be usch\u00e8 l\u00f6nch cha necessari per ils scopos descrits in quista notizcha, o usch\u00e8 l\u00f6nch cha prevezza la ledscha o per g\u00fcstificher eventuelas reclamaziuns leghelas.<\/p>\n<p>&nbsp;<\/p>\n<p>Datas persunelas obtgnidas tres dumandas d\u2019infurmaziun e\/o dumandas e\/o reclamaziuns tramissas directamaing a l\u2019EDAA, vegnan retgnidas per 1 an (o usch\u00e8 l\u00f6nch cha prevezza la ledscha o per defender eventuelas reclamaziuns leghelas, sch\u2019Els nu retiran ouravaint Lur permiss da tratter Lur datas persunelas.<\/p>\n<p>&nbsp;<\/p>\n<p><strong>Lur drets<\/strong><\/p>\n<p>&nbsp;<\/p>\n<p>Tenor la ledscha sur la sfera privata Als darons access a datas persunelas per reviser tenor simpla dumanda dad Els. Sch\u2019Els ans dischan cha las datas persunelas sun incorrectas o vegnan druvedas inappropriedamaing farons nus las rectificaziuns, l\u2019actualisaziun, la restricziun da l\u2019\u00fctilisaziun o st\u00fczzarons datas persunelas consideredas inappropriedas. Per as infurmer cu acceder a datas persunelas, per plaschair consult\u00e8 ils puncts da contact menziunos alla fin da quista notizcha da sfera privata. Els haun il dret da ref\u00fcser a mincha mumaint l\u2019\u00fctilisaziun da Lur datas persunelas, tres simpla dumanda als puncts da contact menziunos alla fin da quista notizcha sur la sfera privata. Els haun il dret dad artschaiver Lur datas persunelas in format electronic druvabel e transmetter ad \u00fcn terz partieu (dret da \u201ctransferabilited da datas\u201d).<\/p>\n<p>&nbsp;<\/p>\n<p>L\u2019EDAA as ingascha da lavurer cun Els per obtgnair \u00fcna resoluziun lojela da mincha reclamaziun o problem illa la sfera privata in relaziun cun las activiteds cuviertas in quistas paginas web. Scha, dimpers\u00e8, crajan Els cha l\u2019EDAA nun es steda capabla da\u2019Ls assister per Lur reclamaziun o problem, haun Els il dret da fer \u00fcna reclamaziun a l\u2019autorited supervisora, dasp\u00f6 il pajais member da Lur residenza \u00fcsiteda, o Lur l\u00f6 da lavur o d\u2019\u00fcna violaziun pretaisa da ledschas sur la sfera privata (per la Belgia, vz\u00e8 www.dataprotectionauthority.be e per oters pajais click\u00e8 <a href=\"https:\/\/edpb.europa.eu\/about-edpb\/board\/members_pt\">co<\/a>).<\/p>\n<p>&nbsp;<\/p>\n<p><strong>Diffusiun a terz partieus\/transferimaint da datas persunelas a l\u2019ester<\/strong><\/p>\n<p>&nbsp;<\/p>\n<p>Tres quista pagina web paun Els eir avair l\u2019opziun da der infurmaziuns e\/o reclamaziuns directamaing a la Self-Regulatory Organisation da Lur pajais da residenza (guard\u00e8 <a href=\"https:\/\/www.easa-alliance.org\/members\/europe\">c\u00f2<\/a> per identificher la Self-Regulatory Organisation relevanta). Quist\u2019infurmaziun po cuntgnir datas persunelas chi gnissan alura transmissas directamaing a quist\u2019organisation per Als furnir il scopo da la reclamaziun\/infurmaziun, tenor Lur dumanda.<\/p>\n<p>&nbsp;<\/p>\n<p>Nus Als cussgliains da reviser la politica da sfera privata da quistas organisaziuns auto-reguledas, scha tscherniss da druver quista functiun. In mincha cas gnissan Els infurmos exactamaing a che entited gnissan tramissas Lur datas in druvand quist formulari opziunel in lingia (p.e. in Germania: <a href=\"https:\/\/www.youronlinechoices.com\/de\/beschwerde\/\">https:\/\/www.youronlinechoices.com\/de\/beschwerde\/<\/a>; p.e. in UK: <a href=\"https:\/\/www.youronlinechoices.com\/uk\/make-a-complaint\">https:\/\/www.youronlinechoices.com\/uk\/make-a-complaint<\/a>)<\/p>\n<p>&nbsp;<\/p>\n<p>L\u2019EDAA nu do inavaint ne scumparta ing\u00fcnas datas persunelas sur Els, radunidas s\u00fcn quista pagina cun otras entiteds (arsalv in tscherts cas excepziunels e be cun lur permiss explicit do ouravaint), sainza preg\u00fcdizi per obligs staturaris permiss tres la ledscha, ufficielmaing o tres uordens da tribunels.<\/p>\n<p>&nbsp;<\/p>\n<p><strong>Cookies<\/strong><\/p>\n<p>&nbsp;<\/p>\n<p>Cookies sun pitschens paquets d\u2019infurmaziun chi sun conservos tres Lur navigaziun web. Els vgnan miss s\u00fcn Lur navigatur web tres las paginas web ch\u2019Els visitan. Sch\u2019Els v\u00f6glian sg\u00fcrer cha cookies nu vegnan druvos, guard\u00e8 cugi\u00f2 o visit\u00e8 nos <a href=\"https:\/\/www.youronlinechoices.com\/uk\/five-top-tips\">five top tips<\/a> per dap\u00fc detagls sur cu als administrer o desactiver s\u00fcn Lur configuraziuns da navigaziun web. Guard\u00e8 all\u00f2 cha desactiver cookies per quist scopo significhess cha l\u2019\u00fcsaglia da controlla nu funcziuness p\u00fc e pudess avair \u00fcn effet advers s\u00fcn Lur experienza da naviger dapertuot.<\/p>\n<p>&nbsp;<\/p>\n<p>Bgeras firmas glistedas tenor Lur tschernas da la pagina d\u2019annunzchas drouvan cookies per controller il stedi curraint da Lur cumportament publicitari (p.e. o \u201caccepto\u201d o \u2018ref\u00fcso\u2019, seguond Lur preferenzas tschernidas), cu eir per cumplir la tscherna ch\u2019Els v\u00f6glian druver. Quists cookies sun essenziels per la functionalited da la pagina da controlla ed eir per identificher sbagls in sieu accumplimaint.<\/p>\n<p>&nbsp;<\/p>\n<p>Nus druvains eir cookies s\u00fcn quista pagina web per obtgnair la funcziunalited da la pagina web e generelmaing, per amelgldrer continuedamaing ils servezzans cha\u2019d offrins ad Els tres quista pagina web. Ing\u00fcn detagl persunel vegn conservo in quist process e l\u2019infurmaziun collecteda vegn be druveda globelmaing. Sch\u2019Els v\u00f6glian ref\u00fcser quista funcziun, druv\u00e8 per plaschair la funcziunalited cugi\u00f2.<\/p>\n<p>Guard\u00e8 cugi\u00f2 la descripziun detaglieda dals cookies druvos s\u00fcn quista pagina web.<\/p>\n<p>&nbsp;<\/p>\n<p><strong>Che \u201ccookies\u201d vegnan \u00fctilisos s\u00fcn quista pagina web?<\/strong><\/p>\n<p><strong>&nbsp;<\/strong><\/p>\n<table>\n<tbody>\n<tr>\n<td><strong>Cookie<\/strong><\/td>\n<td><strong>Scopo dal cookie<\/strong><\/td>\n<td><strong>Spezchas da cookies<\/strong><\/td>\n<td><strong>Gener da cookie <\/strong><\/td>\n<\/tr>\n<tr>\n<td><span>Analitica web<\/span><\/td>\n<td>EDAA, baso s\u00fcl Matomo auto-albergio: segna mincha numer da visitas da visitadurs, ed il temp da la pr\u00fcma visita, l\u2019anteriura, e la visita currainta.<\/td>\n<td><span>Pr\u00fcm parti<\/span><\/td>\n<td><span>1 an<\/span><\/td>\n<\/tr>\n<tr>\n<td>Cookie per controller la fiabilited da l\u2019integraziun da firmas<\/td>\n<td>Ad\u00fcso a controller la fiabilited da puncts d\u2019integraziun da firmas illa pagina web.<\/td>\n<td><span>Pr\u00fcm parti<\/span><\/td>\n<td><span>1 mais<\/span><\/td>\n<\/tr>\n<tr>\n<td><span>Cookie bindera da cookie<\/span><\/td>\n<td>\u00dctiliso per algurder ch\u2019\u00fcn visitatur web ho ref\u00fcso la \u201cbindera da cookie\u201d musseda survart da las paginas web.<\/td>\n<td><span>Pr\u00fcm parti<\/span><\/td>\n<td><span>24h<\/span><\/td>\n<\/tr>\n<\/tbody>\n<\/table>\n<p>&nbsp;<\/p>\n<p><strong>Definiziuns:<\/strong><\/p>\n<p>&nbsp;<\/p>\n<ul>\n<li>Cookie \u201cPr\u00fcm parti\u201d&nbsp; \u2013 \u00dcn cookie plazzo tres quista pagina web<\/li>\n<li>Cookie \u201cTerz parti\u201d &nbsp;&nbsp;&nbsp;\u2013 \u00dcn cookie plazzo tres \u00fcn otra domena (p.e. na quista pagina web)<\/li>\n<li>Cookie \u201cpermanent\u201d&nbsp; \u2013&nbsp;&nbsp; L\u2019infurmaziun sur ils cookies vegn constantamaing conserveda in Lur apparat<\/li>\n<\/ul>\n<p>&nbsp;<\/p>\n<p>Nus nu tscherchains da collecziuner Lur infurmaziun persunela e scha fains, vulains anonimiser Lur infurmaziun persunela dalun cha l\u2019ais pratichabla.<\/p>\n<p>&nbsp;<\/p>\n<p><strong>&nbsp;<\/strong><strong>Cu poss administrer l\u2019\u00fctilisaziun da cookies s\u00fcn quista pagina web?<\/strong><\/p>\n<p>&nbsp;<\/p>\n<p>Tuot las tecnologias da navigaziun Als permettan dad administrer ils cookies aint il classificheder da cookies in Lur navigatur web. Que voul dir ch\u2019Els paun o supprimer cookies da Lur classificheder da cookies cur cha glivrais Lur visita a nossa pagina web o definir Lur preferenzas d\u2019\u00fctilisaziun da cookies aunz cu cumanzer da naviger s\u00fcn Lur pagina web. Per plaschair not\u00e8, cu dit aunz, cha supprimer o ref\u00fcser cookies pudess adversariamaing affecter Lur experienza d\u2019\u00fctilisatur da nossa pagina web.<\/p>\n<p>&nbsp;<\/p>\n<p>Els paun chatter dap\u00fc infurmziuns tar:<\/p>\n<ul>\n<li><span><a href=\"https:\/\/www.google.com\/intl\/en\/chrome\/privacy\/\">Google<\/a><\/span><\/li>\n<li><span><a href=\"https:\/\/support.mozilla.org\/en-US\/kb\/cookies-information-websites-store-on-your-computer?redirectlocale=en-US&amp;redirectslug=Cookies#w_cookie-settings\">Firefox<\/a><\/span><\/li>\n<li><span><a href=\"https:\/\/support.microsoft.com\/en-us\/help\/17442\/windows-internet-explorer-delete-manage-cookies\">Windows<\/a><\/span><\/li>\n<li><span><a href=\"https:\/\/www.apple.com\/safari\/#security\">Safari<\/a><\/span><\/li>\n<\/ul>\n<p>&nbsp;<br \/>\n&nbsp;<\/p>\n<p><strong>OPT-OUT<\/strong><\/p>\n<div id=\"matomo-opt-out\"><\/div>\n<p><script src=\"https:\/\/analytics.youronlinechoices.com\/index.php?module=CoreAdminHome&#038;action=optOutJS&#038;divId=matomo-opt-out&#038;language=pt&#038;showIntro=1\"><\/script><\/p>\n<p>&nbsp;<br \/>\n<strong>Contact\u00e8\u2019ns<\/strong><\/p>\n<p>&nbsp;<\/p>\n<p>Sch\u2019Els vessan otras dumandas sur cu cha trattains Lur infurmaziun persunela, o sch\u2019Els vulessan fer ad\u00f6ver da Lur drets suottamiss a quista politica, per plaschair contact\u00e8:<\/p>\n<p>&nbsp;<\/p>\n<p>EDAA | Rue des Deux Eglises 26 | 1000 | Brussels | Belgium<\/p>\n<p>privacy [at] edaa.eu<\/p>\n<p><span>&nbsp;<\/span><\/p>\n","protected":false},"excerpt":{"rendered":"<p>Protecziun da Lur sfera privata &nbsp; Quista pagina web vegn mantgnida da l\u2019industria publicitara digitela e dirigida da l\u2019European Interactive Digital Advertising Alliance (EDAA). Nus ans engaschains a respetter e proteger la sfera privata da minch\u2019individuel chi interagescha cul passo, preschaint e futur. Scu part da quist ingaschamaint, vulainsa der ad Els infurmaziuns e controllas [&hellip;]<\/p>\n","protected":false},"author":3,"featured_media":0,"parent":0,"menu_order":12,"comment_status":"closed","ping_status":"closed","template":"","meta":[],"_links":{"self":[{"href":"https:\/\/www.youronlinechoices.com\/pt\/wp-json\/wp\/v2\/pages\/27"}],"collection":[{"href":"https:\/\/www.youronlinechoices.com\/pt\/wp-json\/wp\/v2\/pages"}],"about":[{"href":"https:\/\/www.youronlinechoices.com\/pt\/wp-json\/wp\/v2\/types\/page"}],"author":[{"embeddable":true,"href":"https:\/\/www.youronlinechoices.com\/pt\/wp-json\/wp\/v2\/users\/3"}],"replies":[{"embeddable":true,"href":"https:\/\/www.youronlinechoices.com\/pt\/wp-json\/wp\/v2\/comments?post=27"}],"version-history":[{"count":19,"href":"https:\/\/www.youronlinechoices.com\/pt\/wp-json\/wp\/v2\/pages\/27\/revisions"}],"predecessor-version":[{"id":611,"href":"https:\/\/www.youronlinechoices.com\/pt\/wp-json\/wp\/v2\/pages\/27\/revisions\/611"}],"wp:attachment":[{"href":"https:\/\/www.youronlinechoices.com\/pt\/wp-json\/wp\/v2\/media?parent=27"}],"curies":[{"name":"wp","href":"https:\/\/api.w.org\/{rel}","templated":true}]}}