{"id":23,"date":"2010-11-30T12:26:08","date_gmt":"2010-11-30T12:26:08","guid":{"rendered":"https:\/\/www.youronlinechoices.com\/pt"},"modified":"2020-09-16T09:20:16","modified_gmt":"2020-09-16T09:20:16","slug":"opt-out-help","status":"publish","type":"page","link":"https:\/\/www.youronlinechoices.com\/pt\/opt-out-help","title":{"rendered":"P\u00e1gina de ajuda"},"content":{"rendered":"<p><strong>Aqui est\u00e3o algumas coisas que precisa saber sobre a autoexclus\u00e3o &#8230;<\/strong><br \/>\n<!-- br--><br \/>\n<!-- br--><\/p>\n<ul>\n<li>&#8211; Se optar pela autoexclus\u00e3o de publicidade baseada em interesses utilizando a <span><a href=\"https:\/\/www.youronlinechoices.com\/pt\/your-ad-choices\">p\u00e1gina de opt out (autoexclus\u00e3o)<\/a><\/span>, \u00e9 importante lembrar que isto n\u00e3o significa que n\u00e3o deixar\u00e1 de receber publicidade quando estiver a utilizar a internet. No entanto, significa que a publicidade apresentada em sites da Web que visita n\u00e3o ser\u00e1 personalizada de acordo com os seus interesses e, pode ser menos relevante para si.<\/li>\n<li>&#8211; Se optar pela autoexclus\u00e3o de publicidade baseada em interesses de um determinado prestador, esta ir\u00e1 apenas aplicar-se \u00e0 recolha de dados por essa empresa em particular e, \u00e0 utiliza\u00e7\u00e3o para fins de publicidade baseada em interesses no navegador Web que est\u00e1 a utilizar. Da mesma forma, se optar pela autoexclus\u00e3o de toda a publicidade baseada em interesses dos prestadores listados, essa ir\u00e1 apenas aplicar-se ao <span><a href=\"https:\/\/www.youronlinechoices.com\/pt\/jargon-buster\">navegador Web<\/a> <\/span>que est\u00e1 a utilizar. Deve seguir o mesmo processo em todos os navegadores Web que utilizar no mesmo e\/ou em computadores ou dispositivos diferentes<strong>.<\/strong>&nbsp;Queira notar que, se existirem contas de utilizador separadas num computador dentro de uma resid\u00eancia, poder\u00e1 personalizar as suas prefer\u00eancias para cada conta.&nbsp;<span><a href=\"https:\/\/www.youronlinechoices.com\/pt\/five-top-tips\">Visualize as nossas cinco principais sugest\u00f5es<\/a><\/span><strong>.<\/strong><\/li>\n<li>&#8211; Se optou pela autoexclus\u00e3o de publicidade baseada em interesses e, em seguida, decide que prefere receber publicidade relevante para os seus interesses, pode optar pela inclus\u00e3o do mesmo modo na nossa <span><a href=\"https:\/\/www.youronlinechoices.com\/pt\/your-ad-choices\">p\u00e1gina de opt out (autoexclus\u00e3o)<\/a><\/span>.&nbsp;Em alternativa, pode eliminar os cookies no seu navegador Web.&nbsp;<span><a href=\"https:\/\/www.youronlinechoices.com\/pt\/five-top-tips\">Para o fazer visualize as nossas cinco principais sugest\u00f5es<\/a><\/span>.<\/li>\n<li>&#8211; Se est\u00e1 a ter alguns problemas espec\u00edficos ou permanentes com a utiliza\u00e7\u00e3o da nossa p\u00e1gina de opt out (autoexclus\u00e3o), consulte abaixo.<\/li>\n<\/ul>\n<p><!-- br--><br \/>\n<!-- br--><br \/>\n<strong>Est\u00e1 a ter dificuldades ao utilizar a ferramenta de prefer\u00eancias neste site da Web?<\/strong><\/p>\n<ul>\n<li>&#8211; Existem v\u00e1rios fatores que podem afetar o desempenho da p\u00e1gina de opt out (autoexclus\u00e3o) que est\u00e3o fora do nosso controlo. Estes incluem problemas da sua conex\u00e3o com a Internet, seguran\u00e7a da rede da empresa ou configura\u00e7\u00f5es do navegador Web.<\/li>\n<li>&#8211; Se est\u00e1 a ter problemas de autoexclus\u00e3o ao utilizar os links que fornecemos neste site da Web, sugerimos que em primeiro lugar <span><a href=\"https:\/\/www.youronlinechoices.com\/pt\/your-ad-choices\">tente novamente<\/a><\/span>.<\/li>\n<\/ul>\n<p><!-- br--><br \/>\n<!-- br--><br \/>\n<strong>Se o problema persistir, visualize abaixo.<\/strong><\/p>\n<ul>\n<li>&#8211; As diversas <strong>ferramentas de autoexclus\u00e3o fornecidas s\u00e3o baseadas em cookies.<\/strong> Se o seu navegador Web n\u00e3o aceita cookies de terceiros, n\u00e3o ir\u00e1 poder utilizar as ferramentas de prefer\u00eancia fornecidas nesta plataforma. Portanto, o seu navegador Web deve aceitar cookies de terceiros para que a autoexclus\u00e3o funcione com sucesso. Visite as <span><a href=\"https:\/\/www.youronlinechoices.com\/pt\/five-top-tips\">nossas cinco principais sugest\u00f5es<\/a> <\/span>para obter mais informa\u00e7\u00f5es sobre como definir as configura\u00e7\u00f5es de privacidade no navegador Web que est\u00e1 a utilizar.<\/li>\n<li>&#8211; Para obter mais informa\u00e7\u00f5es e apoio pode tamb\u00e9m visitar a p\u00e1gina de ajuda espec\u00edfica do navegador Web que est\u00e1 a utilizar. <span><a href=\"https:\/\/support.mozilla.org\/pt-PT\/products\/firefox\/privacy-and-security\" target=\"_blank\" rel=\"noopener noreferrer\">Firefox<\/a><\/span>,&nbsp;<span><a href=\"https:\/\/support.apple.com\/pt-pt\/guide\/safari\/sfri35610\/mac\" target=\"_blank\" rel=\"noopener noreferrer\">Safari<\/a> <\/span>e&nbsp;<span><a href=\"https:\/\/support.google.com\/chrome\/answer\/95647?hl=pt\" target=\"_blank\" rel=\"noopener noreferrer\">Chrome<\/a><\/span><\/li>\n<li>&#8211; Se o problema persistir, verifique as nossas <span><a href=\"https:\/\/www.youronlinechoices.com\/pt\/faqs\">Perguntas Frequentes<\/a><\/span> ou entre em contacto connosco aqui.<\/li>\n<\/ul>\n","protected":false},"excerpt":{"rendered":"<p>Aqui est\u00e3o algumas coisas que precisa saber sobre a autoexclus\u00e3o &#8230; &#8211; Se optar pela autoexclus\u00e3o de publicidade baseada em interesses utilizando a p\u00e1gina de opt out (autoexclus\u00e3o), \u00e9 importante lembrar que isto n\u00e3o significa que n\u00e3o deixar\u00e1 de receber publicidade quando estiver a utilizar a internet. No entanto, significa que a publicidade apresentada em [&hellip;]<\/p>\n","protected":false},"author":3,"featured_media":0,"parent":0,"menu_order":11,"comment_status":"closed","ping_status":"closed","template":"","meta":[],"_links":{"self":[{"href":"https:\/\/www.youronlinechoices.com\/pt\/wp-json\/wp\/v2\/pages\/23"}],"collection":[{"href":"https:\/\/www.youronlinechoices.com\/pt\/wp-json\/wp\/v2\/pages"}],"about":[{"href":"https:\/\/www.youronlinechoices.com\/pt\/wp-json\/wp\/v2\/types\/page"}],"author":[{"embeddable":true,"href":"https:\/\/www.youronlinechoices.com\/pt\/wp-json\/wp\/v2\/users\/3"}],"replies":[{"embeddable":true,"href":"https:\/\/www.youronlinechoices.com\/pt\/wp-json\/wp\/v2\/comments?post=23"}],"version-history":[{"count":28,"href":"https:\/\/www.youronlinechoices.com\/pt\/wp-json\/wp\/v2\/pages\/23\/revisions"}],"predecessor-version":[{"id":601,"href":"https:\/\/www.youronlinechoices.com\/pt\/wp-json\/wp\/v2\/pages\/23\/revisions\/601"}],"wp:attachment":[{"href":"https:\/\/www.youronlinechoices.com\/pt\/wp-json\/wp\/v2\/media?parent=23"}],"curies":[{"name":"wp","href":"https:\/\/api.w.org\/{rel}","templated":true}]}}