{"id":184,"date":"2011-03-07T14:48:17","date_gmt":"2011-03-07T14:48:17","guid":{"rendered":"https:\/\/www.youronlinechoices.com\/pt\/?page_id=184"},"modified":"2020-09-14T14:03:21","modified_gmt":"2020-09-14T14:03:21","slug":"your-ad-choices","status":"publish","type":"page","link":"https:\/\/www.youronlinechoices.com\/pt\/your-ad-choices","title":{"rendered":"As suas escolhas"},"content":{"rendered":"<p>As empresas listadas abaixo s\u00e3o alguns dos fornecedores que trabalham com sites da Web para recolher e utilizar informa\u00e7\u00f5es para fornecer publicidade baseada em interesses.<br \/>\n<!-- br--><br \/>\n<!-- br--><\/p>\n<p>Utilize os bot\u00f5es abaixo para controlar as suas prefer\u00eancias de publicidade baseada em interesses. Pode desligar ou ligar todas as empresas ou em alternativa, definir as suas prefer\u00eancias para uma em particular. Ao clicar no bot\u00e3o expandir, pode obter mais informa\u00e7\u00f5es sobre a pr\u00f3pria empresa, bem como a sua situa\u00e7\u00e3o quanto \u00e0 publicidade baseada em interesses, no navegador Web que est\u00e1 a utilizar. Se estiver com problemas, visite a nossa&nbsp;<span><a href=\"https:\/\/www.youronlinechoices.com\/pt\/opt-out-help\">p\u00e1gina de ajuda<\/a><\/span>.<br \/>\n<!-- br--><br \/>\n<!-- br--><\/p>\n<div class=\"liteyellowbg p10\">\n<div class=\"bbsolid bcdarkyellow pb10 mb10\">\n<div class=\"fleft pt10 pl5 pr10\"><img class=\"block attention\" src=\"https:\/\/www.youronlinechoices.com\/images\/pixel.png\" alt=\"\"><\/div>\n<div class=\"fleft w90\">Queira notar que: isto n\u00e3o desativa toda a publicidade na Internet, apenas an\u00fancios que s\u00e3o personalizados de acordo com os seus prov\u00e1veis interesses com base na atividade anterior de navega\u00e7\u00e3o na web.  <a class=\"block mt5\" href=\"https:\/\/www.youronlinechoices.com\/pt\/opt-out-help\">Para obter mais informa\u00e7\u00f5es sobre o processo.<\/a><\/div>\n<\/div>\n<div class=\"pl40 pt10 pb10\">\n<p><strong class=\"block mb5\">Significado dos \u00edcones:<\/strong><\/p>\n<div>\n<div class=\"block mb10\"><img class=\"iblock mr5 legend nocookie vamiddle\" src=\"https:\/\/www.youronlinechoices.com\/images\/pixel.png\" alt=\"\"><span class=\"iblock w530 vamiddle\">Esta empresa n\u00e3o apresentou anteriormente an\u00fancios baseados em interesses no seu navegador, mas pode apresentar no futuro an\u00fancios que s\u00e3o personalizados de acordo com os seus interesses.<\/span><\/div>\n<div class=\"block mb10\"><img class=\"iblock vamiddle mr5 legend on\" src=\"https:\/\/www.youronlinechoices.com\/images\/pixel.png\" alt=\"\"><span class=\"iblock w530 vamiddle\">Esta empresa est\u00e1 a recolher\/utilizar os dados que podem ser utilizados para apresentar an\u00fancios personalizados de acordo com os seus interesses.<\/span><\/div>\n<div class=\"block mb10\"><img class=\"iblock vamiddle mr5 legend off\" src=\"https:\/\/www.youronlinechoices.com\/images\/pixel.png\" alt=\"\"><span class=\"iblock w530 vamiddle\">Esta empresa n\u00e3o est\u00e1 a recolher os dados que podem ser utilizados para apresentar an\u00fancios personalizados de acordo com os seus interesses.<\/span><\/div>\n<div class=\"block\"><img class=\"iblock vamiddle mr5 legend noconnection\" src=\"https:\/\/www.youronlinechoices.com\/images\/pixel.png\" alt=\"\"><span class=\"iblock w530 vamiddle\">Esta empresa est\u00e1 a ter problemas t\u00e9cnicos e, n\u00e3o podemos recuperar a sua situa\u00e7\u00e3o.<\/span><\/div>\n<\/div>\n<\/div>\n<\/div>\n<div>\n<p><iframe loading=\"lazy\" id=\"myiframeid\" src=\"https:\/\/www.youronlinechoices.com\/opt_out_interface_v2?lang=pt\" name=\"myiframeid\" width=\"100%\" height=\"3700\" frameborder=\"0\" scrolling=\"no\"><\/iframe><\/p>\n<div id=\"loadingLoad\">\n<div class=\"reloadButtons\">aaa<\/div>\n<p><span id=\"loadingLoadText\">Collecting your status from 0 companies.This may take a while&#8230;<\/span><\/p>\n<\/div>\n<\/div>\n","protected":false},"excerpt":{"rendered":"<p>As empresas listadas abaixo s\u00e3o alguns dos fornecedores que trabalham com sites da Web para recolher e utilizar informa\u00e7\u00f5es para fornecer publicidade baseada em interesses. Utilize os bot\u00f5es abaixo para controlar as suas prefer\u00eancias de publicidade baseada em interesses. Pode desligar ou ligar todas as empresas ou em alternativa, definir as suas prefer\u00eancias para uma [&hellip;]<\/p>\n","protected":false},"author":3,"featured_media":0,"parent":0,"menu_order":3,"comment_status":"closed","ping_status":"open","template":"","meta":[],"_links":{"self":[{"href":"https:\/\/www.youronlinechoices.com\/pt\/wp-json\/wp\/v2\/pages\/184"}],"collection":[{"href":"https:\/\/www.youronlinechoices.com\/pt\/wp-json\/wp\/v2\/pages"}],"about":[{"href":"https:\/\/www.youronlinechoices.com\/pt\/wp-json\/wp\/v2\/types\/page"}],"author":[{"embeddable":true,"href":"https:\/\/www.youronlinechoices.com\/pt\/wp-json\/wp\/v2\/users\/3"}],"replies":[{"embeddable":true,"href":"https:\/\/www.youronlinechoices.com\/pt\/wp-json\/wp\/v2\/comments?post=184"}],"version-history":[{"count":27,"href":"https:\/\/www.youronlinechoices.com\/pt\/wp-json\/wp\/v2\/pages\/184\/revisions"}],"predecessor-version":[{"id":571,"href":"https:\/\/www.youronlinechoices.com\/pt\/wp-json\/wp\/v2\/pages\/184\/revisions\/571"}],"wp:attachment":[{"href":"https:\/\/www.youronlinechoices.com\/pt\/wp-json\/wp\/v2\/media?parent=184"}],"curies":[{"name":"wp","href":"https:\/\/api.w.org\/{rel}","templated":true}]}}