{"id":344,"date":"2015-10-06T07:49:02","date_gmt":"2015-10-06T07:49:02","guid":{"rendered":"https:\/\/www.youronlinechoices.com\/pl\/?page_id=344"},"modified":"2015-12-03T12:44:18","modified_gmt":"2015-12-03T12:44:18","slug":"trust-seal","status":"publish","type":"page","link":"https:\/\/www.youronlinechoices.com\/pl\/trust-seal","title":{"rendered":"Trust seal"},"content":{"rendered":"<p>Firmy uczestnicz\u0105ce w Europejskim Programie Samoregulacyjnym OBA (reklama behawioralna online) s\u0105 zobowi\u0105zane przej\u015b\u0107 procedur\u0119 weryfikacyjn\u0105 w celu ustalenia zgodno\u015bci z <a href=\"https:\/\/www.edaa.eu\/european-principles\/\">Europejskimi Zasadami dotycz\u0105cymi OBA<\/a>.<br \/>\n&nbsp;<\/p>\n<p>Po zadeklarowaniu zgodno\u015bci z Europejskimi Zasadami dotycz\u0105cymi OBA, firmy musz\u0105 przej\u015b\u0107 niezale\u017cn\u0105 procedur\u0119 certyfikacyjn\u0105 nadzorowan\u0105 przez jednego z czterech oficjalnych <a href=\"https:\/\/www.edaa.eu\/certification-process\/trust-seal\/\">Audytor\u00f3w<\/a> zatwierdzonych przez EDAA (European Interactive Digital Advertising Alliance). Jej celem jest nie tylko potwierdzenie faktu, i\u017c firma zapewnia konsumentom przejrzysto\u015b\u0107, wyb\u00f3r i kontrol\u0119 internetowych preferencji reklamowych, ale tak\u017ce \u017ce jest to niezale\u017cnie werfikowane. Dzi\u0119ki temu firmy s\u0105 odpowiedzialne zar\u00f3wno wobec konsument\u00f3w, jak i bran\u017cy reklamowej. <\/p>\n<p>&nbsp;<\/p>\n<p>Audytorzy s\u0105 zatwierdzani przez EDAA jako podmioty oferuj\u0105ce wiarygodne i efektywne rozwi\u0105zania w zakresie procedury certyfikacyjnej, a zatem mog\u0105 wi\u0119c udzieli\u0107 (jak i wycofa\u0107) certyfikat EDAA Trust Seal na podstawie zasad Europejskiego Programu Samoregulacyjnego OBA.<br \/>\n&nbsp;<br \/>\nAudytorzy s\u0105 w pe\u0142ni niezale\u017cni od bran\u017cy reklamowej, jak i EDAA. Wym\u00f3g audytu przeprowadzonego przez niezale\u017cny podmiot jest kluczowym elementem Programu wynikaj\u0105cym ze wst\u0119pnych dyskusji i analiz zakresu rozwi\u0105za\u0107 samoregulacyjnych jakie przeprowadzono z Komisj\u0105 Europejsk\u0105 w celu uzyskania gwarancji, \u017ce samoregulacja mo\u017ce zapewni\u0107 trwa\u0142e i istotne rozwi\u0105zanie dla konsument\u00f3w.<\/p>\n<p>&nbsp;<\/p>\n<p style=\"width: 100%; float: left;\">Firmom, kt\u00f3re pomy\u015blnie przejd\u0105 okres kompleksowego i dok\u0142adnego 30-dniowego monitoringu przyznawany jest certyfikat EDAA Trust Seal, kt\u00f3ry jest dowodem na dobr\u0105 kondycj\u0119 firmy oraz jej odpowiedzialno\u015b\u0107 wobec przedsi\u0119biorstw i konsument\u00f3w.<\/p>\n<\/p>\n<p style=\"width: 25%; float: left;margin-top:15px\"><img loading=\"lazy\" class=\" alignleft\" style=\"margin-left: 5px; margin-right: 5px;\" title=\"Certified companies\" src=\"https:\/\/www.edaa.eu\/wp-content\/uploads\/2015\/04\/EDAA-seal-300.jpg\" alt=\"Certified companies\" width=\"147\" height=\"73\" \/><\/p>\n","protected":false},"excerpt":{"rendered":"<p>Firmy uczestnicz\u0105ce w Europejskim Programie Samoregulacyjnym OBA (reklama behawioralna online) s\u0105 zobowi\u0105zane przej\u015b\u0107 procedur\u0119 weryfikacyjn\u0105 w celu ustalenia zgodno\u015bci z Europejskimi Zasadami dotycz\u0105cymi OBA. &nbsp; Po zadeklarowaniu zgodno\u015bci z Europejskimi Zasadami dotycz\u0105cymi OBA, firmy musz\u0105 przej\u015b\u0107 niezale\u017cn\u0105 procedur\u0119 certyfikacyjn\u0105 nadzorowan\u0105 przez jednego z czterech oficjalnych Audytor\u00f3w zatwierdzonych przez EDAA (European Interactive Digital Advertising Alliance). Jej [&hellip;]<\/p>\n","protected":false},"author":2,"featured_media":0,"parent":0,"menu_order":0,"comment_status":"closed","ping_status":"closed","template":"","meta":[],"_links":{"self":[{"href":"https:\/\/www.youronlinechoices.com\/pl\/wp-json\/wp\/v2\/pages\/344"}],"collection":[{"href":"https:\/\/www.youronlinechoices.com\/pl\/wp-json\/wp\/v2\/pages"}],"about":[{"href":"https:\/\/www.youronlinechoices.com\/pl\/wp-json\/wp\/v2\/types\/page"}],"author":[{"embeddable":true,"href":"https:\/\/www.youronlinechoices.com\/pl\/wp-json\/wp\/v2\/users\/2"}],"replies":[{"embeddable":true,"href":"https:\/\/www.youronlinechoices.com\/pl\/wp-json\/wp\/v2\/comments?post=344"}],"version-history":[{"count":3,"href":"https:\/\/www.youronlinechoices.com\/pl\/wp-json\/wp\/v2\/pages\/344\/revisions"}],"predecessor-version":[{"id":351,"href":"https:\/\/www.youronlinechoices.com\/pl\/wp-json\/wp\/v2\/pages\/344\/revisions\/351"}],"wp:attachment":[{"href":"https:\/\/www.youronlinechoices.com\/pl\/wp-json\/wp\/v2\/media?parent=344"}],"curies":[{"name":"wp","href":"https:\/\/api.w.org\/{rel}","templated":true}]}}