{"id":2,"date":"2010-06-18T20:51:35","date_gmt":"2010-06-18T20:51:35","guid":{"rendered":"https:\/\/www.youronlinechoices.com\/pl\/?page_id=2"},"modified":"2014-11-12T14:05:37","modified_gmt":"2014-11-12T14:05:37","slug":"about","status":"publish","type":"page","link":"https:\/\/www.youronlinechoices.com\/pl\/","title":{"rendered":"Strona g\u0142\u00f3wna"},"content":{"rendered":"\n<div class=\"homeBlocks mb20\">\n<div class=\"tacenter mt10\">\n<div class=\"iblock cell fleft redbg\">\n\t\t\t\t\t\t\t\t\t<a href=\"https:\/\/www.youronlinechoices.com\/pl\/o-reklamie-behawioralnej\" title=\"O reklamie behawioralnej\"><br \/>\n\t\t\t\t\t\t\t\t\t\t<span class=\"icon about\"><\/span><br \/>\n\t\t\t\t\t\t\t\t\t<\/a><br \/>\n\t\t\t\t\t\t\t\t\t<label><a href=\"https:\/\/www.youronlinechoices.com\/pl\/o-reklamie-behawioralnej\">O reklamie behawioralnej<\/a><\/label>\n\t\t\t\t\t\t\t\t<\/div>\n<div class=\"iblock cell redbg\">\n\t\t\t\t\t\t\t\t\t<a href=\"https:\/\/www.youronlinechoices.com\/pl\/twojewybory\" title=\"Twoje wybory\"><br \/>\n\t\t\t\t\t\t\t\t\t\t<span class=\"icon adchoices\"><\/span><br \/>\n\t\t\t\t\t\t\t\t\t<\/a><br \/>\n\t\t\t\t\t\t\t\t\t<label><a href=\"https:\/\/www.youronlinechoices.com\/pl\/twojewybory\">Twoje wybory<\/a><\/label>\n\t\t\t\t\t\t\t\t<\/div>\n<div class=\"iblock cell fright redbg\">\n\t\t\t\t\t\t\t\t\t<a href=\"https:\/\/www.youronlinechoices.com\/pl\/najczestsze-pytania\" title=\"Najcz\u0119stsze pytania\"><br \/>\n\t\t\t\t\t\t\t\t\t\t<span class=\"icon toptips\"><\/span><br \/>\n\t\t\t\t\t\t\t\t\t<\/a><br \/>\n\t\t\t\t\t\t\t\t\t<label><a href=\"https:\/\/www.youronlinechoices.com\/pl\/najczestsze-pytania\">Najcz\u0119stsze pytania<\/a><\/label>\n\t\t\t\t\t\t\t\t<\/div>\n<\/p><\/div>\n<div class=\"tacenter mt10\">\n<div class=\"iblock cell fleft\">\n\t\t\t\t\t\t\t\t\t<a href=\"https:\/\/www.youronlinechoices.com\/pl\/piec-najwazniejszych-wskazowek\" title=\"Pi\u0119\u0107 najwa\u017cniejszych wskaz\u00f3wek\"><br \/>\n\t\t\t\t\t\t\t\t\t\t<span class=\"icon faq\"><\/span><br \/>\n\t\t\t\t\t\t\t\t\t<\/a><br \/>\n\t\t\t\t\t\t\t\t\t<label><a href=\"https:\/\/www.youronlinechoices.com\/pl\/piec-najwazniejszych-wskazowek\">Pi\u0119\u0107 najwa\u017cniejszych wskaz\u00f3wek<\/a><\/label>\n\t\t\t\t\t\t\t\t<\/div>\n<div class=\"iblock cell\">\n\t\t\t\t\t\t\t\t\t<a href=\"https:\/\/www.youronlinechoices.com\/pl\/slownik-pojec\" title=\"S\u0142ownik poj\u0119\u0107\"><br \/>\n\t\t\t\t\t\t\t\t\t\t<span class=\"icon jargon\"><\/span><br \/>\n\t\t\t\t\t\t\t\t\t<\/a><br \/>\n\t\t\t\t\t\t\t\t\t<label><a href=\"https:\/\/www.youronlinechoices.com\/pl\/slownik-pojec\">S\u0142ownik poj\u0119\u0107<\/a><\/label>\n\t\t\t\t\t\t\t\t<\/div>\n<div class=\"iblock cell fright\">\n\t\t\t\t\t\t\t\t\t<a href=\"https:\/\/www.youronlinechoices.com\/pl\/pomoc\" title=\"Pomoc\"><br \/>\n\t\t\t\t\t\t\t\t\t\t<span class=\"icon help\"><\/span><br \/>\n\t\t\t\t\t\t\t\t\t<\/a><br \/>\n\t\t\t\t\t\t\t\t\t<label><a href=\"https:\/\/www.youronlinechoices.com\/pl\/pomoc\">Pomoc<\/a><\/label>\n\t\t\t\t\t\t\t\t<\/div>\n<\/p><\/div>\n<div class=\"tacenter mt10\">\n<div class=\"iblock cell fleft\">\n<a href=\"https:\/\/www.youronlinechoices.com\/pl\/pomocne-filmy\" title=\"Pomocne filmy\"><span class=\"icon videos\"><\/span><\/a><br \/>\n<label><a href=\"https:\/\/www.youronlinechoices.com\/pl\/pomocne-filmy\">Pomocne filmy<\/a><\/label><\/div>\n<div class=\"iblock cell\" style=\"background: none;\"><\/div>\n<div class=\"iblock cell fright\" style=\"background: none;\"><\/div>\n<\/div><\/div>\n","protected":false},"excerpt":{"rendered":"<p>O reklamie behawioralnej Twoje wybory Najcz\u0119stsze pytania Pi\u0119\u0107 najwa\u017cniejszych wskaz\u00f3wek S\u0142ownik poj\u0119\u0107 Pomoc Pomocne filmy<\/p>\n","protected":false},"author":2,"featured_media":0,"parent":0,"menu_order":1,"comment_status":"closed","ping_status":"open","template":"","meta":[],"_links":{"self":[{"href":"https:\/\/www.youronlinechoices.com\/pl\/wp-json\/wp\/v2\/pages\/2"}],"collection":[{"href":"https:\/\/www.youronlinechoices.com\/pl\/wp-json\/wp\/v2\/pages"}],"about":[{"href":"https:\/\/www.youronlinechoices.com\/pl\/wp-json\/wp\/v2\/types\/page"}],"author":[{"embeddable":true,"href":"https:\/\/www.youronlinechoices.com\/pl\/wp-json\/wp\/v2\/users\/2"}],"replies":[{"embeddable":true,"href":"https:\/\/www.youronlinechoices.com\/pl\/wp-json\/wp\/v2\/comments?post=2"}],"version-history":[{"count":31,"href":"https:\/\/www.youronlinechoices.com\/pl\/wp-json\/wp\/v2\/pages\/2\/revisions"}],"predecessor-version":[{"id":336,"href":"https:\/\/www.youronlinechoices.com\/pl\/wp-json\/wp\/v2\/pages\/2\/revisions\/336"}],"wp:attachment":[{"href":"https:\/\/www.youronlinechoices.com\/pl\/wp-json\/wp\/v2\/media?parent=2"}],"curies":[{"name":"wp","href":"https:\/\/api.w.org\/{rel}","templated":true}]}}