{"id":19,"date":"2010-11-30T12:19:14","date_gmt":"2010-11-30T12:19:14","guid":{"rendered":"https:\/\/www.youronlinechoices.com\/pl"},"modified":"2013-11-04T08:46:19","modified_gmt":"2013-11-04T08:46:19","slug":"slownik-pojec","status":"publish","type":"page","link":"https:\/\/www.youronlinechoices.com\/pl\/slownik-pojec","title":{"rendered":"S\u0142ownik poj\u0119\u0107"},"content":{"rendered":"<p>Wyja\u015bnienie wszystkich wa\u017cniejszych poj\u0119\u0107 z zakresu reklamy behawioralnej.<br \/>\n<!-- br--><br \/>\n<span style=\"color: #000000; font-size: medium;\"><strong><strong>Sie\u0107 reklamowa<\/strong><\/strong><\/span><br \/>\n<!-- br--><br \/>\nSp\u00f3\u0142ka, kt\u00f3ra \u0142\u0105czy strony internetowe oraz w\u0142a\u015bcicieli medi\u00f3w z odpowiednimi reklamodawcami.<\/p>\n<ul>\n<li>Znana r\u00f3wnie\u017c pod nazw\u0105:\u00a0<strong>sie\u0107 reklamy<\/strong><\/li>\n<p>\t<!-- \n\n<li><a href=\"http:\/\/en.wikipedia.org\/wiki\/Advertising_network\" target=\"_self\">Por\u00f3wnaj opis w Wikipedii<\/a><\/li>\n\n-->\n<\/ul>\n<p><!-- br--><br \/>\n<span style=\"color: #000000; font-size: medium;\"><strong>Cookie<\/strong><\/span><br \/>\n<!-- br--><br \/>\nPlik cookie to ma\u0142y plik tekstowo-numeryczny umieszczany na komputerze u\u017cytkownika podczas odwiedzin na okre\u015blonych stronach internetowych. Pliki cookie umo\u017cliwiaj\u0105 stronom internetowym rozpoznanie komputera u\u017cytkownika. Pliki cookie nie wymagaj\u0105 informacji osobistych, aby mog\u0142y funkcjonowa\u0107 i w wi\u0119kszo\u015bci przypadk\u00f3w nie umo\u017cliwiaj\u0105 identyfikacji to\u017csamo\u015bci u\u017cytkownika sieci. Pliki cookie wykorzystywane s\u0105 w reklamie behawioralnej w celu identyfikacji u\u017cytkownik\u00f3w, kt\u00f3rzy podzielaj\u0105 okre\u015blone zainteresowania, co umo\u017cliwia przedstawianie im lepiej dobranych reklam.<\/p>\n<ul>\n<li>R\u00f3wnie\u017c pod nazw\u0105:\u00a0<strong>plik cookie HTTP lub cookie wyszukiwarki<\/strong><\/li>\n<p>\t<!-- \n\n<li><a href=\"http:\/\/en.wikipedia.org\/wiki\/HTTP_cookie\" target=\"_self\">Por\u00f3wnaj opis w Wikipedii<\/a><\/li>\n\n-->\n<\/ul>\n<p><!-- br--><br \/>\n<span style=\"color: #000000; font-size: medium;\"><strong><strong>Reklama kontekstowa<\/strong><\/strong><\/span><br \/>\n<!-- br--><br \/>\nReklama skierowana do okre\u015blonej osoby podczas odwiedzania strony internetowej. Automatyczne systemy prezentuj\u0105 reklamy w zale\u017cno\u015bci od zawarto\u015bci strony. Na przyk\u0142ad podczas przegl\u0105dania strony z recenzjami filmowymi u\u017cytkownik mo\u017ce otrzyma\u0107 reklamy z nowymi wydawnictwami kinowymi, najnowszymi filmami DVD lub produktami filmowymi. Reklama kontekstowa wykorzystywana jest r\u00f3wnie\u017c przez wyszukiwarki w celu wy\u015bwietlania reklam na stronach z wynikami wyszukiwania w oparciu o s\u0142owa kluczowe znajduj\u0105ce si\u0119 w zapytaniu u\u017cytkownika.<\/p>\n<ul>\n\t<!-- \n\n<li><a href=\"http:\/\/en.wikipedia.org\/wiki\/Contextual_advertising\" target=\"_self\">Por\u00f3wnaj opis w Wikipedii<\/a><\/li>\n\n-->\n<\/ul>\n<p><!-- br--><br \/>\n<span style=\"color: #000000; font-size: medium;\"><strong><strong>Reklama wizualna<\/strong><\/strong><\/span><br \/>\n<!-- br--><br \/>\nReklamy graficzne wy\u015bwietlane, gdy u\u017cytkownicy odwiedzaj\u0105 okre\u015blone strony internetowe. Reklama wizualna zazwyczaj ma posta\u0107 \u201ebanera\u201d lub filmu wideo.<\/p>\n<ul>\n<li>R\u00f3wnie\u017c pod nazw\u0105:\u00a0<strong>banery <\/strong>lub\u00a0<strong>reklama banerowa<\/strong><\/li>\n<p>\t<!-- \n\n<li><a href=\"http:\/\/en.wikipedia.org\/wiki\/Display_advertising\" target=\"_self\">Por\u00f3wnaj opis w Wikipedii<\/a><\/li>\n\n-->\n<\/ul>\n<p><!-- br--><br \/>\n<span style=\"color: #000000; font-size: medium;\"><strong><strong>Reklama behawioralna online<\/strong><\/strong><\/span><br \/>\n<!-- br--><br \/>\nTechnika stosowana do wykorzystywania informacji o zachowaniach u\u017cytkownik\u00f3w w sieci w celu dostarczania reklam dopasowanych do zainteresowa\u0144 danej osoby.<\/p>\n<ul>\n<li>R\u00f3wnie\u017c pod nazw\u0105:\u00a0<strong>reklama behawioralna, targetowanie behawioralne, reklama oparta na zainteresowaniach lub zestawianie reklam<\/strong><\/li>\n<p>\t<!-- \n\n<li><a href=\"http:\/\/en.wikipedia.org\/wiki\/Behavioral_advertising\" target=\"_self\">Por\u00f3wnaj opis w Wikipedii<\/a><\/li>\n\n-->\n<\/ul>\n<p><!-- br--><br \/>\n<span style=\"color: #000000; font-size: medium;\"><strong><strong>Dane osobowe<\/strong><\/strong><\/span><br \/>\n<!-- br--><br \/>\nS\u0105 to informacje, kt\u00f3re jako takie lub w po\u0142\u0105czeniu z innymi informacjami pozwalaj\u0105 jednoznacznie okre\u015bli\u0107 to\u017csamo\u015b\u0107 osoby. Przyk\u0142adami danych osobowych s\u0105 nazwisko, adres, adres e-mail lub numer telefonu. Dane osobowe zdefiniowano w dyrektywie EU 95\/46\/EC.<\/p>\n<ul>\n<li>R\u00f3wnie\u017c pod nazw\u0105:\u00a0<strong>informacje identyfikuj\u0105ce<\/strong><\/li>\n<p>\t<!-- \n\n<li><a href=\"http:\/\/en.wikipedia.org\/wiki\/Personally_identifiable_information\" target=\"_self\">Por\u00f3wnaj opis w Wikipedii<\/a><\/li>\n\n-->\n<\/ul>\n<p><!-- br--><br \/>\n<span style=\"color: #000000; font-size: medium;\"><strong><strong>Sygnatariusze<\/strong><\/strong><\/span><br \/>\n<!-- br--><br \/>\nSp\u00f3\u0142ki, kt\u00f3re gromadz\u0105 lub wykorzystuj\u0105 dane w sieci do potrzeb reklamy behawioralnej i zobowi\u0105za\u0142y si\u0119 do przestrzegania Dobrych Praktyk IAB. Podmioty te zobowi\u0105zane s\u0105 do po\u015bwiadczenia przestrzegania Dobrych Praktyk w ci\u0105gu sze\u015bciu miesi\u0119cy od podj\u0119cia zobowi\u0105zania. Firmy uczestnicz\u0105ce.<br \/>\n<!-- br--><br \/>\nAby dowiedzie\u0107 si\u0119 wi\u0119cej o marketingu internetowym zapraszamy na stron\u0119 IAB.<\/p>\n<ul>\n<li>R\u00f3wnie\u017c pod nazw\u0105: <strong>firmy sygnatariusze<\/strong><\/li>\n<\/ul>\n<p><!-- br--><br \/>\n<span style=\"color: #000000; font-size: medium;\"><strong><strong>Reklama ukierunkowana<\/strong><\/strong><\/span><br \/>\n<!-- br--><br \/>\nReklama, kt\u00f3ra skierowana jest do okre\u015blonego segmentu u\u017cytkownik\u00f3w w oparciu o informacje takie jak dane demograficzne lub zachowania.<\/p>\n<ul>\n<li>R\u00f3wnie\u017c pod nazw\u0105:\u00a0<strong>reklama dostosowana do klienta<\/strong> lub\u00a0<strong>reklama spersonalizowana<\/strong><\/li>\n<p>\t<!-- \n\n<li><a href=\"http:\/\/en.wikipedia.org\/wiki\/Targeted_advertising\" target=\"_self\">See Wikipedia description<\/a><\/li>\n\n-->\n<\/ul>\n<p><!-- br--><br \/>\n<span style=\"color: #000000; font-size: medium;\"><strong><strong>Wyszukiwarka sieciowa<\/strong><\/strong><\/span><br \/>\n<!-- br--><br \/>\nOprogramowanie, kt\u00f3re wyszukuje i gromadzi zasoby informacyjne oraz porz\u0105dkuje i wy\u015bwietla na komputerze wyniki w standardowej formie. Przyk\u0142adami s\u0105 Internet Explorer, Firefox, Chrome, Safari oraz Opera.<\/p>\n<ul>\n\t<!-- \n\n<li><a href=\"http:\/\/en.wikipedia.org\/wiki\/Web_browser\" target=\"_self\">Por\u00f3wnaj opis w Wikipedii<\/a><\/li>\n\n-->\n<\/ul>\n<p><!-- br--><br \/>\n<!-- br--><\/p>\n<h3>Prosimy o przesy\u0142anie uwag na adres: <a href=\"mailto:prywatnosc@iab.com.pl\">prywatnosc@iab.com.pl<\/a><\/h3>\n","protected":false},"excerpt":{"rendered":"<p>Wyja\u015bnienie wszystkich wa\u017cniejszych poj\u0119\u0107 z zakresu reklamy behawioralnej. Sie\u0107 reklamowa Sp\u00f3\u0142ka, kt\u00f3ra \u0142\u0105czy strony internetowe oraz w\u0142a\u015bcicieli medi\u00f3w z odpowiednimi reklamodawcami. Znana r\u00f3wnie\u017c pod nazw\u0105:\u00a0sie\u0107 reklamy Cookie Plik cookie to ma\u0142y plik tekstowo-numeryczny umieszczany na komputerze u\u017cytkownika podczas odwiedzin na okre\u015blonych stronach internetowych. Pliki cookie umo\u017cliwiaj\u0105 stronom internetowym rozpoznanie komputera u\u017cytkownika. Pliki cookie nie wymagaj\u0105 [&hellip;]<\/p>\n","protected":false},"author":2,"featured_media":0,"parent":0,"menu_order":10,"comment_status":"closed","ping_status":"closed","template":"","meta":[],"_links":{"self":[{"href":"https:\/\/www.youronlinechoices.com\/pl\/wp-json\/wp\/v2\/pages\/19"}],"collection":[{"href":"https:\/\/www.youronlinechoices.com\/pl\/wp-json\/wp\/v2\/pages"}],"about":[{"href":"https:\/\/www.youronlinechoices.com\/pl\/wp-json\/wp\/v2\/types\/page"}],"author":[{"embeddable":true,"href":"https:\/\/www.youronlinechoices.com\/pl\/wp-json\/wp\/v2\/users\/2"}],"replies":[{"embeddable":true,"href":"https:\/\/www.youronlinechoices.com\/pl\/wp-json\/wp\/v2\/comments?post=19"}],"version-history":[{"count":15,"href":"https:\/\/www.youronlinechoices.com\/pl\/wp-json\/wp\/v2\/pages\/19\/revisions"}],"predecessor-version":[{"id":127,"href":"https:\/\/www.youronlinechoices.com\/pl\/wp-json\/wp\/v2\/pages\/19\/revisions\/127"}],"wp:attachment":[{"href":"https:\/\/www.youronlinechoices.com\/pl\/wp-json\/wp\/v2\/media?parent=19"}],"curies":[{"name":"wp","href":"https:\/\/api.w.org\/{rel}","templated":true}]}}