{"id":184,"date":"2011-03-07T14:48:17","date_gmt":"2011-03-07T14:48:17","guid":{"rendered":"https:\/\/www.youronlinechoices.com\/pl\/?page_id=184"},"modified":"2015-05-14T12:03:10","modified_gmt":"2015-05-14T12:03:10","slug":"twojewybory","status":"publish","type":"page","link":"https:\/\/www.youronlinechoices.com\/pl\/twojewybory","title":{"rendered":"Twoje wybory"},"content":{"rendered":"<div class=\"mb10\">\nPoni\u017cej wymienione firmy nale\u017c\u0105 do grona dostawc\u00f3w, kt\u00f3rzy wsp\u00f3\u0142pracuj\u0105c z wydawcami stron internetowych przy zbieraniu i przetwarzaniu informacji dostarczaj\u0105 reklamy behawioralnej online.<\/p>\n<p>Prosz\u0119 u\u017cy\u0107 poni\u017cszych przycisk\u00f3w do zmiany swoich ustawie\u0144 dotycz\u0105cych reklamy behawioralnej. Mo\u017cesz w\u0142\u0105czy\u0107 lub wy\u0142\u0105czy\u0107 wszystkie firmy albo zmieni\u0107 ustawienia dla poszczeg\u00f3lnych z nich. Klikaj\u0105c przycisk \u2018i\u2019 mo\u017cesz dowiedzie\u0107 si\u0119 wi\u0119cej o samej firmie, jak i ustawieniach reklamy behawioralnej w przegl\u0105darce internetowej, kt\u00f3rej u\u017cywasz. W razie problem\u00f3w z w\u0142\u0105czaniem i wy\u0142\u0105czaniem, prosz\u0119 odwiedzi\u0107 nasz\u0105 stron\u0119 z <a href=\"https:\/\/www.youronlinechoices.com\/pl\/pomoc\">pomoc\u0105<\/a>.<\/p>\n<\/div>\n<div class=\"liteyellowbg p10\">\n<div class=\"bbsolid bcdarkyellow pb10 mb10\">\n<div class=\"fleft pt10 pl5 pr10\"><img class=\"block attention\" src=\"https:\/\/www.youronlinechoices.com\/images\/pixel.png\" alt=\"\" \/><\/div>\n<div class=\"fleft w90\">Please note: this does not turn off all internet advertising only advertisements that are customised to your likely interests based upon previous web browsing activity. <a class=\"block mt5\" href=\"pomoc\">Read more about the process<\/a><\/div>\n<\/div>\n<div class=\"pl40 pt10 pb10\">\n<p><strong class=\"block mb5\">Status symbols scheme:<\/strong><\/p>\n<div>\n<div class=\"block mb10\"><img class=\"iblock mr5 legend nocookie vamiddle\" src=\"https:\/\/www.youronlinechoices.com\/images\/pixel.png\" alt=\"\" \/><span class=\"iblock w530 vamiddle\">This company has not set-up a cookie, but may deliver in the future advertisements that are customised to your interests.<\/span><\/div>\n<div class=\"block mb10\"><img class=\"iblock vamiddle mr5 legend on\" src=\"https:\/\/www.youronlinechoices.com\/images\/pixel.png\" alt=\"\" \/><span class=\"iblock w530 vamiddle\">This company is delivering advertisements customised to your interests.<\/span><\/div>\n<div class=\"block mb10\"><img class=\"iblock vamiddle mr5 legend off\" src=\"https:\/\/www.youronlinechoices.com\/images\/pixel.png\" alt=\"\" \/><span class=\"iblock w530 vamiddle\">This company is not delivering advertisements customised to your interests.<\/span><\/div>\n<div class=\"block\"><img class=\"iblock vamiddle mr5 legend noconnection\" src=\"https:\/\/www.youronlinechoices.com\/images\/pixel.png\" alt=\"\" \/><span class=\"iblock w530 vamiddle\">This company is experiencing technical issues, and we cannot retrieve your status.<\/span><\/div>\n<\/div>\n<\/div>\n<\/div>\n<div>\n<p><iframe loading=\"lazy\" width=\"100%\" height=\"3700\" id=\"myiframeid\" name=\"myiframeid\" src=\"https:\/\/www.youronlinechoices.com\/opt_out_interface_v2?lang=pl\" scrolling=\"no\" frameborder=\"0\" onload=\"\"><\/iframe><\/p>\n<div id=\"loadingLoad\">\n<div class=\"reloadButtons\"> aaa <\/div>\n<p><span id=\"loadingLoadText\">82<\/span>\n<\/div>\n<\/div>\n","protected":false},"excerpt":{"rendered":"<p>Poni\u017cej wymienione firmy nale\u017c\u0105 do grona dostawc\u00f3w, kt\u00f3rzy wsp\u00f3\u0142pracuj\u0105c z wydawcami stron internetowych przy zbieraniu i przetwarzaniu informacji dostarczaj\u0105 reklamy behawioralnej online. Prosz\u0119 u\u017cy\u0107 poni\u017cszych przycisk\u00f3w do zmiany swoich ustawie\u0144 dotycz\u0105cych reklamy behawioralnej. Mo\u017cesz w\u0142\u0105czy\u0107 lub wy\u0142\u0105czy\u0107 wszystkie firmy albo zmieni\u0107 ustawienia dla poszczeg\u00f3lnych z nich. Klikaj\u0105c przycisk \u2018i\u2019 mo\u017cesz dowiedzie\u0107 si\u0119 wi\u0119cej o samej [&hellip;]<\/p>\n","protected":false},"author":2,"featured_media":0,"parent":0,"menu_order":3,"comment_status":"closed","ping_status":"open","template":"","meta":[],"_links":{"self":[{"href":"https:\/\/www.youronlinechoices.com\/pl\/wp-json\/wp\/v2\/pages\/184"}],"collection":[{"href":"https:\/\/www.youronlinechoices.com\/pl\/wp-json\/wp\/v2\/pages"}],"about":[{"href":"https:\/\/www.youronlinechoices.com\/pl\/wp-json\/wp\/v2\/types\/page"}],"author":[{"embeddable":true,"href":"https:\/\/www.youronlinechoices.com\/pl\/wp-json\/wp\/v2\/users\/2"}],"replies":[{"embeddable":true,"href":"https:\/\/www.youronlinechoices.com\/pl\/wp-json\/wp\/v2\/comments?post=184"}],"version-history":[{"count":21,"href":"https:\/\/www.youronlinechoices.com\/pl\/wp-json\/wp\/v2\/pages\/184\/revisions"}],"predecessor-version":[{"id":339,"href":"https:\/\/www.youronlinechoices.com\/pl\/wp-json\/wp\/v2\/pages\/184\/revisions\/339"}],"wp:attachment":[{"href":"https:\/\/www.youronlinechoices.com\/pl\/wp-json\/wp\/v2\/media?parent=184"}],"curies":[{"name":"wp","href":"https:\/\/api.w.org\/{rel}","templated":true}]}}