{"id":7,"date":"2010-11-30T11:49:08","date_gmt":"2010-11-30T11:49:08","guid":{"rendered":"https:\/\/www.youronlinechoices.com\/nor\/?page_id=7"},"modified":"2019-08-29T22:34:20","modified_gmt":"2019-08-29T20:34:20","slug":"om-interessebasert-markedsforing","status":"publish","type":"page","link":"https:\/\/www.youronlinechoices.com\/nor\/om-interessebasert-markedsforing","title":{"rendered":"Om"},"content":{"rendered":"<p>Noen har mer kunnskap om interessebasert markedsf\u00f8ring enn andre og temaet kan virke un\u00f8dvendig vanskelig \u00e5 forst\u00e5.\u00a0 Denne nettsiden har blitt satt opp for \u00e5 gj\u00f8re interessebasert markedsf\u00f8ring mer forst\u00e5elig for alle.<br \/>\n<!-- br--><br \/>\nEnkelt forklart er interessebasert markedsf\u00f8ring en markedsf\u00f8ringsmetode som gj\u00f8r det mulig \u00e5 vise relevante annonser til nettbrukere basert p\u00e5 deres interesser. Interessebasert markedsf\u00f8ring er trygt, gjennomsiktig og utviklet for \u00e5 gj\u00f8re annonser mer interessante for deg som forbruker.<br \/>\n<!-- br--><br \/>\nDenne nettsiden gir deg en full gjennomgang av interessebasert markedsf\u00f8ring, forteller deg om dine valg og gir deg muligheten til \u00e5 reservere deg mot denne typen markedsf\u00f8ring.<br \/>\n<!-- br--><br \/>\n<span style=\"color: #000000; font-size: medium;\"><strong><strong>Hva er interessebasert markedsf\u00f8ring p\u00e5 nett?<\/strong><\/strong><\/span><br \/>\n<!-- br--><br \/>\nInteressebasert markedsf\u00f8ring p\u00e5 nett er en m\u00e5te \u00e5 vise annonser p\u00e5 nettsider du bes\u00f8ker og gj\u00f8re dem mer relevante for deg og dine interesser. Interesser er gruppert sammen basert dine historiske annonsepreferanser og nettbrukere vises annonser som passer deres interesser. P\u00e5 den m\u00e5ten kan annonser p\u00e5 internett bli mer relevante og s\u00e5 interessante som mulige.<br \/>\n<!-- br--><br \/>\n<span style=\"color: #000000; font-size: medium;\"><strong><strong>Hvordan fungerer det?<\/strong><\/strong><\/span><br \/>\n<!-- br--><br \/>\nForestill deg at du planlegger en tur til Roma. Du bes\u00f8ker en nettside om Roma og leser et par artikler som steder du b\u00f8r bes\u00f8ke og bo mens du er i Roma. Neste dag er du igjen ute p\u00e5 nettet, men denne gangen leser du en artikkel om ditt favoritt fotballag og her ser du n\u00e5 en annonse for hoteller og leiebiler i Roma. Du ser disse m\u00e5lrettede annonsene fordi du, og andre mennesker lik deg, har vist en interesse for Roma. Ved \u00e5 bruke teknologi som kun er tilgjengelig p\u00e5 Internett kan man dermed redusere antallet annonser som ikke interesserer deg og forbedre hele opplevelsen.<br \/>\n<!-- br--><\/p>\n<p style=\"text-align: center;\"><img loading=\"lazy\" class=\"size-full wp-image-172 aligncenter\" title=\"what is behavioural advertising\" src=\"https:\/\/www.youronlinechoices.com\/nor\/wp-content\/uploads\/2011\/06\/hva-er-OBA.jpg\" alt=\"what is behavioural advertising\" width=\"397\" height=\"494\" \/><\/p>\n<p>Denne typen m\u00e5lrettet annonsering er basert p\u00e5 historikk og interesser og er dermed ofte omtalt som interessebasert markedsf\u00f8ring. Dette skiller seg fra kontekstuell markedsf\u00f8ring som kun baserer seg p\u00e5 innholdet p\u00e5 den nettsiden du befinner deg p\u00e5 akkurat n\u00e5.<br \/>\n<!-- br--><br \/>\n<span style=\"color: #000000; font-size: medium;\"><strong><strong>Hvordan blir mitt privatliv beskyttet?<\/strong><\/strong><\/span><br \/>\n<!-- br--><br \/>\nAlle tilbydere av interessebasert markedsf\u00f8ring m\u00e5 f\u00f8lge EU-lovgiving. Informasjonen som benyttes til m\u00e5lretting er ikke personlig og kan ikke identifisere deg i den virkelige verden &#8211; informasjon om din nettleseraktivitet blir samlet og analysert anonymt. Hvis disse analysene viser en spesiell interesse, vil en informasjonskapsel (en liten og ufarlig fil som brukes av de fleste nettsider til \u00e5 lagre informasjon i din nettleser) lagres i din nettleser. Denne informasjonskapselen (ogs\u00e5 kjent som cookie) vil avgj\u00f8re hva slags annonser du vil se. I tilfeller hvor identifiserbar informasjon (som f.eks. registreringsdata) har blitt brukt, vil du ha blitt informert og akseptert dette i nettsidens personsverserkl\u00e6ring.<br \/>\n<!-- br--><br \/>\nDu kan kontrollere hvilke informasjonskapsler du godtar eller avsl\u00e5r direkte i nettleseren, se hvordan du kan gj\u00f8re dette <a href=\"https:\/\/www.youronlinechoices.com\/nor\/topp-fem-tips\">her<\/a>. Selskapene som samler informasjon tilbyr deg ogs\u00e5 muligheten for \u00e5 reservere deg for denne typen interessebasert markedsf\u00f8ring. <a href=\"https:\/\/www.youronlinechoices.com\/nor\/dine-valg\">Klikk her for \u00e5 reservere deg mot interessebasert markedsf\u00f8ring<\/a>.<\/p>\n<p><!-- br--><br \/>\n<span style=\"color: #000000; font-size: medium;\"><strong><strong>Flere sp\u00f8rsm\u00e5l? Mer informasjon her:<\/strong><\/strong><\/span><br \/>\n<!-- br--><\/p>\n<ul>\n<li><a href=\"https:\/\/www.youronlinechoices.com\/nor\/ofte-stilte-sp\u00f8rsmal\">I v\u00e5r FAQ finner du svar p\u00e5 andre sp\u00f8rsm\u00e5l du m\u00e5tte ha.<\/a><\/li>\n<li><a href=\"https:\/\/www.youronlinechoices.com\/nor\/topp-fem-tips\">For \u00e5 bedre forst\u00e5 hvordan du beskytter dine personlige data p\u00e5 nett, har vi sammenstilt fem gode r\u00e5d som du finner her.<\/a><\/li>\n<\/ul>\n<p><!-- br--><br \/>\n<!-- br--><\/p>\n<h3>Har du sp\u00f8rsm\u00e5l? Send oss din tilbakemelding p\u00e5 <a href=\"mailto:privacy@EDAA.eu\">privacy@EDAA.eu<\/a><\/h3>\n","protected":false},"excerpt":{"rendered":"<p>Noen har mer kunnskap om interessebasert markedsf\u00f8ring enn andre og temaet kan virke un\u00f8dvendig vanskelig \u00e5 forst\u00e5.\u00a0 Denne nettsiden har blitt satt opp for \u00e5 gj\u00f8re interessebasert markedsf\u00f8ring mer forst\u00e5elig for alle. Enkelt forklart er interessebasert markedsf\u00f8ring en markedsf\u00f8ringsmetode som gj\u00f8r det mulig \u00e5 vise relevante annonser til nettbrukere basert p\u00e5 deres interesser. Interessebasert markedsf\u00f8ring [&hellip;]<\/p>\n","protected":false},"author":2,"featured_media":0,"parent":0,"menu_order":2,"comment_status":"closed","ping_status":"closed","template":"","meta":[],"_links":{"self":[{"href":"https:\/\/www.youronlinechoices.com\/nor\/wp-json\/wp\/v2\/pages\/7"}],"collection":[{"href":"https:\/\/www.youronlinechoices.com\/nor\/wp-json\/wp\/v2\/pages"}],"about":[{"href":"https:\/\/www.youronlinechoices.com\/nor\/wp-json\/wp\/v2\/types\/page"}],"author":[{"embeddable":true,"href":"https:\/\/www.youronlinechoices.com\/nor\/wp-json\/wp\/v2\/users\/2"}],"replies":[{"embeddable":true,"href":"https:\/\/www.youronlinechoices.com\/nor\/wp-json\/wp\/v2\/comments?post=7"}],"version-history":[{"count":33,"href":"https:\/\/www.youronlinechoices.com\/nor\/wp-json\/wp\/v2\/pages\/7\/revisions"}],"predecessor-version":[{"id":424,"href":"https:\/\/www.youronlinechoices.com\/nor\/wp-json\/wp\/v2\/pages\/7\/revisions\/424"}],"wp:attachment":[{"href":"https:\/\/www.youronlinechoices.com\/nor\/wp-json\/wp\/v2\/media?parent=7"}],"curies":[{"name":"wp","href":"https:\/\/api.w.org\/{rel}","templated":true}]}}