{"id":389,"date":"2014-12-10T16:48:51","date_gmt":"2014-12-10T14:48:51","guid":{"rendered":"https:\/\/www.youronlinechoices.com\/nor\/?page_id=389"},"modified":"2020-03-09T03:29:18","modified_gmt":"2020-03-09T01:29:18","slug":"generelle-vilkar","status":"publish","type":"page","link":"https:\/\/www.youronlinechoices.com\/nor\/generelle-vilkar","title":{"rendered":"Vilk\u00e5r"},"content":{"rendered":"<p><strong><span>Generelle vilk\u00e5r<\/span><\/strong><\/p>\n<p><span>\u00a0<\/span><\/p>\n<p><span>Disse vilk\u00e5rene regulerer forholdet mellom EDAA og deg n\u00e5r du bruker nettstedet YourOnlineChoices eller n\u00e5r du aksepterer informasjonskapselen til YourOnlineChoices.<\/span><\/p>\n<p><span>\u00a0<\/span><\/p>\n<p><span>EDAA er en ideell organisasjon (AiSBL) basert i Brussel og registrert med organisasjonsnummer BE 0846.790.105. Hovedkontoret v\u00e5rt ligger i Rue des Deux Eglises 26 | 1000 Brussel.<\/span><\/p>\n<p><span>\u00a0<\/span><\/p>\n<p><span>Nettstedet YourOnlineChoices finner du p\u00e5 <a href=\"https:\/\/www.youronlinechoices.eu\/\">www.youronlinechoices.eu<\/a>, <a href=\"https:\/\/www.youronlinechoices.com\">https:\/\/www.youronlinechoices.com<\/a>, <a href=\"https:\/\/www.youronlinechoices.eu\/uk\">www.youronlinechoices.eu\/uk\/<\/a> og <a href=\"https:\/\/www.youronlinechoices.com\/uk\/\">www.youronlinechoices.com\/uk\/<\/a>. Du kan bes\u00f8ke nettstedet YourOnlineChoices direkte via en lenke fra et tredjeparts nettsted eller via OBA-ikonet.\u00a0OBA-ikonet ser slik <a href=\"https:\/\/www.youronlinechoices.com\/uk\/protecting-your-privacy\/oba-icon\" rel=\"attachment wp-att-757\"><img loading=\"lazy\" class=\"alignnone  wp-image-757\" title=\"OBA-icon\" src=\"https:\/\/www.youronlinechoices.com\/uk\/wp-content\/uploads\/2010\/11\/OBA-icon-300x300.jpg\" alt=\"\" width=\"38\" height=\"38\" \/><\/a> ut, og du vil ofte se det i forbindelse med eller rundt annonser p\u00e5 nettsteder.<\/span><\/p>\n<p><span>\u00a0<\/span><\/p>\n<p><span>I disse vilk\u00e5rene betyr \u00abvi\u00bb eller \u00aboss\u00bb eller \u00abv\u00e5r\u00bb oss, EDAA; og \u00abdu\u00bb og \u00abdin\u00bb betyr deg eller enhver annen person som g\u00e5r inn p\u00e5 nettstedet YourOnlineChoices eller tar et valg ang\u00e5ende interessebasert markedsf\u00f8ring p\u00e5 nett gjennom forbrukervalgplattformen p\u00e5 YourOnlineChoices p\u00e5 nettleseren eller enheten din, eller (for bedrifter) aksepterer en informasjonskapsel ved at den bes\u00f8kende tar et valg.<\/span><\/p>\n<p><span>\u00a0<\/span><\/p>\n<p><span>Du b\u00f8r ogs\u00e5 lese gjennom personvernerkl\u00e6ringen v\u00e5r <a href=\"https:\/\/www.youronlinechoices.com\/uk\/protecting-your-privacy\">https:\/\/www.youronlinechoices.com\/uk\/protecting-your-privacy<\/a> som gjelder som en del av disse generelle vilk\u00e5rene.<\/span><\/p>\n<p><span>\u00a0<\/span><\/p>\n<p><strong><span>Dine innstillinger for YourOnlineChoices<\/span><\/strong><\/p>\n<p><span>\u00a0<\/span><\/p>\n<p><span>En n\u00f8kkelfunksjon i nettstedet YourOnlineChoices er \u00e5 overf\u00f8re dine innstillinger knyttet til interessebasert markedsf\u00f8ring p\u00e5 nett, til deltakende selskaper. Vi bekrefter innstillingene dine og gir dem videre til annonsenettverkene og andre deltakende medlemsselskaper p\u00e5 listen p\u00e5 plattformsiden i <a href=\"https:\/\/www.youronlinechoices.com\/uk\/your-ad-choices\">https:\/\/www.youronlinechoices.com\/uk\/your-ad-choices.<\/a><\/span><\/p>\n<p><span>\u00a0<\/span><\/p>\n<p><span>For at du skal kunne bruke nettstedet YourOnlineChoices, m\u00e5 hvert deltakende selskap lagre en informasjonskapsel p\u00e5 nettleseren din slik at vi husker valgene dine. Du finner mer informasjon om informasjonskapsler i personvernerkl\u00e6ringen v\u00e5r https:\/\/www.youronlinechoices.com\/uk\/protecting-your-privacy. Hvis du bruker nettstedet YourOnlineChoices fra en annen datamaskin eller nettleser, eller fjerner\/sletter informasjonskapslene, kan vi ikke huske innstillingene dine. Da m\u00e5 du g\u00e5 tilbake til nettstedet YourOnlineChoices for \u00e5 velge innstillinger p\u00e5 nytt. Nettstedet YourOnlineChoices vil heller ikke fungerer korrekt hvis nettleseren din er stilt inn for \u00e5 blokkere informasjonskapsler. Da kan ikke innstillingene dine lagres fordi informasjonskapselen mangler.<\/span><\/p>\n<p><span>\u00a0<\/span><\/p>\n<p><span>Selv om vi gj\u00f8r alt vi kan for \u00e5 videreformidle innstillingene dine p\u00e5 YourOnlineChoices til de relevante selskapene som st\u00e5r p\u00e5 listen p\u00e5 nettstedet s\u00e5 snart du har foretatt innstillingene, leveres tjenestene p\u00e5 nettstedet YourOnlineChoices \u00absom de er\u00bb og \u00abetter tilgjengelighet\u00bb, og vi p\u00e5tar oss intet ansvar, og tilbyr ingen garantier, vilk\u00e5r, sikkerhet eller andre betingelser om at valgene dine vil v\u00e6re aktive til enhver tid. Dersom valgene ikke viser seg \u00e5 v\u00e6re aktive, kan du sende en klage og kreve situasjonen rettet gjennom nettstedet p\u00e5 <a href=\"https:\/\/www.youronlinechoices.com\/uk\/make-a-complaint\">https:\/\/www.youronlinechoices.com\/uk\/make-a-complaint.<\/a><\/span><\/p>\n<p><span>\u00a0<\/span><\/p>\n<p><strong><span>Dine forpliktelser<\/span><\/strong><\/p>\n<p><span>\u00a0<\/span><\/p>\n<p><span>Din adferd og bruk av nettstedet YourOnlineChoices m\u00e5 v\u00e6re i samsvar med alle gjeldende lover og forskrifter, og m\u00e5 tilsvare det som forventes av en rimelig, ansvarlig og forsiktig enkeltperson.<\/span><\/p>\n<p><span>\u00a0<\/span><\/p>\n<p><span>Du m\u00e5 ikke bruke nettstedet YourOnlineChoices til f\u00f8lgende virksomhet, eller tillate at nettstedet YourOnlineChoices brukes til:<\/span><\/p>\n<p><span>(A) ulovlige eller urettmessige virksomheter, eller for \u00e5 beg\u00e5 kriminelle handlinger og\/eller virksomheter;<\/span><\/p>\n<p><span>\u00a0<\/span><\/p>\n<p><span>(B) enhver form for kommunikasjon som er ulovlig, urettmessig, obsk\u00f8n, uanstendig, \u00e6rekrenkende, nedsettende, truende, krenkende, u\u00f8nsket eller ubedt eller som for\u00e5rsaker ergrelse, bry eller un\u00f8dvendig angst eller som bryter regler om lov og orden og\/eller offentlig anstendighet eller enhver gjeldende lovgivning tilknyttet rasehat;<\/span><\/p>\n<p><span>\u00a0<\/span><\/p>\n<p><span>(C) enhver virksomhet som kan krenke personvern- eller datavernrettighetene til andre kunder\/abonnenter eller tredjepersoner; og<\/span><\/p>\n<p><span>\u00a0<\/span><\/p>\n<p><span>(D) \u00e5 sende ut virus eller annen ondsinnet programvare eller p\u00e5 noen m\u00e5te forstyrre kommunikasjon eller datalagring eller p\u00e5 annen m\u00e5te skade eller \u00f8delegge nettstedet YourOnlineChoices eller innskrenke eller svekke bruken eller kapasiteten p\u00e5 nettstedet YourOnlineChoices for andre brukere eller tredjepersoner, ogs\u00e5 ved \u00e5 for\u00e5rsake un\u00f8dvendig overlasting av nettstedet gjennom stor, uforsvarlig datatrafikk (overfylling, spamming osv.).<\/span><\/p>\n<p><span>\u00a0<\/span><\/p>\n<p><span>Du skal respektere de immaterielle rettighetene (herunder blant annet copyright, varemerker, patenter, designrettigheter og rettigheter til databaser) som tilh\u00f8rer oss eller v\u00e5re lisensgivere.<\/span><\/p>\n<p><span>\u00a0<\/span><\/p>\n<p><span>Du skal p\u00e5 foresp\u00f8rsel holde oss skadesl\u00f8se for og erstatte ethvert krav tilknyttet erstatningsansvar, skade, utgifter, krav eller kostnader (inkludert rimelige juridiske kostnader og utgifter) som fastsettes som f\u00f8lge av ditt brudd p\u00e5 forpliktelsene i dette avsnittet.<\/span><\/p>\n<p><span>\u00a0<\/span><\/p>\n<p><span>Skulle du v\u00e6re kjent med at nettstedet YourOnlineChoices krenker dine immaterielle rettigheter, eiendomsrettigheter eller andre rettigheter, skal du informere oss snarest via kontaktopplysningene nedenfor.<\/span><\/p>\n<p><span>\u00a0<\/span><\/p>\n<p><strong><span>Lenker<\/span><\/strong><\/p>\n<p><span>\u00a0<\/span><\/p>\n<p><span>Enkelte lenker p\u00e5 nettstedet YourOnlineChoices gir deg tilgang til nettsteder som ikke er under v\u00e5r kontroll. EDAA tilbyr disse lenkene kun av praktiske grunner. En lenke p\u00e5 nettstedet v\u00e5rt inneb\u00e6rer ikke at det st\u00f8ttes av EDAA eller at EDAA er ansvarlig for innholdet i et slikt lenket nettsted. Du g\u00e5r inn p\u00e5 dem p\u00e5 egen risiko.<\/span><\/p>\n<p><span>\u00a0<\/span><\/p>\n<p><strong><span>Ansvarsbegrensning og -utelukkelse<\/span><\/strong><\/p>\n<p><span>\u00a0<\/span><\/p>\n<p><span>EDAA fraskriver seg uttrykkelig alt ansvar, garantier, vilk\u00e5r eller andre betingelser, uttrykkelige eller innforst\u00e5tte, i henhold til vedtekter, indirekte eller p\u00e5 annen m\u00e5te, inkludert men ikke begrenset til innforst\u00e5tte garantier, vilk\u00e5r eller andre betingelser om tilfredsstillende kvalitet, egnethet for et bestemt form\u00e5l eller rimelig forsiktighet og ferdighet.<\/span><\/p>\n<p><span>\u00a0<\/span><\/p>\n<p><span>Bortsett fra det som st\u00e5r nedenfor, fraskriver EDAA seg alt, og skal ikke holdes ansvarlig for avtalerettslige eller erstatningsrettslige forhold (inkludert men ikke begrenset til uaktsomhet), vedtektsfestede forhold, forh\u00e5ndsavtale eller annet ansvar (annet enn uriktige fremstillinger) eller p\u00e5 annen m\u00e5te som f\u00f8lge av eller i tilknytning til nettstedet YourOnlineChoices og disse vilk\u00e5rene. Dette gjelder (a) f\u00f8lgeskader, indirekte eller spesielle tap eller skader; (b) tap av goodwill eller anseelse; eller (c) \u00f8konomisk tap (inkludert tap av inntekter, fortjeneste, kontrakter, bedriftens oppsparte midler eller forventet oppsparing), i hvert tilfelle selv om EDAA er opplyst om muligheten for slikt tap eller skader og uansett hvordan det skjedde.<\/span><\/p>\n<p><span>\u00a0<\/span><\/p>\n<p><span>Bortsett fra det som st\u00e5r nedenfor, er EDAAs ansvar oppad begrenset til 5 euro i avtalerettslige eller erstatningsrettslige forhold (inkludert men ikke begrenset til uaktsomhet), vedtektsfestede forhold, forh\u00e5ndsavtale eller annet ansvar (annet enn uriktige fremstillinger) eller forhold som p\u00e5 annen m\u00e5te springer ut av eller er i tilknytning til denne avtalen og hver part i den, inkludert avtalens gjennomf\u00f8relse og utf\u00f8relse, hva ang\u00e5r \u00e9n eller flere hendelser eller hendelsesforl\u00f8p (enten tilknyttet eller ikke) som finner sted innen en tolv m\u00e5neders periode.<\/span><\/p>\n<p><span>\u00a0<\/span><\/p>\n<p><span>Intet i denne avtalen skal utelukke eller begrense ansvaret for d\u00f8d eller personskade som f\u00f8lge av misligholdet fra en part eller partens representanter eller ansatte som opptrer i arbeidssammenheng, eller utelukke eller begrense en parts ansvar som eventuelt ikke er utelukket etter gjeldende lovgivning.<\/span><\/p>\n<p><span>\u00a0<\/span><\/p>\n<p><strong><span>Generelle vilk\u00e5r<\/span><\/strong><\/p>\n<p><span>\u00a0<\/span><\/p>\n<p><em><strong><span>Force majeure:<\/span><\/strong><\/em><span> En force majeure-hendelse betyr en hendelse som er utenfor v\u00e5r rimelige kontroll. N\u00e5r en force majeure-hendelse utgj\u00f8r grunnlaget for en svikt eller forsinkelse fra v\u00e5r side i \u00e5 utf\u00f8re v\u00e5re forpliktelser i henhold til disse vilk\u00e5rene, skal disse forpliktelsene oppheves i den tiden force majeure-hendelsen varer. N\u00e5r en force majeure-hendelse utgj\u00f8r grunnlaget for en svikt eller forsinkelse fra v\u00e5r side i \u00e5 utf\u00f8re v\u00e5re forpliktelser i henhold til disse vilk\u00e5rene, skal disse forpliktelsene oppheves i den tiden force majeure-hendelsen varer.<\/span><\/p>\n<p><span>\u00a0<\/span><\/p>\n<p><em><strong><span>Tildeling og underkontrakter: <\/span><\/strong><\/em><span>Du kan ikke tildele, overf\u00f8re, kreve penger fra eller utstede lisens til noen som helst for hele eller deler av dine rettigheter og\/eller forpliktelser i henhold til disse vilk\u00e5rene.<\/span><\/p>\n<p><span>\u00a0<\/span><\/p>\n<p><em><strong><span>Forhold:<\/span><\/strong><\/em><span> Intet i disse vilk\u00e5rene skal anses som en opprettelse av et partnerskap eller joint venture eller ansettelsesavtale av noe slag mellom deg og oss, og vilk\u00e5rene skal heller ikke anses som en innvilgelse av myndighet som ikke er uttrykkelig fastsatt i disse vilk\u00e5rene eller opprettelse av et agentforhold mellom deg og oss.<\/span><\/p>\n<p><span>\u00a0<\/span><\/p>\n<p><em><strong><span>Hele avtalen:<\/span><\/strong><\/em><span> Du bekrefter at disse vilk\u00e5rene inneholder hele avtalen og overenskomsten med oss om at de erstatter alle tidligere avtaler, ordninger og overenskomster mellom deg og oss ang\u00e5ende vilk\u00e5r. Du bekrefter at du ikke har lagt til grunn et utsagn, erkl\u00e6ring eller overenskomst som ikke er en uttrykkelig del av disse vilk\u00e5rene, og skal ikke ha mulighet til krav basert p\u00e5 et utsagn, erkl\u00e6ring eller overenskomst som ikke er et uttrykkelig vilk\u00e5r med mindre det er fremsatt p\u00e5 en uhederlig m\u00e5te.<\/span><\/p>\n<p><span>\u00a0<\/span><\/p>\n<p><em><strong><span>Ansvarsfraskrivelse:<\/span><\/strong><\/em><span> Ingen svikt eller forsinkelse fra noen part i \u00e5 ut\u00f8ve en rettighet, myndighet eller kravmulighet etter disse vilk\u00e5rene, kan fungere som en ansvarsfraskrivelse for det eller noen annen rettighet, myndighet eller kravmulighet, og hvis vi ut\u00f8ver en rettighet, myndighet eller kravmulighet kun enkeltvis eller delvis, utelukker dette ikke at vi kan ut\u00f8ve andre rettigheter, myndigheter eller kravmuligheter.<\/span><\/p>\n<p><span>\u00a0<\/span><\/p>\n<p><em><strong><span>Delelighet:<\/span><\/strong><\/em><span> Skulle en domstol eller kompetent myndighet komme frem til at en bestemmelse i disse vilk\u00e5rene er ugyldig, urettmessig eller umulig \u00e5 h\u00e5ndheve i en domsmyndighet, skal den bestemmelsen anses som ikke lenger en del av disse vilk\u00e5rene. Dette skal ikke g\u00e5 utover gyldigheten, lovmessigheten eller h\u00e5ndhevbarheten til resten av disse vilk\u00e5rene, og dette g\u00e5r heller ikke utover gyldigheten, lovmessigheten eller h\u00e5ndhevbarheten til den bestemmelsen i noen annen domsmyndighet<\/span><\/p>\n<p><span>\u00a0<\/span><\/p>\n<p><em><strong><span>Tidsperiode og frister:<\/span><\/strong><\/em><span> Tid er ikke avgj\u00f8rende med mindre det st\u00e5r uttrykkelig at den gjelder.<\/span><\/p>\n<p><span>\u00a0<\/span><\/p>\n<p><em><strong><span>Tredjepersoners rettigheter:<\/span><\/strong><\/em><span> Intet i disse vilk\u00e5rene skal stifte eller tildele rettigheter eller fordeler, verken i henhold til den britiske avtaleloven (Contracts Act) av 1999 (rettigheter for tredjepersoner) eller p\u00e5 annen m\u00e5te, for en annen person enn partene i disse vilk\u00e5rene.<\/span><\/p>\n<p><span>\u00a0<\/span><\/p>\n<p><em><strong><span>Diverse:<\/span><\/strong><\/em><span> Partenes rettigheter og oppfyllelseskrav etter disse vilk\u00e5rene er kumulative, og kommer i tillegg til alle rettigheter og oppfyllelseskrav etter loven. Enhver endring i disse vilk\u00e5rene m\u00e5 v\u00e6re skriftlig, og avtalt mellom partene. Disse vilk\u00e5rene kan utstedes i duplikata og skriftlig elektronisk.<\/span><\/p>\n<p><span>\u00a0<\/span><\/p>\n<p><em><strong><span>Lovvalg:<\/span><\/strong><\/em><span> Disse vilk\u00e5rene skal tolkes i samsvar med lovgivningen i Belgia, og hver part er herved ugjenkallelig underlagt den ikke-eksklusive domstolen i Brussel.<\/span><\/p>\n<p><span>\u00a0<\/span><\/p>\n<p><strong><span>Sluttbestemmelser<\/span><\/strong><\/p>\n<p><span>\u00a0<\/span><\/p>\n<p><strong><span>V\u00e5re klageregler<\/span><\/strong><\/p>\n<p><span>\u00a0<\/span><\/p>\n<p><span>Vi vil l\u00f8se alle problemer som vi informeres om, og som vi er i stand til \u00e5 avhjelpe s\u00e5 snart som mulig Hvis du ikke er forn\u00f8yd med svaret eller l\u00f8sningen vi tilbyr, b\u00f8r du kontakte oss p\u00e5 adressen nedenfor.<\/span><\/p>\n<p><span>\u00a0<\/span><\/p>\n<p><strong><span>Kontakt oss<\/span><\/strong><\/p>\n<p><span>\u00a0<\/span><\/p>\n<p><span>Trenger du mer informasjon eller har du har sp\u00f8rsm\u00e5l om disse vilk\u00e5rene, kan du kontakte EDAA p\u00e5 e-post: privacy [at] edaa.eu<\/span><\/p>\n<p><span>\u00a0<\/span><\/p>\n<p><span>Vi er European Interactive Digital Advertising Alliance (EDAA)<\/span><\/p>\n<p><span><br \/>\nV\u00e5rt hovedkontor ligger i Rue des Deux Eglises 26 | B-1000 Brussel<\/span><\/p>\n<p><span><br \/>\nV\u00e5rt organisasjonsnummer er BE 0846.790.105<\/span><\/p>\n<p><span>\u00a0<\/span><\/p>\n<p><span>V\u00e5rt MVA-nummer er BE 0846.790.105<\/span><\/p>\n","protected":false},"excerpt":{"rendered":"<p>Generelle vilk\u00e5r \u00a0 Disse vilk\u00e5rene regulerer forholdet mellom EDAA og deg n\u00e5r du bruker nettstedet YourOnlineChoices eller n\u00e5r du aksepterer informasjonskapselen til YourOnlineChoices. \u00a0 EDAA er en ideell organisasjon (AiSBL) basert i Brussel og registrert med organisasjonsnummer BE 0846.790.105. Hovedkontoret v\u00e5rt ligger i Rue des Deux Eglises 26 | 1000 Brussel. \u00a0 Nettstedet YourOnlineChoices finner [&hellip;]<\/p>\n","protected":false},"author":2,"featured_media":0,"parent":0,"menu_order":0,"comment_status":"closed","ping_status":"open","template":"","meta":[],"_links":{"self":[{"href":"https:\/\/www.youronlinechoices.com\/nor\/wp-json\/wp\/v2\/pages\/389"}],"collection":[{"href":"https:\/\/www.youronlinechoices.com\/nor\/wp-json\/wp\/v2\/pages"}],"about":[{"href":"https:\/\/www.youronlinechoices.com\/nor\/wp-json\/wp\/v2\/types\/page"}],"author":[{"embeddable":true,"href":"https:\/\/www.youronlinechoices.com\/nor\/wp-json\/wp\/v2\/users\/2"}],"replies":[{"embeddable":true,"href":"https:\/\/www.youronlinechoices.com\/nor\/wp-json\/wp\/v2\/comments?post=389"}],"version-history":[{"count":7,"href":"https:\/\/www.youronlinechoices.com\/nor\/wp-json\/wp\/v2\/pages\/389\/revisions"}],"predecessor-version":[{"id":450,"href":"https:\/\/www.youronlinechoices.com\/nor\/wp-json\/wp\/v2\/pages\/389\/revisions\/450"}],"wp:attachment":[{"href":"https:\/\/www.youronlinechoices.com\/nor\/wp-json\/wp\/v2\/media?parent=389"}],"curies":[{"name":"wp","href":"https:\/\/api.w.org\/{rel}","templated":true}]}}