{"id":23,"date":"2010-11-30T12:26:08","date_gmt":"2010-11-30T12:26:08","guid":{"rendered":"https:\/\/www.youronlinechoices.com\/nor"},"modified":"2019-08-29T22:36:40","modified_gmt":"2019-08-29T20:36:40","slug":"hjelp","status":"publish","type":"page","link":"https:\/\/www.youronlinechoices.com\/nor\/hjelp","title":{"rendered":"Hjelp"},"content":{"rendered":"<p><strong>Her er noen ting du trenger \u00e5 vite om det \u00e5 reservere deg mot interessebasert markedsf\u00f8ring\u2026<\/strong><br \/>\n<!-- br--><br \/>\n<!-- br--><\/p>\n<ul>\n<li>Hvis du velger \u00e5 reservere deg mot interessebasert markedsf\u00f8ring gjennom <a href=\"https:\/\/www.youronlinechoices.com\/nor\/dine-valg\">v\u00e5rt reservasjons-verkt\u00f8y som du finner her<\/a>, er det viktig \u00e5 huske p\u00e5 at dette inneb\u00e6rer at du fortsatt kommer til \u00e5 bli eksponert for reklame n\u00e5r du bruker annonsefinansierte nettsteder. Forskjellen er at annonser ikke lenger kommer til \u00e5 v\u00e6re tilpasset deg og det du er interessert i. Annonsene kommer derfor til \u00e5 v\u00e6re mindre relevante enn tidligere.<\/li>\n<p><!-- br--><br \/>\n<!-- br--><\/p>\n<li>Hvis du velger \u00e5 reservere deg mot en bestemt tilbyder av interessebasert markedsf\u00f8ring, vil valget kun gjelde for den leverand\u00f8rens spesifikke innsamling av data i den spesifikke nettleseren du bruker. Det samme gjelder hvis du velger reservasjon mot alle leverand\u00f8rer av interessebasert markedsf\u00f8ring \u2013 innstillingen gjelder kun i den <a href=\"https:\/\/www.youronlinechoices.com\/nor\/ordbok#nettleser \">nettleser<\/a>en du bruker. <strong>Du m\u00e5 lagre samme innstillinger i alle ulike nettlesere p\u00e5 alle datamaskiner du bruker.<\/strong> Hvis du har mer enn en brukerkonto p\u00e5 den samme datamaskinen, har du mulighet til \u00e5 gj\u00f8re separate innstillinger for hver brukerkonto. <a href=\"https:\/\/www.youronlinechoices.com\/nor\/topp-fem-tips\">Se v\u00e5re tips<\/a>.<\/li>\n<p><!-- br--><br \/>\n<!-- br--><\/p>\n<li>Hvis du har reservert deg mot interessebasert markedsf\u00f8ring, men ombestemmer deg og \u00f8nsker interessetilpassede annonser p\u00e5 nett, har du mulighet til fjerne reservasjonen gjennom \u00e5 bruke det samme skjemaet p\u00e5 v\u00e5re <a href=\"https:\/\/www.youronlinechoices.com\/nor\/your-ad-choices\">reservasjons-side<\/a>. Alternativt kan du slette cookies p\u00e5 din datamaskin \u2013 <a href=\"https:\/\/www.youronlinechoices.com\/nor\/topp-fem-tips\">se tips om hvordan du gj\u00f8r dette<\/a>.<\/li>\n<p><!-- br--><br \/>\n<!-- br--><\/p>\n<li>Hvis du har problemer med \u00e5 bruke v\u00e5r reservasjons-side, se nedenfor.<\/li>\n<\/ul>\n<p><!-- br--><br \/>\n<strong>Har du problemer med \u00e5 bruke reservasjons-verkt\u00f8yet?<\/strong><br \/>\n<!-- br--><br \/>\n<!-- br--><\/p>\n<ul>\n<li>Det er en rekke ting som kan p\u00e5virke reservasjons-verkt\u00f8yet som er utenfor v\u00e5r kontroll. Dette kan inkludere problemer med din internettoppkobling, sikkerhetsinnstillinger i bedriftsnettverk eller dine nettleserinstillinger.<\/li>\n<\/ul>\n<p><!-- br--><br \/>\nHvis du opplever problemer med \u00e5 reservere deg gjennom \u00e5 bruke lenkene du finner p\u00e5 dette nettstedet, ber vi deg f\u00f8rst \u00e5 <a href=\"https:\/\/www.youronlinechoices.com\/nor\/dine-valg\">pr\u00f8ve igjen<\/a>.<br \/>\n<!-- br--><br \/>\n<strong>Hvis problemene vedvarer, se under.<\/strong><br \/>\n<!-- br--><br \/>\n<!-- br--><\/p>\n<ul>\n<li>De reservasjonsverkt\u00f8yene vi tilbyr er basert p\u00e5 cookies. Derfor m\u00e5 du gj\u00f8re en innstilling i nettleseren din som aksepterer tredjepartscookies for \u00e5 f\u00e5 reservasjons-verkt\u00f8yet til \u00e5 fungere som det skal. <a href=\"https:\/\/www.youronlinechoices.com\/nor\/topp-fem-tips\">Se v\u00e5re tips her for \u00e5 finne ut mer om hvordan du gj\u00f8r innstillinger i din nettleser<\/a>.<\/li>\n<p><!-- br--><br \/>\n<!-- br--><\/p>\n<li>For ytterligere informasjon og support kan du ogs\u00e5 se den spesifikke hjelpesiden for den nettleseren du bruker:<\/li>\n<\/ul>\n<p><a href=\"http:\/\/support.microsoft.com\/kb\/283185\">Internet Explorer<\/a><\/p>\n<p><a href=\"http:\/\/support.mozilla.com\/en-US\/kb\/Options+window+-+Privacy+panel\">Firefox<\/a><\/p>\n<p><a href=\"http:\/\/docs.info.apple.com\/article.html?path=Safari\/3.0\/en\/9277.html\">Safari<\/a><\/p>\n<p><a href=\"http:\/\/www.google.com\/support\/chrome\/bin\/answer.py?hl=en&amp;answer=95647\">Chrome<\/a><\/p>\n<ul>\n<!-- br--><br \/>\n<!-- br--><\/p>\n<li>Hvis du fortsatt har problemer med reservasjons-verkt\u00f8yet kan du kontakte oss<a href=\"mailto:privacy@EDAA.eu\"> her<\/a>.<\/li>\n<\/ul>\n<p><!-- br--><br \/>\n<!-- br--><\/p>\n<h3>Send oss din tilbakemelding p\u00e5 <a href=\"mailto:privacy@EDAA.eu\">privacy@EDAA.eu<\/a><\/h3>\n","protected":false},"excerpt":{"rendered":"<p>Her er noen ting du trenger \u00e5 vite om det \u00e5 reservere deg mot interessebasert markedsf\u00f8ring\u2026 Hvis du velger \u00e5 reservere deg mot interessebasert markedsf\u00f8ring gjennom v\u00e5rt reservasjons-verkt\u00f8y som du finner her, er det viktig \u00e5 huske p\u00e5 at dette inneb\u00e6rer at du fortsatt kommer til \u00e5 bli eksponert for reklame n\u00e5r du bruker annonsefinansierte [&hellip;]<\/p>\n","protected":false},"author":2,"featured_media":0,"parent":0,"menu_order":11,"comment_status":"closed","ping_status":"closed","template":"","meta":[],"_links":{"self":[{"href":"https:\/\/www.youronlinechoices.com\/nor\/wp-json\/wp\/v2\/pages\/23"}],"collection":[{"href":"https:\/\/www.youronlinechoices.com\/nor\/wp-json\/wp\/v2\/pages"}],"about":[{"href":"https:\/\/www.youronlinechoices.com\/nor\/wp-json\/wp\/v2\/types\/page"}],"author":[{"embeddable":true,"href":"https:\/\/www.youronlinechoices.com\/nor\/wp-json\/wp\/v2\/users\/2"}],"replies":[{"embeddable":true,"href":"https:\/\/www.youronlinechoices.com\/nor\/wp-json\/wp\/v2\/comments?post=23"}],"version-history":[{"count":32,"href":"https:\/\/www.youronlinechoices.com\/nor\/wp-json\/wp\/v2\/pages\/23\/revisions"}],"predecessor-version":[{"id":432,"href":"https:\/\/www.youronlinechoices.com\/nor\/wp-json\/wp\/v2\/pages\/23\/revisions\/432"}],"wp:attachment":[{"href":"https:\/\/www.youronlinechoices.com\/nor\/wp-json\/wp\/v2\/media?parent=23"}],"curies":[{"name":"wp","href":"https:\/\/api.w.org\/{rel}","templated":true}]}}