{"id":19,"date":"2010-11-30T12:19:14","date_gmt":"2010-11-30T12:19:14","guid":{"rendered":"https:\/\/www.youronlinechoices.com\/nor"},"modified":"2019-08-29T22:36:16","modified_gmt":"2019-08-29T20:36:16","slug":"ordbok","status":"publish","type":"page","link":"https:\/\/www.youronlinechoices.com\/nor\/ordbok","title":{"rendered":"Ordbok"},"content":{"rendered":"<p>Forklaring av alle de relevante ordene for interessebasert markedsf\u00f8ring.<br \/>\n<!-- br--><br \/>\n<span style=\"color: #000000; font-size: medium;\"><strong><strong>Annonsenettverk<\/strong><\/strong><\/span><br \/>\n<!-- br--><br \/>\nEt selskap som knytter nettsteder sammen med relevante annons\u00f8rer.<\/p>\n<p><strong> <\/strong><\/p>\n<ul>\n<li>Ogs\u00e5 kjent som:\u00a0<strong>ad network, advertisment network<\/strong><\/li>\n<p>\t<!-- \n\n<li><a href=\"http:\/\/en.wikipedia.org\/wiki\/Advertising_network\" target=\"_self\">Se engelsk beskrivelse p\u00e5 Wikipedia<\/a><\/li>\n\n-->\n<\/ul>\n<p><!-- br--><br \/>\n<span style=\"color: #000000; font-size: medium;\"><strong><strong>Informasjonskapsel<\/strong><\/strong><\/span><br \/>\n<!-- br--><br \/>\nEn informasjonskapsel (ogs\u00e5 kjent som \u00abcookie\u00bb) er en liten fil som kan inneholde tekst og tall som lagres i din nettleser. Nesten alle nettsteder benytter seg av informasjonskapsler p\u00e5 en eller annen m\u00e5te. Informasjonskapsler lar deg for eksempel lagre innstillingene p\u00e5 en nettside, husker deg n\u00e5r du kommer tilbake eller lar deg putte varer i en handlekurv. En informasjonskapsel samler og inneholder i seg selv ikke informasjon, men hvis den brukes med sammen med en nettleser kan den gi en mer brukervennlig opplevelse p\u00e5 en nettside.<\/p>\n<ul>\n<li>Ogs\u00e5 kjent som:\u00a0<strong>cookie, HTTP cookie<\/strong>, <strong>browser cookie<\/strong><\/li>\n<p>\t<!-- \n\n<li><a href=\"http:\/\/no.wikipedia.org\/wiki\/Informasjonskapsel\">Se beskrivelse p\u00e5 Wikipedia<\/a><\/li>\n\n-->\n<\/ul>\n<p><!-- br--><br \/>\n<span style=\"color: #000000; font-size: medium;\"><strong><strong>Kontekstuell annonsering<\/strong><\/strong><\/span><br \/>\n<!-- br--><br \/>\nAnnonsering som m\u00e5lrettes mot brukere basert p\u00e5 innholdet p\u00e5 nettsiden de befinner seg p\u00e5 akkurat n\u00e5. Hvis du for eksempel befinner deg p\u00e5 en filmnettside, vil du se reklamer for DVD-filmer og kinobilletter. Kontekstuell annonsering benyttes ogs\u00e5 av s\u00f8kemotorer for \u00e5 vise annonser etter du har s\u00f8kt.<\/p>\n<ul>\n\t<!-- \n\n<li><a href=\"http:\/\/en.wikipedia.org\/wiki\/Contextual_advertising\" target=\"_self\">Se engelsk beskrivelse p\u00e5 Wikipedia<\/a><\/li>\n\n-->\n<\/ul>\n<p><!-- br--><br \/>\n<span style=\"color: #000000; font-size: medium;\"><strong><strong>Interessebasert markedsf\u00f8ring<\/strong><\/strong><\/span><br \/>\n<!-- br--><br \/>\nEn teknoloigi som gj\u00f8r det mulig \u00e5 m\u00e5lrette annonser basert p\u00e5 en nettbrukers interesser.<\/p>\n<ul>\n<li>Ogs\u00e5 kjent som:\u00a0<strong>behavioural advertising<\/strong>,\u00a0<strong>behavioural targeting<\/strong>,\u00a0<strong>interest-based advertising<\/strong> eller\u00a0<strong>ad matching<\/strong><\/li>\n<p>\t<!-- \n\n<li><a href=\"http:\/\/en.wikipedia.org\/wiki\/Behavioral_targeting\" target=\"_self\">Se engelsk beskrivelse p\u00e5 Wikipedia<\/a><\/li>\n\n-->\n<\/ul>\n<p><!-- br--><br \/>\n<span style=\"color: #000000; font-size: medium;\"><strong><strong>Personlig identifiserbar informasjon<\/strong><\/strong><\/span><br \/>\n<!-- br--><br \/>\nPersonlig informasjon er data, som alene eller sammen med annen data, unikt kan identifisere deg som en person. Eksempler p\u00e5 denne typen data kan v\u00e6re ditt navn, din e-post eller postadresse. Personlig identifiserbar informasjon defineres av EU direktiv 95\/46\/EC og i Norge av personopplysningsloven <!-- <a href=\"http:\/\/no.wikipedia.org\/wiki\/Personopplysningsloven\">personopplysningsloven<\/a>-->.<\/p>\n<ul>\n\t<!-- \n\n<li><a href=\"http:\/\/en.wikipedia.org\/wiki\/Personally_identifiable_information\" target=\"_self\">Se engelsk beskrivelse p\u00e5 Wikipedia<\/a><\/li>\n\n-->\n<\/ul>\n<p><!-- br--><br \/>\n<span style=\"color: #000000; font-size: medium;\"><strong><strong>Reservasjon (opt-out)<\/strong><\/strong><\/span><br \/>\n<!-- br--><br \/>\nResvervasjon gj\u00f8r det mulig for enkelt personer \u00e5 reservere seg mot en tjeneste. I dette tilfellet er det snakk om reservasjon mot interessebasert markedsf\u00f8ring hos de selskapene som f\u00f8lger IAB sine retningslinjer for interessebasert markedsf\u00f8ring. <a href=\"https:\/\/www.youronlinechoices.com\/nor\/dine-valg\">Klikk her for \u00e5 reservere deg<\/a>.<\/p>\n<ul>\n\t<!-- \n\n<li><a href=\"http:\/\/en.wikipedia.org\/wiki\/Opt-out\" target=\"_self\">Se engelsk beskrivelse p\u00e5 Wikipedia<\/a><\/li>\n\n-->\n<\/ul>\n<p><!-- br--><br \/>\n<span style=\"color: #000000; font-size: medium;\"><strong><strong>M\u00e5lrettet annonsering<\/strong><br \/>\n<\/strong><\/span><br \/>\n<!-- br--><br \/>\nAnnonsering som er spesifikt m\u00e5lrettet mot en gruppe av brukere basert p\u00e5 faktorer som demografi eller interesse.<\/p>\n<ul>\n<li>Ogs\u00e5 kjent som:\u00a0<strong>customised<\/strong> eller\u00a0<strong>personalised advertising<\/strong><\/li>\n<\/ul>\n<p><!-- br--><br \/>\n<span style=\"color: #000000; font-size: medium;\"><strong><strong><strong>Nettleser<\/strong><\/strong><\/strong><\/span><br \/>\n<!-- br--><br \/>\nProgramvare p\u00e5 din datamaskin eller mobiltelefon som viser innhold fra World Wide Web. Eksempler er Internet Explorer, Firefox, Chrome, Safari og Opera.<\/p>\n<ul>\n\t<!-- \n\n<li><a href=\"http:\/\/no.wikipedia.org\/wiki\/Nettleser\">Se beskrivelse p\u00e5 Wikipedia<\/a><\/li>\n\n-->\n<\/ul>\n<p><!-- br--><br \/>\n<!-- br--><\/p>\n<h3>Send oss din tilbakemelding p\u00e5 <a href=\"mailto:privacy@EDAA.eu\">privacy@EDAA.eu<\/a><\/h3>\n","protected":false},"excerpt":{"rendered":"<p>Forklaring av alle de relevante ordene for interessebasert markedsf\u00f8ring. Annonsenettverk Et selskap som knytter nettsteder sammen med relevante annons\u00f8rer. Ogs\u00e5 kjent som:\u00a0ad network, advertisment network Informasjonskapsel En informasjonskapsel (ogs\u00e5 kjent som \u00abcookie\u00bb) er en liten fil som kan inneholde tekst og tall som lagres i din nettleser. Nesten alle nettsteder benytter seg av informasjonskapsler p\u00e5 [&hellip;]<\/p>\n","protected":false},"author":2,"featured_media":0,"parent":0,"menu_order":10,"comment_status":"closed","ping_status":"closed","template":"","meta":[],"_links":{"self":[{"href":"https:\/\/www.youronlinechoices.com\/nor\/wp-json\/wp\/v2\/pages\/19"}],"collection":[{"href":"https:\/\/www.youronlinechoices.com\/nor\/wp-json\/wp\/v2\/pages"}],"about":[{"href":"https:\/\/www.youronlinechoices.com\/nor\/wp-json\/wp\/v2\/types\/page"}],"author":[{"embeddable":true,"href":"https:\/\/www.youronlinechoices.com\/nor\/wp-json\/wp\/v2\/users\/2"}],"replies":[{"embeddable":true,"href":"https:\/\/www.youronlinechoices.com\/nor\/wp-json\/wp\/v2\/comments?post=19"}],"version-history":[{"count":26,"href":"https:\/\/www.youronlinechoices.com\/nor\/wp-json\/wp\/v2\/pages\/19\/revisions"}],"predecessor-version":[{"id":430,"href":"https:\/\/www.youronlinechoices.com\/nor\/wp-json\/wp\/v2\/pages\/19\/revisions\/430"}],"wp:attachment":[{"href":"https:\/\/www.youronlinechoices.com\/nor\/wp-json\/wp\/v2\/media?parent=19"}],"curies":[{"name":"wp","href":"https:\/\/api.w.org\/{rel}","templated":true}]}}