{"id":184,"date":"2011-03-07T14:48:17","date_gmt":"2011-03-07T14:48:17","guid":{"rendered":"https:\/\/www.youronlinechoices.com\/nor\/?page_id=184"},"modified":"2015-05-14T14:03:50","modified_gmt":"2015-05-14T12:03:50","slug":"dine-valg","status":"publish","type":"page","link":"https:\/\/www.youronlinechoices.com\/nor\/dine-valg","title":{"rendered":"Dine valg"},"content":{"rendered":"<div class=\"mb10\">\nSelskapene som vises under er noen av leverand\u00f8rene som samler informasjon og bruker dette for \u00e5 kunne tilby interessebasert markedsf\u00f8ring.<br \/>\n<!-- br--><br \/>\nBruk knappene under for \u00e5 kontrollere innstillinger for interessebasert markedsf\u00f8ring. Du kan sl\u00e5 av eller p\u00e5 alle selskaper eller alternativt sette individuelle instillinger per selskap. Ved \u00e5 klikke p\u00e5 &#8221; i &#8221; knappen kan du f\u00e5 mer informasjon om selskapet og statusen for interessebasert markedsf\u00f8ring i nettleseren du benytter. Hvis du har problemer med innstillingene, kan du bes\u00f8ke v\u00e5r  <a href=\"https:\/\/www.youronlinechoices.com\/nor\/hjelp\">hjelpeside<\/a>.<\/p>\n<\/div>\n<div class=\"liteyellowbg p10\">\n<div class=\"bbsolid bcdarkyellow pb10 mb10\">\n<div class=\"fleft pt10 pl5 pr10\"><img class=\"block attention\" src=\"https:\/\/www.youronlinechoices.com\/images\/pixel.png\" alt=\"\" \/><\/div>\n<div class=\"fleft w90\">Please note: this does not turn off all internet advertising only advertisements that are customised to your likely interests based upon previous web browsing activity. <a class=\"block mt5\" href=\"hjelp\">Read more about the process<\/a><\/div>\n<\/div>\n<div class=\"pl40 pt10 pb10\">\n<p><strong class=\"block mb5\">Status symbols scheme:<\/strong><\/p>\n<div>\n<div class=\"block mb10\"><img class=\"iblock mr5 legend nocookie vamiddle\" src=\"https:\/\/www.youronlinechoices.com\/images\/pixel.png\" alt=\"\" \/><span class=\"iblock w530 vamiddle\">This company has not set-up a cookie, but may deliver in the future advertisements that are customised to your interests.<\/span><\/div>\n<div class=\"block mb10\"><img class=\"iblock vamiddle mr5 legend on\" src=\"https:\/\/www.youronlinechoices.com\/images\/pixel.png\" alt=\"\" \/><span class=\"iblock w530 vamiddle\">This company is delivering advertisements customised to your interests.<\/span><\/div>\n<div class=\"block mb10\"><img class=\"iblock vamiddle mr5 legend off\" src=\"https:\/\/www.youronlinechoices.com\/images\/pixel.png\" alt=\"\" \/><span class=\"iblock w530 vamiddle\">This company is not delivering advertisements customised to your interests.<\/span><\/div>\n<div class=\"block\"><img class=\"iblock vamiddle mr5 legend noconnection\" src=\"https:\/\/www.youronlinechoices.com\/images\/pixel.png\" alt=\"\" \/><span class=\"iblock w530 vamiddle\">This company is experiencing technical issues, and we cannot retrieve your status.<\/span><\/div>\n<\/div>\n<\/div>\n<\/div>\n<div>\n<p><iframe loading=\"lazy\" width=\"100%\" height=\"3700\" id=\"myiframeid\" name=\"myiframeid\" src=\"https:\/\/www.youronlinechoices.com\/opt_out_interface_v2?lang=nor\" scrolling=\"no\" frameborder=\"0\" onload=\"\"><\/iframe><\/p>\n<div id=\"loadingLoad\">\n<div class=\"reloadButtons\"> aaa <\/div>\n<p><span id=\"loadingLoadText\">82<\/span>\n<\/div>\n<\/div>\n","protected":false},"excerpt":{"rendered":"<p>Selskapene som vises under er noen av leverand\u00f8rene som samler informasjon og bruker dette for \u00e5 kunne tilby interessebasert markedsf\u00f8ring. Bruk knappene under for \u00e5 kontrollere innstillinger for interessebasert markedsf\u00f8ring. Du kan sl\u00e5 av eller p\u00e5 alle selskaper eller alternativt sette individuelle instillinger per selskap. Ved \u00e5 klikke p\u00e5 &#8221; i &#8221; knappen kan du [&hellip;]<\/p>\n","protected":false},"author":2,"featured_media":0,"parent":0,"menu_order":3,"comment_status":"closed","ping_status":"open","template":"","meta":[],"_links":{"self":[{"href":"https:\/\/www.youronlinechoices.com\/nor\/wp-json\/wp\/v2\/pages\/184"}],"collection":[{"href":"https:\/\/www.youronlinechoices.com\/nor\/wp-json\/wp\/v2\/pages"}],"about":[{"href":"https:\/\/www.youronlinechoices.com\/nor\/wp-json\/wp\/v2\/types\/page"}],"author":[{"embeddable":true,"href":"https:\/\/www.youronlinechoices.com\/nor\/wp-json\/wp\/v2\/users\/2"}],"replies":[{"embeddable":true,"href":"https:\/\/www.youronlinechoices.com\/nor\/wp-json\/wp\/v2\/comments?post=184"}],"version-history":[{"count":24,"href":"https:\/\/www.youronlinechoices.com\/nor\/wp-json\/wp\/v2\/pages\/184\/revisions"}],"predecessor-version":[{"id":399,"href":"https:\/\/www.youronlinechoices.com\/nor\/wp-json\/wp\/v2\/pages\/184\/revisions\/399"}],"wp:attachment":[{"href":"https:\/\/www.youronlinechoices.com\/nor\/wp-json\/wp\/v2\/media?parent=184"}],"curies":[{"name":"wp","href":"https:\/\/api.w.org\/{rel}","templated":true}]}}