{"id":12,"date":"2010-11-30T11:58:27","date_gmt":"2010-11-30T11:58:27","guid":{"rendered":"https:\/\/www.youronlinechoices.com\/nor"},"modified":"2019-08-29T22:35:28","modified_gmt":"2019-08-29T20:35:28","slug":"topp-fem-tips","status":"publish","type":"page","link":"https:\/\/www.youronlinechoices.com\/nor\/topp-fem-tips","title":{"rendered":"Topp fem tips"},"content":{"rendered":"<p>Topp fem tips for \u00e5 h\u00e5ndtere ditt personvern p\u00e5 nettet.<\/p>\n<table border=\"0\">\n<tbody>\n<tr>\n<td><img loading=\"lazy\" class=\"alignnone size-full wp-image-473\" title=\"Number-1-blue_4076\" src=\"https:\/\/youronlinechoices.com\/wp-content\/uploads\/2009\/08\/Number-1-blue_4076.jpg\" alt=\"Number-1-blue_4076\" width=\"80\" height=\"80\" \/><\/td>\n<td><span style=\"color: #000000; font-size: medium;\"><strong><strong>Ikke f\u00e5 panikk<\/strong><\/strong><\/span><br \/>\nInteressebasert markedsf\u00f8ring er helt trygt og gjennomsiktig. Annons\u00f8rer vet ikke hvem du er fordi informasjonen som samles ikke kan brukes til \u00e5 identifisere deg som person og er basert p\u00e5 historikk. <a href=\"https:\/\/www.youronlinechoices.com\/nor\/om-interessebasert-markedsf\u00f8ring\">Les mer om interessebasert markedsf\u00f8ring.<\/a><\/td>\n<td><a href=\"http:\/\/hypescape.com\/youronlinechoices\/?page_id=10\"> <\/a><\/td>\n<\/tr>\n<tr>\n<td><img loading=\"lazy\" class=\"alignnone size-full wp-image-474\" title=\"number-3-pink_4077\" src=\"https:\/\/youronlinechoices.com\/wp-content\/uploads\/2009\/08\/number-3-pink_4077.jpg\" alt=\"number-3-pink_4077\" width=\"80\" height=\"80\" \/><\/td>\n<td><span style=\"color: #000000; font-size: medium;\"><strong><strong>Se etter informasjon om interessebasert markedsf\u00f8ring p\u00e5 nettsider du bes\u00f8ker<\/strong><\/strong><\/span><br \/>\nNettsteder som viser interessebasert markedsf\u00f8ring har ogs\u00e5 ofte ytterligere nyttig informasjon om hvordan data samles og benyttes, uavhengig av om det blir samlet av nettsiden selv eller en tredjepart.<\/td>\n<\/tr>\n<tr>\n<td><img loading=\"lazy\" class=\"alignnone size-full wp-image-471\" title=\"three_4191\" src=\"https:\/\/youronlinechoices.com\/wp-content\/uploads\/2009\/08\/three_4191.jpg\" alt=\"three_4191\" width=\"80\" height=\"80\" \/><\/td>\n<td><a name=\"6\"><\/a><br \/>\nSelskaper som tilbyr interessebasert markedsf\u00f8ring vil ogs\u00e5 kunne tilby deg mer informasjon om hvordan dette fungerer og hvordan du kan reservere deg mot denne typen markedsf\u00f8ring. <a href=\"https:\/\/www.youronlinechoices.com\/nor\/dine-valg\">Reserver deg mot interessebasert markedsf\u00f8ring.<\/a>&nbsp;<\/p>\n<p><a href=\"http:\/\/hypescape.com\/youronlinechoices\/?page_id=18\"> <\/a><\/td>\n<\/tr>\n<tr>\n<td><img loading=\"lazy\" class=\"alignnone size-full wp-image-472\" title=\"number4pink_4079\" src=\"https:\/\/youronlinechoices.com\/wp-content\/uploads\/2009\/08\/number4pink_4079.jpg\" alt=\"number4pink_4079\" width=\"80\" height=\"80\" \/><\/td>\n<td><span style=\"color: #000000; font-size: medium;\"><strong><strong>L\u00e6r deg mer om personverninnstillingene p\u00e5 din datamaskin<\/strong><\/strong><\/span><br \/>\nDisse finner du normalt under \u00abOptions\u00bb \/ \u00abInnstillinger\u00bb i din nettleser. N\u00e5r du gj\u00f8r dine valg s\u00e5 husk at informasjonskapsler ofte gj\u00f8r nettsider mer brukervennlige.<\/td>\n<\/tr>\n<\/tbody>\n<\/table>\n<p>Eksemplet under viser hvordan dette kan se ut i Internet Explorer:<\/p>\n<p>&nbsp;<\/p>\n<p style=\"text-align: center;\"><img class=\"size-full wp-image-1137 aligncenter\" title=\"privacy at medium\" src=\"https:\/\/www.youronlinechoices.com\/uk\/wp-content\/uploads\/2015\/09\/IE11_privacy.jpg\" alt=\"privacy at medium\"style=\"width:50%;height:auto\"\/><\/p>\n<p style=\"text-align: center;\"><img class=\"size-full wp-image-128 aligncenter\" title=\"Advanced privacy settings\" src=\"https:\/\/www.youronlinechoices.com\/uk\/wp-content\/uploads\/2015\/09\/IE11_cookies.jpg\" alt=\"Advanced privacy settings\" style=\"width:50%;height:auto\"\/><\/p>\n<p>Eksemplet under viser hvordan dette kan se ut i Microsoft EDGE.<\/p>\n<p>&nbsp;<\/p>\n<p style=\"text-align: center;\"><img class=\"size-full wp-image-1137 aligncenter\" title=\"privacy at medium\" src=\"https:\/\/www.youronlinechoices.com\/uk\/wp-content\/uploads\/2015\/09\/EDGE_privacy.jpg\" alt=\"privacy at medium\" style=\"width:50%;height:auto\" \/><\/p>\n<p style=\"text-align: center;\"><img class=\"size-full wp-image-128 aligncenter\" title=\"Advanced privacy settings\" src=\"https:\/\/www.youronlinechoices.com\/uk\/wp-content\/uploads\/2015\/09\/EDGE_cookies.jpg\" alt=\"Advanced privacy settings\" style=\"width:50%;height:auto\" \/><\/p>\n<p>Eksemplet under viser hvordan dette kan se ut i Google Chrome.<\/p>\n<p>&nbsp;<\/p>\n<p style=\"text-align: center;\"><img class=\"size-full wp-image-1137 aligncenter\" title=\"privacy at medium\" src=\"https:\/\/www.youronlinechoices.com\/uk\/wp-content\/uploads\/2015\/09\/CHROME_privacy.png\" alt=\"privacy at medium\" style=\"width:90%;height:auto\" \/><\/p>\n<p style=\"text-align: center;\"><img class=\"size-full wp-image-128 aligncenter\" title=\"Advanced privacy settings\" src=\"https:\/\/www.youronlinechoices.com\/uk\/wp-content\/uploads\/2015\/09\/CHROME_cookies.png\" alt=\"Advanced privacy settings\" style=\"width:90%;height:auto\" \/><\/p>\n<p>Eksemplet under viser hvordan dette kan se ut i Google Chrome Mobile.<\/p>\n<p>&nbsp;<\/p>\n<p style=\"text-align: center;\"><img class=\"size-full wp-image-1137 aligncenter\" title=\"privacy at medium\" src=\"https:\/\/www.youronlinechoices.com\/uk\/wp-content\/uploads\/2015\/09\/Chrome_mobile_settings.jpg\" alt=\"privacy at medium\" style=\"width:50%;height:auto\" \/><\/p>\n<p style=\"text-align: center;\"><img class=\"size-full wp-image-128 aligncenter\" title=\"Advanced privacy settings\" src=\"https:\/\/www.youronlinechoices.com\/uk\/wp-content\/uploads\/2015\/09\/Chrome_mobile_cookies.jpg\" alt=\"Advanced privacy settings\" style=\"width:50%;height:auto\" \/><\/p>\n<p>Eksemplet under viser hvordan dette kan se ut i Safari.<\/p>\n<p>&nbsp;<\/p>\n<p style=\"text-align: center;\"><img class=\"size-full wp-image-1137 aligncenter\" title=\"privacy at medium\" src=\"https:\/\/www.youronlinechoices.com\/uk\/wp-content\/uploads\/2015\/09\/SAFARI_privacy.png\" alt=\"privacy at medium\" style=\"width:70%;height:auto\" \/><\/p>\n<p><\/p>\n<p style=\"text-align: center;\"><img class=\"size-full wp-image-128 aligncenter\" title=\"Advanced privacy settings\" src=\"https:\/\/www.youronlinechoices.com\/uk\/wp-content\/uploads\/2015\/09\/SAFARI_cookies.png\" alt=\"Advanced privacy settings\" style=\"width:70%;height:auto\" \/><\/p>\n<p>Eksemplet under viser hvordan dette kan se ut i Safari Mobile.<\/p>\n<p>&nbsp;<\/p>\n<p style=\"text-align: center;\"><img class=\"size-full wp-image-1137 aligncenter\" title=\"privacy at medium\" src=\"https:\/\/www.youronlinechoices.com\/uk\/wp-content\/uploads\/2015\/09\/Safari_Mobile_Settings.jpg\" alt=\"privacy at medium\" style=\"width:50%;height:auto\" \/><\/p>\n<p style=\"text-align: center;\"><img class=\"size-full wp-image-128 aligncenter\" title=\"Advanced privacy settings\" src=\"https:\/\/www.youronlinechoices.com\/uk\/wp-content\/uploads\/2015\/09\/Safari_Mobile_privacy.jpg\" alt=\"Advanced privacy settings\" style=\"width:50%;height:auto\" \/><\/p>\n<p style=\"text-align: center;\"><img class=\"size-full wp-image-128 aligncenter\" title=\"Advanced privacy settings\" src=\"https:\/\/www.youronlinechoices.com\/uk\/wp-content\/uploads\/2015\/09\/Safari_Mobile_cookies.jpg\" alt=\"Advanced privacy settings\" style=\"width:50%;height:auto\" \/><\/p>\n<table border=\"0\">\n<tbody>\n<tr>\n<td><img loading=\"lazy\" class=\"alignnone size-full wp-image-497\" title=\"Number-5-blue_4080\" src=\"https:\/\/youronlinechoices.com\/wp-content\/uploads\/2009\/08\/Number-5-blue_4080.jpg\" alt=\"Number-5-blue_4080\" width=\"80\" height=\"80\" \/><\/td>\n<td><\/td>\n<td><span style=\"color: #000000; font-size: medium;\"><strong><br \/>\n<strong>Tilpass disse innstillingene til ditt behov<\/strong><\/strong><\/span><br \/>\nAlle bruker Internett p\u00e5 forskjellige m\u00e5ter. I hustander hvor mer enn en person bruker samme datamaskiner, foresl\u00e5r vi at hver bruker har sin egen konto med sine egne innstillinger. Dette gj\u00f8r det mulig \u00e5 tilpasse innstillingene etter eget behov.<\/td>\n<\/tr>\n<\/tbody>\n<\/table>\n<p>&nbsp;<br \/>\nWindows 10:<\/p>\n<p style=\"text-align: center;\"><img class=\"size-full wp-image-129 aligncenter\" title=\"user accounts\" src=\"https:\/\/www.youronlinechoices.com\/uk\/wp-content\/uploads\/2015\/09\/Windows10_accounts.png\" alt=\"user accounts\" style=\"width:70%;height:auto\" \/><\/p>\n<p>Mac OS:<\/p>\n<p style=\"text-align: center;\"><img class=\"size-full wp-image-129 aligncenter\" title=\"user accounts\" src=\"https:\/\/www.youronlinechoices.com\/uk\/wp-content\/uploads\/2015\/09\/MAC_accounts.jpg\" alt=\"user accounts\" style=\"width:70%;height:auto\" \/><\/p>\n<p style=\"text-align: center;\">&nbsp;<\/p>\n<p><!-- br--><br \/>\n<!-- br--><\/p>\n<h3>Send oss din tilbakemelding p\u00e5 <a href=\"mailto:privacy@EDAA.eu\">privacy@EDAA.eu<\/a><\/h3>\n","protected":false},"excerpt":{"rendered":"<p>Topp fem tips for \u00e5 h\u00e5ndtere ditt personvern p\u00e5 nettet. Ikke f\u00e5 panikk Interessebasert markedsf\u00f8ring er helt trygt og gjennomsiktig. Annons\u00f8rer vet ikke hvem du er fordi informasjonen som samles ikke kan brukes til \u00e5 identifisere deg som person og er basert p\u00e5 historikk. Les mer om interessebasert markedsf\u00f8ring. Se etter informasjon om interessebasert markedsf\u00f8ring [&hellip;]<\/p>\n","protected":false},"author":2,"featured_media":0,"parent":0,"menu_order":4,"comment_status":"closed","ping_status":"closed","template":"","meta":[],"_links":{"self":[{"href":"https:\/\/www.youronlinechoices.com\/nor\/wp-json\/wp\/v2\/pages\/12"}],"collection":[{"href":"https:\/\/www.youronlinechoices.com\/nor\/wp-json\/wp\/v2\/pages"}],"about":[{"href":"https:\/\/www.youronlinechoices.com\/nor\/wp-json\/wp\/v2\/types\/page"}],"author":[{"embeddable":true,"href":"https:\/\/www.youronlinechoices.com\/nor\/wp-json\/wp\/v2\/users\/2"}],"replies":[{"embeddable":true,"href":"https:\/\/www.youronlinechoices.com\/nor\/wp-json\/wp\/v2\/comments?post=12"}],"version-history":[{"count":27,"href":"https:\/\/www.youronlinechoices.com\/nor\/wp-json\/wp\/v2\/pages\/12\/revisions"}],"predecessor-version":[{"id":426,"href":"https:\/\/www.youronlinechoices.com\/nor\/wp-json\/wp\/v2\/pages\/12\/revisions\/426"}],"wp:attachment":[{"href":"https:\/\/www.youronlinechoices.com\/nor\/wp-json\/wp\/v2\/media?parent=12"}],"curies":[{"name":"wp","href":"https:\/\/api.w.org\/{rel}","templated":true}]}}