{"id":10,"date":"2010-11-30T11:52:58","date_gmt":"2010-11-30T11:52:58","guid":{"rendered":"https:\/\/www.youronlinechoices.com\/nor\/?page_id=10"},"modified":"2019-08-29T22:35:50","modified_gmt":"2019-08-29T20:35:50","slug":"ofte-stilte-sporsmal","status":"publish","type":"page","link":"https:\/\/www.youronlinechoices.com\/nor\/ofte-stilte-sporsmal","title":{"rendered":"Ofte stilte sp\u00f8rsm\u00e5l"},"content":{"rendered":"<p>Nedenfor finner du en liste over ofte stilte sp\u00f8rsm\u00e5l som kan hjelpe deg med \u00e5 forst\u00e5 interessebasert markedsf\u00f8ring.<br \/>\n<!-- br--><br \/>\n<!-- br--><\/p>\n<ul>\n<li><a href=\"#1\">Hva er interessebasert markedsf\u00f8ring?<\/a><\/li>\n<li><a href=\"#2\">Hvordan fungerer det?<\/a><\/li>\n<li><a href=\"#3\">Hva slags data benyttes?<\/a><\/li>\n<li><a href=\"#4\">Hva er fordelene?<\/a><\/li>\n<li><a href=\"#5\">Er dette en trussel mot mitt privatliv?<\/a><\/li>\n<li><a href=\"#6\">Hva er \u00abpersonlig informasjon\u00bb og vil det blir brukt til interessebasert markedsf\u00f8ring?<\/a><\/li>\n<li><a href=\"#7\">Hva kan jeg gj\u00f8re hvis jeg vil reservere meg mot denne typen markedsf\u00f8ring?<\/a><\/li>\n<li><a href=\"#8\">Betyr interessebasert markedsf\u00f8ring at jeg vil se mer annonser?<\/a><\/li>\n<li><a href=\"#9\">Vil min opplevelse p\u00e5 Internett bli annerledes med interessebasert markedsf\u00f8ring?<\/a><\/li>\n<li><a href=\"#10\">Vil programvare installeres p\u00e5 min datamaskin?<\/a><\/li>\n<li><a href=\"#11\">Hva er en \u00abinformasjonskapsel\/cookie\u00bb og hvordan brukes de?<\/a><\/li>\n<li><a href=\"#12\">Kan jeg sl\u00e5 av informasjonskapsler?<\/a><\/li>\n<li><a href=\"#13\">M\u00e5 jeg reservere meg hvis jeg bruker en annen PC p\u00e5 jobb?<\/a><\/li>\n<li><a href=\"#14\">Hvis jeg reserverer meg mot interessebasert markedsf\u00f8ring vil jeg slutte \u00e5 motta spam, pop-ups eller s\u00f8ppelpost?<\/a><\/li>\n<li><a href=\"#15\">Trenger jeg \u00e5 gj\u00f8re noe som helst?<\/a><\/li>\n<\/ul>\n<p><!-- br--><br \/>\n<a name=\"1\"><\/a><span style=\"color: #000000; font-size: medium;\"><strong>Hva er interessebasert markedsf\u00f8ring?<\/strong><\/span><br \/>\n<!-- br--><br \/>\nInteressebasert markedsf\u00f8ring p\u00e5 nett er en m\u00e5te \u00e5 vise annonser p\u00e5 nettsider du bes\u00f8ker og gj\u00f8re dem mer relevante for deg og dine interesser. Interesser er gruppert sammen basert p\u00e5 historikk og nettbrukere vises annonser som passer deres interesser. P\u00e5 den m\u00e5ten kan annonser p\u00e5 internett bli mer relevante og s\u00e5 interessante som mulig. Interessebasert markedsf\u00f8ring er ikke det samme som kontekstuell annonsering hvor innholdet p\u00e5 nettsiden du bes\u00f8ker og s\u00f8k i s\u00f8kemotorer avgj\u00f8r hva slags annonser du blir vist.<br \/>\n<!-- br--><br \/>\n<a name=\"2\"><\/a><span style=\"color: #000000; font-size: medium;\"><strong>Hvordan fungerer det?<\/strong><\/span><br \/>\n<!-- br--><br \/>\nDet finnes en rekke forskjellige metoder for \u00e5 levere interessebasert markedsf\u00f8ring. En vanlig metode er \u00e5 samle informasjon om din, og tusenvis av andre brukere, sin nettleserhistorikk og deretter segmentere dette inn i interessegrupper som reiseliv, motor og underholdning. En slik interessegruppe bygges p\u00e5 bakgrunn av nettsider du har bes\u00f8kt. I din nettleser lagres s\u00e5 en informasjonskapsel (ogs\u00e5 kalt cookie) som identifiserer seg som en som er interessert i for eksempel \u00abreiseliv\u00bb. Annons\u00f8rer og nettsider vil med denne teknologien kunne m\u00e5lrette annonser til alle som er interessert i \u00abreiseliv\u00bb og du som bruker vil dermed f\u00e5 relevante annonser til deg.<\/p>\n<p>Les mer om hvordan det fungerer her.<br \/>\n<!-- br--><br \/>\n<a name=\"3\"><\/a><span style=\"color: #000000; font-size: medium;\"><strong>Hva slags data benyttes?<\/strong><\/span><br \/>\n<!-- br--><br \/>\nDataene som benyttes som grunnlag for interessebasert markedsf\u00f8ring kan variere. Tradisjonelt benytter annonsenettverk data fra nettsidene som er med i annonsenettverket til m\u00e5lretting.<br \/>\n<!-- br--><br \/>\n<a name=\"4\"><\/a><span style=\"color: #000000; font-size: medium;\"><strong>Hva er fordelene?<\/strong><\/span><br \/>\n<!-- br--><br \/>\nDet er flere fordeler med interessebasert markedsf\u00f8ring. Du vil motta annonser som er relevante for deg og dine interesser. Hvis du for eksempel er interessert i hagearbeid og bes\u00f8ker nettsteder som omhandler hagearbeid, vil du kunne se annonser med spesielle tilbud p\u00e5 hageredskaper n\u00e5r bes\u00f8ker andre nettsteder.<br \/>\n<!-- br--><br \/>\nMer m\u00e5lrettet annonsering er fordelaktig siden du vil se mer relevante annonser og f\u00e5 tilgang til gratis innhold p\u00e5 nettsteder som viser disse annonsene. Det er ogs\u00e5 fordelaktig for annons\u00f8rer ettersom de f\u00e5r muligheten til \u00e5 n\u00e5 de m\u00e5lgruppene som er mest interessert i deres budskap og utelate de som ikke er interessert. Nettsteder drar ogs\u00e5 nytte av denne typen m\u00e5lretting, siden de ved \u00e5 gj\u00f8re annonsering mer relevant for brukerne har muligheten til \u00e5 fortsatt tilby gratis innhold. Annonseinntekter sikrer gratis innhold og innovasjon p\u00e5 Internett.<br \/>\n<!-- br--><br \/>\n<a name=\"5\"><\/a><span style=\"color: #000000; font-size: medium;\"><strong>Er dette en trussel mot mitt privatliv?<\/strong><\/span><br \/>\n<!-- br--><br \/>\nAlle tilbydere av denne typen teknologien m\u00e5 forholde seg til gjeldene lovgivning. I de fleste tilfeller er ikke informasjonen som benyttes for m\u00e5lretting av annonser, personlig og du som bruker kan ikke p\u00e5 noen som helst m\u00e5te bli identifisert. Hvis personlig informasjon benyttes (som registreringsdata) vil du ha bli opplyst om dette p\u00e5 nettsiden du registrerte denne dataen p\u00e5. Du har alltid et valg og kan reservere deg mot \u00e5 motta mer relevant annonsering.<br \/>\n<!-- br--><br \/>\n<a name=\"6\"><\/a><span style=\"color: #000000; font-size: medium;\"><strong>Hva er \u00abpersonlig informasjon\u00bb og vil det blir brukt til interessebasert markedsf\u00f8ring?<\/strong><\/span><br \/>\n<!-- br--><br \/>\nPersonlig informasjon er data, som alene eller sammen med annen data, kan unikt identifisere deg som en person. Eksempler p\u00e5 denne typen data kan v\u00e6re ditt navn, din e-post eller postadresse. De fleste tilbydere av interessebasert markedsf\u00f8ring benytter ikke personlig informasjon, men hvis en tilbyder benytter dette vil du ha blitt gjort oppmerksom p\u00e5 dette n\u00e5r du har registrert deg p\u00e5 denne tjenesten.<br \/>\n<!-- br--><br \/>\n<a name=\"7\"><\/a><span style=\"color: #000000; font-size: medium;\"><strong>Hva kan jeg gj\u00f8re hvis jeg vil reservere meg mot denne typen markedsf\u00f8ring?<\/strong><\/span><br \/>\n<!-- br--><br \/>\n<a href=\"https:\/\/www.youronlinechoices.com\/nor\/dine-valg\">Du kan reservere deg her.<\/a><em> <\/em><\/p>\n<p>Det er viktig \u00e5 huske at dette ikke betyr at du ikke lengre vil se annonser p\u00e5 Internett. Det betyr kun at annonsene du ser p\u00e5 Internett ikke vil v\u00e6re m\u00e5lrettet til dine interesser og dermed v\u00e6re mindre relevante for deg.<br \/>\n<!-- br--><br \/>\n<a name=\"8\"><\/a><span style=\"color: #000000; font-size: medium;\"><strong>Betyr interessebasert markedsf\u00f8ring at jeg vil se mer annonser?<\/strong><\/span><br \/>\n<!-- br--><br \/>\nNei. Det betyr kun at annonsene p\u00e5 noen nettsider vil bli mer relevante for deg og dine interesser.<br \/>\n<!-- br--><br \/>\n<a name=\"9\"><\/a><span style=\"color: #000000; font-size: medium;\"><strong>Vil min opplevelse p\u00e5 Internett bli annerledes med interessebasert markedsf\u00f8ring?<\/strong><\/span><br \/>\n<!-- br--><br \/>\nNei. Du vil ikke merke noen forskjeller eller endringer n\u00e5r du er p\u00e5 Internett. Interessebasert markedsf\u00f8ring betyr kun at annonsene p\u00e5 noen nettsteder vil v\u00e6re mer m\u00e5lrettet og relevante for deg og dine interesser.<br \/>\n<!-- br--><br \/>\n<a name=\"10\"><\/a><span style=\"color: #000000; font-size: medium;\"><strong>Vil programvare installeres p\u00e5 min datamaskin?<\/strong><\/span><br \/>\n<!-- br--><br \/>\nNei.<br \/>\n<!-- br--><br \/>\n<a name=\"11\"><\/a><span style=\"color: #000000; font-size: medium;\"><strong>Hva er en \u00abinformasjonskapsel\/cookie\u00bb og hvordan brukes de?<\/strong><\/span><br \/>\n<!-- br--><br \/>\nEn informasjonskapsel (ogs\u00e5 kjent som \u00abcookie\u00bb) er en liten fil som kan inneholde tekst og tall som lagres i din nettleser. Nesten alle nettsteder benytter seg av informasjonskapsler p\u00e5 en eller annen m\u00e5te. Informasjonskapsler lar deg for eksempel lagre innstillingene p\u00e5 en nettside, husker deg n\u00e5r du kommer tilbake eller lar deg putte varer i en handlekurv. En informasjonskapsel samler og inneholder i seg selv ikke informasjon, men hvis den brukes sammen med en nettleser kan den gi en mer brukervennlig opplevelse p\u00e5 en nettside.<br \/>\n<!-- br--><br \/>\nInformasjonskapsler lagres i nettleseren p\u00e5 din datamaskin og hver \u00abkapsel\u00bb inneholder normalt f\u00f8lgende:<\/p>\n<ul>\n<li>Navnet p\u00e5 serveren informasjonskapselen ble sendt fra<\/li>\n<li>Levetiden p\u00e5 informasjonskapselen<\/li>\n<li>En verdi, normalt et tilfeldig generert nummer. Nettstedet som sender informasjonskapselen til deg kan bruke dette nummeret til \u00e5 gjenkjenne deg n\u00e5r du kommer tilbake til samme nettsted. Kun serveren som sendte informasjonskapselen kan lese, og dermed bruke, denne informasjonskapselen. Informasjonskapsler er helt sentralt i bruken av Internett og brukes som regel ved interessebasert markedsf\u00f8ring.<\/li>\n<\/ul>\n<p><!-- br--><br \/>\n<a name=\"12\"><\/a><span style=\"color: #000000; font-size: medium;\"><strong>Kan jeg sl\u00e5 av informasjonskapsler?<\/strong><\/span><br \/>\n<!-- br--><br \/>\nJa. Noen nettleser lar deg blokkere kun tredjeparts informasjonskapsler, (dette er en informasjonskapsel som settes av en tredjepart \u2013 for eksempel et annonsenettverk) samtlige informasjonskapsler eller kun tillate noen utvalgte informasjonskapsler.<br \/>\n<!-- br--><br \/>\nDu kan ogs\u00e5 sl\u00e5 av alle informasjonskapsler i din nettleser, men dette p\u00e5virke din bruk av mange nettsider som benytter cookies.<br \/>\n<!-- br--><br \/>\n<a name=\"13\"><\/a><span style=\"color: #000000; font-size: medium;\"><strong>M\u00e5 jeg reservere meg hvis jeg bruker en annen PC p\u00e5 jobb?<\/strong><\/span><br \/>\n<!-- br--><br \/>\nJa. Hvis du velger \u00e5 reservere deg mot interessebasert markedsf\u00f8ring fra et spesifikt selskap, gjelder det kun i den nettleseren og enheten du bruker der og da. Du m\u00e5 gjenta samme prosess p\u00e5 alle enheter og nettlesere (for eksempel Internet Explorer, Google Chrome, Firefox eller Safari) du bruker. Les mer p\u00e5 reservasjonssiden.<br \/>\n<!-- br--><br \/>\n<a name=\"14\"><\/a><span style=\"color: #000000; font-size: medium;\"><strong>Hvis jeg reserverer meg mot interessebasert markedsf\u00f8ring vil jeg slutte \u00e5 motta spam, pop-ups eller s\u00f8ppelpost?<\/strong><\/span><br \/>\n<!-- br--><br \/>\nNei. Reserverer du deg mot interessebasert markedsf\u00f8ring betyr det kun at du ikke vil se mer relevante annonser p\u00e5 nettsidene du bes\u00f8ker. Dette vil ikke ha noen effekt p\u00e5 pop-ups, e-post eller annen type markedsf\u00f8ring.<br \/>\n<!-- br--><br \/>\n<a name=\"15\"><\/a><span style=\"color: #000000; font-size: medium;\"><strong>Trenger jeg \u00e5 gj\u00f8re noe som helst?<\/strong><\/span><br \/>\n<!-- br--><br \/>\nLes v\u00e5re topp fem tips.<\/p>\n<p><!-- br--><br \/>\n<!-- br--><\/p>\n<h3>Send oss din tilbakemelding p\u00e5 <a href=\"mailto:privacy@EDAA.eu\">privacy@EDAA.eu<\/a><\/h3>\n","protected":false},"excerpt":{"rendered":"<p>Nedenfor finner du en liste over ofte stilte sp\u00f8rsm\u00e5l som kan hjelpe deg med \u00e5 forst\u00e5 interessebasert markedsf\u00f8ring. Hva er interessebasert markedsf\u00f8ring? Hvordan fungerer det? Hva slags data benyttes? Hva er fordelene? Er dette en trussel mot mitt privatliv? Hva er \u00abpersonlig informasjon\u00bb og vil det blir brukt til interessebasert markedsf\u00f8ring? Hva kan jeg gj\u00f8re [&hellip;]<\/p>\n","protected":false},"author":2,"featured_media":0,"parent":0,"menu_order":5,"comment_status":"closed","ping_status":"closed","template":"","meta":[],"_links":{"self":[{"href":"https:\/\/www.youronlinechoices.com\/nor\/wp-json\/wp\/v2\/pages\/10"}],"collection":[{"href":"https:\/\/www.youronlinechoices.com\/nor\/wp-json\/wp\/v2\/pages"}],"about":[{"href":"https:\/\/www.youronlinechoices.com\/nor\/wp-json\/wp\/v2\/types\/page"}],"author":[{"embeddable":true,"href":"https:\/\/www.youronlinechoices.com\/nor\/wp-json\/wp\/v2\/users\/2"}],"replies":[{"embeddable":true,"href":"https:\/\/www.youronlinechoices.com\/nor\/wp-json\/wp\/v2\/comments?post=10"}],"version-history":[{"count":23,"href":"https:\/\/www.youronlinechoices.com\/nor\/wp-json\/wp\/v2\/pages\/10\/revisions"}],"predecessor-version":[{"id":428,"href":"https:\/\/www.youronlinechoices.com\/nor\/wp-json\/wp\/v2\/pages\/10\/revisions\/428"}],"wp:attachment":[{"href":"https:\/\/www.youronlinechoices.com\/nor\/wp-json\/wp\/v2\/media?parent=10"}],"curies":[{"name":"wp","href":"https:\/\/api.w.org\/{rel}","templated":true}]}}