{"id":369,"date":"2014-12-15T14:21:56","date_gmt":"2014-12-15T14:21:56","guid":{"rendered":"https:\/\/www.youronlinechoices.com\/lv\/?page_id=369"},"modified":"2020-03-04T23:46:04","modified_gmt":"2020-03-04T23:46:04","slug":"visparejienoteikumi-un-nosacijumi","status":"publish","type":"page","link":"https:\/\/www.youronlinechoices.com\/lv\/visparejienoteikumi-un-nosacijumi","title":{"rendered":"Noteikumi un nosac\u012bjumi"},"content":{"rendered":"<p><strong>Visp\u0101r\u0113jie noteikumi un nosac\u012bjumi<\/strong><\/p>\n<p>&nbsp;<\/p>\n<p>\u0160ie ir noteikumi un nosac\u012bjumi, kas regul\u0113 attiec\u012bbas starp EDAA un jums, izmantojot vietni YourOnlineChoices vai pie\u0146emot YourOnlineChoices preferen\u010du s\u012bkdatni.<\/p>\n<p>&nbsp;<\/p>\n<p>EDAA ir bezpe\u013c\u0146as asoci\u0101cija (AiSBL), kas atrodas Brisel\u0113,uz\u0146\u0113muma re\u0123istr\u0101cijas numurs ir BE 0846.790.105. Juridisk\u0101 adrese ir Rue des Deux Eglises 26 | 1000 Brisele.<\/p>\n<p>&nbsp;<\/p>\n<p>T\u012bmek\u013ca vietne YourOnlineChoices ir pieejama vietn\u0113s <a href=\"https:\/\/www.youronlinechoices.eu\">www.youronlinechoices.eu<\/a>, <a href=\"https:\/\/www.youronlinechoices.com\">https:\/\/www.youronlinechoices.com<\/a>, <a href=\"https:\/\/www.youronlinechoices.eu\/lv\/\">www.youronlinechoices.eu\/lv\/<\/a>un <a href=\"https:\/\/www.youronlinechoices.com\/lv\/\">www.youronlinechoices.com\/lv\/<\/a>. J\u016bs varat apmekl\u0113t t\u012bmek\u013ca vietni YourOnlineChoices tie\u0161i, izmantojot tre\u0161\u0101s personas t\u012bmek\u013ca vietn\u0113 eso\u0161u saiti vai OBA ikonu.\u00a0 OBA ikona izskat\u0101s \u0161\u0101di,\u00a0<a href=\"https:\/\/www.youronlinechoices.com\/uk\/protecting-your-privacy\/oba-icon\" rel=\"attachment wp-att-757\"><img loading=\"lazy\" class=\"alignnone  wp-image-757\" title=\"OBA-icon\" src=\"https:\/\/www.youronlinechoices.com\/uk\/wp-content\/uploads\/2010\/11\/OBA-icon-300x300.jpg\" alt=\"\" width=\"38\" height=\"38\" \/><\/a> un j\u016bs to bie\u017ei varat redz\u0113t t\u012bmek\u013ca vietnes lap\u0101s eso\u0161aj\u0101s rekl\u0101m\u0101s vai pie t\u0101m.<\/p>\n<p>&nbsp;<\/p>\n<p>\u0160ajos noteikumos \u201cm\u0113s\u201d, \u201cm\u016bs\u201d vai \u201cm\u016bsu\u201d noz\u012bm\u0113 m\u016bs, EDAA; un \u201cj\u016bs\u201d un \u201cj\u016bsu\u201d noz\u012bm\u0113 j\u016bs un jebkuru citu personu, kas piek\u013c\u016bst t\u012bmek\u013ca vietnei YourOnlineChoices vai izdara izv\u0113li par tie\u0161saistes uzved\u012bbas rekl\u0101m\u0101m, sav\u0101 p\u0101rl\u016bkprogramm\u0101 vai ier\u012bc\u0113 izmantojot pat\u0113r\u0113t\u0101ju izv\u0113les platformu t\u012bmek\u013ca vietn\u0113 YourOnlineChoices, vai (uz\u0146\u0113mumu gad\u012bjum\u0101) pie\u0146em preferen\u010du s\u012bkdatni, izmantojot apmekl\u0113t\u0101ja izv\u0113li.<\/p>\n<p>&nbsp;<\/p>\n<p>Jums vajadz\u0113tu p\u0101rskat\u012bt ar\u012b m\u016bsu priv\u0101tuma politiku <a href=\"https:\/\/www.youronlinechoices.com\/uk\/protecting-your-privacy\">https:\/\/www.youronlinechoices.com\/uk\/protecting-your-privacy<\/a>, kas tiks piem\u0113rota \u0161o visp\u0101r\u0113jo noteikumu un nosac\u012bjumu ietvaros.<\/p>\n<p>&nbsp;<\/p>\n<p><strong>J\u016bsu YourOnlineChoices preferences<\/strong><\/p>\n<p>&nbsp;<\/p>\n<p>Viena no t\u012bmek\u013ca vietnes YourOnlineChoices galvenaj\u0101m funkcij\u0101m ir sniegt dal\u012bbuz\u0146\u0113mumiem inform\u0101ciju par j\u016bsu preferenc\u0113m attiec\u012bb\u0101 uz tie\u0161saistes uzved\u012bbas rekl\u0101mu. M\u0113s apstiprin\u0101m j\u016bsu preferences un nododam t\u0101s rekl\u0101mas t\u012bkliem un citiem dal\u012bbuz\u0146\u0113mumiem, kas uzskait\u012bti YourOnlineChoices platformas lap\u0101 <a href=\"https:\/\/www.youronlinechoices.com\/uk\/your-ad-choices\">https:\/\/www.youronlinechoices.com\/uk\/your-ad-choices<\/a>.<\/p>\n<p>&nbsp;<\/p>\n<p>Lai izmantotu t\u012bmek\u013ca vietni YourOnlineChoices, katram dal\u012bbuz\u0146\u0113mumam \u00a0j\u016bsu t\u012bmek\u013ca p\u0101rl\u016bkprogramm\u0101 j\u0101ievieto s\u012bkdatne, kas ir &#8211; preferen\u010du s\u012bkdatne, lai m\u0113s var\u0113tu atcer\u0113ties j\u016bsu izv\u0113les. S\u012bk\u0101ka inform\u0101cija par s\u012bkdatn\u0113m ir pieejama m\u016bsu priv\u0101tuma politik\u0101 https:\/\/www.youronlinechoices.com\/uk\/protecting-your-privacy. Ja j\u016bs izmantojat t\u012bmek\u013ca vietni YourOnlineChoices, izmantojot citu datoru vai t\u012bmek\u013ca p\u0101rl\u016bkprogrammu, vai ar\u012b not\u012br\u0101t\/dz\u0113\u0161at s\u012bkdatnes, m\u0113s nevar\u0113sim atcer\u0113ties j\u016bsu preferences, un jums b\u016bs j\u0101atgrie\u017eas t\u012bmek\u013ca vietn\u0113 YourOnlineChoices, lai no jauna atlas\u012btu preferences. Turkl\u0101t t\u012bmek\u013ca vietne YourOnlineChoices nedarbosies pareizi, ja j\u016bsu p\u0101rl\u016bkprogramma ir iestat\u012bta t\u0101, lai blo\u0137\u0113tu s\u012bkdatnes, jo j\u016bsu priorit\u0101tes nevar saglab\u0101t, neizmantojot preferen\u010du s\u012bkfailu.<\/p>\n<p>&nbsp;<\/p>\n<p>Lai gan m\u0113s pielietosim komerci\u0101li sapr\u0101t\u012bgas p\u016bles, lai nodotu j\u016bsu preferences, kas izteiktas vietn\u0113 YourOnlineChoices, attiec\u012bgajiem uz\u0146\u0113mumiem, kuri ir uzskait\u012bti t\u012bmek\u013ca vietn\u0113 j\u016bsu preferen\u010du noteik\u0161anas br\u012bd\u012b, t\u012bmek\u013ca vietne YourOnlineChoices tiek nodro\u0161in\u0101ta \u201ck\u0101 ir\u201d un \u201ck\u0101 pieejama\u201d, un m\u0113s nesniedzam nek\u0101dus apgalvojumus, sol\u012bjumus, nosac\u012bjumus, garantijas vai citus nosac\u012bjumus, ka j\u016bsu izv\u0113les b\u016bs vai paliks sp\u0113k\u0101. Ja j\u016bsu izv\u0113le neizr\u0101d\u0101s lietder\u012bga, tad varat iesniegt s\u016bdz\u012bbu un v\u0113rsties p\u0113c pal\u012bdz\u012bbas, izmantojot t\u012bmek\u013ca vietni <a href=\"https:\/\/www.youronlinechoices.com\/uk\/make-a-complaint\">https:\/\/www.youronlinechoices.com\/uk\/make-a-complaint<\/a>.<\/p>\n<p>&nbsp;<\/p>\n<p><strong>J\u016bsu pien\u0101kumi<\/strong><\/p>\n<p>&nbsp;<\/p>\n<p>Jums j\u0101izmanto t\u012bmek\u013ca vietne YourOnlineChoices saska\u0146\u0101 ar visiem piem\u0113rojamajiem likumiem un noteikumiem un t\u0101 k\u0101 to dar\u012btu sapr\u0101t\u012bgs, atbild\u012bgs un r\u016bp\u012bgs indiv\u012bds.<\/p>\n<p>&nbsp;<\/p>\n<p>J\u016bs nedr\u012bkstat izmantot t\u012bmek\u013ca vietni YourOnlineChoices vai at\u013caut vietni YourOnlineChoices izmantot:<\/p>\n<ol>\n<li>a) prettiesiskai vai nelikum\u012bgai darb\u012bbai vai noziedz\u012bgai r\u012bc\u012bbai un\/vai darb\u012bbai;<\/li>\n<\/ol>\n<p>&nbsp;<\/p>\n<ol>\n<li>b) jebk\u0101da veida nelikum\u012bga, neatbilsto\u0161a, ne\u0137\u012btra, nepiekl\u0101j\u012bga, apmelojo\u0161a, neslavu ce\u013co\u0161a, draud\u012bga, aizskaro\u0161a, nev\u0113lama vai nepiepras\u012bta rakstura sazi\u0146ai, kas rada \u012bgnumu, cie\u0161anas vai nevajadz\u012bgu satraukumu vai p\u0101rk\u0101pj sabiedrisko k\u0101rt\u012bbu un\/vai piekl\u0101j\u012bbas normas vai jebkuru citu piem\u0113rojamu likumu par rasu naidu;<\/li>\n<\/ol>\n<p>&nbsp;<\/p>\n<ol>\n<li>c) jebkurai darb\u012bbai, kas var p\u0101rk\u0101pt citu klientu\/abonentu vai tre\u0161o personu priv\u0101t\u0101s dz\u012bves vai datu aizsardz\u012bbas ties\u012bbas; un<\/li>\n<\/ol>\n<p>&nbsp;<\/p>\n<p>(d) v\u012brusu vai citas \u013caunpr\u0101t\u012bgas programmat\u016bras izplat\u012b\u0161anai vai jebk\u0101d\u0101 veid\u0101, kas trauc\u0113 sazi\u0146u vai datu glab\u0101\u0161anu, vai k\u0101 cit\u0101di var saboj\u0101t vai izn\u012bcin\u0101t vietni YourOnlineChoices; ierobe\u017eot vai trauc\u0113t vietnes YourOnlineChoices izmanto\u0161anu vai kapacit\u0101ti citiem lietot\u0101jiem vai tre\u0161\u0101m person\u0101m, tostarp radot nevajadz\u012bgu t\u012bmek\u013ca vietnes p\u0101rslodzi, izmantojot lielas, nepamatotas datu pl\u016bsmas (p\u0101rpild\u012b\u0161ana, surog\u0101tpasts, utt.).<\/p>\n<p>&nbsp;<\/p>\n<p>J\u016bs ap\u0146ematies iev\u0113rot intelektu\u0101l\u0101 \u012bpa\u0161uma ties\u012bbas (ieskaitot bez ierobe\u017eojumiem autorties\u012bbas, pre\u010du z\u012bmes, patentus, dizaina ties\u012bbas un ties\u012bbas uz datu b\u0101z\u0113m), kas pieder mums vai m\u016bsu licences dev\u0113jiem.<\/p>\n<p>&nbsp;<\/p>\n<p>P\u0113c piepras\u012bjuma jums mums j\u0101atl\u012bdzina zaud\u0113jumi, nepie\u013caujot kait\u0113jumu jebkuru saist\u012bbu, kait\u0113jumu, izdevumu, pras\u012bbu vai izmaksu gad\u012bjumos (ieskaitot sapr\u0101t\u012bgas juridisk\u0101s izmaksas un izdevumus), kas rodas, ja j\u016bs esat p\u0101rk\u0101pis \u0161aj\u0101 sada\u013c\u0101 noteikt\u0101s saist\u012bbas.<\/p>\n<p>&nbsp;<\/p>\n<p>Ja uzzin\u0101t, ka t\u012bmek\u013ca vietne YourOnlineChoices p\u0101rk\u0101pj j\u016bsu intelektu\u0101l\u0101 \u012bpa\u0161uma ties\u012bbas, \u012bpa\u0161umties\u012bbas vai citas ties\u012bbas, jums nekav\u0113joties j\u0101pazi\u0146o par to mums, izmantojot t\u0101l\u0101k nor\u0101d\u012bto kontaktinform\u0101ciju.<\/p>\n<p>&nbsp;<\/p>\n<p><strong>Saites<\/strong><\/p>\n<p>&nbsp;<\/p>\n<p>Da\u017eas saites t\u012bmek\u013ca vietn\u0113 YourOnlineChoices \u013caus jums izveidot savienojumu ar t\u012bmek\u013ca vietn\u0113m, kuras nav m\u016bsu kontrol\u0113. EDAA pied\u0101v\u0101 \u0161\u012bs saites tikai \u0113rt\u012bbas labad. Saites par\u0101d\u012b\u0161an\u0101s nenoz\u012bm\u0113 EDAA apstiprin\u0101jumu, un EDAA nav atbild\u012bga ne par vienas saist\u012bt\u0101s t\u012bmek\u013ca vietnes saturu. J\u016bs pa\u0161i uz\u0146ematies atbild\u012bbu par piek\u013cuvi t\u0101m.<\/p>\n<p>&nbsp;<\/p>\n<p><strong>Atbild\u012bbas ierobe\u017eojumi un iz\u0146\u0113mumi<\/strong><\/p>\n<p>&nbsp;<\/p>\n<p>EDAA skaidri atsak\u0101s no t\u0101l\u0101kiem tie\u0161iem vai netie\u0161iem, likum\u0101 paredz\u0113tiem vai cit\u0101di izteiktiem pazi\u0146ojumiem, garantij\u0101m, nosac\u012bjumiem vai citiem noteikumiem, tostarp, bet ne tikai no netie\u0161\u0101m garantij\u0101m, nosac\u012bjumiem vai citiem noteikumiem attiec\u012bb\u0101 uz apmierino\u0161u kvalit\u0101ti, piem\u0113rot\u012bbu noteiktam m\u0113r\u0137im vai sapr\u0101t\u012bgu apr\u016bpi un prasmi.<\/p>\n<p>&nbsp;<\/p>\n<p>Iz\u0146emot t\u0101l\u0101k nor\u0101d\u012btos gad\u012bjumus, EDAA atsak\u0101s no atbild\u012bbas un neuz\u0146emas to saska\u0146\u0101 ar l\u012bgumu, civilties\u012bbu p\u0101rk\u0101pumu (tostarp, bez ierobe\u017eojumiem, nolaid\u012bbu), likum\u0101 noteikt\u0101m saist\u012bb\u0101m, pirms l\u012bguma sl\u0113g\u0161anas pazi\u0146otiem vai citiem apgalvojumiem (kas nav kr\u0101pnieciski sagroz\u012bti apgalvojumi), vai t\u0101diem, kas cit\u0101di izriet no t\u012bmek\u013ca vietnes YourOnlineChoices un \u0161iem noteikumiem un nosac\u012bjumiem vai ir ar tiem saist\u012bta attiec\u012bb\u0101 uz: a) izrieto\u0161iem, netie\u0161iem vai \u012bpa\u0161iem zaud\u0113jumiem vai boj\u0101jumiem; b) nemateri\u0101l\u0101m v\u0113rt\u012bb\u0101m vai reput\u0101cijas zaud\u0113\u0161anu; vai c) jebk\u0101diem ekonomiskiem zaud\u0113jumiem (tostarp ie\u0146\u0113mumu, pe\u013c\u0146as, l\u012bgumu, uz\u0146\u0113m\u0113jdarb\u012bbas vai paredzamo ietaup\u012bjumu zaud\u0113jumiem), neatkar\u012bgi no t\u0101, vai tie tiek inform\u0113ti par \u0161\u0101du zaud\u0113jumu vai kait\u0113juma iesp\u0113jam\u012bbu un neatkar\u012bgi no t\u0101, kas tiem nodar\u012bts.<\/p>\n<p>&nbsp;<\/p>\n<p>Iz\u0146emot t\u0101l\u0101k min\u0113tos nosac\u012bjumus, EDAA maksim\u0101l\u0101 atbild\u012bba saska\u0146\u0101 ar l\u012bgumu, civilties\u012bbu p\u0101rk\u0101pumu (tostarp, un bez ierobe\u017eojumiem, nolaid\u012bbu), likum\u0101 noteiktu pien\u0101kumu, pirms l\u012bguma sl\u0113g\u0161anas pazi\u0146otiem vai citiem apgalvojumiem (kas nav kr\u0101pnieciski nepatiesi apgalvojumi), vai kascit\u0101di izriet no \u0161\u012b l\u012bguma un katras t\u0101 da\u013cas vai ir ar to saist\u012bta, tostarp t\u0101 izpildi attiec\u012bb\u0101 uz vienu vai vair\u0101kiem notikumiem vai notikumu virkn\u0113m (saist\u012bt\u0101m vai nesaist\u012bt\u0101m), kas notiek jebkur\u0101 divpadsmit m\u0113ne\u0161u period\u0101, ir ierobe\u017eota l\u012bdz 5 eiro.<\/p>\n<p>&nbsp;<\/p>\n<p>Nekas \u0161aj\u0101 l\u012bgum\u0101 neizsl\u0113dz vai neierobe\u017eo atbild\u012bbu par n\u0101vi vai miesas boj\u0101jumiem, kas radu\u0161ies abu pu\u0161u vai to a\u0123entu vai darbinieku nolaid\u012bbas d\u0113\u013c, kuri r\u012bkojas savu pien\u0101kumu pild\u012b\u0161anas laik\u0101, k\u0101 ar\u012b neizsl\u0113dz vai neierobe\u017eo t\u0101das puses atbild\u012bbu, kuru nevar izsl\u0113gt saska\u0146\u0101 ar piem\u0113rojamiem ties\u012bbu aktiem.<\/p>\n<p>&nbsp;<\/p>\n<p><strong>\u00a0<\/strong><\/p>\n<p><strong>\u00a0<\/strong><\/p>\n<p><strong>\u00a0<\/strong><\/p>\n<p><strong>Visp\u0101r\u012bgi termini<\/strong><\/p>\n<p>&nbsp;<\/p>\n<p><em><strong>Nep\u0101rvarama vara: <\/strong><\/em><em>nep\u0101rvaramas varas apst\u0101klis ir jebkur\u0161 apst\u0101klis, kuru m\u0113s nevaram kontrol\u0113t.<\/em> Ja nep\u0101rvaramas varas apst\u0101k\u013ca d\u0113\u013c m\u0113s nevaram pild\u012bt vai savlaic\u012bgi pild\u012bt savus pien\u0101kumus, kas noteikti \u0161ajos noteikumiem un nosac\u012bjumos, tad to izpilde tiek atlikta uz laiku, kam\u0113r ilgst attiec\u012bgais nep\u0101rvaramas varas apst\u0101klis.<\/p>\n<p>&nbsp;<\/p>\n<p><em><strong>Pie\u0161\u0137ir\u0161ana un apak\u0161l\u012bgumu sl\u0113g\u0161ana: <\/strong><\/em><em>j\u016bs nedr\u012bkstat pie\u0161\u0137irt, nodot, iekas\u0113t vai licenc\u0113t savas ties\u012bbas un\/vai pien\u0101kumus kopum\u0101 vai da\u013c\u0113ji saska\u0146\u0101 ar \u0161iem noteikumiem nevienai personai.<\/em><\/p>\n<p>&nbsp;<\/p>\n<p><em><strong>Attiec\u012bbas: <\/strong><\/em><em>nekas \u0161ajos noteikumos un nosac\u012bjumos nav uzskat\u0101ms par partnerattiec\u012bbu vai kopuz\u0146\u0113muma vai jebk\u0101da veida darba l\u012bguma izveido\u0161anu starp jums un mums, k\u0101 ar\u012b netiks uzskat\u012bts par t\u0101du, kas pie\u0161\u0137ir pilnvaras, kuras nav skaidri noteiktas vai izveido starpniec\u012bbu starp jums un mums.<\/em><\/p>\n<p>&nbsp;<\/p>\n<p><em><strong>Piln\u012bga vieno\u0161an\u0101s: <\/strong><\/em><em>j\u016bs apstiprin\u0101t, ka \u0161ie noteikumi un nosac\u012bjumi nosaka piln\u012bgu vieno\u0161anos ar mums un ka tie aizst\u0101j visus iepriek\u0161\u0113jos l\u012bgumus, vieno\u0161an\u0101s starp jums un mums, kas attiecas uz \u0161o noteikumu un nosac\u012bjumu priek\u0161metu.<\/em> J\u016bs apstiprin\u0101t, ka neesat pa\u013c\u0101vies uz nevienu pazi\u0146ojumu, apgalvojumu vai vieno\u0161anos, kas nav skaidri noteikta \u0161ajos noteikumos un nosac\u012bjumos, un j\u016bs nepiepras\u012bsiet aizsardz\u012bbas l\u012bdzek\u013cus attiec\u012bb\u0101 uz pazi\u0146ojumu, apgalvojumu vai vieno\u0161anos, kas nav skaidri noteikta, ja vien tas nav izdar\u012bts kr\u0101pnieciski.<\/p>\n<p>&nbsp;<\/p>\n<p><em><strong>Atteik\u0161an\u0101s: <\/strong><\/em><em>ja puse neizmanto vai savlaic\u012bgi neizmanto k\u0101das ties\u012bbas, pilnvaras vai aizsardz\u012bbas l\u012bdzek\u013cus saska\u0146\u0101 ar \u0161iem noteikumiem un nosac\u012bjumiem, t\u0101 nav atteik\u0161an\u0101s no \u0161\u012bm vai cit\u0101m ties\u012bb\u0101m, pilnvar\u0101m vai aizsardz\u012bbas l\u012bdzek\u013ciem, un ja m\u0113s vienu reizi vai da\u013c\u0113ji izmantojam k\u0101das ties\u012bbas, pilnvaras vai aizsardz\u012bbas l\u012bdzekli, tad tas mums neliedz t\u0101l\u0101k izmantot k\u0101das citas ties\u012bbas, pilnvaras vai aizsardz\u012bbas l\u012bdzekli.<\/em><\/p>\n<p>&nbsp;<\/p>\n<p><em><strong>Atdal\u012b\u0161ana: <\/strong><\/em><em>ja jebkuru \u0161o noteikumu un nosac\u012bjumu k\u0101da tiesa vai kompetent\u0101 iest\u0101de atz\u012bst par sp\u0113k\u0101 neeso\u0161u, nelikum\u012bgu vai neizpild\u0101mu jebkur\u0101 jurisdikcij\u0101, tad uzskata, ka attiec\u012bgais punkts nav \u0161o noteikumu un nosac\u012bjumu da\u013ca, un tas neietekm\u0113 p\u0101r\u0113jo \u0161o noteikumu un nosac\u012bjumu punktu der\u012bgumu, likum\u012bbu vai piem\u0113rojam\u012bbu, k\u0101 ar\u012b neietekm\u0113 attiec\u012bg\u0101 punkta der\u012bgumu, likum\u012bbu vai piem\u0113rojam\u012bbu jebkur\u0101 cit\u0101 jurisdikcij\u0101.<\/em><\/p>\n<p>&nbsp;<\/p>\n<p><em><strong>Termi\u0146a iev\u0113ro\u0161ana: <\/strong><\/em><em>termi\u0146a iev\u0113ro\u0161ana nav b\u016btiska, iz\u0146emot gad\u012bjumus, kad ir skaidri noteikts, ka tas ir j\u0101piem\u0113ro.<\/em><\/p>\n<p>&nbsp;<\/p>\n<p><em><strong>Tre\u0161o personu ties\u012bbas: <\/strong><\/em><em>nekas \u0161ajos noteikumos un nosac\u012bjumos nerada un nepie\u0161\u0137ir nek\u0101das ties\u012bbas vai citas priek\u0161roc\u012bbas citai pusei nedz saska\u0146\u0101 ar 1999. gada Likumu par l\u012bgumiem (tre\u0161o personu ties\u012bb\u0101m), nedz k\u0101 cit\u0101di, kas nav \u0161o noteikumu un nosac\u012bjumu puses.<\/em><\/p>\n<p>&nbsp;<\/p>\n<p><em><strong>Da\u017e\u0101di: <\/strong><\/em><em>\u0161ajos noteikumos un nosac\u012bjumos paredz\u0113t\u0101s pu\u0161u ties\u012bbas un l\u012bdzek\u013ci ir kop\u012bgi un papildina ties\u012bbu aktos paredz\u0113t\u0101s ties\u012bbas un l\u012bdzek\u013cus.<\/em> Visas izmai\u0146as \u0161ajos noteikumos un nosac\u012bjumos j\u0101noform\u0113 rakstiski, un pus\u0113m par t\u0101m j\u0101vienojas. \u0160os noteikumus un nosac\u012bjumus var sagatavot vair\u0101kos eksempl\u0101ros k\u0101 elektronisku ierakstu.<\/p>\n<p>&nbsp;<\/p>\n<p><em><strong>Piem\u0113rojamie ties\u012bbu akti: <\/strong><\/em><em>\u0161ie noteikumi un nosac\u012bjumi ir j\u0101interpret\u0113 saska\u0146\u0101 ar Be\u013c\u0123ijas likumiem, un ar \u0161o katra puse neatsaucami pak\u013caujas Briseles tiesu neekskluz\u012bvai piekrit\u012bbai.<\/em><\/p>\n<p>&nbsp;<\/p>\n<p><strong>Nobeiguma nosac\u012bjumi<\/strong><\/p>\n<p>&nbsp;<\/p>\n<p><strong>M\u016bsu s\u016bdz\u012bbu izskat\u012b\u0161anas politika<\/strong><\/p>\n<p>&nbsp;<\/p>\n<p>M\u0113s p\u0113c iesp\u0113jas \u0101tr\u0101k atrisin\u0101sim visas probl\u0113mas, par kur\u0101m mums ir zi\u0146ots un kuras m\u0113s varam nov\u0113rst. Ja j\u016bs neapmierina sa\u0146emt\u0101 atbilde vai pied\u0101v\u0101tais risin\u0101jums, jums j\u0101sazin\u0101s ar mums, izmantojot t\u0101l\u0101k nor\u0101d\u012bto adresi.<\/p>\n<p>&nbsp;<\/p>\n<p><strong>Sazinieties ar mums<\/strong><\/p>\n<p>&nbsp;<\/p>\n<p>Lai sa\u0146emtu papildinform\u0101ciju vai uzdotu jaut\u0101jumu par \u0161iem noteikumiem un nosac\u012bjumiem, l\u016bdzu, sazinieties ar EDAA pa e-pastu: privacy [at] edaa.eu<\/p>\n<p>&nbsp;<\/p>\n<p>M\u0113s esam Eiropas Interakt\u012bv\u0101s digit\u0101l\u0101s rekl\u0101mas alianse (EDAA)<br \/>\nM\u016bsu juridisk\u0101 adrese ir Rue des Deux Eglises 26 | 1000 Brisele<br \/>\nM\u016bsu uz\u0146\u0113muma re\u0123istr\u0101cijas numurs ir BE 0846.790.105<\/p>\n<p>&nbsp;<\/p>\n<p>M\u016bsu PVN maks\u0101t\u0101ja numurs ir BE 0846.790.105<\/p>\n","protected":false},"excerpt":{"rendered":"<p>Visp\u0101r\u0113jie noteikumi un nosac\u012bjumi &nbsp; \u0160ie ir noteikumi un nosac\u012bjumi, kas regul\u0113 attiec\u012bbas starp EDAA un jums, izmantojot vietni YourOnlineChoices vai pie\u0146emot YourOnlineChoices preferen\u010du s\u012bkdatni. &nbsp; EDAA ir bezpe\u013c\u0146as asoci\u0101cija (AiSBL), kas atrodas Brisel\u0113,uz\u0146\u0113muma re\u0123istr\u0101cijas numurs ir BE 0846.790.105. Juridisk\u0101 adrese ir Rue des Deux Eglises 26 | 1000 Brisele. &nbsp; T\u012bmek\u013ca vietne YourOnlineChoices ir [&hellip;]<\/p>\n","protected":false},"author":3,"featured_media":0,"parent":0,"menu_order":0,"comment_status":"closed","ping_status":"open","template":"","meta":[],"_links":{"self":[{"href":"https:\/\/www.youronlinechoices.com\/lv\/wp-json\/wp\/v2\/pages\/369"}],"collection":[{"href":"https:\/\/www.youronlinechoices.com\/lv\/wp-json\/wp\/v2\/pages"}],"about":[{"href":"https:\/\/www.youronlinechoices.com\/lv\/wp-json\/wp\/v2\/types\/page"}],"author":[{"embeddable":true,"href":"https:\/\/www.youronlinechoices.com\/lv\/wp-json\/wp\/v2\/users\/3"}],"replies":[{"embeddable":true,"href":"https:\/\/www.youronlinechoices.com\/lv\/wp-json\/wp\/v2\/comments?post=369"}],"version-history":[{"count":11,"href":"https:\/\/www.youronlinechoices.com\/lv\/wp-json\/wp\/v2\/pages\/369\/revisions"}],"predecessor-version":[{"id":416,"href":"https:\/\/www.youronlinechoices.com\/lv\/wp-json\/wp\/v2\/pages\/369\/revisions\/416"}],"wp:attachment":[{"href":"https:\/\/www.youronlinechoices.com\/lv\/wp-json\/wp\/v2\/media?parent=369"}],"curies":[{"name":"wp","href":"https:\/\/api.w.org\/{rel}","templated":true}]}}