{"id":366,"date":"2014-12-15T14:04:00","date_gmt":"2014-12-15T14:04:00","guid":{"rendered":"https:\/\/www.youronlinechoices.com\/lv\/?page_id=366"},"modified":"2025-10-22T19:23:03","modified_gmt":"2025-10-22T19:23:03","slug":"aizsargajot-jusukonfidencialitati","status":"publish","type":"page","link":"https:\/\/www.youronlinechoices.com\/lv\/aizsargajot-jusukonfidencialitati","title":{"rendered":"Aizsarg\u0101jot j\u016bsukonfidencialit\u0101ti"},"content":{"rendered":"<p><strong>J\u016bsu priv\u0101tuma aizsardz\u012bba<\/strong><\/p>\n<p>&nbsp;<\/p>\n<p>\u0160o vietni atbalsta digit\u0101l\u0101s rekl\u0101mas nozare, un to p\u0101rvalda Eiropas Interakt\u012bv\u0101 digit\u0101l\u0101s rekl\u0101mas alianse (EDAA). M\u0113s esam ap\u0146\u0113mu\u0161ies iev\u0113rot un aizsarg\u0101t visu to personu priv\u0101tumu, ar kur\u0101m m\u0113s sazin\u0101mies: pag\u0101tn\u0113, tagadn\u0113 un n\u0101kotn\u0113. \u0160\u012b uzdevuma ietvaros m\u0113s cen\u0161amies sniegt jums skaidru inform\u0101ciju un kontroli p\u0101r m\u016bsu r\u012bc\u012bb\u0101 eso\u0161o j\u016bsu person\u012bgo inform\u0101ciju, k\u0101 ar\u012b citiem neperson\u012bgiem datiem, kurus m\u0113s varam apkopot un izmantot, kad j\u016bs apmekl\u0113jat \u0161o vietni.<\/p>\n<p>&nbsp;<\/p>\n<p><strong>Vietne<\/strong><\/p>\n<p>&nbsp;<\/p>\n<p>\u0160aj\u0101 vietn\u0113 m\u0113s p\u0101rvald\u0101m galveno sast\u0101vda\u013cu Viseiropas pa\u0161regul\u0101cijas programmai, kas paredz\u0113ta tie\u0161saistes uzved\u012bbas rekl\u0101mai (prakse r\u0101d\u012bt atbilsto\u0161\u0101kas rekl\u0101mas interneta lietot\u0101jiem, pamatojoties uz secin\u0101jumos balst\u012bt\u0101m interes\u0113m). \u0160\u012b pa\u0161regul\u0101cijas programma nodro\u0161ina t\u0101diem interneta lietot\u0101jiem k\u0101 j\u016bs lab\u0101ku p\u0101rredzam\u012bbu un kontroli p\u0101r tie\u0161saistes uzved\u012bbas rekl\u0101m\u0101m.<\/p>\n<p>&nbsp;<\/p>\n<p><a href=\"https:\/\/www.youronlinechoices.com\/uk\/protecting-your-privacy\/oba-icon\" rel=\"attachment wp-att-757\"><img loading=\"lazy\" class=\"alignnone  wp-image-757\" title=\"OBA-icon\" src=\"https:\/\/www.youronlinechoices.com\/uk\/wp-content\/uploads\/2010\/11\/OBA-icon-300x300.jpg\" alt=\"\" width=\"38\" height=\"38\" \/><\/a>P\u0101rredzam\u012bbu nodro\u0161ina visp\u0101r\u0113ji atpaz\u012bstama \u201cOBA ikona\u201d, kas kop\u0101 ar pavadtekstu ir pieejama vis\u0101s ofici\u0101laj\u0101s ES valod\u0101s (pilns saraksts ar katras ES ofici\u0101l\u0101s valodas pavadtekstu ir pieejams <span><a href=\"https:\/\/edaa.eu\/wp-content\/uploads\/Att-3-technical_specifications_for_iab_eu_oba_fw_v1.pdf#page=15\">\u0161eit<\/a><\/span>) un par\u0101d\u0101s visur, kur uz\u0146\u0113mumi apkopo un apstr\u0101d\u0101 datus tie\u0161saistes uzved\u012bbas rekl\u0101mas nol\u016bkos. Noklik\u0161\u0137inot uz ikonas, lietot\u0101jiem tiks par\u0101d\u012bta skaidra un saprotama inform\u0101cija par tie\u0161saistes uzved\u012bbas rekl\u0101m\u0101m.<\/p>\n<p>&nbsp;<\/p>\n<p>Turkl\u0101t ikona lietot\u0101jiem sniedz iesp\u0113ju izv\u0113l\u0113ties un kontrol\u0113t tie\u0161saistes uzved\u012bbas rekl\u0101mas, izmantojot pied\u0101v\u0101tos r\u012bkus un resursus. Viens no min\u0113tajiem r\u012bkiem un resursiem ir \u0161\u012b vietne, kas aptver Eiropas Savien\u012bbas \/ Eiropas Ekonomikas zonas (ES \/ EEZ) valstis, k\u0101 ar\u012b \u0160veici un Turciju, un taj\u0101 ir \u0113rti lietojama funkcionalit\u0101te (pieejama jebkuram lietot\u0101jam no jebkuras no uzskait\u012btaj\u0101m valst\u012bm), kas izsl\u0113dz tie\u0161saistes uzved\u012bbas rekl\u0101mas (no iesaist\u012btajiem uz\u0146\u0113mumiem) tiem lietot\u0101jiem, kuri to izv\u0113las. Viena no iev\u0113rojam\u0101kaj\u0101m \u0161\u012bs t\u012bmek\u013ca vietnes iez\u012bm\u0113m ir t\u0101, ka \u0161\u012b vietne ir veidota p\u0113c visas nozares iniciat\u012bvas, un to atbalsta Eiropas Rekl\u0101mas standartu alianse (EASA) un t\u0101s visp\u0101ratz\u012bto rekl\u0101mas pa\u0161regul\u0101cijas valsts organiz\u0101ciju t\u012bkls vis\u0101 Eirop\u0101, kas nodro\u0161ina efekt\u012bvas un neatkar\u012bgas s\u016bdz\u012bbu izskat\u012b\u0161anas sist\u0113mas, kas lietot\u0101jiem ir bez maksas.<\/p>\n<p>&nbsp;<\/p>\n<p><strong>J\u016bsu person\u012bg\u0101 inform\u0101cija<\/strong><\/p>\n<p>&nbsp;<\/p>\n<p>J\u016bsu personas datu apstr\u0101de, kas aprakst\u012bta \u0161aj\u0101 pazi\u0146ojum\u0101 un ko veic EDAA, balst\u0101s uz j\u016bsu piekri\u0161anu vai uz l\u012bguma izpildes nepiecie\u0161am\u012bbu. Kad j\u016bs sniegsit mums atsauksmes, izmantojot l\u012bdzek\u013cus, kas jums pieejami \u0161aj\u0101 vietn\u0113, m\u0113s varam sav\u0101kt un apstr\u0101d\u0101t person\u012bgo inform\u0101ciju, kuru j\u016bs mums sniedzat, piem\u0113ram, j\u016bsu v\u0101rdu, e-pasta adresi un t\u0101lru\u0146a numuru. \u0160\u012b inform\u0101cija netiks izmantota citiem m\u0113r\u0137iem, k\u0101 tikai, lai atbild\u0113tu uz j\u016bsu atsauksmi. Da\u017ek\u0101rt m\u0113s, iesp\u0113jams, nevar\u0113sim pa\u0161i atbild\u0113t uz j\u016bsu atsauksmi, un s\u016bdz\u012bbu izskat\u012b\u0161anas nol\u016bk\u0101 var b\u016bt nepiecie\u0161ama \u0161\u0101das inform\u0101cijas apmai\u0146a ar attiec\u012bgo rekl\u0101mas pa\u0161regul\u0101cijas valsts organiz\u0101ciju. \u0160\u0101dos gad\u012bjumos EDAA nedal\u012bsies ar person\u012bgu inform\u0101ciju, vispirms skaidr\u0101 veid\u0101 nepaskaidrojot jums procesu un nesa\u0146emot j\u016bsu iepriek\u0161\u0113ju skaidru un apzin\u0101tu piekri\u0161anu to dar\u012bt. Nek\u0101da cita person\u012bg\u0101 inform\u0101cija netiks nodota tre\u0161\u0101m person\u0101m. J\u016bsu person\u012bg\u0101 inform\u0101cija tiks dz\u0113sta, kad tiks pan\u0101kts gan jums, gan EDAA pie\u0146emams risin\u0101jums.<\/p>\n<p>&nbsp;<\/p>\n<p><strong>Datu glab\u0101\u0161ana<\/strong><\/p>\n<p>&nbsp;<\/p>\n<p>EDAA saglab\u0101s j\u016bsu personas datus saska\u0146\u0101 ar piem\u0113rojam\u0101m juridisk\u0101m pras\u012bb\u0101m un tikai tik ilgi, cik tas vajadz\u012bgs \u0161aj\u0101 pazi\u0146ojum\u0101 aprakst\u012btajiem m\u0113r\u0137iem, vai tik ilgi, cik tas noteikts ties\u012bbu aktos vai ir nepiecie\u0161ams, lai aizst\u0101v\u0113tu iesp\u0113jamus likumpamatotus pras\u012bjumus.<\/p>\n<p>&nbsp;<\/p>\n<p>Personas datus, kas ieg\u016bti, izmantojot inform\u0101cijas piepras\u012bjumus un\/vai uzzi\u0146as un\/vai s\u016bdz\u012bbas, kas tie\u0161i nos\u016bt\u012bti EDAA, glab\u0101 vienu gadu (vai tik ilgi, cik tas noteikts ties\u012bbu aktos vai ir nepiecie\u0161ams, lai aizst\u0101v\u0113tu iesp\u0113jamus likumpamatotus pras\u012bjumus), ja vien j\u016bs neatsaucat savu piekri\u0161anu savu personas datu apstr\u0101dei agr\u0101k.<\/p>\n<p>&nbsp;<\/p>\n<p><strong>J\u016bsu ties\u012bbas<\/strong><\/p>\n<p>&nbsp;<\/p>\n<p>Saska\u0146\u0101 ar Priv\u0101tuma likumu m\u0113s personas datus dar\u012bsim jums pieejamus p\u0101rskat\u012b\u0161anai p\u0113c vienk\u0101r\u0161a j\u016bsu piepras\u012bjuma. Ja j\u016bs sak\u0101t, ka personas dati ir nepareizi vai tiek izmantoti nepareizi, m\u0113s attiec\u012bgi labosim, atjaunin\u0101sim vai dz\u0113s\u012bsim tos, vai ar\u012b ierobe\u017eosim \u0161o personas datu izmanto\u0161anu. Lai ieg\u016btu inform\u0101ciju par piek\u013cuvi personas datiem, l\u016bdzu, izmantojiet kontaktpunktus, kas min\u0113ti \u0161\u012b priv\u0101tuma pazi\u0146ojuma beig\u0101s. Jums ir ties\u012bbas jebkur\u0101 laik\u0101 iebilst pret j\u016bsu personas datu izmanto\u0161anu, vienk\u0101r\u0161i iesniedzot piepras\u012bjumu kontaktpunktiem, kas min\u0113ti \u0161\u012b priv\u0101tuma pazi\u0146ojuma beig\u0101s. Jums ir ties\u012bbas sa\u0146emt savus personas datus izmantojam\u0101 elektronisk\u0101 form\u0101t\u0101 un p\u0101rs\u016bt\u012bt tos tre\u0161aj\u0101m person\u0101m (ties\u012bbas uz \u201cdatu p\u0101rnesam\u012bbu\u201d).<\/p>\n<p>&nbsp;<\/p>\n<p>EDAA ir ap\u0146\u0113musies sadarboties ar jums, lai pan\u0101ktu taisn\u012bgu risin\u0101jumu vis\u0101m s\u016bdz\u012bb\u0101m vai ba\u017e\u0101m par priv\u0101tumu saist\u012bb\u0101 ar \u0161aj\u0101 vietn\u0113 iek\u013cautaj\u0101m darb\u012bb\u0101m. Ja tom\u0113r uzskat\u0101t, ka EDAA nav var\u0113jusi pal\u012bdz\u0113t atrisin\u0101t j\u016bsu s\u016bdz\u012bbu vai ba\u017eas, jums ir ties\u012bbas iesniegt s\u016bdz\u012bbu t\u0101s dal\u012bbvalsts uzraudz\u012bbas iest\u0101dei, kur\u0101 atrodas j\u016bsu past\u0101v\u012bg\u0101 dz\u012bvesvieta, darba vieta vai kur\u0101 noticis iesp\u0113jamais priv\u0101tuma ties\u012bbu aktu p\u0101rk\u0101pums (attiec\u012bb\u0101 uz Be\u013c\u0123iju skat\u012bt www.dataprotectionauthority.be; attiec\u012bb\u0101 uz cit\u0101m valst\u012bm noklik\u0161\u0137iniet <span><a href=\"https:\/\/edpb.europa.eu\/about-edpb\/board\/members_lv\">\u0161eit<\/a><\/span>).<\/p>\n<p>&nbsp;<\/p>\n<p><strong>Inform\u0101cijas izpau\u0161ana tre\u0161\u0101m person\u0101m \/ personas datu p\u0101rs\u016bt\u012b\u0161ana uz \u0101rzem\u0113m<\/strong><\/p>\n<p>&nbsp;<\/p>\n<p>Izmantojot \u0161o vietni, jums var b\u016bt ar\u012b iesp\u0113ja nos\u016bt\u012bt inform\u0101ciju un\/vai s\u016bdz\u012bbas tie\u0161i savas valsts rekl\u0101mas pa\u0161regul\u0101cijas organiz\u0101cijai (skat\u012bt <span><a href=\"https:\/\/www.easa-alliance.org\/members\/europe\">\u0161eit<\/a><\/span>, lai identific\u0113tu attiec\u012bgo pa\u0161regul\u0101cijas organiz\u0101ciju). \u0160\u0101da inform\u0101cija var ietvert personas datus, kas p\u0113c tam tiek tie\u0161i nos\u016bt\u012bti \u0161ai organiz\u0101cijai, lai saska\u0146\u0101 ar j\u016bsu piepras\u012bjumu nodro\u0161in\u0101tu jums s\u016bdz\u012bbu\/inform\u0101cijas apstr\u0101des m\u0113r\u0137us.<\/p>\n<p>&nbsp;<\/p>\n<p>Iesak\u0101m jums p\u0101rskat\u012bt \u0161o pa\u0161regul\u0101cijas organiz\u0101ciju priv\u0101tuma politikas, ja izv\u0113laties izmantot \u0161o funkcionalit\u0101ti. Visos gad\u012bjumos j\u016bs tiksiet prec\u012bzi inform\u0113ts, uz kuru organiz\u0101ciju j\u016bsu dati tiks nos\u016bt\u012bti, izmantojot \u0161o br\u012bvpr\u0101t\u012bgo tie\u0161saistes veidlapu (piem\u0113ram, V\u0101cij\u0101: <u>https:\/\/www.youronlinechoices.com\/de\/beschwerde\/<\/u>; piem\u0113ram, Lielbrit\u0101nij\u0101: <u>https:\/\/www.youronlinechoices.com\/uk\/make-a-complaint<\/u>).<\/p>\n<p>&nbsp;<\/p>\n<p>EDAA neizpau\u017e un neizplata \u0161aj\u0101 vietn\u0113 apkopotus personas datus par jums cit\u0101m organiz\u0101cij\u0101m (iz\u0146emot da\u017eus \u0101rk\u0101rtas gad\u012bjumus un tikai ar j\u016bsu iepriek\u0161\u0113ju skaidru piekri\u0161anu), neskarot likum\u0101 noteiktos pien\u0101kumus to dar\u012bt, ja to pieprasa likums, amatpersona vai tiesas r\u012bkojums.<\/p>\n<p>&nbsp;<\/p>\n<p><strong>S\u012bkdatnes<\/strong><\/p>\n<p>&nbsp;<\/p>\n<p>S\u012bkdatnes ir nelielas inform\u0101cijas paketes, kuras saglab\u0101 j\u016bsu t\u012bmek\u013ca p\u0101rl\u016bkprogramma. Apmekl\u0113t\u0101s vietnes t\u0101s ievieto j\u016bsu t\u012bmek\u013ca p\u0101rl\u016bkprogramm\u0101. Ja v\u0113laties nodro\u0161in\u0101t, ka s\u012bkdatnes netiek izmantotas, l\u016bdzu, skatiet t\u0101l\u0101k vai apmekl\u0113jiet m\u016bsu <span><a href=\"https:\/\/www.youronlinechoices.com\/uk\/five-top-tips\">piecus popul\u0101r\u0101kos padomus<\/a><\/span>, lai ieg\u016btu s\u012bk\u0101ku inform\u0101ciju par to, k\u0101 t\u0101s p\u0101rvald\u012bt vai atsp\u0113jot t\u012bmek\u013ca p\u0101rl\u016bkprogrammas konfidencialit\u0101tes iestat\u012bjumos. L\u016bdzu, \u0146emiet v\u0113r\u0101, ka s\u012bkdat\u0146u atsp\u0113jo\u0161ana \u0161im nol\u016bkam noz\u012bm\u0113s, ka kontroles r\u012bks vairs nedarbosies efekt\u012bvi, un tas var nelabv\u0113l\u012bgi ietekm\u0113t j\u016bsu visp\u0101r\u0113jo p\u0101rl\u016bko\u0161anas pieredzi.<\/p>\n<p>&nbsp;<\/p>\n<p>Daudzi no uz\u0146\u0113mumiem, kas uzskait\u012bti lap\u0101 \u201cj\u016bsu rekl\u0101mas izv\u0113les\u201d, izmanto s\u012bkdatnes, lai p\u0101rbaud\u012btu j\u016bsu pa\u0161reiz\u0113jo tie\u0161saistes uzved\u012bbas rekl\u0101mas statusu (t.\u00a0i. \u201cpie\u0146emts\u201d vai \u201cizsl\u0113gts\u201d atbilsto\u0161i j\u016bsu v\u0113lm\u0113m), k\u0101 ar\u012b lai \u012bstenotu j\u016bsu izv\u0113li. \u0160\u012bs s\u012bkdatnes ir b\u016btiskas kontroles lapas funkcionalit\u0101tei, k\u0101 ar\u012b k\u013c\u016bdu identific\u0113\u0161anai t\u0101s darb\u012bb\u0101.<\/p>\n<p>&nbsp;<\/p>\n<p>\u0160aj\u0101 vietn\u0113 m\u0113s ar\u012b izmantojam s\u012bkdatnes, lai uztur\u0113tu vietnes funkcionalit\u0101ti un past\u0101v\u012bgi uzlabotu pakalpojumus, kurus jums pied\u0101v\u0101jam, izmantojot \u0161o vietni. \u0160aj\u0101 proces\u0101 netiek saglab\u0101ta nek\u0101da personisk\u0101 inform\u0101cija, un sav\u0101kt\u0101 inform\u0101cija tiek izmantota tikai apkopot\u0101 veid\u0101. Ja v\u0113laties izsl\u0113gt \u0161o funkciju, l\u016bdzu, izmantojiet t\u0101l\u0101k eso\u0161o funkcionalit\u0101ti.<\/p>\n<p>&nbsp;<\/p>\n<p>L\u016bdzu, t\u0101l\u0101k skatiet detaliz\u0113tu \u0161aj\u0101 vietn\u0113 izmantoto s\u012bkdat\u0146u aprakstu.<\/p>\n<p>&nbsp;<\/p>\n<p><strong>K\u0101das s\u012bkdatnes tiek izmantotas \u0161aj\u0101 vietn\u0113?<\/strong><\/p>\n<p><strong>\u00a0<\/strong><\/p>\n<table>\n<tbody>\n<tr>\n<td width=\"159\"><strong>S\u012bkdatne<\/strong><\/td>\n<td width=\"296\"><strong>S\u012bkdatnes m\u0113r\u0137is<\/strong><\/td>\n<td width=\"77\"><strong>S\u012bkdat\u0146u raksturs<\/strong><\/td>\n<td width=\"70\"><strong>S\u012bkdatnes veids<\/strong><\/td>\n<\/tr>\n<tr>\n<td width=\"159\">T\u012bmek\u013ca anal\u012bze<\/td>\n<td width=\"296\">EDAA, kuras pamat\u0101 ir pa\u0161viesots Matomo: izseko katra lietot\u0101ja apmekl\u0113jumu skaitu, k\u0101 ar\u012b pirm\u0101, iepriek\u0161\u0113j\u0101 un pa\u0161reiz\u0113j\u0101 apmekl\u0113juma laiku.<\/td>\n<td width=\"77\">Pirm\u0101 persona<\/td>\n<td width=\"70\">1 gads<\/td>\n<\/tr>\n<tr>\n<td width=\"159\">S\u012bkdatne, lai uzraudz\u012btu uz\u0146\u0113mumu integr\u0101cijas uzticam\u012bbu<\/td>\n<td width=\"296\">Izmanto, lai uzraudz\u012btu uz\u0146\u0113mumu integr\u0101cijas punktu uzticam\u012bbu vietnei.<\/td>\n<td width=\"77\">Pirm\u0101 persona<\/td>\n<td width=\"70\">1 m\u0113nesis<\/td>\n<\/tr>\n<tr>\n<td width=\"159\">S\u012bkdat\u0146u rekl\u0101mkaroga s\u012bkdatne<\/td>\n<td width=\"296\">Izmanto, lai atcer\u0113tos, vai k\u0101ds t\u012bmek\u013ca apmekl\u0113t\u0101js ir noraid\u012bjis \u201cs\u012bkdat\u0146u rekl\u0101mkarogu\u201d, kas tiek par\u0101d\u012bts t\u012bmek\u013ca lapu aug\u0161pus\u0113.<\/td>\n<td width=\"77\">Pirm\u0101 persona<\/td>\n<td width=\"70\">24 stundas<\/td>\n<\/tr>\n<\/tbody>\n<\/table>\n<p>&nbsp;<\/p>\n<p><strong>Defin\u012bcijas<\/strong><\/p>\n<p>&nbsp;<\/p>\n<ul>\n<li>\u201cPirm\u0101s personas\u201d s\u012bkdatne<span> \u2013 <\/span>s\u012bkdatne, ko ievieto \u0161\u012b vietne<\/li>\n<li>\u201cTre\u0161\u0101s personas\u201d s\u012bkdatne<span> \u2013 <\/span>s\u012bkdatne, ko ievieto cits dom\u0113ns (piem\u0113ram, ne \u0161\u012b vietne)<\/li>\n<li>\u201cPast\u0101v\u012bga\u201d s\u012bkdatne<span> \u2013 <\/span>inform\u0101cija par s\u012bkdatn\u0113m tiek past\u0101v\u012bgi saglab\u0101ta j\u016bsu ier\u012bc\u0113<\/li>\n<\/ul>\n<p>&nbsp;<\/p>\n<p>M\u0113s nem\u0113\u0123in\u0101m v\u0101kt j\u016bsu person\u012bgo inform\u0101ciju, un ja to dar\u0101m, tad cen\u0161amies anonimiz\u0113t j\u016bsu person\u012bgo inform\u0101ciju p\u0113c iesp\u0113jas \u0101tr\u0101k.<\/p>\n<p>&nbsp;<\/p>\n<p><strong>\u00a0K\u0101 es varu p\u0101rvald\u012bt s\u012bkdat\u0146u izmanto\u0161anu \u0161aj\u0101 vietn\u0113?<\/strong><\/p>\n<p>&nbsp;<\/p>\n<p>Visas p\u0101rl\u016bka tehnolo\u0123ijas \u013cauj p\u0101rvald\u012bt s\u012bkdatnes j\u016bsu t\u012bmek\u013ca p\u0101rl\u016bkprogrammas s\u012bkdat\u0146u map\u0113. Tas noz\u012bm\u0113, ka j\u016bs varat izdz\u0113st s\u012bkdatnes no savas s\u012bkdat\u0146u mapes, kad esat pabeidzis apmekl\u0113jumu m\u016bsu vietn\u0113, vai ar\u012b pirms s\u0101kat p\u0101rl\u016bkot m\u016bsu vietni, varat iestat\u012bt s\u012bkdat\u0146u lieto\u0161anas preferences. L\u016bdzu, \u0146emiet v\u0113r\u0101 , ka s\u012bkdat\u0146u dz\u0113\u0161ana vai noraid\u012b\u0161ana, k\u0101 min\u0113ts iepriek\u0161, var nelabv\u0113l\u012bgi ietekm\u0113t j\u016bsu lietot\u0101ju pieredzi m\u016bsu vietn\u0113.<\/p>\n<p>&nbsp;<\/p>\n<p>Papildinform\u0101ciju varat uzzin\u0101t vietn\u0113:<\/p>\n<ul>\n<li><span><a href=\"https:\/\/www.google.com\/intl\/en\/chrome\/privacy\/\"><u>Google<\/u><\/a><\/span><\/li>\n<li><span><a href=\"https:\/\/support.mozilla.org\/en-US\/kb\/cookies-information-websites-store-on-your-computer?redirectlocale=en-US&amp;redirectslug=Cookies\"><u>Firefox<\/u><\/a><\/span><\/li>\n<li><span><a href=\"https:\/\/support.microsoft.com\/en-us\/help\/17442\/windows-internet-explorer-delete-manage-cookies\"><u>Windows<\/u><\/a><\/span><\/li>\n<li><span><a href=\"https:\/\/www.apple.com\/safari\/\"><u>Safari<\/u><\/a><\/span><\/li>\n<\/ul>\n<p>&nbsp;<\/p>\n<div id=\"matomo-opt-out\"><\/div>\n<p><script src=\"https:\/\/analytics.youronlinechoices.com\/index.php?module=CoreAdminHome&#038;action=optOutJS&#038;divId=matomo-opt-out&#038;language=auto&#038;showIntro=1\"><\/script><\/p>\n<p><strong>Sazinieties ar mums<\/strong><\/p>\n<p>&nbsp;<\/p>\n<p>Ja jums ir v\u0113l k\u0101di jaut\u0101jumi par to, k\u0101 m\u0113s apstr\u0101d\u0101jam j\u016bsu person\u012bgo inform\u0101ciju, vai ja v\u0113laties izmantot k\u0101das no j\u016bsu ties\u012bb\u0101m saska\u0146\u0101 ar \u0161o politiku, l\u016bdzu, sazinieties ar:<\/p>\n<p>&nbsp;<\/p>\n<p>EDAA | Rue des Deux Eglises 26 | 1000 | Brisele Be\u013c\u0123ija<\/p>\n<p>privacy [at] edaa.eu<\/p>\n<p>&nbsp;<\/p>\n","protected":false},"excerpt":{"rendered":"<p>J\u016bsu priv\u0101tuma aizsardz\u012bba &nbsp; \u0160o vietni atbalsta digit\u0101l\u0101s rekl\u0101mas nozare, un to p\u0101rvalda Eiropas Interakt\u012bv\u0101 digit\u0101l\u0101s rekl\u0101mas alianse (EDAA). M\u0113s esam ap\u0146\u0113mu\u0161ies iev\u0113rot un aizsarg\u0101t visu to personu priv\u0101tumu, ar kur\u0101m m\u0113s sazin\u0101mies: pag\u0101tn\u0113, tagadn\u0113 un n\u0101kotn\u0113. \u0160\u012b uzdevuma ietvaros m\u0113s cen\u0161amies sniegt jums skaidru inform\u0101ciju un kontroli p\u0101r m\u016bsu r\u012bc\u012bb\u0101 eso\u0161o j\u016bsu person\u012bgo inform\u0101ciju, [&hellip;]<\/p>\n","protected":false},"author":3,"featured_media":0,"parent":0,"menu_order":0,"comment_status":"closed","ping_status":"open","template":"","meta":[],"_links":{"self":[{"href":"https:\/\/www.youronlinechoices.com\/lv\/wp-json\/wp\/v2\/pages\/366"}],"collection":[{"href":"https:\/\/www.youronlinechoices.com\/lv\/wp-json\/wp\/v2\/pages"}],"about":[{"href":"https:\/\/www.youronlinechoices.com\/lv\/wp-json\/wp\/v2\/types\/page"}],"author":[{"embeddable":true,"href":"https:\/\/www.youronlinechoices.com\/lv\/wp-json\/wp\/v2\/users\/3"}],"replies":[{"embeddable":true,"href":"https:\/\/www.youronlinechoices.com\/lv\/wp-json\/wp\/v2\/comments?post=366"}],"version-history":[{"count":10,"href":"https:\/\/www.youronlinechoices.com\/lv\/wp-json\/wp\/v2\/pages\/366\/revisions"}],"predecessor-version":[{"id":429,"href":"https:\/\/www.youronlinechoices.com\/lv\/wp-json\/wp\/v2\/pages\/366\/revisions\/429"}],"wp:attachment":[{"href":"https:\/\/www.youronlinechoices.com\/lv\/wp-json\/wp\/v2\/media?parent=366"}],"curies":[{"name":"wp","href":"https:\/\/api.w.org\/{rel}","templated":true}]}}