{"id":360,"date":"2014-11-12T13:16:10","date_gmt":"2014-11-12T13:16:10","guid":{"rendered":"https:\/\/www.youronlinechoices.com\/lv\/?page_id=360"},"modified":"2019-07-02T21:39:31","modified_gmt":"2019-07-02T21:39:31","slug":"noderigi-video","status":"publish","type":"page","link":"https:\/\/www.youronlinechoices.com\/lv\/noderigi-video","title":{"rendered":"Noder\u012bgi video"},"content":{"rendered":"<p>&nbsp;<\/p>\n<div style=\"width:100%\">\n<div style=\"width:90%;margin:0 auto\">\n<video width=\"560\" height=\"400\" controls><source src=\"https:\/\/www.youronlinechoices.com\/wp-content\/uploads\/2015\/11\/optout_latvian.mp4\" type=\"video\/mp4\">Your browser does not support the video tag.<\/video>\n<\/div>\n<\/div>\n<p>&nbsp;<\/p>\n<h3>K\u0101 darbojas tie\u0161saistes paradumorient\u0113t\u0101 rekl\u0101ma (OBA)?<\/h3>\n<p>&nbsp;<\/p>\n<div style=\"width:100%\">\n<div style=\"width:90%;margin:0 auto\">\n<video width=\"560\" height=\"400\" controls><source src=\"https:\/\/www.youronlinechoices.com\/lv\/wp-content\/uploads\/2014\/11\/Latvian_How_online_behavioural_advertising_works.mp4\" type=\"video\/mp4\">Your browser does not support the video tag.<\/video>\n<\/div>\n<\/div>\n<p>&nbsp;<\/p>\n","protected":false},"excerpt":{"rendered":"<p>&nbsp; Your browser does not support the video tag. &nbsp; K\u0101 darbojas tie\u0161saistes paradumorient\u0113t\u0101 rekl\u0101ma (OBA)? &nbsp; Your browser does not support the video tag. &nbsp;<\/p>\n","protected":false},"author":3,"featured_media":0,"parent":0,"menu_order":0,"comment_status":"closed","ping_status":"open","template":"","meta":[],"_links":{"self":[{"href":"https:\/\/www.youronlinechoices.com\/lv\/wp-json\/wp\/v2\/pages\/360"}],"collection":[{"href":"https:\/\/www.youronlinechoices.com\/lv\/wp-json\/wp\/v2\/pages"}],"about":[{"href":"https:\/\/www.youronlinechoices.com\/lv\/wp-json\/wp\/v2\/types\/page"}],"author":[{"embeddable":true,"href":"https:\/\/www.youronlinechoices.com\/lv\/wp-json\/wp\/v2\/users\/3"}],"replies":[{"embeddable":true,"href":"https:\/\/www.youronlinechoices.com\/lv\/wp-json\/wp\/v2\/comments?post=360"}],"version-history":[{"count":5,"href":"https:\/\/www.youronlinechoices.com\/lv\/wp-json\/wp\/v2\/pages\/360\/revisions"}],"predecessor-version":[{"id":392,"href":"https:\/\/www.youronlinechoices.com\/lv\/wp-json\/wp\/v2\/pages\/360\/revisions\/392"}],"wp:attachment":[{"href":"https:\/\/www.youronlinechoices.com\/lv\/wp-json\/wp\/v2\/media?parent=360"}],"curies":[{"name":"wp","href":"https:\/\/api.w.org\/{rel}","templated":true}]}}